{"id":5,"date":"2024-10-12T17:36:05","date_gmt":"2024-10-12T08:36:05","guid":{"rendered":"https:\/\/listman.shop\/autoparts-br\/cart\/"},"modified":"2024-11-23T15:57:07","modified_gmt":"2024-11-23T06:57:07","slug":"cart","status":"publish","type":"page","link":"https:\/\/listman.shop\/autoparts-br\/cart\/","title":{"rendered":"Cart"},"content":{"rendered":"\n<div data-block-name=\"woocommerce\/cart\" class=\"wp-block-woocommerce-cart alignwide is-loading\">\n<div data-block-name=\"woocommerce\/filled-cart-block\" class=\"wp-block-woocommerce-filled-cart-block\">\n<div data-block-name=\"woocommerce\/cart-items-block\" class=\"wp-block-woocommerce-cart-items-block\">\n<div data-block-name=\"woocommerce\/cart-line-items-block\" class=\"wp-block-woocommerce-cart-line-items-block\"><\/div>\n\n\n\n<div data-block-name=\"woocommerce\/cart-cross-sells-block\" class=\"wp-block-woocommerce-cart-cross-sells-block\">\n<h2 class=\"wp-block-heading has-large-font-size\">You may be interested in\u2026<\/h2>\n\n\n\n<div data-block-name=\"woocommerce\/cart-cross-sells-products-block\" class=\"wp-block-woocommerce-cart-cross-sells-products-block\"><\/div>\n<\/div>\n<\/div>\n\n\n\n<div data-block-name=\"woocommerce\/cart-totals-block\" class=\"wp-block-woocommerce-cart-totals-block\">\n<div data-block-name=\"woocommerce\/cart-order-summary-block\" class=\"wp-block-woocommerce-cart-order-summary-block\">\n<div data-block-name=\"woocommerce\/cart-order-summary-heading-block\" class=\"wp-block-woocommerce-cart-order-summary-heading-block\"><\/div><div data-block-name=\"woocommerce\/cart-order-summary-coupon-form-block\" class=\"wp-block-woocommerce-cart-order-summary-coupon-form-block\"><\/div><div data-block-name=\"woocommerce\/cart-order-summary-totals-block\" class=\"wp-block-woocommerce-cart-order-summary-totals-block\">\n<div data-block-name=\"woocommerce\/cart-order-summary-subtotal-block\" class=\"wp-block-woocommerce-cart-order-summary-subtotal-block\"><\/div>\n<div data-block-name=\"woocommerce\/cart-order-summary-discount-block\" class=\"wp-block-woocommerce-cart-order-summary-discount-block\"><\/div>\n<div data-block-name=\"woocommerce\/cart-order-summary-fee-block\" class=\"wp-block-woocommerce-cart-order-summary-fee-block\"><\/div>\n<div data-block-name=\"woocommerce\/cart-order-summary-shipping-block\" class=\"wp-block-woocommerce-cart-order-summary-shipping-block\"><\/div>\n<div data-block-name=\"woocommerce\/cart-order-summary-taxes-block\" class=\"wp-block-woocommerce-cart-order-summary-taxes-block\"><\/div><\/div>\n<\/div>\n\n\n\n<div data-block-name=\"woocommerce\/cart-express-payment-block\" class=\"wp-block-woocommerce-cart-express-payment-block\"><\/div>\n\n\n\n<div data-block-name=\"woocommerce\/proceed-to-checkout-block\" class=\"wp-block-woocommerce-proceed-to-checkout-block\"><\/div>\n\n\n\n<div data-block-name=\"woocommerce\/cart-accepted-payment-methods-block\" class=\"wp-block-woocommerce-cart-accepted-payment-methods-block\"><\/div>\n<\/div>\n<\/div>\n\n\n\n<div data-block-name=\"woocommerce\/empty-cart-block\" class=\"wp-block-woocommerce-empty-cart-block\">\n<h2 class=\"wp-block-heading has-text-align-center with-empty-cart-icon wc-block-cart__empty-cart__title\">Your cart is currently empty!<\/h2>\n\n\n\n<hr class=\"wp-block-separator has-alpha-channel-opacity is-style-dots\"\/>\n\n\n\n<h2 class=\"wp-block-heading has-text-align-center\">New in store<\/h2>\n\n\n<div data-block-name=\"woocommerce\/product-new\" data-columns=\"4\" data-rows=\"1\" class=\"wc-block-grid wp-block-product-new wp-block-woocommerce-product-new wc-block-product-new has-4-columns\"><ul class=\"wc-block-grid__products\"><li class=\"wc-block-grid__product\">\n\t\t\t\t<a href=\"https:\/\/listman.shop\/autoparts-br\/product\/1005008364347087\/\" class=\"wc-block-grid__product-link\">\n\t\t\t\t\t\n\t\t\t\t\t<div class=\"wc-block-grid__product-image\"><img loading=\"lazy\" decoding=\"async\" width=\"300\" height=\"300\" src=\"https:\/\/i0.wp.com\/listman.shop\/autoparts-br\/wp-content\/uploads\/sites\/15\/2025\/03\/Sf757c15383814af6b7be0196254c4568y.webp?resize=300%2C300&amp;ssl=1\" class=\"attachment-woocommerce_thumbnail size-woocommerce_thumbnail\" alt=\"Fccid 147 156 166 gt para alfa romeo remoto fob sem cortes sip22 l\u00e2mina 433mhz id48 chip substitui\u00e7\u00e3o 3 bot\u00e3o flip chave do carro\" srcset=\"https:\/\/i0.wp.com\/listman.shop\/autoparts-br\/wp-content\/uploads\/sites\/15\/2025\/03\/Sf757c15383814af6b7be0196254c4568y.webp?w=1000&amp;ssl=1 1000w, https:\/\/i0.wp.com\/listman.shop\/autoparts-br\/wp-content\/uploads\/sites\/15\/2025\/03\/Sf757c15383814af6b7be0196254c4568y.webp?resize=300%2C300&amp;ssl=1 300w, https:\/\/i0.wp.com\/listman.shop\/autoparts-br\/wp-content\/uploads\/sites\/15\/2025\/03\/Sf757c15383814af6b7be0196254c4568y.webp?resize=150%2C150&amp;ssl=1 150w, https:\/\/i0.wp.com\/listman.shop\/autoparts-br\/wp-content\/uploads\/sites\/15\/2025\/03\/Sf757c15383814af6b7be0196254c4568y.webp?resize=768%2C768&amp;ssl=1 768w, https:\/\/i0.wp.com\/listman.shop\/autoparts-br\/wp-content\/uploads\/sites\/15\/2025\/03\/Sf757c15383814af6b7be0196254c4568y.webp?resize=600%2C600&amp;ssl=1 600w, https:\/\/i0.wp.com\/listman.shop\/autoparts-br\/wp-content\/uploads\/sites\/15\/2025\/03\/Sf757c15383814af6b7be0196254c4568y.webp?resize=100%2C100&amp;ssl=1 100w, https:\/\/i0.wp.com\/listman.shop\/autoparts-br\/wp-content\/uploads\/sites\/15\/2025\/03\/Sf757c15383814af6b7be0196254c4568y.webp?resize=64%2C64&amp;ssl=1 64w\" sizes=\"auto, (max-width: 300px) 100vw, 300px\" \/><\/div>\n\t\t\t\t\t<div class=\"wc-block-grid__product-title\">Fccid 147 156 166 gt para alfa romeo remoto fob sem cortes sip22 l\u00e2mina 433mhz id48 chip substitui\u00e7\u00e3o 3 bot\u00e3o flip chave do carro<\/div>\n\t\t\t\t<\/a>\n\t\t\t\t<div class=\"wc-block-grid__product-price price\"><span class=\"woocommerce-Price-amount amount\"><span class=\"woocommerce-Price-currencySymbol\">&#082;&#036;<\/span>264.36<\/span><\/div>\n\t\t\t\t\n\t\t\t\t<div class=\"wp-block-button wc-block-grid__product-add-to-cart\"><a href=\"https:\/\/listman.shop\/autoparts-br\/product\/1005008364347087\/\" aria-label=\"Selecione as op\u00e7\u00f5es para &ldquo;Fccid 147 156 166 gt para alfa romeo remoto fob sem cortes sip22 l\u00e2mina 433mhz id48 chip substitui\u00e7\u00e3o 3 bot\u00e3o flip chave do carro&rdquo;\" data-quantity=\"1\" data-product_id=\"47960\" data-product_sku=\"1005008364347087\" data-price=\"264.36\" rel=\"nofollow\" class=\"wp-block-button__link  add_to_cart_button\">Ver op\u00e7\u00f5es<\/a><\/div>\n\t\t\t<\/li><li class=\"wc-block-grid__product\">\n\t\t\t\t<a href=\"https:\/\/listman.shop\/autoparts-br\/product\/1005008344677579\/\" class=\"wc-block-grid__product-link\">\n\t\t\t\t\t\n\t\t\t\t\t<div class=\"wc-block-grid__product-image\"><img loading=\"lazy\" decoding=\"async\" width=\"300\" height=\"300\" src=\"https:\/\/i0.wp.com\/listman.shop\/autoparts-br\/wp-content\/uploads\/sites\/15\/2025\/03\/S2dc444916f8445cdb17262173452f2d9d.webp?resize=300%2C300&amp;ssl=1\" class=\"attachment-woocommerce_thumbnail size-woocommerce_thumbnail\" alt=\"Chave inteligente para carro BMW S\u00e9rie 3 5 7 X3 X5 F10 F30 FFEM BDC CAS4 CAS4+ com chip ID49 315\/434\/868Mhz\" srcset=\"https:\/\/i0.wp.com\/listman.shop\/autoparts-br\/wp-content\/uploads\/sites\/15\/2025\/03\/S2dc444916f8445cdb17262173452f2d9d.webp?w=800&amp;ssl=1 800w, https:\/\/i0.wp.com\/listman.shop\/autoparts-br\/wp-content\/uploads\/sites\/15\/2025\/03\/S2dc444916f8445cdb17262173452f2d9d.webp?resize=300%2C300&amp;ssl=1 300w, https:\/\/i0.wp.com\/listman.shop\/autoparts-br\/wp-content\/uploads\/sites\/15\/2025\/03\/S2dc444916f8445cdb17262173452f2d9d.webp?resize=150%2C150&amp;ssl=1 150w, https:\/\/i0.wp.com\/listman.shop\/autoparts-br\/wp-content\/uploads\/sites\/15\/2025\/03\/S2dc444916f8445cdb17262173452f2d9d.webp?resize=768%2C768&amp;ssl=1 768w, https:\/\/i0.wp.com\/listman.shop\/autoparts-br\/wp-content\/uploads\/sites\/15\/2025\/03\/S2dc444916f8445cdb17262173452f2d9d.webp?resize=600%2C600&amp;ssl=1 600w, https:\/\/i0.wp.com\/listman.shop\/autoparts-br\/wp-content\/uploads\/sites\/15\/2025\/03\/S2dc444916f8445cdb17262173452f2d9d.webp?resize=100%2C100&amp;ssl=1 100w, https:\/\/i0.wp.com\/listman.shop\/autoparts-br\/wp-content\/uploads\/sites\/15\/2025\/03\/S2dc444916f8445cdb17262173452f2d9d.webp?resize=64%2C64&amp;ssl=1 64w\" sizes=\"auto, (max-width: 300px) 100vw, 300px\" \/><\/div>\n\t\t\t\t\t<div class=\"wc-block-grid__product-title\">Chave inteligente para carro BMW S\u00e9rie 3 5 7 X3 X5 F10 F30 FFEM BDC CAS4 CAS4+ com chip ID49 315\/434\/868Mhz<\/div>\n\t\t\t\t<\/a>\n\t\t\t\t<div class=\"wc-block-grid__product-price price\"><span class=\"woocommerce-Price-amount amount\" aria-hidden=\"true\"><span class=\"woocommerce-Price-currencySymbol\">&#082;&#036;<\/span>153.08<\/span> <span aria-hidden=\"true\">&ndash;<\/span> <span class=\"woocommerce-Price-amount amount\" aria-hidden=\"true\"><span class=\"woocommerce-Price-currencySymbol\">&#082;&#036;<\/span>154.70<\/span><span class=\"screen-reader-text\">Price range: &#082;&#036;153.08 through &#082;&#036;154.70<\/span><\/div>\n\t\t\t\t\n\t\t\t\t<div class=\"wp-block-button wc-block-grid__product-add-to-cart\"><a href=\"https:\/\/listman.shop\/autoparts-br\/product\/1005008344677579\/\" aria-label=\"Selecione as op\u00e7\u00f5es para &ldquo;Chave inteligente para carro BMW S\u00e9rie 3 5 7 X3 X5 F10 F30 FFEM BDC CAS4 CAS4+ com chip ID49 315\/434\/868Mhz&rdquo;\" data-quantity=\"1\" data-product_id=\"47905\" data-product_sku=\"1005008344677579\" data-price=\"153.08\" rel=\"nofollow\" class=\"wp-block-button__link  add_to_cart_button\">Ver op\u00e7\u00f5es<\/a><\/div>\n\t\t\t<\/li><li class=\"wc-block-grid__product\">\n\t\t\t\t<a href=\"https:\/\/listman.shop\/autoparts-br\/product\/1005008113704549\/\" class=\"wc-block-grid__product-link\">\n\t\t\t\t\t\n\t\t\t\t\t<div class=\"wc-block-grid__product-image\"><img loading=\"lazy\" decoding=\"async\" width=\"300\" height=\"300\" src=\"https:\/\/i0.wp.com\/listman.shop\/autoparts-br\/wp-content\/uploads\/sites\/15\/2025\/03\/S95f699af299f46a3af12199f6827e9d8m.webp?resize=300%2C300&amp;ssl=1\" class=\"attachment-woocommerce_thumbnail size-woocommerce_thumbnail\" alt=\"Keyyou chave remota com 2\/3 bot\u00f5es, 10 pe\u00e7as, para mitsubishi l200 shogun pajero montero eclipse cross mirage g4 outlander phev rvr\" srcset=\"https:\/\/i0.wp.com\/listman.shop\/autoparts-br\/wp-content\/uploads\/sites\/15\/2025\/03\/S95f699af299f46a3af12199f6827e9d8m.webp?w=1000&amp;ssl=1 1000w, https:\/\/i0.wp.com\/listman.shop\/autoparts-br\/wp-content\/uploads\/sites\/15\/2025\/03\/S95f699af299f46a3af12199f6827e9d8m.webp?resize=300%2C300&amp;ssl=1 300w, https:\/\/i0.wp.com\/listman.shop\/autoparts-br\/wp-content\/uploads\/sites\/15\/2025\/03\/S95f699af299f46a3af12199f6827e9d8m.webp?resize=150%2C150&amp;ssl=1 150w, https:\/\/i0.wp.com\/listman.shop\/autoparts-br\/wp-content\/uploads\/sites\/15\/2025\/03\/S95f699af299f46a3af12199f6827e9d8m.webp?resize=768%2C768&amp;ssl=1 768w, https:\/\/i0.wp.com\/listman.shop\/autoparts-br\/wp-content\/uploads\/sites\/15\/2025\/03\/S95f699af299f46a3af12199f6827e9d8m.webp?resize=600%2C600&amp;ssl=1 600w, https:\/\/i0.wp.com\/listman.shop\/autoparts-br\/wp-content\/uploads\/sites\/15\/2025\/03\/S95f699af299f46a3af12199f6827e9d8m.webp?resize=100%2C100&amp;ssl=1 100w, https:\/\/i0.wp.com\/listman.shop\/autoparts-br\/wp-content\/uploads\/sites\/15\/2025\/03\/S95f699af299f46a3af12199f6827e9d8m.webp?resize=64%2C64&amp;ssl=1 64w\" sizes=\"auto, (max-width: 300px) 100vw, 300px\" \/><\/div>\n\t\t\t\t\t<div class=\"wc-block-grid__product-title\">Keyyou chave remota com 2\/3 bot\u00f5es, 10 pe\u00e7as, para mitsubishi l200 shogun pajero montero eclipse cross mirage g4 outlander phev rvr<\/div>\n\t\t\t\t<\/a>\n\t\t\t\t<div class=\"wc-block-grid__product-price price\"><span class=\"woocommerce-Price-amount amount\" aria-hidden=\"true\"><span class=\"woocommerce-Price-currencySymbol\">&#082;&#036;<\/span>80.93<\/span> <span aria-hidden=\"true\">&ndash;<\/span> <span class=\"woocommerce-Price-amount amount\" aria-hidden=\"true\"><span class=\"woocommerce-Price-currencySymbol\">&#082;&#036;<\/span>81.39<\/span><span class=\"screen-reader-text\">Price range: &#082;&#036;80.93 through &#082;&#036;81.39<\/span><\/div>\n\t\t\t\t\n\t\t\t\t<div class=\"wp-block-button wc-block-grid__product-add-to-cart\"><a href=\"https:\/\/listman.shop\/autoparts-br\/product\/1005008113704549\/\" aria-label=\"Selecione as op\u00e7\u00f5es para &ldquo;Keyyou chave remota com 2\/3 bot\u00f5es, 10 pe\u00e7as, para mitsubishi l200 shogun pajero montero eclipse cross mirage g4 outlander phev rvr&rdquo;\" data-quantity=\"1\" data-product_id=\"47846\" data-product_sku=\"1005008113704549\" data-price=\"80.93\" rel=\"nofollow\" class=\"wp-block-button__link  add_to_cart_button\">Ver op\u00e7\u00f5es<\/a><\/div>\n\t\t\t<\/li><li class=\"wc-block-grid__product\">\n\t\t\t\t<a href=\"https:\/\/listman.shop\/autoparts-br\/product\/1005008054766421\/\" class=\"wc-block-grid__product-link\">\n\t\t\t\t\t\n\t\t\t\t\t<div class=\"wc-block-grid__product-image\"><img loading=\"lazy\" decoding=\"async\" width=\"300\" height=\"300\" src=\"https:\/\/i0.wp.com\/listman.shop\/autoparts-br\/wp-content\/uploads\/sites\/15\/2025\/03\/S328752fa6c614327a6c3413dbd7a4e39L.webp?resize=300%2C300&amp;ssl=1\" class=\"attachment-woocommerce_thumbnail size-woocommerce_thumbnail\" alt=\"Chave remota de carro DR 4A PCF7961M 433MHz para Renault Dacia Sandero Logan Lodgy Dokker Clio4 Master3 Duster Vauxhall Vivaro Trafic\" srcset=\"https:\/\/i0.wp.com\/listman.shop\/autoparts-br\/wp-content\/uploads\/sites\/15\/2025\/03\/S328752fa6c614327a6c3413dbd7a4e39L.webp?w=2000&amp;ssl=1 2000w, https:\/\/i0.wp.com\/listman.shop\/autoparts-br\/wp-content\/uploads\/sites\/15\/2025\/03\/S328752fa6c614327a6c3413dbd7a4e39L.webp?resize=300%2C300&amp;ssl=1 300w, https:\/\/i0.wp.com\/listman.shop\/autoparts-br\/wp-content\/uploads\/sites\/15\/2025\/03\/S328752fa6c614327a6c3413dbd7a4e39L.webp?resize=1024%2C1024&amp;ssl=1 1024w, https:\/\/i0.wp.com\/listman.shop\/autoparts-br\/wp-content\/uploads\/sites\/15\/2025\/03\/S328752fa6c614327a6c3413dbd7a4e39L.webp?resize=150%2C150&amp;ssl=1 150w, https:\/\/i0.wp.com\/listman.shop\/autoparts-br\/wp-content\/uploads\/sites\/15\/2025\/03\/S328752fa6c614327a6c3413dbd7a4e39L.webp?resize=768%2C768&amp;ssl=1 768w, https:\/\/i0.wp.com\/listman.shop\/autoparts-br\/wp-content\/uploads\/sites\/15\/2025\/03\/S328752fa6c614327a6c3413dbd7a4e39L.webp?resize=1536%2C1536&amp;ssl=1 1536w, https:\/\/i0.wp.com\/listman.shop\/autoparts-br\/wp-content\/uploads\/sites\/15\/2025\/03\/S328752fa6c614327a6c3413dbd7a4e39L.webp?resize=600%2C600&amp;ssl=1 600w, https:\/\/i0.wp.com\/listman.shop\/autoparts-br\/wp-content\/uploads\/sites\/15\/2025\/03\/S328752fa6c614327a6c3413dbd7a4e39L.webp?resize=100%2C100&amp;ssl=1 100w, https:\/\/i0.wp.com\/listman.shop\/autoparts-br\/wp-content\/uploads\/sites\/15\/2025\/03\/S328752fa6c614327a6c3413dbd7a4e39L.webp?resize=64%2C64&amp;ssl=1 64w\" sizes=\"auto, (max-width: 300px) 100vw, 300px\" \/><\/div>\n\t\t\t\t\t<div class=\"wc-block-grid__product-title\">Chave remota de carro DR 4A PCF7961M 433MHz para Renault Dacia Sandero Logan Lodgy Dokker Clio4 Master3 Duster Vauxhall Vivaro Trafic<\/div>\n\t\t\t\t<\/a>\n\t\t\t\t<div class=\"wc-block-grid__product-price price\"><span class=\"woocommerce-Price-amount amount\"><span class=\"woocommerce-Price-currencySymbol\">&#082;&#036;<\/span>137.21<\/span><\/div>\n\t\t\t\t\n\t\t\t\t<div class=\"wp-block-button wc-block-grid__product-add-to-cart\"><a href=\"https:\/\/listman.shop\/autoparts-br\/product\/1005008054766421\/\" aria-label=\"Selecione as op\u00e7\u00f5es para &ldquo;Chave remota de carro DR 4A PCF7961M 433MHz para Renault Dacia Sandero Logan Lodgy Dokker Clio4 Master3 Duster Vauxhall Vivaro Trafic&rdquo;\" data-quantity=\"1\" data-product_id=\"47815\" data-product_sku=\"1005008054766421\" data-price=\"137.21\" rel=\"nofollow\" class=\"wp-block-button__link  add_to_cart_button\">Ver op\u00e7\u00f5es<\/a><\/div>\n\t\t\t<\/li><\/ul><\/div><\/div>\n<\/div>\n","protected":false},"excerpt":{"rendered":"","protected":false},"author":1,"featured_media":0,"parent":0,"menu_order":0,"comment_status":"closed","ping_status":"closed","template":"","meta":{"neve_meta_sidebar":"","neve_meta_container":"","neve_meta_enable_content_width":"","neve_meta_content_width":0,"neve_meta_title_alignment":"","neve_meta_author_avatar":"","neve_post_elements_order":"","neve_meta_disable_header":"","neve_meta_disable_footer":"","neve_meta_disable_title":"","footnotes":""},"class_list":["post-5","page","type-page","status-publish","hentry"],"jetpack_sharing_enabled":true,"_links":{"self":[{"href":"https:\/\/listman.shop\/autoparts-br\/wp-json\/wp\/v2\/pages\/5","targetHints":{"allow":["GET"]}}],"collection":[{"href":"https:\/\/listman.shop\/autoparts-br\/wp-json\/wp\/v2\/pages"}],"about":[{"href":"https:\/\/listman.shop\/autoparts-br\/wp-json\/wp\/v2\/types\/page"}],"author":[{"embeddable":true,"href":"https:\/\/listman.shop\/autoparts-br\/wp-json\/wp\/v2\/users\/1"}],"replies":[{"embeddable":true,"href":"https:\/\/listman.shop\/autoparts-br\/wp-json\/wp\/v2\/comments?post=5"}],"version-history":[{"count":0,"href":"https:\/\/listman.shop\/autoparts-br\/wp-json\/wp\/v2\/pages\/5\/revisions"}],"wp:attachment":[{"href":"https:\/\/listman.shop\/autoparts-br\/wp-json\/wp\/v2\/media?parent=5"}],"curies":[{"name":"wp","href":"https:\/\/api.w.org\/{rel}","templated":true}]}}