{"id":1066,"date":"2024-10-12T19:05:53","date_gmt":"2024-10-12T10:05:53","guid":{"rendered":"https:\/\/listman.shop\/autoparts-br\/product\/1005006679927534\/"},"modified":"2026-04-14T16:49:06","modified_gmt":"2026-04-14T07:49:06","slug":"1005006679927534","status":"publish","type":"product","link":"https:\/\/listman.shop\/autoparts-br\/product\/1005006679927534\/","title":{"rendered":"TUBO DE BLANQUE DE REPLICA\u00c7\u00c3O para BMW E46 3 5 7 S\u00c9RIE X5 M47 M57 M67 E39 E65 E83 E38"},"content":{"rendered":"<div class=\"detailmodule_html\">\n<div class=\"detail-desc-decorate-richtext\">\n<div class=\"detailmodule_html\">\n<div class=\"detail-desc-decorate-richtext\">\n<p>Descri\u00e7\u00e3o:<br \/>CNC usinado a partir de um \u00fanico tarugo de alum\u00ednio<br \/>Reduz as temperaturas do ar de entrada, equivalentemente a mais pot\u00eancia<br \/>Evita que a entrada e o turbo entupam<br \/>Este kit de remo\u00e7\u00e3o de v\u00e1lvula permite remover completamente o sistema do motor.<br \/>O kit inclui placas de corte de 5 mm de espessura e junta de alta temperatura para apagar o coletor de escapamento, o que elimina o fraco tubo de extens\u00e3o flex\u00edvel que \u00e9 propenso a rachar.<\/p>\n<p>Vantagens do bloqueio:<br \/>O turbo se enrola mais rapidamente e em rota\u00e7\u00f5es mais baixas (menos atraso turbo)<br \/>Evita o ac\u00famulo de carbono dentro do coletor de admiss\u00e3o e das portas<br \/>Capta\u00e7\u00e3o mais suave do inativo e melhor economia de combust\u00edvel<br \/>\u00d3leo de motor mais limpo, ajudando a prolongar a vida \u00fatil do motor.<br \/>Reduz a produ\u00e7\u00e3o de fuligem (menos fuma\u00e7a na retirada)<\/p>\n<p>Aplica\u00e7\u00e3o:<br \/>Para caber nos seguintes c\u00f3digos de motor (pode ser encontrado em um adesivo na tampa da correia da c\u00e2mera ou na inicializa\u00e7\u00e3o):<\/p>\n<p>Para motores BMW M47 M47N M57 M47N2 M67 M47R<br \/>S\u00e9rie 3 E46<br \/>318d (2001-2005)<br \/>318td (2002-2004)<br \/>320d (1997- 2005)<br \/>320cd (2003-2006)<br \/>320td (2000-2004)<br \/>330d (1998-2003)<br \/>330xd (2000-2003)<br \/>5 s\u00e9ries E39<br \/>520d (1999-2003)<br \/>525d (1999-2003)<br \/>530d (1997-2003)<br \/>X5 E53<br \/>3,0d (2000-2003)<br \/>X3 E83<br \/>2,0d (2003-2006)<br \/>E38 S\u00e9rie 7<br \/>730d (1997-2001)<br \/>740d (1998-2001)<br \/>S\u00e9rie E65 7<br \/>740d (2001-2005)<\/p>\n<p>Para Land Rover:<br \/>Para Freelander TD4 (2001-2006)<br \/>Para Land Rover TD6 (2002-2006)<\/p>\n<p>Este item \u00e9 apenas para ve\u00edculos a diesel, N\u00c3O PETROL<\/p>\n<p>Material: Alum\u00ednio<br \/>Cor: prata<br \/>Tamanho: como mostra a imagem<br \/>Instru\u00e7\u00f5es de instala\u00e7\u00e3o:<br \/>1.Remova e levante a tampa do motor.<br \/>2.Retire a mangueira de v\u00e1cuo da v\u00e1lvula.<br \/>3.Remova o tubo do coletor de escapamento.<br \/>4.Conecte as tampas de supress\u00e3o em cada extremidade do refrigerador.(Salve este passo se o seu ve\u00edculo n\u00e3o tiver um refrigerador.)<br \/>5.Apague o tubo de v\u00e1cuo.<br \/>6.Vobre o orif\u00edcio no coletor de escapamento.<br \/>7.Conecte o tubo ao coletor de admiss\u00e3o.<br \/>8.Ligue o ve\u00edculo e verifique se h\u00e1 vazamentos.<\/p>\n<p>O pacote cont\u00e9m:<br \/>1 x (como mostrado)<\/p>\n<p>*Este produto \u00e9 novo<br \/>*Devido \u00e0 diferen\u00e7a de luz e tela, pode haver uma diferen\u00e7a de cor entre a cor real e a imagem.<br \/>*Devido \u00e0 medi\u00e7\u00e3o manual, o produto pode ter um erro de 1-5MM<br \/>*N\u00e3o nos responsabilizamos em ensin\u00e1-lo como instalar.instala\u00e7\u00e3o profissional \u00e9 altamente recomendada.<br \/>Cada carro \u00e9 diferente. A luz de gerenciamento do motor pode acender se n\u00e3o for instalada corretamente, algumas s\u00e3o instaladas sem complica\u00e7\u00f5es, recomendamos um remapamento para tirar o m\u00e1ximo deste item.<img data-recalc-dims=\"1\" decoding=\"async\" src=\"https:\/\/i0.wp.com\/ae01.alicdn.com\/kf\/S51e5cb3d05004e5a98270589ffd1fe4b8.jpg?w=1200&#038;ssl=1\"><img data-recalc-dims=\"1\" decoding=\"async\" src=\"https:\/\/i0.wp.com\/ae01.alicdn.com\/kf\/Sc4285aa3fccd478b8df986a85ae108c5F.jpg?w=1200&#038;ssl=1\"><img data-recalc-dims=\"1\" decoding=\"async\" src=\"https:\/\/i0.wp.com\/ae01.alicdn.com\/kf\/Sbcfad22ce2794dfeb27ec0954998c1e06.jpg?w=1200&#038;ssl=1\"><img data-recalc-dims=\"1\" decoding=\"async\" src=\"https:\/\/i0.wp.com\/ae01.alicdn.com\/kf\/S267bdad6d77e444688d0e0c683a54fb3A.jpg?w=1200&#038;ssl=1\"><img data-recalc-dims=\"1\" decoding=\"async\" src=\"https:\/\/i0.wp.com\/ae01.alicdn.com\/kf\/Sdc305b36a6bf4dfaa51b78a07102cebfE.jpg?w=1200&#038;ssl=1\"><img data-recalc-dims=\"1\" decoding=\"async\" src=\"https:\/\/i0.wp.com\/ae01.alicdn.com\/kf\/Sdb05f0895ac9438fba6cac97f5f9f575b.jpg?w=1200&#038;ssl=1\"><\/p>\n<\/div>\n<\/div>\n<\/div>\n<\/div>\n","protected":false},"excerpt":{"rendered":"<p>Descri\u00e7\u00e3o:CNC usinado a partir de um \u00fanico tarugo de alum\u00ednioReduz as temperaturas do ar de entrada, equivalentemente a mais pot\u00eanciaEvita que a entrada e o turbo entupamEste kit de remo\u00e7\u00e3o de v\u00e1lvula permite remover completamente o sistema do motor.O kit inclui placas de corte de 5 mm de espessura e junta de alta temperatura para&hellip;&nbsp;<\/p>\n","protected":false},"featured_media":1060,"template":"","meta":{"neve_meta_sidebar":"","neve_meta_container":"","neve_meta_enable_content_width":"","neve_meta_content_width":0,"neve_meta_title_alignment":"","neve_meta_author_avatar":"","neve_post_elements_order":"","neve_meta_disable_header":"","neve_meta_disable_footer":"","neve_meta_disable_title":""},"product_brand":[],"product_cat":[21,38,17],"product_tag":[],"class_list":{"0":"post-1066","1":"product","2":"type-product","3":"status-publish","4":"has-post-thumbnail","6":"product_cat-motores-pecas-de-motor","7":"product_cat-motores-e-pecas","8":"product_cat-pecas-e-acessorios-automotivos","10":"first","11":"instock","12":"shipping-taxable","13":"purchasable","14":"product-type-variable"},"jetpack_sharing_enabled":true,"_links":{"self":[{"href":"https:\/\/listman.shop\/autoparts-br\/wp-json\/wp\/v2\/product\/1066","targetHints":{"allow":["GET"]}}],"collection":[{"href":"https:\/\/listman.shop\/autoparts-br\/wp-json\/wp\/v2\/product"}],"about":[{"href":"https:\/\/listman.shop\/autoparts-br\/wp-json\/wp\/v2\/types\/product"}],"wp:featuredmedia":[{"embeddable":true,"href":"https:\/\/listman.shop\/autoparts-br\/wp-json\/wp\/v2\/media\/1060"}],"wp:attachment":[{"href":"https:\/\/listman.shop\/autoparts-br\/wp-json\/wp\/v2\/media?parent=1066"}],"wp:term":[{"taxonomy":"product_brand","embeddable":true,"href":"https:\/\/listman.shop\/autoparts-br\/wp-json\/wp\/v2\/product_brand?post=1066"},{"taxonomy":"product_cat","embeddable":true,"href":"https:\/\/listman.shop\/autoparts-br\/wp-json\/wp\/v2\/product_cat?post=1066"},{"taxonomy":"product_tag","embeddable":true,"href":"https:\/\/listman.shop\/autoparts-br\/wp-json\/wp\/v2\/product_tag?post=1066"}],"curies":[{"name":"wp","href":"https:\/\/api.w.org\/{rel}","templated":true}]}}