{"id":11624,"date":"2024-11-30T08:44:43","date_gmt":"2024-11-29T23:44:43","guid":{"rendered":"https:\/\/listman.shop\/autoparts-br\/product\/1005005885299775\/"},"modified":"2026-04-14T21:52:06","modified_gmt":"2026-04-14T12:52:06","slug":"1005005885299775","status":"publish","type":"product","link":"https:\/\/listman.shop\/autoparts-br\/product\/1005005885299775\/","title":{"rendered":"Para 2020 2021 2022 2023 2024 mazda 3 6 CX-3 CX-30 CX-9 MX-5 monitoramento de press\u00e3o dos pneus sensor tpms 315mhz bdgf37140 BDGF-37140"},"content":{"rendered":"<div class=\"detailmodule_html\">\n<div class=\"detail-desc-decorate-richtext\">\n<div style=\", Arial, Helvetica, sans-serif, Heiti;font-size:14px\">\n<p style=\"line-height:inherit;margin:0px;margin-bottom:0px;margin-top:0px;margin-left:0px;margin-right:0px\"><img data-recalc-dims=\"1\" decoding=\"async\" style=\"max-width:100%\" src=\"https:\/\/i0.wp.com\/ae01.alicdn.com\/kf\/Hc239821722bd4263b299dbdf29e47f647.jpg?w=1200&#038;ssl=1\"><\/p>\n<p style=\"line-height:inherit;margin:0px;margin-bottom:0px;margin-top:0px;margin-left:0px;margin-right:0px\"><span style=\"font-size:28px\"><span>Prezado cliente, se houver algum problema ap\u00f3s receber a mercadoria, entre em contato conosco na primeira vez.<\/span><\/span><\/p>\n<\/div>\n<p><\/p>\n<p style=\", Arial, Helvetica, sans-serif, Heiti;font-size:14px;line-height:inherit;margin:0px;margin-bottom:0px;margin-top:0px;margin-left:0px;margin-right:0px\"><span style=\"font-size:20px\">Para molda 3 2019-2020 molda 6 2019 molda cx-30 2020 molda xrc-9 2020 sensor de monitoramento de press\u00e3o dos pneus 315mhz bdgf37140 bdgf-37140<\/span><\/p>\n<p><\/p>\n<p style=\", Arial, Helvetica, sans-serif, Heiti;font-size:14px;line-height:inherit;margin:0px;margin-bottom:0px;margin-top:0px;margin-left:0px;margin-right:0px\"><span style=\"font-size:20px\">N\u00daMERO DE PE\u00c7AS INTERCAMBIADAS: BDGF37140,BDGF-37140<\/span><\/p>\n<p style=\", Arial, Helvetica, sans-serif, Heiti;font-size:14px;line-height:inherit;margin:0px;margin-bottom:0px;margin-top:0px;margin-left:0px;margin-right:0px\"><span style=\"font-size:20px\">Vida \u00fatil da bateria: CERCA DE 3 ANOS<\/span><\/p>\n<p style=\", Arial, Helvetica, sans-serif, Heiti;font-size:14px;line-height:inherit;margin:0px;margin-bottom:0px;margin-top:0px;margin-left:0px;margin-right:0px\"><span style=\"font-size:20px\">FREQUEN\u00c7A: 315MHz<\/span><\/p>\n<p style=\", Arial, Helvetica, sans-serif, Heiti;font-size:14px;line-height:inherit;margin:0px;margin-bottom:0px;margin-top:0px;margin-left:0px;margin-right:0px\"><span style=\"font-size:20px\">CONTE\u00daDO: PACOTE NORMAL<\/span><\/p>\n<p><\/p>\n<p style=\", Arial, Helvetica, sans-serif, Heiti;font-size:14px;line-height:inherit;margin:0px;margin-bottom:0px;margin-top:0px;margin-left:0px;margin-right:0px\"><span style=\"font-size:20px\">APLICA\u00c7\u00c3O:<br \/><\/span><\/p>\n<ul style=\", Arial, sans-serif;font-size:15px;font-weight:400;letter-spacing:0.5px;text-align:start;white-space:normal;margin-bottom:1rem;margin-top:0px;padding-left:35px\">\n<li style=\"line-height:26px\">\n<p>PARA Mazda 3 (de 2019-01 a 2019-06)<\/p>\n<\/li>\n<li style=\"line-height:26px\">\n<p>PARA Mazda 3 (de 2019-02 a 2027-03)<\/p>\n<\/li>\n<li style=\"line-height:26px\">\n<p>PARA Mazda 6 (de 2020-11 a 2026-02)<\/p>\n<\/li>\n<li style=\"line-height:26px\">\n<p>PARA Mazda CX-3 (de 2021-01 a 2028-12)<\/p>\n<\/li>\n<li style=\"line-height:26px\">\n<p>PARA Mazda CX-30 (de 2021-01 a 2025-06)<\/p>\n<\/li>\n<li style=\"line-height:26px\">\n<p>PARA Mazda CX-50 (de 2022-03 a 2027-03)<\/p>\n<\/li>\n<li style=\"line-height:26px\">\n<p>PARA Mazda CX-9 (de 2020-01 a 2025-05)<\/p>\n<\/li>\n<li style=\"line-height:26px\">\n<p>PARA Mazda MX-5 (de 2021-01 a 2027-12)<\/p>\n<\/li>\n<\/ul>\n<p style=\", Arial, Helvetica, sans-serif, Heiti;font-size:14px;line-height:inherit;margin:0px;margin-bottom:0px;margin-top:0px;margin-left:0px;margin-right:0px\"><\/p>\n<p style=\", Arial, Helvetica, sans-serif, Heiti;font-size:14px;line-height:inherit;margin:0px;margin-bottom:0px;margin-top:0px;margin-left:0px;margin-right:0px\"><img data-recalc-dims=\"1\" decoding=\"async\" src=\"https:\/\/i0.wp.com\/ae03.alicdn.com\/kf\/H369efcdda3d4421a960f77690acf14e65.jpg?w=1200&#038;ssl=1\"><img data-recalc-dims=\"1\" decoding=\"async\" src=\"https:\/\/i0.wp.com\/ae03.alicdn.com\/kf\/H66e198bac980478881eae4c4a80e074dB.jpg?w=1200&#038;ssl=1\"><img data-recalc-dims=\"1\" decoding=\"async\" src=\"https:\/\/i0.wp.com\/ae03.alicdn.com\/kf\/H99301717e42647cfbf6cba127af38bcdS.jpg?w=1200&#038;ssl=1\"><img data-recalc-dims=\"1\" decoding=\"async\" src=\"https:\/\/i0.wp.com\/ae03.alicdn.com\/kf\/H9b339c588a23437aa86328c8de144d43U.jpg?w=1200&#038;ssl=1\"><img data-recalc-dims=\"1\" decoding=\"async\" src=\"https:\/\/i0.wp.com\/ae03.alicdn.com\/kf\/Hcfdcbc7694954593ad7ab59735e6bd13k.jpg?w=1200&#038;ssl=1\"><img data-recalc-dims=\"1\" decoding=\"async\" src=\"https:\/\/i0.wp.com\/ae03.alicdn.com\/kf\/H44fa593efdce49928ef0d600258f0c3dF.jpg?w=1200&#038;ssl=1\"><\/p>\n<p><\/p>\n<p style=\", Arial, Helvetica, sans-serif, Heiti;font-size:14px;line-height:inherit;margin:0px;margin-bottom:0px;margin-top:0px;margin-left:0px;margin-right:0px\"><span style=\"font-size:20px\">Perguntas frequentes<\/span><\/p>\n<p style=\", Arial, Helvetica, sans-serif, Heiti;font-size:14px;line-height:inherit;margin:0px;margin-bottom:0px;margin-top:0px;margin-left:0px;margin-right:0px\"><span style=\"font-size:20px\">P: \u3010Freq\u00fcentemente do sensor TPMS\u3011<\/span><\/p>\n<p style=\", Arial, Helvetica, sans-serif, Heiti;font-size:14px;line-height:inherit;margin:0px;margin-bottom:0px;margin-top:0px;margin-left:0px;margin-right:0px\"><span style=\"font-size:20px\">R: 315 MHz<\/span><\/p>\n<p style=\", Arial, Helvetica, sans-serif, Heiti;font-size:14px;line-height:inherit;margin:0px;margin-bottom:0px;margin-top:0px;margin-left:0px;margin-right:0px\"><span style=\"font-size:20px\">P: \u3010O sensor tpms precisava fazer um programa\u3011<\/span><\/p>\n<p style=\", Arial, Helvetica, sans-serif, Heiti;font-size:14px;line-height:inherit;margin:0px;margin-bottom:0px;margin-top:0px;margin-left:0px;margin-right:0px\"><span style=\"font-size:20px\">R: O sensor de press\u00e3o dos pneus vem pr\u00e9-programado especificamente para sua marca\/modelo\/ano de ve\u00edculo, \u00e9 necess\u00e1rio ativ\u00e1-los por ferramenta de verifica\u00e7\u00e3o ou &#8220;reaprendizado&#8221;.<\/span><\/p>\n<p style=\", Arial, Helvetica, sans-serif, Heiti;font-size:14px;line-height:inherit;margin:0px;margin-bottom:0px;margin-top:0px;margin-left:0px;margin-right:0px\"><span style=\"font-size:20px\">P: \u3010Procedimento de reaprender\u3011<\/span><\/p>\n<p style=\", Arial, Helvetica, sans-serif, Heiti;font-size:14px;line-height:inherit;margin:0px;margin-bottom:0px;margin-top:0px;margin-left:0px;margin-right:0px\"><span style=\"font-size:20px\">A: FERRAMENTA DE SCAN<\/span><\/p>\n<\/div>\n<\/div>\n","protected":false},"excerpt":{"rendered":"<p>Prezado cliente, se houver algum problema ap\u00f3s receber a mercadoria, entre em contato conosco na primeira vez. Para molda 3 2019-2020 molda 6 2019 molda cx-30 2020 molda xrc-9 2020 sensor de monitoramento de press\u00e3o dos pneus 315mhz bdgf37140 bdgf-37140 N\u00daMERO DE PE\u00c7AS INTERCAMBIADAS: BDGF37140,BDGF-37140 Vida \u00fatil da bateria: CERCA DE 3 ANOS FREQUEN\u00c7A: 315MHz&hellip;&nbsp;<\/p>\n","protected":false},"featured_media":11618,"template":"","meta":{"neve_meta_sidebar":"","neve_meta_container":"","neve_meta_enable_content_width":"","neve_meta_content_width":0,"neve_meta_title_alignment":"","neve_meta_author_avatar":"","neve_post_elements_order":"","neve_meta_disable_header":"","neve_meta_disable_footer":"","neve_meta_disable_title":""},"product_brand":[],"product_cat":[26,17,47],"product_tag":[],"class_list":{"0":"post-11624","1":"product","2":"type-product","3":"status-publish","4":"has-post-thumbnail","6":"product_cat-pecas-de-desgaste","7":"product_cat-pecas-e-acessorios-automotivos","8":"product_cat-pneus-e-pecas-para-rodas","10":"first","11":"instock","12":"shipping-taxable","13":"purchasable","14":"product-type-variable","15":"has-default-attributes"},"jetpack_sharing_enabled":true,"_links":{"self":[{"href":"https:\/\/listman.shop\/autoparts-br\/wp-json\/wp\/v2\/product\/11624","targetHints":{"allow":["GET"]}}],"collection":[{"href":"https:\/\/listman.shop\/autoparts-br\/wp-json\/wp\/v2\/product"}],"about":[{"href":"https:\/\/listman.shop\/autoparts-br\/wp-json\/wp\/v2\/types\/product"}],"wp:featuredmedia":[{"embeddable":true,"href":"https:\/\/listman.shop\/autoparts-br\/wp-json\/wp\/v2\/media\/11618"}],"wp:attachment":[{"href":"https:\/\/listman.shop\/autoparts-br\/wp-json\/wp\/v2\/media?parent=11624"}],"wp:term":[{"taxonomy":"product_brand","embeddable":true,"href":"https:\/\/listman.shop\/autoparts-br\/wp-json\/wp\/v2\/product_brand?post=11624"},{"taxonomy":"product_cat","embeddable":true,"href":"https:\/\/listman.shop\/autoparts-br\/wp-json\/wp\/v2\/product_cat?post=11624"},{"taxonomy":"product_tag","embeddable":true,"href":"https:\/\/listman.shop\/autoparts-br\/wp-json\/wp\/v2\/product_tag?post=11624"}],"curies":[{"name":"wp","href":"https:\/\/api.w.org\/{rel}","templated":true}]}}