{"id":12444,"date":"2024-11-30T11:17:54","date_gmt":"2024-11-30T02:17:54","guid":{"rendered":"https:\/\/listman.shop\/autoparts-br\/product\/1005006318595569\/"},"modified":"2026-04-14T15:49:06","modified_gmt":"2026-04-14T06:49:06","slug":"1005006318595569","status":"publish","type":"product","link":"https:\/\/listman.shop\/autoparts-br\/product\/1005006318595569\/","title":{"rendered":"Substitui\u00e7\u00e3o pl\u00e1stica transparente da tampa do farol, tampa do farol para VW MK4, Jetta, Bora, 1998-2004, 1 par"},"content":{"rendered":"<div class=\"detailmodule_html\">\n<div class=\"detail-desc-decorate-richtext\">\n<div style=\"width: px;line-height:150%;font-family:Arial, Helvetica, sans-serif;font-size:12px\">\n<p style=\"margin-bottom:6px;margin-top:6px\"><img data-recalc-dims=\"1\" loading=\"lazy\" decoding=\"async\" height=\"80\" src=\"https:\/\/i0.wp.com\/ae01.alicdn.com\/kf\/S93d07a016525443c86d88b5b1d366312v.jpg?resize=960%2C80&#038;ssl=1\" width=\"960\" \/><\/p>\n<p id=\"tl_1\">These new headlights cover is a good replacement for your cracked or broken cover. High quality and easy installation.&nbsp;<\/p>\n<p> <strong>Features:<\/strong><br \/> Superior durability, easy to install.<br \/> Best replacement for the worn headlight cover.<br \/> Perfectly Replacement for VW MK4 Jetta Bora 1998-2004.<br \/> Elegant appearance, looks very cool.<\/p>\n<p> <strong>Specification:<\/strong><br \/> Material: Plastic<br \/> Fitment: for VW MK4 Jetta Bora 1998-2004<br \/> Package Size: 38 * 19 * 6 cm \/ 15 * 7.5 * 2. 4 in&nbsp;<br \/> Package Weight: 712 g \/ 25.2 oz<\/p>\n<p> <strong>Package List:<\/strong><br \/> 2 * Plastic Headlight cover<\/p>\n<p style=\"margin-bottom:6px;margin-top:6px\"><img data-recalc-dims=\"1\" loading=\"lazy\" decoding=\"async\" height=\"80\" src=\"https:\/\/i0.wp.com\/ae01.alicdn.com\/kf\/S8b405dcc909e4b93a5c03f6960c98507T.jpg?resize=960%2C80&#038;ssl=1\" width=\"960\" \/><\/p>\n<p><img data-recalc-dims=\"1\" decoding=\"async\" src=\"https:\/\/i0.wp.com\/ae01.alicdn.com\/kf\/Sd9357a35760b4b9dbe3c04baec70ab49N.jpg?w=1200&#038;ssl=1\" \/><br \/> <img data-recalc-dims=\"1\" decoding=\"async\" src=\"https:\/\/i0.wp.com\/ae01.alicdn.com\/kf\/S9129115b922e4c81986798814fb7684fH.jpg?w=1200&#038;ssl=1\" \/><br \/> <img data-recalc-dims=\"1\" decoding=\"async\" src=\"https:\/\/i0.wp.com\/ae01.alicdn.com\/kf\/Sb3c822fadf084f0f8210a4de8e46bd0eX.jpg?w=1200&#038;ssl=1\" \/><br \/> <img data-recalc-dims=\"1\" decoding=\"async\" src=\"https:\/\/i0.wp.com\/ae01.alicdn.com\/kf\/S22e67eaa9cff4645a16f021a9aa17febn.jpg?w=1200&#038;ssl=1\" \/><br \/> <img data-recalc-dims=\"1\" decoding=\"async\" src=\"https:\/\/i0.wp.com\/ae01.alicdn.com\/kf\/Sf1c7a6a9dc9b4545a089df84c1b76354m.jpg?w=1200&#038;ssl=1\" \/><br \/> <img data-recalc-dims=\"1\" decoding=\"async\" src=\"https:\/\/i0.wp.com\/ae01.alicdn.com\/kf\/S4d8b42d0acc54c32870ab0bb305e2c6au.jpg?w=1200&#038;ssl=1\" \/><\/p>\n<div style=\"margin-bottom:6px;margin-top:6px\">\n    <img data-recalc-dims=\"1\" loading=\"lazy\" decoding=\"async\" alt=\"\" height=\"80\" src=\"https:\/\/i0.wp.com\/ae01.alicdn.com\/kf\/S3fc8aef5f87a4733af31169d99fe7457Y.jpg?resize=960%2C80&#038;ssl=1\" width=\"960\" \/>\n   <\/div>\n<p style=\"margin-bottom: 6px\"><img data-recalc-dims=\"1\" loading=\"lazy\" decoding=\"async\" alt=\"\" height=\"180\" src=\"https:\/\/i0.wp.com\/ae01.alicdn.com\/kf\/HTB1YfAWXxiH3KVjSZPfq6xBiVXap.jpg?resize=960%2C180\" width=\"960\" \/><\/p>\n<p id=\"tl_2\">Many Questions about Dropshipping Services Are As Follows:<\/p>\n<p id=\"tl_3\">1.How many orders can you handle per day?<br \/> we are a large company in Shenzhen,China,with a large warehouse that can handle large orders everyday.We send out countless parcels everyday.We can guarantee the order you request.<\/p>\n<p id=\"tl_4\">2.How fast can you process orders?<br \/> We will arrange shipment as soon as possible after you pay the order.Priority delivery for dropshipping order<\/p>\n<p id=\"tl_5\">3.Could you ship order without any receipts,invoices and promotional offer inside the package?<br \/> Absolutely!No invoices,receipts,promotional offer if you leave notes on the order(if you want,we can provide.)<\/p>\n<p id=\"tl_6\">4.If you need other products?<br \/> We can provide most products you need as much as possible1<\/p>\n<p id=\"tl_7\">If you have any other questions,please feel free to contact us.<br \/> We are very grateful to cooperate with you.<\/p>\n<p id=\"tl_8\">5.We can support CSV\/Excel File Dropshipping.<\/p>\n<p id=\"tl_9\">6.There is no limited stock to fulfill the orders on a daily basis<\/p>\n<p style=\"font-family: arial , helvetica;font-size: 12.0px;text-align:left\"> <img data-recalc-dims=\"1\" loading=\"lazy\" decoding=\"async\" alt=\"\" height=\"472\" src=\"https:\/\/i0.wp.com\/ae01.alicdn.com\/kf\/HTB1p3A7Xq5s3KVjSZFNq6AD3FXaY.jpg?resize=1000%2C472\" width=\"1000\" \/><\/p>\n<p style=\"margin-top:6px\"><img data-recalc-dims=\"1\" loading=\"lazy\" decoding=\"async\" alt=\"\" height=\"606\" src=\"https:\/\/i0.wp.com\/ae01.alicdn.com\/kf\/HTB1AMMZXBaE3KVjSZLeq6xsSFXaE.jpg?resize=1000%2C606\" width=\"1000\" \/><\/p>\n<p style=\"margin-top:6px\"><img data-recalc-dims=\"1\" loading=\"lazy\" decoding=\"async\" alt=\"\" height=\"609\" src=\"https:\/\/i0.wp.com\/ae01.alicdn.com\/kf\/HTB1Sdc0XBOD3KVjSZFFq6An9pXa7.jpg?resize=1000%2C609\" width=\"1000\" \/><\/p>\n<p style=\"margin-top:6px\"><img data-recalc-dims=\"1\" loading=\"lazy\" decoding=\"async\" alt=\"333\" height=\"613\" src=\"https:\/\/i0.wp.com\/ae01.alicdn.com\/kf\/HTB1j23YXv5G3KVjSZPxq6zI3XXam.jpg?resize=1000%2C613\" width=\"1000\" \/><\/p>\n<\/p><\/div>\n<\/p><\/div>\n<\/div>\n","protected":false},"excerpt":{"rendered":"<p>These new headlights cover is a good replacement for your cracked or broken cover. High quality and easy installation.&nbsp; Features: Superior durability, easy to install. Best replacement for the worn headlight cover. Perfectly Replacement for VW MK4 Jetta Bora 1998-2004. Elegant appearance, looks very cool. Specification: Material: Plastic Fitment: for VW MK4 Jetta Bora 1998-2004&hellip;&nbsp;<\/p>\n","protected":false},"featured_media":12438,"template":"","meta":{"neve_meta_sidebar":"","neve_meta_container":"","neve_meta_enable_content_width":"","neve_meta_content_width":0,"neve_meta_title_alignment":"","neve_meta_author_avatar":"","neve_post_elements_order":"","neve_meta_disable_header":"","neve_meta_disable_footer":"","neve_meta_disable_title":""},"product_brand":[],"product_cat":[94,19,17],"product_tag":[],"class_list":{"0":"post-12444","1":"product","2":"type-product","3":"status-publish","4":"has-post-thumbnail","6":"product_cat-concha","7":"product_cat-luzes-automotivas","8":"product_cat-pecas-e-acessorios-automotivos","10":"first","11":"instock","12":"shipping-taxable","13":"purchasable","14":"product-type-variable"},"jetpack_sharing_enabled":true,"_links":{"self":[{"href":"https:\/\/listman.shop\/autoparts-br\/wp-json\/wp\/v2\/product\/12444","targetHints":{"allow":["GET"]}}],"collection":[{"href":"https:\/\/listman.shop\/autoparts-br\/wp-json\/wp\/v2\/product"}],"about":[{"href":"https:\/\/listman.shop\/autoparts-br\/wp-json\/wp\/v2\/types\/product"}],"wp:featuredmedia":[{"embeddable":true,"href":"https:\/\/listman.shop\/autoparts-br\/wp-json\/wp\/v2\/media\/12438"}],"wp:attachment":[{"href":"https:\/\/listman.shop\/autoparts-br\/wp-json\/wp\/v2\/media?parent=12444"}],"wp:term":[{"taxonomy":"product_brand","embeddable":true,"href":"https:\/\/listman.shop\/autoparts-br\/wp-json\/wp\/v2\/product_brand?post=12444"},{"taxonomy":"product_cat","embeddable":true,"href":"https:\/\/listman.shop\/autoparts-br\/wp-json\/wp\/v2\/product_cat?post=12444"},{"taxonomy":"product_tag","embeddable":true,"href":"https:\/\/listman.shop\/autoparts-br\/wp-json\/wp\/v2\/product_tag?post=12444"}],"curies":[{"name":"wp","href":"https:\/\/api.w.org\/{rel}","templated":true}]}}