{"id":1262,"date":"2024-10-12T19:09:11","date_gmt":"2024-10-12T10:09:11","guid":{"rendered":"https:\/\/listman.shop\/autoparts-br\/product\/1005006900912624\/"},"modified":"2026-04-17T16:39:06","modified_gmt":"2026-04-17T07:39:06","slug":"1005006900912624","status":"publish","type":"product","link":"https:\/\/listman.shop\/autoparts-br\/product\/1005006900912624\/","title":{"rendered":"Suporte do telefone do carro magn\u00e9tico suporte de carregamento sem fio montagem do telefone m\u00f3vel liga alum\u00ednio magsafe suporta para iphone samsung xiaomi"},"content":{"rendered":"<div class=\"detailmodule_html\">\n<div class=\"detail-desc-decorate-richtext\">\n<p><span style=\"font-size:18px\"><strong id=\"tl_1\">Product parameters:<\/strong><\/span><\/p>\n<p><span style=\"font-size:18px\" id=\"tl_2\">Material:Aluminum Alloy+ABS+Silica gel+Neodymium iron boron (NdFeB) magnets.<\/span><\/p>\n<p><span style=\"font-size:18px\" id=\"tl_3\">Input:DC 5V\/1A,9V\/2A.<\/span><\/p>\n<p><span style=\"font-size:18px\" id=\"tl_4\">Output:15W \/ 10W \/ 7.5W \/ 5W&nbsp;(Adaptive).<\/span><\/p>\n<p><span style=\"font-size:18px\" id=\"tl_5\">Interface:Type-C<\/span><\/p>\n<p><span style=\"font-size:18px\" id=\"tl_6\">Function:Magnetically fixed wireless charging.<\/span><\/p>\n<p><img data-recalc-dims=\"1\" decoding=\"async\" style=\"width:800px\"  src=\"https:\/\/i0.wp.com\/ae01.alicdn.com\/kf\/S74f6cdc62f0b4f719015c96dbc46e4de3.jpg?w=1200&#038;ssl=1\" \/><\/p>\n<p><span style=\"font-size:18px\" id=\"tl_7\">Feature:<\/span><\/p>\n<p><span style=\"font-size:18px\" id=\"tl_8\">1: 15W wireless charging (compatible with 5W\/7.5W\/10W\/15W).<\/span><\/p>\n<p><span style=\"font-size:18px\" id=\"tl_9\">2: Enhanced magnetic bracket, comes with magnet sheet.<\/span><\/p>\n<p><span style=\"font-size:18px\" id=\"tl_10\">3: Multi-axis adjustment, suitable for multiple angles and multiple scenes.<\/span><\/p>\n<p><span style=\"font-size:18px\" id=\"tl_11\">4:Ring soft ambient light for easy use in dark environments.<\/span><\/p>\n<p><span style=\"font-size:18px\" id=\"tl_12\">5:The main body is made of aluminum alloy with flexible silicone, which is sturdy and durable, and protects the phone.<\/span><\/p>\n<p><img data-recalc-dims=\"1\" decoding=\"async\" style=\"width:800px\"  src=\"https:\/\/i0.wp.com\/ae01.alicdn.com\/kf\/Sb132a1a636ab47728d99ef3c4871e4181.jpg?w=1200&#038;ssl=1\" \/><\/p>\n<p><span style=\"font-size:18px\" id=\"tl_13\">The main body of the product is made of zinc alloy, which is strong and stable. The product has a built-in N52&nbsp;grade Neodymium iron boron (NdFeB) magnets, which has strong magnetic attraction. The product panel is made of silicone material, and the soft material protects the phone.<\/span><\/p>\n<p><img data-recalc-dims=\"1\" decoding=\"async\" style=\"width:800px\"  src=\"https:\/\/i0.wp.com\/ae01.alicdn.com\/kf\/S923a1d735c25421cb71f81b8b85a9b497.jpg?w=1200&#038;ssl=1\" \/><\/p>\n<p><span style=\"font-size:18px\" id=\"tl_14\">Powerful Magnetic Force:<\/span><\/p>\n<p><span style=\"font-size:18px\" id=\"tl_15\">Built-in strong permanent&nbsp;NdFeB&nbsp;magnets, this phone holder mount holds your phone stably even on bumpy roads without falling. Surprisingly, the powerful magnetic attraction also won\u2019t block wireless charging function of the phone, and navigation signal and call quality will not be disturbed.&nbsp;<\/span><\/p>\n<div>\n<p><img data-recalc-dims=\"1\" decoding=\"async\" style=\"width:800px\"  src=\"https:\/\/i0.wp.com\/ae01.alicdn.com\/kf\/Sa01ae5dc70a64988a30559b3519c7b2eA.jpg?w=1200&#038;ssl=1\" \/><\/p>\n<\/div>\n<div>\n<p><img data-recalc-dims=\"1\" decoding=\"async\" style=\"width:800px\"  src=\"https:\/\/i0.wp.com\/ae01.alicdn.com\/kf\/S0a82ab79fbc844389e0a6c85f6ea239bJ.jpg?w=1200&#038;ssl=1\" \/><\/p>\n<\/div>\n<p><span style=\"font-size:18px;, Roboto, Arial, Helvetica, sans-serif, SimSun\" id=\"tl_16\">Apple series mobile phones can directly use the product&#8217;s magnetic fixation and wireless charging function.For other brands of phones,this magnetic phone mount includes a&nbsp;metal ring, making it also fit well for all phones with common cases. All you need to do is stick the metal ring on the outside of the phone case.&nbsp;<\/span><\/p>\n<p><img data-recalc-dims=\"1\" decoding=\"async\" style=\"width:800px\"  src=\"https:\/\/i0.wp.com\/ae01.alicdn.com\/kf\/Sd40f0e445f9f422190259a2f5552b938l.jpg?w=1200&#038;ssl=1\" \/><\/p>\n<p><span style=\"font-size:18px\" id=\"tl_17\">This bracket uses N52 grade NdFeB magnet array, which is precisely aligned with the magnetic coil of the original machine, and the magnetic field is stable and does not interfere with the mobile phone signal.Silicone panel to protect the phone.<\/span><\/p>\n<p><img data-recalc-dims=\"1\" decoding=\"async\" style=\"width:800px\"  src=\"https:\/\/i0.wp.com\/ae01.alicdn.com\/kf\/S12f42626ae9f49e0a14dcd9f523fbf03E.jpg?w=1200&#038;ssl=1\" \/><\/p>\n<p><span style=\"font-size:18px\" id=\"tl_18\">The product has a ring atmosphere light,Easy to use in dark environments.<\/span><\/p>\n<div>\n<p><img data-recalc-dims=\"1\" decoding=\"async\" style=\"width:800px\"  src=\"https:\/\/i0.wp.com\/ae01.alicdn.com\/kf\/S556e1b9f6a574d0ca92c05eba5ee4c406.jpg?w=1200&#038;ssl=1\" \/><\/p>\n<\/div>\n<p><img data-recalc-dims=\"1\" decoding=\"async\" style=\"width:800px\"  src=\"https:\/\/i0.wp.com\/ae01.alicdn.com\/kf\/S861487c5c74f4071bc915a5a1b27eaa4z.jpg?w=1200&#038;ssl=1\" \/><\/p>\n<p><span style=\"font-size:18px\" id=\"tl_19\">15W wireless charging.<\/span><span style=\"font-size:20px\" id=\"tl_20\">One hand operation:Fixing and releasing the phone can be operated with one hand.<\/span><\/p>\n<p><img data-recalc-dims=\"1\" decoding=\"async\" style=\"width:800px\"  src=\"https:\/\/i0.wp.com\/ae01.alicdn.com\/kf\/S5ee424f21be24c058390b0d3d4a467f7y.jpg?w=1200&#038;ssl=1\" \/><\/p>\n<p><span style=\"font-size:18px\" id=\"tl_21\">The thickened wireless charging coil is equipped with an AI smart chip.Smart fast charging:The phone holder can automatically recognize the phone model and start fast charging, which is compatible with many mobile phones.<\/span><\/p>\n<p><img data-recalc-dims=\"1\" decoding=\"async\" style=\"width:800px\"  src=\"https:\/\/i0.wp.com\/ae01.alicdn.com\/kf\/S4737645a0b994dce9e5244baae593a83L.jpg?w=1200&#038;ssl=1\" \/><\/p>\n<p><span style=\"font-size:18px\" id=\"tl_22\">Omnidirectional Perspective.<\/span><\/p>\n<div>\n<p><img data-recalc-dims=\"1\" decoding=\"async\" style=\"width:800px\"  src=\"https:\/\/i0.wp.com\/ae01.alicdn.com\/kf\/S61b16e17217f4451ae208258f5d128b8i.jpg?w=1200&#038;ssl=1\" \/><\/p>\n<\/div>\n<p><span style=\"font-size:18px\" id=\"tl_23\">This magnetic phone mount includes a metal ring&nbsp;thickness 0.4 mm), making it also fit well for all phones with common cases. All you need to do is stick the metal ring on the outside of the phone case,<\/span><span style=\"font-size:20px\" id=\"tl_24\">no shaking, no noise.<\/span><\/p>\n<p><img data-recalc-dims=\"1\" decoding=\"async\" style=\"font-size:20px;width:800px\"  src=\"https:\/\/i0.wp.com\/ae01.alicdn.com\/kf\/S67eedf2bc915480d9165d36cbca9ffbds.jpg?w=1200&#038;ssl=1\" \/><\/p>\n<p><span style=\"font-size:18px\" id=\"tl_25\">The surface of the metal ring is painted with a good touch.<\/span><\/p>\n<div style=\"font-size:20px\">\n<p><img data-recalc-dims=\"1\" decoding=\"async\" style=\"width:800px\"  src=\"https:\/\/i0.wp.com\/ae01.alicdn.com\/kf\/S69b0496de0734f2aa047e79f11614b8bZ.jpg?w=1200&#038;ssl=1\" \/><\/p>\n<\/div>\n<p><span style=\"font-size:20px\" id=\"tl_26\">Suitable for Apple and Android wireless devices.<\/span><\/p>\n<div style=\"font-size:20px\">\n<p><img data-recalc-dims=\"1\" decoding=\"async\" style=\"width:800px\"  src=\"https:\/\/i0.wp.com\/ae01.alicdn.com\/kf\/S9fae4031cb2e420ea8b3553eba0ba9d78.jpg?w=1200&#038;ssl=1\" \/><\/p>\n<\/div>\n<p><span style=\"font-size:20px\" id=\"tl_27\">The magnetic attraction is strong.<\/span><\/p>\n<p><img data-recalc-dims=\"1\" decoding=\"async\" style=\"width:800px\"  src=\"https:\/\/i0.wp.com\/ae01.alicdn.com\/kf\/S63abfec18ae34ac6b76704ac545870d5D.jpg?w=1200&#038;ssl=1\" \/><\/p>\n<div class=\"detailmodule_html\">\n<div class=\"detail-desc-decorate-richtext\">\n<div class=\"detailmodule_html\">\n<div class=\"detail-desc-decorate-richtext\">\n<div class=\"detailmodule_html\">\n<div class=\"detail-desc-decorate-richtext\">\n<div class=\"detailmodule_html\">\n<div class=\"detail-desc-decorate-richtext\">\n<div class=\"detailmodule_html\">\n<div class=\"detail-desc-decorate-richtext\">\n<p><\/p>\n<p><\/p>\n<p><span style=\"font-size:18px\" id=\"tl_28\">Product dimensions:<\/span><\/p>\n<div>\n<p><img data-recalc-dims=\"1\" decoding=\"async\" style=\"width:800px\"  src=\"https:\/\/i0.wp.com\/ae01.alicdn.com\/kf\/S3a8309edde9d4426a0e3162f3c3a7ff15.jpg?w=1200&#038;ssl=1\" \/><\/p>\n<\/p><\/div>\n<p><span style=\"font-size:20px\" id=\"tl_29\">How to install\uff1a<\/span><\/p>\n<p><\/p>\n<div>\n<p><img data-recalc-dims=\"1\" decoding=\"async\" style=\"width:800px\"  src=\"https:\/\/i0.wp.com\/ae01.alicdn.com\/kf\/S6b1eb0d4d4b04a96bbb1fd39be78689cW.jpg?w=1200&#038;ssl=1\" \/><\/p>\n<\/p><\/div>\n<p><\/p>\n<p><span style=\"font-size:20px\" id=\"tl_30\">Packing list:<\/span><\/p>\n<div>\n<p><img data-recalc-dims=\"1\" decoding=\"async\" style=\"width:800px\"  src=\"https:\/\/i0.wp.com\/ae01.alicdn.com\/kf\/S5e3edda47d0343b593daa24e5e2d41a1q.jpg?w=1200&#038;ssl=1\" \/><\/p>\n<\/p><\/div>\n<p><img data-recalc-dims=\"1\" decoding=\"async\" style=\"width:800px\"  src=\"https:\/\/i0.wp.com\/ae01.alicdn.com\/kf\/Sc855f9075c3a46299e843d16cc53d205j.jpg?w=1200&#038;ssl=1\" \/><\/p>\n<p><\/p>\n<div>\n<p><img data-recalc-dims=\"1\" decoding=\"async\" style=\"width:800px\"  src=\"https:\/\/i0.wp.com\/ae01.alicdn.com\/kf\/S8de9c5296fc44c289fb0243cd334e02ex.jpg?w=1200&#038;ssl=1\" \/><\/p>\n<\/p><\/div>\n<div>\n           <br \/> \n          <\/div>\n<p><\/p>\n<p><\/p>\n<p><\/p>\n<\/p><\/div>\n<\/p><\/div>\n<\/p><\/div>\n<\/p><\/div>\n<\/p><\/div>\n<\/p><\/div>\n<\/p><\/div>\n<\/p><\/div>\n<\/p><\/div>\n<\/div>\n<div>\n <br \/> \n<\/div>\n<p><\/div>\n<\/div>\n","protected":false},"excerpt":{"rendered":"<p>Product parameters: Material:Aluminum Alloy+ABS+Silica gel+Neodymium iron boron (NdFeB) magnets. Input:DC 5V\/1A,9V\/2A. Output:15W \/ 10W \/ 7.5W \/ 5W&nbsp;(Adaptive). Interface:Type-C Function:Magnetically fixed wireless charging. Feature: 1: 15W wireless charging (compatible with 5W\/7.5W\/10W\/15W). 2: Enhanced magnetic bracket, comes with magnet sheet. 3: Multi-axis adjustment, suitable for multiple angles and multiple scenes. 4:Ring soft ambient light for easy&hellip;&nbsp;<\/p>\n","protected":false},"featured_media":1256,"template":"","meta":{"neve_meta_sidebar":"","neve_meta_container":"","neve_meta_enable_content_width":"","neve_meta_content_width":0,"neve_meta_title_alignment":"","neve_meta_author_avatar":"","neve_post_elements_order":"","neve_meta_disable_header":"","neve_meta_disable_footer":"","neve_meta_disable_title":""},"product_brand":[],"product_cat":[25,17,96],"product_tag":[],"class_list":{"0":"post-1262","1":"product","2":"type-product","3":"status-publish","4":"has-post-thumbnail","6":"product_cat-acessorios-do-interior","7":"product_cat-pecas-e-acessorios-automotivos","8":"product_cat-suportes","10":"first","11":"instock","12":"shipping-taxable","13":"purchasable","14":"product-type-variable","15":"has-default-attributes"},"jetpack_sharing_enabled":true,"_links":{"self":[{"href":"https:\/\/listman.shop\/autoparts-br\/wp-json\/wp\/v2\/product\/1262","targetHints":{"allow":["GET"]}}],"collection":[{"href":"https:\/\/listman.shop\/autoparts-br\/wp-json\/wp\/v2\/product"}],"about":[{"href":"https:\/\/listman.shop\/autoparts-br\/wp-json\/wp\/v2\/types\/product"}],"wp:featuredmedia":[{"embeddable":true,"href":"https:\/\/listman.shop\/autoparts-br\/wp-json\/wp\/v2\/media\/1256"}],"wp:attachment":[{"href":"https:\/\/listman.shop\/autoparts-br\/wp-json\/wp\/v2\/media?parent=1262"}],"wp:term":[{"taxonomy":"product_brand","embeddable":true,"href":"https:\/\/listman.shop\/autoparts-br\/wp-json\/wp\/v2\/product_brand?post=1262"},{"taxonomy":"product_cat","embeddable":true,"href":"https:\/\/listman.shop\/autoparts-br\/wp-json\/wp\/v2\/product_cat?post=1262"},{"taxonomy":"product_tag","embeddable":true,"href":"https:\/\/listman.shop\/autoparts-br\/wp-json\/wp\/v2\/product_tag?post=1262"}],"curies":[{"name":"wp","href":"https:\/\/api.w.org\/{rel}","templated":true}]}}