{"id":12860,"date":"2024-11-30T12:35:50","date_gmt":"2024-11-30T03:35:50","guid":{"rendered":"https:\/\/listman.shop\/autoparts-br\/product\/1005006429581047\/"},"modified":"2026-04-14T21:39:12","modified_gmt":"2026-04-14T12:39:12","slug":"1005006429581047","status":"publish","type":"product","link":"https:\/\/listman.shop\/autoparts-br\/product\/1005006429581047\/","title":{"rendered":"Sistema de monitoramento de press\u00e3o dos pneus Monitor de press\u00e3o dos pneus do carro Alarme de press\u00e3o dos pneus com 4 sensores externos"},"content":{"rendered":"<div class=\"detailmodule_html\">\n<div class=\"detail-desc-decorate-richtext\">\n<p><img data-recalc-dims=\"1\" decoding=\"async\" src=\"https:\/\/i0.wp.com\/img2.tongtool.com\/s\/002262\/2023-07\/819625379215052800.jpg?w=1200\" \/><\/p>\n<div>\n<p style=\"font-family:Verdana, Arial, Helvetica, sans-serif;font-size:10px;margin:2px;margin-bottom:2px;margin-top:2px;margin-left:2px;margin-right:2px\"><span><span style=\"font-size:small;font-family:arial, helvetica, sans-serif\"><strong id=\"tl_1\">Fun&ccedil;&atilde;o do dispositivo:<\/strong><\/span><\/span><\/p>\n<p style=\"font-family:Verdana, Arial, Helvetica, sans-serif;font-size:10px;margin:2px;margin-bottom:2px;margin-top:2px;margin-left:2px;margin-right:2px\"><span><span style=\"font-size:small;font-family:arial, helvetica, sans-serif\" id=\"tl_2\">(1) Monitoramento em tempo real da temperatura da press&atilde;o dos pneus<\/span><\/span><\/p>\n<p style=\"font-family:Verdana, Arial, Helvetica, sans-serif;font-size:10px;margin:2px;margin-bottom:2px;margin-top:2px;margin-left:2px;margin-right:2px\"><span><span style=\"font-size:small;font-family:arial, helvetica, sans-serif\" id=\"tl_3\">(2) Suporta carregamento solar e carregamento USB<\/span><\/span><\/p>\n<p style=\"font-family:Verdana, Arial, Helvetica, sans-serif;font-size:10px;margin:2px;margin-bottom:2px;margin-top:2px;margin-left:2px;margin-right:2px\"><span><span style=\"font-size:small;font-family:arial, helvetica, sans-serif\" id=\"tl_4\">(3) N&uacute;meros de alarme de press&atilde;o\/temperatura dos pneus podem ser definidos<\/span><\/span><\/p>\n<p style=\"font-family:Verdana, Arial, Helvetica, sans-serif;font-size:10px;margin:2px;margin-bottom:2px;margin-top:2px;margin-left:2px;margin-right:2px\"><span><span style=\"font-size:small;font-family:arial, helvetica, sans-serif\" id=\"tl_5\">(4) Alarme de vazamento de ar, alarme de alta\/baixa press&atilde;o, alarme de alta temperatura<\/span><\/span><\/p>\n<p style=\"font-family:Verdana, Arial, Helvetica, sans-serif;font-size:10px;margin:2px;margin-bottom:2px;margin-top:2px;margin-left:2px;margin-right:2px\"><span><span style=\"font-size:small;font-family:arial, helvetica, sans-serif\" id=\"tl_6\">(5) Posi&ccedil;&atilde;o do pneu mut&aacute;vel<\/span><\/span><\/p>\n<div style=\"font-family:Arial, Verdana, sans-serif\"><\/div>\n<div style=\"font-family:Arial, Verdana, sans-serif\">\n  <span><span style=\"font-size:small;font-family:arial, helvetica, sans-serif\"><strong><span id=\"tl_7\">Caracter&iacute;sticas:<\/span><\/strong><\/span><\/span>\n <\/div>\n<ul style=\"font-family:Arial, Verdana, sans-serif\">\n<li>\n<p><span><span style=\"font-size:small;font-family:arial, helvetica, sans-serif\" id=\"tl_8\">Tipo: press&atilde;o dos pneus do carro solar tpms inteligente<\/span><\/span><\/p>\n<\/li>\n<li>\n<p><span><span style=\"font-size:small;font-family:arial, helvetica, sans-serif\" id=\"tl_9\">Carregamento de energia solar, n&atilde;o precisa carregar conectando o isqueiro do carro<\/span><\/span><\/p>\n<\/li>\n<li>\n<p><span><span style=\"font-size:small;font-family:arial, helvetica, sans-serif\" id=\"tl_10\">Display digital LCD colorido, claro para mostrar informa&ccedil;&otilde;es dos pneus<\/span><\/span><\/p>\n<\/li>\n<li>\n<p><span><span style=\"font-size:small;font-family:arial, helvetica, sans-serif\" id=\"tl_11\">Press&atilde;o e temperatura de monitoramento traseiro de 4 pneus<\/span><\/span><\/p>\n<\/li>\n<li>\n<p><span><span style=\"font-size:small;font-family:arial, helvetica, sans-serif\" id=\"tl_12\">Alarme de baixa press&atilde;o de ar\/alta temperatura<\/span><\/span><\/p>\n<\/li>\n<li>\n<p><span><span style=\"font-size:small;font-family:arial, helvetica, sans-serif\" id=\"tl_13\">Alarme de alta temperatura\/vazamento\/baixa bateria<\/span><\/span><\/p>\n<\/li>\n<li>\n<p><span><span style=\"font-size:small;font-family:arial, helvetica, sans-serif\" id=\"tl_14\">Bota de choque inteligente quando o carro se move, n&atilde;o precisa ligar\/desligar<\/span><\/span><\/p>\n<\/li>\n<li>\n<p><span><span style=\"font-size:small;font-family:arial, helvetica, sans-serif\" id=\"tl_15\">Conex&atilde;o sem fio por sensores, f&aacute;cil instala&ccedil;&atilde;o<\/span><\/span><\/p>\n<\/li>\n<li>\n<p><span><span style=\"font-size:small;font-family:arial, helvetica, sans-serif\" id=\"tl_16\">Duas unidades (PSI\/Bar) mut&aacute;veis, voc&ecirc; pode definir a que desejar.<\/span><\/span><\/p>\n<\/li>\n<\/ul>\n<div style=\"font-family:Arial, Verdana, sans-serif\">\n  <span><span style=\"font-size:small;font-family:arial, helvetica, sans-serif\"><br \/><\/span><\/span>\n <\/div>\n<div style=\"font-family:Arial, Verdana, sans-serif\">\n  <span><span style=\"font-size:small;font-family:arial, helvetica, sans-serif\"><strong><span id=\"tl_17\">Sensor externo:<\/span><\/strong><\/span><\/span>\n <\/div>\n<ul style=\"font-family:Arial, Verdana, sans-serif\">\n<li>\n<p><span><span style=\"font-size:small;font-family:arial, helvetica, sans-serif\" id=\"tl_18\">F&aacute;cil de instalar, f&aacute;cil de substituir<\/span><\/span><\/p>\n<\/li>\n<li>\n<p><span><span style=\"font-size:small;font-family:arial, helvetica, sans-serif\" id=\"tl_19\">&Agrave; prova de poeira \/ &agrave; prova de &aacute;gua \/ anti-roubo<\/span><\/span><\/p>\n<\/li>\n<li>\n<p><span><span style=\"font-size:small;font-family:arial, helvetica, sans-serif\" id=\"tl_20\">Anti alta temperatura e frio<\/span><\/span><\/p>\n<\/li>\n<li>\n<p><span><span style=\"font-size:small;font-family:arial, helvetica, sans-serif\" id=\"tl_21\">Prote&ccedil;&atilde;o IP67 \/ &Agrave; prova d&#8217;&aacute;gua<\/span><\/span><\/p>\n<\/li>\n<li>\n<p style=\"margin:2px;margin-bottom:2px;margin-top:2px;margin-left:2px;margin-right:2px\"><span><span style=\"font-size:small;font-family:arial, helvetica, sans-serif\" id=\"tl_22\">Temperatura de trabalho: -20\u2103-60\u2103<\/span><\/span><\/p>\n<\/li>\n<li>\n<p style=\"margin:2px;margin-bottom:2px;margin-top:2px;margin-left:2px;margin-right:2px\"><span><span style=\"font-size:small;font-family:arial, helvetica, sans-serif\" id=\"tl_23\">Medi&ccedil;&atilde;o de temperatura: -30\u2103 -85\u2103<\/span><\/span><\/p>\n<\/li>\n<li>\n<p style=\"margin:2px;margin-bottom:2px;margin-top:2px;margin-left:2px;margin-right:2px\"><span><span style=\"font-size:small;font-family:arial, helvetica, sans-serif\" id=\"tl_24\">Vida &uacute;til da bateria: 3-5 anos, substitu&iacute;vel<\/span><\/span><\/p>\n<\/li>\n<\/ul>\n<div style=\"font-family:Arial, Verdana, sans-serif\">\n  <span><span style=\"font-size:small;font-family:arial, helvetica, sans-serif\"><br \/><\/span><\/span>\n <\/div>\n<div style=\"font-family:Arial, Verdana, sans-serif\">\n  <span><span style=\"font-size:small;font-family:arial, helvetica, sans-serif\"><strong><span id=\"tl_25\">Pacote inclu&iacute;do:<\/span><\/strong><\/span><\/span>\n <\/div>\n<ul style=\"font-family:Arial, Verdana, sans-serif\">\n<li>\n<p><span><span style=\"font-size:small;font-family:arial, helvetica, sans-serif\" id=\"tl_26\">1 conjunto de sistema de monitoramento de press&atilde;o dos pneus do carro<\/span><\/span><\/p>\n<\/li>\n<\/ul>\n<p><span><br \/><\/span><\/p>\n<\/div>\n<p><img data-recalc-dims=\"1\" decoding=\"async\" src=\"https:\/\/i0.wp.com\/img2.tongtool.com\/s\/002262\/2021-03\/510868524508381184.jpg?w=1200\" \/><img data-recalc-dims=\"1\" decoding=\"async\" src=\"https:\/\/i0.wp.com\/ae01.alicdn.com\/kf\/Sc7fdb300050e435fa82ef96d23c13603l.jpg?w=1200&#038;ssl=1\" \/><img data-recalc-dims=\"1\" decoding=\"async\" src=\"https:\/\/i0.wp.com\/ae01.alicdn.com\/kf\/S3722fc66966a4d4aab92373d7b6cd8abi.jpg?w=1200&#038;ssl=1\" \/><img data-recalc-dims=\"1\" decoding=\"async\" src=\"https:\/\/i0.wp.com\/ae01.alicdn.com\/kf\/S30121d532cc042b0871dfde886b53edff.jpg?w=1200&#038;ssl=1\" \/><img data-recalc-dims=\"1\" decoding=\"async\" src=\"https:\/\/i0.wp.com\/ae01.alicdn.com\/kf\/S8829104a4ef04fc0ab5fa9d5ee0f350dN.jpg?w=1200&#038;ssl=1\" \/><img data-recalc-dims=\"1\" decoding=\"async\" src=\"https:\/\/i0.wp.com\/ae01.alicdn.com\/kf\/S587931e4554741998a8a434c611abc41q.jpg?w=1200&#038;ssl=1\" \/><img data-recalc-dims=\"1\" decoding=\"async\" src=\"https:\/\/i0.wp.com\/ae01.alicdn.com\/kf\/Sf67a8297808444989f96e9fb97bacb22y.jpg?w=1200&#038;ssl=1\" \/><img data-recalc-dims=\"1\" decoding=\"async\" src=\"https:\/\/i0.wp.com\/ae01.alicdn.com\/kf\/S8e0a9a0bf2df4b3db89e745a654071e9j.jpg?w=1200&#038;ssl=1\" \/><img data-recalc-dims=\"1\" decoding=\"async\" src=\"https:\/\/i0.wp.com\/ae01.alicdn.com\/kf\/S0ffea5f102804b57b0f1654487320a69O.jpg?w=1200&#038;ssl=1\" \/><img data-recalc-dims=\"1\" decoding=\"async\" src=\"https:\/\/i0.wp.com\/ae01.alicdn.com\/kf\/S1540ef0d54f64a6d999d8330c9aed6e3n.jpg?w=1200&#038;ssl=1\" \/><img data-recalc-dims=\"1\" decoding=\"async\" src=\"https:\/\/i0.wp.com\/ae01.alicdn.com\/kf\/S252cb9c5ca804383a8396b1b40d6f6e9s.jpg?w=1200&#038;ssl=1\" \/><img data-recalc-dims=\"1\" decoding=\"async\" src=\"https:\/\/i0.wp.com\/ae01.alicdn.com\/kf\/Scff9d6ce0d274ecca923840142c710caK.jpg?w=1200&#038;ssl=1\" \/><img data-recalc-dims=\"1\" decoding=\"async\" src=\"https:\/\/i0.wp.com\/ae01.alicdn.com\/kf\/S2ed8839b56a2473480e3bdcf63c14646P.jpg?w=1200&#038;ssl=1\" \/><img data-recalc-dims=\"1\" decoding=\"async\" src=\"https:\/\/i0.wp.com\/ae01.alicdn.com\/kf\/S12c9993735f246fd9977d8f1783a90dfB.jpg?w=1200&#038;ssl=1\" \/><img data-recalc-dims=\"1\" decoding=\"async\" src=\"https:\/\/i0.wp.com\/ae01.alicdn.com\/kf\/S7d5e961ac39548e3b52263371a65271ab.jpg?w=1200&#038;ssl=1\" \/><img data-recalc-dims=\"1\" decoding=\"async\" src=\"https:\/\/i0.wp.com\/ae01.alicdn.com\/kf\/S80b09811efe049cab37e0642a9f5cf26l.jpg?w=1200&#038;ssl=1\" \/><img data-recalc-dims=\"1\" decoding=\"async\" src=\"https:\/\/i0.wp.com\/ae01.alicdn.com\/kf\/Sec93df0a189c4d7e822840a0c2badd8cp.jpg?w=1200&#038;ssl=1\" \/><img data-recalc-dims=\"1\" decoding=\"async\" src=\"https:\/\/i0.wp.com\/ae01.alicdn.com\/kf\/S78f3d852a3424439ae54d8c31af29d57T.jpg?w=1200&#038;ssl=1\" \/><img data-recalc-dims=\"1\" decoding=\"async\" src=\"https:\/\/i0.wp.com\/ae01.alicdn.com\/kf\/S4efbd96c5ef04b45a04754a1354e2d70H.jpg?w=1200&#038;ssl=1\" \/><img data-recalc-dims=\"1\" decoding=\"async\" src=\"https:\/\/i0.wp.com\/ae01.alicdn.com\/kf\/S28ce8d800b20463795d470502821b9c3v.jpg?w=1200&#038;ssl=1\" \/><\/p>\n<p><img data-recalc-dims=\"1\" decoding=\"async\" style=\"max-width:100%\" src=\"https:\/\/i0.wp.com\/img2.tongtool.com\/s\/vtvvxxBxtxvxysvEtDzADyCzEBwwxBzzvEBuOULB.jpg?w=1200\" \/><br \/><img data-recalc-dims=\"1\" decoding=\"async\" style=\"max-width:100%\" src=\"https:\/\/i0.wp.com\/img2.tongtool.com\/s\/cacceeieaecef9clakghkfjglghfljkcclibvBsn.jpg?w=1200\" \/><br \/><img data-recalc-dims=\"1\" decoding=\"async\" style=\"max-width:100%\" src=\"https:\/\/i0.wp.com\/img2.tongtool.com\/s\/dbddffjfbfdfgadmblhilgkhmijjldhklkfcwCtF.jpg?w=1200\" \/><br \/><img data-recalc-dims=\"1\" decoding=\"async\" style=\"max-width:100%\" src=\"https:\/\/i0.wp.com\/img2.tongtool.com\/s\/kikkmmqmimkmnhktisopsnrotqltqpnklrqjDJA3.jpg?w=1200\" \/><br \/><img data-recalc-dims=\"1\" decoding=\"async\" style=\"max-width:100%\" src=\"https:\/\/i0.wp.com\/img2.tongtool.com\/s\/AyAACCGCyCACDxAJyIEFIDHEJGGIHDJIJBCzTZQm.jpg?w=1200\" \/><br \/><img data-recalc-dims=\"1\" decoding=\"async\" style=\"max-width:100%\" src=\"https:\/\/i0.wp.com\/img2.tongtool.com\/s\/qoqqsswsosqstnqzoyuvytxuzxszvutxysupJPGW.jpg?w=1200\" \/><br \/><img data-recalc-dims=\"1\" decoding=\"async\" style=\"max-width:100%\" src=\"https:\/\/i0.wp.com\/img2.tongtool.com\/s\/omooqquqmqoqrloxmwstwrvsxvxstttsxssnHNEL.jpg?w=1200\" \/><br \/><img data-recalc-dims=\"1\" decoding=\"async\" style=\"max-width:100%\" src=\"https:\/\/i0.wp.com\/img2.tongtool.com\/s\/a8aaccgc8cacd7aj8iefidhejiaiicjgeei9tzqD.jpg?w=1200\" \/><br \/><img data-recalc-dims=\"1\" decoding=\"async\" style=\"max-width:100%\" src=\"https:\/\/i0.wp.com\/img2.tongtool.com\/s\/757799d95979a47g5fbcfaebgf9bedf77786qwnY.jpg?w=1200\" \/><br \/><img data-recalc-dims=\"1\" decoding=\"async\" style=\"max-width:100%\" src=\"https:\/\/i0.wp.com\/img2.tongtool.com\/s\/ywyyAAEAwAyABvyHwGCDGBFCHGGzGzyDBCDxRXOk.jpg?w=1200\" \/><\/p>\n<p><img data-recalc-dims=\"1\" decoding=\"async\" src=\"https:\/\/i0.wp.com\/ae01.alicdn.com\/kf\/Sd7b7246d039f4f539a3346aea36d6753R.jpg?w=1200&#038;ssl=1\" \/><img data-recalc-dims=\"1\" decoding=\"async\" src=\"https:\/\/i0.wp.com\/ae01.alicdn.com\/kf\/S92f57656548c4709a73da29cfbe32950d.jpg?w=1200&#038;ssl=1\" \/><img data-recalc-dims=\"1\" decoding=\"async\" src=\"https:\/\/i0.wp.com\/ae01.alicdn.com\/kf\/Sb98b7b2df5214dfea91ef6e0fdb7010da.jpg?w=1200&#038;ssl=1\" \/><img data-recalc-dims=\"1\" decoding=\"async\" src=\"https:\/\/i0.wp.com\/ae01.alicdn.com\/kf\/S70c0f7d76d824b8c980214a2d042cf07t.jpg?w=1200&#038;ssl=1\" \/><img data-recalc-dims=\"1\" decoding=\"async\" src=\"https:\/\/i0.wp.com\/ae01.alicdn.com\/kf\/S6d9a9e03050f430c9ca0a9f06457905f6.jpg?w=1200&#038;ssl=1\" \/><img data-recalc-dims=\"1\" decoding=\"async\" src=\"https:\/\/i0.wp.com\/ae01.alicdn.com\/kf\/Sd5d41a77bc1a49feb74d42d0ccdc3077m.jpg?w=1200&#038;ssl=1\" \/><img data-recalc-dims=\"1\" decoding=\"async\" src=\"https:\/\/i0.wp.com\/ae01.alicdn.com\/kf\/S189d73edf7d14cbc85c572dc0bcce8c0z.jpg?w=1200&#038;ssl=1\" \/><img data-recalc-dims=\"1\" decoding=\"async\" src=\"https:\/\/i0.wp.com\/ae01.alicdn.com\/kf\/S47a56a4c9d804414a457cab432fb2312m.jpg?w=1200&#038;ssl=1\" \/><img data-recalc-dims=\"1\" decoding=\"async\" src=\"https:\/\/i0.wp.com\/ae01.alicdn.com\/kf\/Sd5d41a77bc1a49feb74d42d0ccdc3077m.jpg?w=1200&#038;ssl=1\" \/><img data-recalc-dims=\"1\" decoding=\"async\" src=\"https:\/\/i0.wp.com\/ae01.alicdn.com\/kf\/S189d73edf7d14cbc85c572dc0bcce8c0z.jpg?w=1200&#038;ssl=1\" \/><img data-recalc-dims=\"1\" decoding=\"async\" src=\"https:\/\/i0.wp.com\/ae01.alicdn.com\/kf\/S47a56a4c9d804414a457cab432fb2312m.jpg?w=1200&#038;ssl=1\" \/><img data-recalc-dims=\"1\" loading=\"lazy\" decoding=\"async\" width=\"944\" height=\"944\" src=\"https:\/\/i0.wp.com\/ae01.alicdn.com\/kf\/S94ed1b148f134c35959a3f756f180d8c4.jpg?resize=944%2C944&#038;ssl=1\" \/><\/p>\n<p><img data-recalc-dims=\"1\" decoding=\"async\" src=\"https:\/\/i0.wp.com\/ae01.alicdn.com\/kf\/Sb06886407327428fa3007eaa15941121y.jpg?w=1200&#038;ssl=1\" \/><img data-recalc-dims=\"1\" decoding=\"async\" src=\"https:\/\/i0.wp.com\/ae01.alicdn.com\/kf\/Sf2ae6e48ae864c15894a05d6490b590dL.jpg?w=1200&#038;ssl=1\" \/><img data-recalc-dims=\"1\" decoding=\"async\" src=\"https:\/\/i0.wp.com\/ae01.alicdn.com\/kf\/S596331dc7802410782206a552b26ed75s.jpg?w=1200&#038;ssl=1\" \/><img data-recalc-dims=\"1\" decoding=\"async\" src=\"https:\/\/i0.wp.com\/ae01.alicdn.com\/kf\/Sed1d9bdfbd7b4f6a9ca9b149d290b6f8v.jpg?w=1200&#038;ssl=1\" \/><img data-recalc-dims=\"1\" decoding=\"async\" src=\"https:\/\/i0.wp.com\/ae01.alicdn.com\/kf\/Sd4aeea11838f41648d54f1155b06d805L.jpg?w=1200&#038;ssl=1\" \/><img data-recalc-dims=\"1\" decoding=\"async\" src=\"https:\/\/i0.wp.com\/ae01.alicdn.com\/kf\/Sc49f3c3840eb49d18c9ddec1eef408dds.jpg?w=1200&#038;ssl=1\" \/><\/p>\n<p style=\", Roboto, Arial, Helvetica, sans-serif, SimSun;font-size:14px;line-height:inherit;white-space:normal;margin-bottom:0px;margin-top:0px;padding:0px;padding-bottom:0px;padding-top:0px;padding-left:0px;padding-right:0px\"><img data-recalc-dims=\"1\" loading=\"lazy\" decoding=\"async\" style=\"border:0px;margin:0px;margin-bottom:0px;margin-top:0px;margin-left:0px;margin-right:0px;padding:0px;padding-bottom:0px;padding-top:0px;padding-left:0px;padding-right:0px;max-width:100%\" width=\"944\" height=\"566\" src=\"https:\/\/i0.wp.com\/ae01.alicdn.com\/kf\/H632a47c397674adfa22a86cb1bf5aa23N.jpg?resize=944%2C566&#038;ssl=1\" \/><\/p>\n<div>\n <br \/> \n<\/div>\n<p><\/div>\n<\/div>\n","protected":false},"excerpt":{"rendered":"<p>Fun&ccedil;&atilde;o do dispositivo: (1) Monitoramento em tempo real da temperatura da press&atilde;o dos pneus (2) Suporta carregamento solar e carregamento USB (3) N&uacute;meros de alarme de press&atilde;o\/temperatura dos pneus podem ser definidos (4) Alarme de vazamento de ar, alarme de alta\/baixa press&atilde;o, alarme de alta temperatura (5) Posi&ccedil;&atilde;o do pneu mut&aacute;vel Caracter&iacute;sticas: Tipo: press&atilde;o dos&hellip;&nbsp;<\/p>\n","protected":false},"featured_media":12854,"template":"","meta":{"neve_meta_sidebar":"","neve_meta_container":"","neve_meta_enable_content_width":"","neve_meta_content_width":0,"neve_meta_title_alignment":"","neve_meta_author_avatar":"","neve_post_elements_order":"","neve_meta_disable_header":"","neve_meta_disable_footer":"","neve_meta_disable_title":""},"product_brand":[],"product_cat":[26,17,47],"product_tag":[],"class_list":{"0":"post-12860","1":"product","2":"type-product","3":"status-publish","4":"has-post-thumbnail","6":"product_cat-pecas-de-desgaste","7":"product_cat-pecas-e-acessorios-automotivos","8":"product_cat-pneus-e-pecas-para-rodas","10":"first","11":"instock","12":"shipping-taxable","13":"purchasable","14":"product-type-variable","15":"has-default-attributes"},"jetpack_sharing_enabled":true,"_links":{"self":[{"href":"https:\/\/listman.shop\/autoparts-br\/wp-json\/wp\/v2\/product\/12860","targetHints":{"allow":["GET"]}}],"collection":[{"href":"https:\/\/listman.shop\/autoparts-br\/wp-json\/wp\/v2\/product"}],"about":[{"href":"https:\/\/listman.shop\/autoparts-br\/wp-json\/wp\/v2\/types\/product"}],"wp:featuredmedia":[{"embeddable":true,"href":"https:\/\/listman.shop\/autoparts-br\/wp-json\/wp\/v2\/media\/12854"}],"wp:attachment":[{"href":"https:\/\/listman.shop\/autoparts-br\/wp-json\/wp\/v2\/media?parent=12860"}],"wp:term":[{"taxonomy":"product_brand","embeddable":true,"href":"https:\/\/listman.shop\/autoparts-br\/wp-json\/wp\/v2\/product_brand?post=12860"},{"taxonomy":"product_cat","embeddable":true,"href":"https:\/\/listman.shop\/autoparts-br\/wp-json\/wp\/v2\/product_cat?post=12860"},{"taxonomy":"product_tag","embeddable":true,"href":"https:\/\/listman.shop\/autoparts-br\/wp-json\/wp\/v2\/product_tag?post=12860"}],"curies":[{"name":"wp","href":"https:\/\/api.w.org\/{rel}","templated":true}]}}