{"id":1311,"date":"2024-10-12T19:09:59","date_gmt":"2024-10-12T10:09:59","guid":{"rendered":"https:\/\/listman.shop\/autoparts-br\/product\/1005006990566252\/"},"modified":"2026-05-07T22:04:16","modified_gmt":"2026-05-07T13:04:16","slug":"1005006990566252","status":"publish","type":"product","link":"https:\/\/listman.shop\/autoparts-br\/product\/1005006990566252\/","title":{"rendered":"Para jeep wrangler jk 2007-2018 led luz traseira montagem da luz traseira l\u00e2mpadas de freio luz reversa luzes diurnas"},"content":{"rendered":"<div class=\"detailmodule_html\">\n<div class=\"detail-desc-decorate-richtext\">\n<div class=\"detailmodule_html\">\n<div class=\"detail-desc-decorate-richtext\">\n<h1>Para jeep wrangler jk 2007-2018 led luz traseira conjunto l\u00e2mpadas traseiras freio luz reversa luzes diurnas<\/h1>\n<\/div>\n<\/div>\n<div class=\"detailmodule_html\">\n<div class=\"detail-desc-decorate-richtext\">\n<h1 style=\", Arial, Helvetica, sans-serif, Heiti;font-size:24px;font-weight:500;line-height:36px;margin:0.67em 0px 12px;margin-bottom:12px;margin-top:0.67em;margin-left:0px;margin-right:0px\">Certifique-se de que a VERS\u00c3O dos EUA ou da vers\u00e3o europeia que voc\u00ea precisa ao compr\u00e1-la.<\/h1>\n<h1 style=\", Arial, Helvetica, sans-serif, Heiti;font-size:24px;font-weight:500;line-height:36px;margin:0.67em 0px 12px;margin-bottom:12px;margin-top:0.67em;margin-left:0px;margin-right:0px\"><span>Especifica\u00e7\u00f5es T\u00e9cnicas:<\/span><\/h1>\n<ul style=\", Arial, Helvetica, sans-serif, Heiti;font-size:14px;margin:0px;margin-bottom:0px;margin-top:0px;margin-left:0px;margin-right:0px;padding:0px;padding-bottom:0px;padding-top:0px;padding-left:0px;padding-right:0px\">\n<li style=\"margin-left:0px\">\n<p><span><span style=\"font-size:16px\">Tipo: luz traseira para Jeep (vers\u00e3o dos EUA\/vers\u00e3o Euro)<\/span><\/span><\/p>\n<\/li>\n<li style=\"margin-left:0px\">\n<p><span><span style=\"font-size:16px\">Tipo de feixe: luzes diurnas\/sinal de giro\/freio\/revers\u00e3o<\/span><\/span><\/p>\n<\/li>\n<li style=\"margin-left:0px\">\n<p><span><span style=\"font-size:16px\">Temperatura de cor: 6500K<\/span><\/span><\/p>\n<\/li>\n<li style=\"margin-left:0px\">\n<p><span><span style=\"font-size:16px\">Vida profissional: 30000h+<\/span><\/span><\/p>\n<\/li>\n<li style=\"margin-left:0px\">\n<p><span><span style=\"font-size:16px\">Tens\u00e3o de funcionamento: 12-30V CC<\/span><\/span><\/p>\n<\/li>\n<li style=\"margin-left:0px\">\n<p><span><span style=\"font-size:16px\">Materiais da caixa: alum\u00ednio fundido, lente de pc, capa de pc<\/span><\/span><\/p>\n<\/li>\n<li style=\"margin-left:0px\">\n<p><span><span style=\"font-size:16px\">Taxa \u00e0 prova d&#8217;\u00e1gua: IP67<\/span><\/span><\/p>\n<\/li>\n<li style=\"margin-left:0px\">\n<p><span><span style=\"font-size:16px\">Temperatura de trabalho:-40~+80 graus<\/span><\/span><\/p>\n<\/li>\n<\/ul>\n<h1 style=\", Arial, Helvetica, sans-serif, Heiti;font-size:24px;font-weight:500;line-height:36px;margin:0.67em 0px 12px;margin-bottom:12px;margin-top:0.67em;margin-left:0px;margin-right:0px\"><span>Montagem:<\/span><\/h1>\n<h2 style=\", Arial, Helvetica, sans-serif, Heiti;font-size:20px;font-weight:500;line-height:30px;margin-bottom:10px\"><span style=\"font-size:16px\"><span>Para Jeep Wrangler JK 2007 ~ 2018 luzes traseiras<\/span><\/span><\/h2>\n<h1 style=\", Arial, Helvetica, sans-serif, Heiti;font-size:24px;font-weight:500;line-height:36px;margin:0.67em 0px 12px;margin-bottom:12px;margin-top:0.67em;margin-left:0px;margin-right:0px\"><span>Pacote inclu\u00eddo:<\/span><\/h1>\n<h2 style=\", Arial, Helvetica, sans-serif, Heiti;font-size:20px;font-weight:500;line-height:30px;margin-bottom:10px\"><span style=\"font-size:16px\"><span>1 par x luzes traseiras led<\/span><\/span><\/h2>\n<\/div>\n<\/div>\n<div class=\"detailmodule_html\">\n<div class=\"detail-desc-decorate-richtext\">\n<p><img data-recalc-dims=\"1\" decoding=\"async\" src=\"https:\/\/i0.wp.com\/ae01.alicdn.com\/kf\/H7364e1555b794d4cbc091c5c1a032aba1.jpg?w=1200&#038;ssl=1\"><img data-recalc-dims=\"1\" decoding=\"async\" src=\"https:\/\/i0.wp.com\/ae01.alicdn.com\/kf\/Hc53c7e45fca74d9eb040303bcfac301cf.jpg?w=1200&#038;ssl=1\"><img data-recalc-dims=\"1\" decoding=\"async\" src=\"https:\/\/i0.wp.com\/ae01.alicdn.com\/kf\/Hf86694ce1d6948b68589b3c9c69d7739W.jpg?w=1200&#038;ssl=1\"><img data-recalc-dims=\"1\" decoding=\"async\" src=\"https:\/\/i0.wp.com\/ae01.alicdn.com\/kf\/H5f339b0fc01d4c71aa1a4084cf31fe13n.jpg?w=1200&#038;ssl=1\"><img data-recalc-dims=\"1\" decoding=\"async\" src=\"https:\/\/i0.wp.com\/ae01.alicdn.com\/kf\/H3c42a5dc55bc4c33bf94dd302b5c32b7v.jpg?w=1200&#038;ssl=1\"><img data-recalc-dims=\"1\" decoding=\"async\" src=\"https:\/\/i0.wp.com\/ae01.alicdn.com\/kf\/H5fedfb9a29714341a663c9bbb3113e01S.jpg?w=1200&#038;ssl=1\"><img data-recalc-dims=\"1\" decoding=\"async\" src=\"https:\/\/i0.wp.com\/ae01.alicdn.com\/kf\/H3e682976d9ca4e72bc071b2e200bda74D.jpg?w=1200&#038;ssl=1\"><img data-recalc-dims=\"1\" decoding=\"async\" src=\"https:\/\/i0.wp.com\/ae01.alicdn.com\/kf\/Hfa2d48aefe7445e8855b452a3dae103dW.jpg?w=1200&#038;ssl=1\"><img data-recalc-dims=\"1\" decoding=\"async\" src=\"https:\/\/i0.wp.com\/ae01.alicdn.com\/kf\/H170977b1504d4b2a851d40512151ce2bV.jpg?w=1200&#038;ssl=1\"><img data-recalc-dims=\"1\" decoding=\"async\" src=\"https:\/\/i0.wp.com\/ae01.alicdn.com\/kf\/Headc027c5a074bcfa182158b19701b7fW.jpg?w=1200&#038;ssl=1\"><img data-recalc-dims=\"1\" decoding=\"async\" src=\"https:\/\/i0.wp.com\/ae01.alicdn.com\/kf\/H8d6afdd1ed1b4549a60e09d082c3e798E.jpg?w=1200&#038;ssl=1\"><img data-recalc-dims=\"1\" decoding=\"async\" src=\"https:\/\/i0.wp.com\/ae01.alicdn.com\/kf\/H954c2d40fdbb40fc97d553276fe4a322g.jpg?w=1200&#038;ssl=1\"><img data-recalc-dims=\"1\" decoding=\"async\" src=\"https:\/\/i0.wp.com\/ae01.alicdn.com\/kf\/Hb89c7d5a69a64457936bbb837891d5faZ.jpg?w=1200&#038;ssl=1\"><img data-recalc-dims=\"1\" decoding=\"async\" src=\"https:\/\/i0.wp.com\/ae01.alicdn.com\/kf\/H23ab55ab4d164a7196f435a8276a3e0dk.jpg?w=1200&#038;ssl=1\"><img data-recalc-dims=\"1\" decoding=\"async\" src=\"https:\/\/i0.wp.com\/ae01.alicdn.com\/kf\/H992fd176972d4d589727fc9f35ee543eb.jpg?w=1200&#038;ssl=1\"><img data-recalc-dims=\"1\" decoding=\"async\" src=\"https:\/\/i0.wp.com\/ae01.alicdn.com\/kf\/Hdb93e536aa9f4c5db73c20d04f259f34R.jpg?w=1200&#038;ssl=1\"><img data-recalc-dims=\"1\" decoding=\"async\" src=\"https:\/\/i0.wp.com\/ae01.alicdn.com\/kf\/H7d99eadd91794597a987692b144933b8M.jpg?w=1200&#038;ssl=1\"><img data-recalc-dims=\"1\" decoding=\"async\" src=\"https:\/\/i0.wp.com\/ae01.alicdn.com\/kf\/Hd9311cb0ec9c4b9383aef1de8261199bT.jpg?w=1200&#038;ssl=1\"><img data-recalc-dims=\"1\" decoding=\"async\" src=\"https:\/\/i0.wp.com\/ae01.alicdn.com\/kf\/H4b2190fb01834f8a8f58923f5cbade45k.jpg?w=1200&#038;ssl=1\"><img data-recalc-dims=\"1\" decoding=\"async\" src=\"https:\/\/i0.wp.com\/ae01.alicdn.com\/kf\/H9391d4f232cc42729dc452784ff09e25D.jpg?w=1200&#038;ssl=1\"><img data-recalc-dims=\"1\" decoding=\"async\" src=\"https:\/\/i0.wp.com\/ae01.alicdn.com\/kf\/Hdb79891d90974fac9bf543c527647c0cM.jpg?w=1200&#038;ssl=1\"><img data-recalc-dims=\"1\" decoding=\"async\" src=\"https:\/\/i0.wp.com\/ae01.alicdn.com\/kf\/H960dbb13c92f4c8d85e12164fd433dac2.jpg?w=1200&#038;ssl=1\"><img data-recalc-dims=\"1\" decoding=\"async\" src=\"https:\/\/i0.wp.com\/ae01.alicdn.com\/kf\/H7e34affbd8f14e5f932a727fd0b3e7a8C.jpg?w=1200&#038;ssl=1\"><img data-recalc-dims=\"1\" decoding=\"async\" src=\"https:\/\/i0.wp.com\/ae01.alicdn.com\/kf\/H5685a8a3945d43479ebdb7aa51b12e308.jpg?w=1200&#038;ssl=1\"><img data-recalc-dims=\"1\" decoding=\"async\" src=\"https:\/\/i0.wp.com\/ae01.alicdn.com\/kf\/Hd85ec0a9c6f24fa0abfc04759fee2cd8F.jpg?w=1200&#038;ssl=1\"><img data-recalc-dims=\"1\" decoding=\"async\" src=\"https:\/\/i0.wp.com\/ae01.alicdn.com\/kf\/Sfcd02f8426124c7b871b9efc8798e085P.jpg?w=1200&#038;ssl=1\"><img data-recalc-dims=\"1\" decoding=\"async\" src=\"https:\/\/i0.wp.com\/ae01.alicdn.com\/kf\/Sce6679800f6144e29d25b3452105a3ab2.jpg?w=1200&#038;ssl=1\"><img data-recalc-dims=\"1\" decoding=\"async\" src=\"https:\/\/i0.wp.com\/ae01.alicdn.com\/kf\/Sc27c89d0557a4a10b4e1d03bb96c7c6f3.jpg?w=1200&#038;ssl=1\"><img data-recalc-dims=\"1\" decoding=\"async\" src=\"https:\/\/i0.wp.com\/ae01.alicdn.com\/kf\/S623f4981b2624b02a482f0d79ffd385fQ.jpg?w=1200&#038;ssl=1\"><img data-recalc-dims=\"1\" decoding=\"async\" src=\"https:\/\/i0.wp.com\/ae01.alicdn.com\/kf\/Scae548535c76469583b1a55f02ac480b7.jpg?w=1200&#038;ssl=1\"><img data-recalc-dims=\"1\" decoding=\"async\" src=\"https:\/\/i0.wp.com\/ae01.alicdn.com\/kf\/Sd909374b731e43109d1191d0cdf883ceY.jpg?w=1200&#038;ssl=1\"><img data-recalc-dims=\"1\" decoding=\"async\" src=\"https:\/\/i0.wp.com\/ae01.alicdn.com\/kf\/S61a51e6b33ed4342a52900f8830bb22fA.jpg?w=1200&#038;ssl=1\"><img data-recalc-dims=\"1\" decoding=\"async\" src=\"https:\/\/i0.wp.com\/ae01.alicdn.com\/kf\/S60aea81199374261adb0286bd581e1161.jpg?w=1200&#038;ssl=1\"><img data-recalc-dims=\"1\" decoding=\"async\" src=\"https:\/\/i0.wp.com\/ae01.alicdn.com\/kf\/S50784fa66ad64074ad95a14dce440006B.jpg?w=1200&#038;ssl=1\"><img data-recalc-dims=\"1\" decoding=\"async\" src=\"https:\/\/i0.wp.com\/ae01.alicdn.com\/kf\/Sdea8520914d34c6c9547cca968cf7809O.jpg?w=1200&#038;ssl=1\"><img data-recalc-dims=\"1\" decoding=\"async\" src=\"https:\/\/i0.wp.com\/ae01.alicdn.com\/kf\/S046fa5da4d934f10ae8abc0e9e29902bM.jpg?w=1200&#038;ssl=1\"><img data-recalc-dims=\"1\" decoding=\"async\" src=\"https:\/\/i0.wp.com\/ae01.alicdn.com\/kf\/Se62dafc4823c4826bb6e50b41bb30178f.jpg?w=1200&#038;ssl=1\"><img data-recalc-dims=\"1\" decoding=\"async\" src=\"https:\/\/i0.wp.com\/ae01.alicdn.com\/kf\/S3a76334eb11640e9bccd788b5e6cc3d1E.jpg?w=1200&#038;ssl=1\"><img data-recalc-dims=\"1\" decoding=\"async\" src=\"https:\/\/i0.wp.com\/ae01.alicdn.com\/kf\/S7a7d58fdf7f940c580944518a0e6c777H.jpg?w=1200&#038;ssl=1\"><img data-recalc-dims=\"1\" decoding=\"async\" src=\"https:\/\/i0.wp.com\/ae01.alicdn.com\/kf\/S158ce8d357174d0691779667322e9d71e.jpg?w=1200&#038;ssl=1\"><img data-recalc-dims=\"1\" decoding=\"async\" src=\"https:\/\/i0.wp.com\/ae01.alicdn.com\/kf\/Sff8ede11693c4901b3c0da02288d084cH.jpg?w=1200&#038;ssl=1\"><img data-recalc-dims=\"1\" decoding=\"async\" src=\"https:\/\/i0.wp.com\/ae01.alicdn.com\/kf\/Sf2cf8c3e3c5046568dd7f276af8dd17cg.jpg?w=1200&#038;ssl=1\"><img data-recalc-dims=\"1\" decoding=\"async\" src=\"https:\/\/i0.wp.com\/ae01.alicdn.com\/kf\/Scb609aa3944946bcb10f387c7a6a70bbU.jpg?w=1200&#038;ssl=1\"><img data-recalc-dims=\"1\" decoding=\"async\" src=\"https:\/\/i0.wp.com\/ae01.alicdn.com\/kf\/S5406a4e761554fcdb6f63d5f47aa7a3be.jpg?w=1200&#038;ssl=1\"><\/p>\n<\/div>\n<\/div>\n<div class=\"detailmodule_dynamic\"><\/div>\n<p><\/p>\n<\/div>\n<\/div>\n","protected":false},"excerpt":{"rendered":"<p>Para jeep wrangler jk 2007-2018 led luz traseira conjunto l\u00e2mpadas traseiras freio luz reversa luzes diurnas Certifique-se de que a VERS\u00c3O dos EUA ou da vers\u00e3o europeia que voc\u00ea precisa ao compr\u00e1-la. Especifica\u00e7\u00f5es T\u00e9cnicas: Tipo: luz traseira para Jeep (vers\u00e3o dos EUA\/vers\u00e3o Euro) Tipo de feixe: luzes diurnas\/sinal de giro\/freio\/revers\u00e3o Temperatura de cor: 6500K Vida&hellip;&nbsp;<\/p>\n","protected":false},"featured_media":1305,"template":"","meta":{"neve_meta_sidebar":"","neve_meta_container":"","neve_meta_enable_content_width":"","neve_meta_content_width":0,"neve_meta_title_alignment":"","neve_meta_author_avatar":"","neve_post_elements_order":"","neve_meta_disable_header":"","neve_meta_disable_footer":"","neve_meta_disable_title":""},"product_brand":[],"product_cat":[95,19,17],"product_tag":[],"class_list":{"0":"post-1311","1":"product","2":"type-product","3":"status-publish","4":"has-post-thumbnail","6":"product_cat-assembleia-lampada-sinal","7":"product_cat-luzes-automotivas","8":"product_cat-pecas-e-acessorios-automotivos","10":"first","11":"instock","12":"shipping-taxable","13":"purchasable","14":"product-type-variable","15":"has-default-attributes"},"jetpack_sharing_enabled":true,"_links":{"self":[{"href":"https:\/\/listman.shop\/autoparts-br\/wp-json\/wp\/v2\/product\/1311","targetHints":{"allow":["GET"]}}],"collection":[{"href":"https:\/\/listman.shop\/autoparts-br\/wp-json\/wp\/v2\/product"}],"about":[{"href":"https:\/\/listman.shop\/autoparts-br\/wp-json\/wp\/v2\/types\/product"}],"wp:featuredmedia":[{"embeddable":true,"href":"https:\/\/listman.shop\/autoparts-br\/wp-json\/wp\/v2\/media\/1305"}],"wp:attachment":[{"href":"https:\/\/listman.shop\/autoparts-br\/wp-json\/wp\/v2\/media?parent=1311"}],"wp:term":[{"taxonomy":"product_brand","embeddable":true,"href":"https:\/\/listman.shop\/autoparts-br\/wp-json\/wp\/v2\/product_brand?post=1311"},{"taxonomy":"product_cat","embeddable":true,"href":"https:\/\/listman.shop\/autoparts-br\/wp-json\/wp\/v2\/product_cat?post=1311"},{"taxonomy":"product_tag","embeddable":true,"href":"https:\/\/listman.shop\/autoparts-br\/wp-json\/wp\/v2\/product_tag?post=1311"}],"curies":[{"name":"wp","href":"https:\/\/api.w.org\/{rel}","templated":true}]}}