{"id":1359,"date":"2024-10-12T19:10:52","date_gmt":"2024-10-12T10:10:52","guid":{"rendered":"https:\/\/listman.shop\/autoparts-br\/product\/1005007020739739\/"},"modified":"2026-04-07T16:55:09","modified_gmt":"2026-04-07T07:55:09","slug":"1005007020739739","status":"publish","type":"product","link":"https:\/\/listman.shop\/autoparts-br\/product\/1005007020739739\/","title":{"rendered":"Alta qualidade multifuncional 55*37CM 600D 6PCS em 1 organizador de armazenamento suspenso t\u00e1tico do banco traseiro do carro"},"content":{"rendered":"<div class=\"detailmodule_html\">\n<div class=\"detail-desc-decorate-richtext\">\n<p>Material: Oxford 600D<\/p>\n<p>Cor: preto\/caqui\/verde ex\u00e9rcito<\/p>\n<p>Tamanho: 55*37cm(21,7*14,6 polegadas)<\/p>\n<p>Faixa de aplica\u00e7\u00e3o: Universal<\/p>\n<p><img data-recalc-dims=\"1\" decoding=\"async\" src=\"https:\/\/i0.wp.com\/ae01.alicdn.com\/kf\/S80f6d2a172564ed1aa947deea745be77k.jpg?w=1200&#038;ssl=1\"><\/p>\n<p><\/p>\n<p><img data-recalc-dims=\"1\" decoding=\"async\" src=\"https:\/\/i0.wp.com\/ae01.alicdn.com\/kf\/S693ec2034dd847639079ecb245a2ddf4t.jpg?w=1200&#038;ssl=1\"><img data-recalc-dims=\"1\" decoding=\"async\" src=\"https:\/\/i0.wp.com\/ae01.alicdn.com\/kf\/Sedbc1797e32947d9ba39fb6cfb5d4241E.jpg?w=1200&#038;ssl=1\"><img data-recalc-dims=\"1\" decoding=\"async\" src=\"https:\/\/i0.wp.com\/ae01.alicdn.com\/kf\/Sc615a5d077df4f2695081b8eb8cbcc44i.jpg?w=1200&#038;ssl=1\"><img data-recalc-dims=\"1\" decoding=\"async\" src=\"https:\/\/i0.wp.com\/ae01.alicdn.com\/kf\/Sc4682fdeea4e41639456c665a451b5cey.jpg?w=1200&#038;ssl=1\"><img data-recalc-dims=\"1\" decoding=\"async\" src=\"https:\/\/i0.wp.com\/ae01.alicdn.com\/kf\/S0046c206f2f5426d90ea346efb1307bel.jpg?w=1200&#038;ssl=1\"><\/p>\n<p><\/p>\n<p style=\", Roboto, Arial, Helvetica, sans-serif, SimSun;font-size:14px;font-weight:400;letter-spacing:normal;line-height:inherit;text-align:start;white-space:normal;margin:0px;margin-bottom:0px;margin-top:0px;margin-left:0px;margin-right:0px;padding:0px;padding-bottom:0px;padding-top:0px;padding-left:0px;padding-right:0px\" align=\"start\">AVISO:<\/p>\n<p style=\"font-family:OpenSans;font-size:14px;font-weight:300;letter-spacing:normal;line-height:20px;text-align:start;white-space:pre-wrap;margin:0px 0px 12px;margin-bottom:12px;margin-top:0px;margin-left:0px;margin-right:0px;padding:0px;padding-bottom:0px;padding-top:0px;padding-left:0px;padding-right:0px\" class=\"detail-desc-decorate-content\" align=\"start\">Se houver imposto de importa\u00e7\u00e3o, ser\u00e1 pago pelos compradores.N\u00e3o somos respons\u00e1veis por quaisquer direitos aduaneiros ou impostos de importa\u00e7\u00e3o.<br \/>O pre\u00e7o que publicamos n\u00e3o inclui taxa de \u00e1rea remota, para a \u00e1rea remota do expresso (DHL, FEDEX, TNT, UPS), o cliente deve pagar a taxa de \u00e1rea remota, cada pedido deve pagar 35 d\u00f3lares, coletado por expresso. Antes voc\u00ea faz o pedido. Obrigado!<\/p>\n<p style=\"font-family:OpenSans;font-size:14px;font-weight:300;letter-spacing:normal;line-height:20px;text-align:start;white-space:pre-wrap;margin:0px 0px 12px;margin-bottom:12px;margin-top:0px;margin-left:0px;margin-right:0px;padding:0px;padding-bottom:0px;padding-top:0px;padding-left:0px;padding-right:0px\" class=\"detail-desc-decorate-content\" align=\"start\"><img data-recalc-dims=\"1\" decoding=\"async\" src=\"https:\/\/i0.wp.com\/ae01.alicdn.com\/kf\/H9df1a906084b4543a6aba49eae1853728.jpg?w=1200&#038;ssl=1\"><\/p>\n<\/div>\n<\/div>\n","protected":false},"excerpt":{"rendered":"<p>Material: Oxford 600D Cor: preto\/caqui\/verde ex\u00e9rcito Tamanho: 55*37cm(21,7*14,6 polegadas) Faixa de aplica\u00e7\u00e3o: Universal AVISO: Se houver imposto de importa\u00e7\u00e3o, ser\u00e1 pago pelos compradores.N\u00e3o somos respons\u00e1veis por quaisquer direitos aduaneiros ou impostos de importa\u00e7\u00e3o.O pre\u00e7o que publicamos n\u00e3o inclui taxa de \u00e1rea remota, para a \u00e1rea remota do expresso (DHL, FEDEX, TNT, UPS), o cliente deve&hellip;&nbsp;<\/p>\n","protected":false},"featured_media":1353,"template":"","meta":{"neve_meta_sidebar":"","neve_meta_container":"","neve_meta_enable_content_width":"","neve_meta_content_width":0,"neve_meta_title_alignment":"","neve_meta_author_avatar":"","neve_post_elements_order":"","neve_meta_disable_header":"","neve_meta_disable_footer":"","neve_meta_disable_title":""},"product_brand":[],"product_cat":[25,81,17],"product_tag":[],"class_list":{"0":"post-1359","1":"product","2":"type-product","3":"status-publish","4":"has-post-thumbnail","6":"product_cat-acessorios-do-interior","7":"product_cat-armazenamento-interior-do-carro","8":"product_cat-pecas-e-acessorios-automotivos","10":"first","11":"instock","12":"shipping-taxable","13":"purchasable","14":"product-type-variable","15":"has-default-attributes"},"jetpack_sharing_enabled":true,"_links":{"self":[{"href":"https:\/\/listman.shop\/autoparts-br\/wp-json\/wp\/v2\/product\/1359","targetHints":{"allow":["GET"]}}],"collection":[{"href":"https:\/\/listman.shop\/autoparts-br\/wp-json\/wp\/v2\/product"}],"about":[{"href":"https:\/\/listman.shop\/autoparts-br\/wp-json\/wp\/v2\/types\/product"}],"wp:featuredmedia":[{"embeddable":true,"href":"https:\/\/listman.shop\/autoparts-br\/wp-json\/wp\/v2\/media\/1353"}],"wp:attachment":[{"href":"https:\/\/listman.shop\/autoparts-br\/wp-json\/wp\/v2\/media?parent=1359"}],"wp:term":[{"taxonomy":"product_brand","embeddable":true,"href":"https:\/\/listman.shop\/autoparts-br\/wp-json\/wp\/v2\/product_brand?post=1359"},{"taxonomy":"product_cat","embeddable":true,"href":"https:\/\/listman.shop\/autoparts-br\/wp-json\/wp\/v2\/product_cat?post=1359"},{"taxonomy":"product_tag","embeddable":true,"href":"https:\/\/listman.shop\/autoparts-br\/wp-json\/wp\/v2\/product_tag?post=1359"}],"curies":[{"name":"wp","href":"https:\/\/api.w.org\/{rel}","templated":true}]}}