{"id":1395,"date":"2024-10-12T19:11:27","date_gmt":"2024-10-12T10:11:27","guid":{"rendered":"https:\/\/listman.shop\/autoparts-br\/product\/1005007059940802\/"},"modified":"2026-04-14T14:27:19","modified_gmt":"2026-04-14T05:27:19","slug":"1005007059940802","status":"publish","type":"product","link":"https:\/\/listman.shop\/autoparts-br\/product\/1005007059940802\/","title":{"rendered":"2 p\u00e7s 4 Polegada 90w luz de trabalho redonda 3535 led ponto inunda\u00e7\u00e3o luz condu\u00e7\u00e3o led l\u00e2mpada condu\u00e7\u00e3o para jeep wrangler caminh\u00e3o offroad suv atv utv"},"content":{"rendered":"<div class=\"detailmodule_html\">\n<div class=\"detail-desc-decorate-richtext\">\n<div class=\"detailmodule_html\">\n<div class=\"detail-desc-decorate-richtext\">\n<p><span style=\"font-size:20px\">Especifica\u00e7\u00f5es:<\/span><\/p>\n<p><span style=\"font-size:20px\">Pot\u00eancia: 90W(45W*2)<\/span><\/p>\n<p><span style=\"font-size:20px\">Tens\u00e3o: 9-36V (o chicote el\u00e9trico \u00e9 12V)<\/span><\/p>\n<p><span style=\"font-size:20px\">Lumens\/par: 4500lm * 2<\/span><\/p>\n<p><span style=\"font-size:20px\">Graus:30\u00b0local<\/span><\/p>\n<p><span style=\"font-size:20px\">Dist\u00e2ncia de ilumina\u00e7\u00e3o: 400-600M<\/span><\/p>\n<p><span style=\"font-size:20px\">Modelo de conta de l\u00e2mpada: 3535<\/span><\/p>\n<p><span style=\"font-size:20px\">N\u00famero de contas de l\u00e2mpada: 1 unidade<\/span><\/p>\n<p><span style=\"font-size:20px\">Pot\u00eancia\/conjunto: 2 unidades\/conjunto<\/span><\/p>\n<p><span style=\"font-size:20px\">Quantidade: 2 unidades<\/span><\/p>\n<p><span style=\"font-size:20px\">Cor clara: Branco\/<span>Amarelo \u00e2mbar<\/span> <\/span><\/p>\n<p><span style=\"font-size:20px\">Temperatura de cor: 6500K\/<span>3200K<\/span> <\/span><\/p>\n<p><span style=\"font-size:20px\">Tempo de vida: 30.000 horas<\/span><\/p>\n<p><span style=\"font-size:20px\">Cor da caixa: Preto<\/span><\/p>\n<p><span style=\"font-size:20px\">Taxa \u00e0 prova d&#8217;\u00e1gua: IP67<\/span><\/p>\n<p><span style=\"font-size:20px\">Tipo de luz: luzes de dire\u00e7\u00e3o LED<\/span><\/p>\n<p><span style=\"font-size:20px\">Tamanho: 4 polegadas<\/span><\/p>\n<p><span style=\"font-size:20px\"><\/span><\/p>\n<p><span style=\"font-size:20px\">Caracter\u00edsticas:<\/span><\/p>\n<p><span style=\"font-size:20px\">* Design de padr\u00e3o de feixe de engenharia super legal, bom desempenho mesmo em dias de neblina.<\/span><\/p>\n<p><span style=\"font-size:20px\">* Belo encaixe, substitui facilmente a antiga luz de filamento fosco.<\/span><\/p>\n<p><span style=\"font-size:20px\">* Resfrie o calor de forma r\u00e1pida e eficaz.<\/span><\/p>\n<p><span style=\"font-size:20px\">* F\u00e1cil instala\u00e7\u00e3o, basta conectar e usar.<\/span><\/p>\n<p><span style=\"font-size:20px\">* Tempo de resposta liga\/desliga mais r\u00e1pido e resistente a vibra\u00e7\u00f5es.<\/span><\/p>\n<p><span style=\"font-size:20px\">* Favor\u00e1vel ao meio ambiente: economia de energia, sem radia\u00e7\u00e3o UV e IR, \u00e0 prova de choque e anticorros\u00e3o.<\/span><\/p>\n<p><span style=\"font-size:20px\">* Use EMC, sem interfer\u00eancia eletromagn\u00e9tica, isole completamente a onda eletromagn\u00e9tica da interfer\u00eancia do \u00e1udio do carro e do computador de dire\u00e7\u00e3o, escolta para economizar dire\u00e7\u00e3o.<\/span><\/p>\n<p><span style=\"font-size:20px\"><\/span><\/p>\n<p><span style=\"font-size:20px\">Pacote inclu\u00eddo:<\/span><\/p>\n<p><span style=\"font-size:20px\">2 x luzes de condu\u00e7\u00e3o LED<\/span><\/p>\n<p><span style=\"font-size:20px\">1 x chicote de fia\u00e7\u00e3o 2 deriva\u00e7\u00f5es<\/span><\/p>\n<p><span style=\"font-size:20px\"> <\/span><\/p>\n<p style=\"text-align: left;margin:0\"><img data-recalc-dims=\"1\" decoding=\"async\" src=\"https:\/\/i0.wp.com\/ae01.alicdn.com\/kf\/Sebafd667dbb44859a3a9e368631c7a61J.jpg?w=1200&#038;ssl=1\"><img data-recalc-dims=\"1\" decoding=\"async\" src=\"https:\/\/i0.wp.com\/ae01.alicdn.com\/kf\/Sb49c1ec5553b4d83acf9b54ae20c2ff9V.jpg?w=1200&#038;ssl=1\"><img data-recalc-dims=\"1\" decoding=\"async\" src=\"https:\/\/i0.wp.com\/ae01.alicdn.com\/kf\/S151303aec10f4c15a9c35cd6204c4305J.jpg?w=1200&#038;ssl=1\"><img data-recalc-dims=\"1\" decoding=\"async\" src=\"https:\/\/i0.wp.com\/ae01.alicdn.com\/kf\/S3a0727844b6c456d81421c9041f0169fw.jpg?w=1200&#038;ssl=1\"><img data-recalc-dims=\"1\" decoding=\"async\" src=\"https:\/\/i0.wp.com\/ae01.alicdn.com\/kf\/Sf5c89518138845829cbe667f866686dcT.jpg?w=1200&#038;ssl=1\"><img data-recalc-dims=\"1\" decoding=\"async\" src=\"https:\/\/i0.wp.com\/ae01.alicdn.com\/kf\/Sf191bc98c3544eb0b725dd13789caaceO.jpg?w=1200&#038;ssl=1\"><img data-recalc-dims=\"1\" decoding=\"async\" src=\"https:\/\/i0.wp.com\/ae01.alicdn.com\/kf\/Sae4e413f019e4b70a9ba42eb5da7fb8db.jpg?w=1200&#038;ssl=1\"><\/p>\n<div><\/div>\n<\/div>\n<\/div>\n<\/div>\n<\/div>\n","protected":false},"excerpt":{"rendered":"<p>Especifica\u00e7\u00f5es: Pot\u00eancia: 90W(45W*2) Tens\u00e3o: 9-36V (o chicote el\u00e9trico \u00e9 12V) Lumens\/par: 4500lm * 2 Graus:30\u00b0local Dist\u00e2ncia de ilumina\u00e7\u00e3o: 400-600M Modelo de conta de l\u00e2mpada: 3535 N\u00famero de contas de l\u00e2mpada: 1 unidade Pot\u00eancia\/conjunto: 2 unidades\/conjunto Quantidade: 2 unidades Cor clara: Branco\/Amarelo \u00e2mbar Temperatura de cor: 6500K\/3200K Tempo de vida: 30.000 horas Cor da caixa: Preto&hellip;&nbsp;<\/p>\n","protected":false},"featured_media":1389,"template":"","meta":{"neve_meta_sidebar":"","neve_meta_container":"","neve_meta_enable_content_width":"","neve_meta_content_width":0,"neve_meta_title_alignment":"","neve_meta_author_avatar":"","neve_post_elements_order":"","neve_meta_disable_header":"","neve_meta_disable_footer":"","neve_meta_disable_title":""},"product_brand":[],"product_cat":[136,161,19,17],"product_tag":[],"class_list":{"0":"post-1395","1":"product","2":"type-product","3":"status-publish","4":"has-post-thumbnail","6":"product_cat-barra-de-iluminacao","7":"product_cat-iluminacao-de-trabalho","8":"product_cat-luzes-automotivas","9":"product_cat-pecas-e-acessorios-automotivos","11":"first","12":"instock","13":"shipping-taxable","14":"purchasable","15":"product-type-variable","16":"has-default-attributes"},"jetpack_sharing_enabled":true,"_links":{"self":[{"href":"https:\/\/listman.shop\/autoparts-br\/wp-json\/wp\/v2\/product\/1395","targetHints":{"allow":["GET"]}}],"collection":[{"href":"https:\/\/listman.shop\/autoparts-br\/wp-json\/wp\/v2\/product"}],"about":[{"href":"https:\/\/listman.shop\/autoparts-br\/wp-json\/wp\/v2\/types\/product"}],"wp:featuredmedia":[{"embeddable":true,"href":"https:\/\/listman.shop\/autoparts-br\/wp-json\/wp\/v2\/media\/1389"}],"wp:attachment":[{"href":"https:\/\/listman.shop\/autoparts-br\/wp-json\/wp\/v2\/media?parent=1395"}],"wp:term":[{"taxonomy":"product_brand","embeddable":true,"href":"https:\/\/listman.shop\/autoparts-br\/wp-json\/wp\/v2\/product_brand?post=1395"},{"taxonomy":"product_cat","embeddable":true,"href":"https:\/\/listman.shop\/autoparts-br\/wp-json\/wp\/v2\/product_cat?post=1395"},{"taxonomy":"product_tag","embeddable":true,"href":"https:\/\/listman.shop\/autoparts-br\/wp-json\/wp\/v2\/product_tag?post=1395"}],"curies":[{"name":"wp","href":"https:\/\/api.w.org\/{rel}","templated":true}]}}