{"id":152,"date":"2024-10-12T18:49:54","date_gmt":"2024-10-12T09:49:54","guid":{"rendered":"https:\/\/listman.shop\/autoparts-br\/product\/1005004301632729\/"},"modified":"2026-04-27T18:24:07","modified_gmt":"2026-04-27T09:24:07","slug":"1005004301632729","status":"publish","type":"product","link":"https:\/\/listman.shop\/autoparts-br\/product\/1005004301632729\/","title":{"rendered":"Obd2a\/obd2b para obd1 chicote de fios do ve\u00edculo do carro substituir ecu jumper convers\u00e3o cablagem cablagem para honda accord civic prelude"},"content":{"rendered":"<div class=\"detailmodule_html\">\n<div class=\"detail-desc-decorate-richtext\">\n<div class=\"detailmodule_html\">\n<div class=\"detail-desc-decorate-richtext\">\n<div>\n &nbsp;\n<\/div>\n<div>\n &nbsp;\n<\/div>\n<div>\n<div>\n<div>\n<div>\n    <strong><span style=\"font-size:16px\"><span style=\", times, serif\">Especifica\u00e7\u00e3o do item<\/span><\/span><\/strong>\n   <\/div>\n<div>\n    &nbsp;\n   <\/div>\n<div>\n    <span style=\"font-size:16px\"><span style=\", times, serif\">1.Novo chicote de convers\u00e3o Honda\/Acura OBD2A para OBD1 ECU!<\/span><\/span>\n   <\/div>\n<div>\n    <span style=\"font-size:16px\"><span style=\", times, serif\">2.Permite que voc\u00ea execute ECUs OBD1 Honda\/Acura mais antigos em seu ve\u00edculo OBD2A mais recente de 1996!<\/span><\/span>\n   <\/div>\n<div>\n    &nbsp;\n   <\/div>\n<div>\n    <span style=\"font-size:16px\"><span style=\", times, serif\">Nota: Esta listagem \u00e9 apenas para um chicote de convers\u00e3o OBD2A \/OBD2B para OBD1.ECU n\u00e3o est\u00e1 inclu\u00edda!Apenas para transmiss\u00e3o MANUAL!<\/span><\/span>\n   <\/div>\n<div>\n    &nbsp;\n   <\/div>\n<div>\n    &nbsp;\n   <\/div>\n<div>\n    &nbsp;\n   <\/div>\n<div>\n    <strong><span style=\"font-size:16px\"><span style=\", times, serif\">Modelos compat\u00edveis:<\/span><\/span><\/strong>\n   <\/div>\n<div>\n    &nbsp;\n   <\/div>\n<div>\n    <span style=\"font-size:16px\"><span style=\", times, serif\">1996-1999 Acura Integra 1,8L<\/span><\/span>\n   <\/div>\n<div>\n    <span style=\"font-size:16px\"><span style=\", times, serif\">1996-1997 Honda Accord 2.2L 2.7L<\/span><\/span>\n   <\/div>\n<div>\n    <span style=\"font-size:16px\"><span style=\", times, serif\">1996-1998 Honda Civic 1,6L<\/span><\/span>\n   <\/div>\n<div>\n    <span style=\"font-size:16px\"><span style=\", times, serif\">1996-2001 Honda Prelude 2,2L<\/span><\/span>\n   <\/div>\n<div>\n    &nbsp;\n   <\/div>\n<div>\n    &nbsp;\n   <\/div>\n<div>\n    &nbsp;\n   <\/div>\n<div>\n    <strong><span style=\"font-size:16px\"><span style=\", times, serif\">Pacote inclu\u00eddo:<\/span><\/span><\/strong>\n   <\/div>\n<div>\n    <span style=\"font-size:16px\"><span style=\", times, serif\">1 x chicote de convers\u00e3o de jumper OBD2 para OBD1<\/span><\/span>\n   <\/div>\n<\/p><\/div>\n<\/p><\/div>\n<div>\n  &nbsp;\n <\/div>\n<div>\n  &nbsp;\n <\/div>\n<\/div>\n<p><img data-recalc-dims=\"1\" decoding=\"async\" src=\"https:\/\/i0.wp.com\/ae01.alicdn.com\/kf\/S61b9b160393345bb91f3d4b037dff5c1x.jpg?w=1200&#038;ssl=1\"><img data-recalc-dims=\"1\" decoding=\"async\" src=\"https:\/\/i0.wp.com\/ae01.alicdn.com\/kf\/Se8cf2b5d04704719bb24938933d6c088j.jpg?w=1200&#038;ssl=1\"><\/p>\n<p><\/p>\n<\/div>\n<\/div>\n<\/div>\n<\/div>\n","protected":false},"excerpt":{"rendered":"<p>&nbsp; &nbsp; Especifica\u00e7\u00e3o do item &nbsp; 1.Novo chicote de convers\u00e3o Honda\/Acura OBD2A para OBD1 ECU! 2.Permite que voc\u00ea execute ECUs OBD1 Honda\/Acura mais antigos em seu ve\u00edculo OBD2A mais recente de 1996! &nbsp; Nota: Esta listagem \u00e9 apenas para um chicote de convers\u00e3o OBD2A \/OBD2B para OBD1.ECU n\u00e3o est\u00e1 inclu\u00edda!Apenas para transmiss\u00e3o MANUAL! &nbsp; &nbsp;&hellip;&nbsp;<\/p>\n","protected":false},"featured_media":150,"template":"","meta":{"neve_meta_sidebar":"","neve_meta_container":"","neve_meta_enable_content_width":"","neve_meta_content_width":0,"neve_meta_title_alignment":"","neve_meta_author_avatar":"","neve_post_elements_order":"","neve_meta_disable_header":"","neve_meta_disable_footer":"","neve_meta_disable_title":""},"product_brand":[],"product_cat":[20,71,17],"product_tag":[],"class_list":{"0":"post-152","1":"product","2":"type-product","3":"status-publish","4":"has-post-thumbnail","6":"product_cat-eletronicos-automotivos","7":"product_cat-eletronicos-e-acessorios-para-carro","8":"product_cat-pecas-e-acessorios-automotivos","10":"first","11":"instock","12":"shipping-taxable","13":"purchasable","14":"product-type-variable","15":"has-default-attributes"},"jetpack_sharing_enabled":true,"_links":{"self":[{"href":"https:\/\/listman.shop\/autoparts-br\/wp-json\/wp\/v2\/product\/152","targetHints":{"allow":["GET"]}}],"collection":[{"href":"https:\/\/listman.shop\/autoparts-br\/wp-json\/wp\/v2\/product"}],"about":[{"href":"https:\/\/listman.shop\/autoparts-br\/wp-json\/wp\/v2\/types\/product"}],"wp:featuredmedia":[{"embeddable":true,"href":"https:\/\/listman.shop\/autoparts-br\/wp-json\/wp\/v2\/media\/150"}],"wp:attachment":[{"href":"https:\/\/listman.shop\/autoparts-br\/wp-json\/wp\/v2\/media?parent=152"}],"wp:term":[{"taxonomy":"product_brand","embeddable":true,"href":"https:\/\/listman.shop\/autoparts-br\/wp-json\/wp\/v2\/product_brand?post=152"},{"taxonomy":"product_cat","embeddable":true,"href":"https:\/\/listman.shop\/autoparts-br\/wp-json\/wp\/v2\/product_cat?post=152"},{"taxonomy":"product_tag","embeddable":true,"href":"https:\/\/listman.shop\/autoparts-br\/wp-json\/wp\/v2\/product_tag?post=152"}],"curies":[{"name":"wp","href":"https:\/\/api.w.org\/{rel}","templated":true}]}}