{"id":1783,"date":"2024-10-12T19:18:20","date_gmt":"2024-10-12T10:18:20","guid":{"rendered":"https:\/\/listman.shop\/autoparts-br\/product\/4000296479330\/"},"modified":"2026-04-14T10:38:06","modified_gmt":"2026-04-14T01:38:06","slug":"4000296479330","status":"publish","type":"product","link":"https:\/\/listman.shop\/autoparts-br\/product\/4000296479330\/","title":{"rendered":"GUZARE-Imperme\u00e1vel Marinha Est\u00e9reo R\u00e1dio Bluetooth, \u00c1udio, FM, Receptor AM, Leitor MP3, Sistema de Som para UTV, ATV, Iate, 4x 45Watts"},"content":{"rendered":"<div class=\"detailmodule_html\">\n<div class=\"detail-desc-decorate-richtext\">\n<div class=\"detailmodule_dynamic\">\n<\/div>\n<h2 style=\"text-align:center\" align=\"center\"><\/h2>\n<p style=\", Roboto, Arial, Helvetica, sans-serif, SimSun;font-size:14px;font-weight:500;letter-spacing:normal;line-height:19px;text-align:start;white-space:normal;margin:0px;margin-bottom:0px;margin-top:0px;margin-left:0px;margin-right:0px;padding:0px;padding-bottom:0px;padding-top:0px;padding-left:0px;padding-right:0px;width:fit-content\" class=\"product-title-text\" align=\"start\"><strong><span style=\"font-size:20px;font-family:tahoma, geneva, sans-serif\" id=\"tl_1\">Waterproof Marine Stereo Bluetooth R&aacute;dio Motocicleta &Aacute;udio Barco Carro MP3 Player Auto Sistema de Som FM AM Receptor Para SPA UTV ATV<\/span><\/strong><\/p>\n<h2 style=\"text-align:center\" align=\"center\"><img data-recalc-dims=\"1\" loading=\"lazy\" decoding=\"async\" width=\"800\" height=\"800\" src=\"https:\/\/i0.wp.com\/ae01.alicdn.com\/kf\/H352f5417a399405aaef151b44a4240dbd.jpg?resize=800%2C800&#038;ssl=1\" \/><\/h2>\n<p><span><span style=\"font-family:tahoma, geneva, sans-serif\"><span style=\"font-size:18px\"><span id=\"tl_2\">Descri&ccedil;&atilde;o do produto<\/span><\/span><\/span><\/span><\/p>\n<p><span style=\"font-size:18px\"><span style=\"font-family:tahoma, geneva, sans-serif\" id=\"tl_3\">Este receptor multim&iacute;dia AM\/FM\/USB calibre-estilo desliza facilmente em aberturas de calibre atual ou porta-copos, dando velejadores tudo o que eles querem a um &oacute;timo pre&ccedil;o. Este menor est&eacute;reo marinho j&aacute; &eacute;<\/span><\/span><span style=\"font-size:18px\"><span style=\"font-family:tahoma, geneva, sans-serif\"><span id=\"tl_4\">Portable-media- readyand possui r&aacute;dio AM\/FM, USB e aux-in para conectar dispositivos de m&iacute;dia port&aacute;teis. Opera a 4&#215;45 watts. Chassis de alum&iacute;nio s&oacute;lido e n&eacute;voa salina para durabilidade. Ideal para barcos de pesca menores, cabines cuddy e PWCs, o receptor multim&iacute;dia tamb&eacute;m &eacute; perfeito para ATVs, carrinhos de golfe, RVs e muito mais.<\/span><\/span><\/span><\/p>\n<p style=\"font-family:times;font-size:20px;line-height:inherit;border:0px;margin:0px;margin-bottom:0px;margin-top:0px;margin-left:0px;margin-right:0px;padding:0px 0px 0px 0em;padding-bottom:0px;padding-top:0px;padding-right:0px\"><span><span style=\"font-family:tahoma, geneva, sans-serif\"><span style=\"font-size:18px\"><span id=\"tl_5\">Especifica&ccedil;&otilde;es:<\/span><\/span><\/span><\/span><\/p>\n<p style=\"font-family:times;font-size:20px;line-height:inherit;border:0px;margin:0px;margin-bottom:0px;margin-top:0px;margin-left:0px;margin-right:0px;padding:0px 0px 0px 0em;padding-bottom:0px;padding-top:0px;padding-right:0px\"><span style=\"font-family:tahoma, geneva, sans-serif\"><span style=\"font-size:18px\"><span id=\"tl_6\">Usa USB, AM\/FM Fontes De &Aacute;udio Bluetooth<\/span><\/span><\/span><\/p>\n<p style=\"font-family:times;font-size:20px;line-height:inherit;border:0px;margin:0px;margin-bottom:0px;margin-top:0px;margin-left:0px;margin-right:0px;padding:0px 0px 0px 0em;padding-bottom:0px;padding-top:0px;padding-right:0px\"><span style=\"font-family:tahoma, geneva, sans-serif\"><span style=\"font-size:18px\"><span id=\"tl_7\">Recursos USB: Suporte MP3 se adapta &agrave; abertura do medidor<\/span><\/span><\/span><\/p>\n<p style=\"font-family:times;font-size:20px;line-height:inherit;border:0px;margin:0px;margin-bottom:0px;margin-top:0px;margin-left:0px;margin-right:0px;padding:0px 0px 0px 0em;padding-bottom:0px;padding-top:0px;padding-right:0px\"><span style=\"font-family:tahoma, geneva, sans-serif\"><span style=\"font-size:18px\"><span id=\"tl_8\">Alimenta&ccedil;&atilde;o: DC 12V<\/span><\/span><\/span><\/p>\n<p style=\"font-family:times;font-size:20px;line-height:inherit;border:0px;margin:0px;margin-bottom:0px;margin-top:0px;margin-left:0px;margin-right:0px;padding:0px 0px 0px 0em;padding-bottom:0px;padding-top:0px;padding-right:0px\"><span style=\"font-family:tahoma, geneva, sans-serif\"><span style=\"font-size:18px\"><span id=\"tl_9\">Sintonizador AM\/FM com predefini&ccedil;&otilde;es 18FM\/12AM<\/span><\/span><\/span><\/p>\n<p style=\"font-family:times;font-size:20px;line-height:inherit;border:0px;margin:0px;margin-bottom:0px;margin-top:0px;margin-left:0px;margin-right:0px;padding:0px 0px 0px 0em;padding-bottom:0px;padding-top:0px;padding-right:0px\"><span style=\"font-family:tahoma, geneva, sans-serif\"><span style=\"font-size:18px\"><span id=\"tl_10\">Freq&uuml;&ecirc;ncia Gama:<\/span><\/span><\/span><\/p>\n<p style=\"font-family:times;font-size:20px;line-height:inherit;border:0px;margin:0px;margin-bottom:0px;margin-top:0px;margin-left:0px;margin-right:0px;padding:0px 0px 0px 0em;padding-bottom:0px;padding-top:0px;padding-right:0px\"><span style=\"font-family:tahoma, geneva, sans-serif\"><span style=\"font-size:18px\"><span id=\"tl_11\">FM: 87,5 MHz = 108MHz<\/span><\/span><\/span><\/p>\n<p style=\"font-family:times;font-size:20px;line-height:inherit;border:0px;margin:0px;margin-bottom:0px;margin-top:0px;margin-left:0px;margin-right:0px;padding:0px 0px 0px 0em;padding-bottom:0px;padding-top:0px;padding-right:0px\"><span style=\"font-family:tahoma, geneva, sans-serif\"><span style=\"font-size:18px\"><span id=\"tl_12\">AM:530MHz-1710KHZ<\/span><\/span><\/span><\/p>\n<p style=\"font-family:times;font-size:20px;line-height:inherit;border:0px;margin:0px;margin-bottom:0px;margin-top:0px;margin-left:0px;margin-right:0px;padding:0px 0px 0px 0em;padding-bottom:0px;padding-top:0px;padding-right:0px\"><span style=\"font-family:tahoma, geneva, sans-serif\"><span style=\"font-size:18px\"><span id=\"tl_13\">Radio Response Bandwidth: EUA E EUR<\/span><\/span><\/span><\/p>\n<p style=\"font-family:times;font-size:20px;line-height:inherit;border:0px;margin:0px;margin-bottom:0px;margin-top:0px;margin-left:0px;margin-right:0px;padding:0px 0px 0px 0em;padding-bottom:0px;padding-top:0px;padding-right:0px\"><span style=\"font-family:tahoma, geneva, sans-serif\"><span style=\"font-size:18px\"><span id=\"tl_14\">N&iacute;vel imperme&aacute;vel: IP66<\/span><\/span><\/span><\/p>\n<p style=\"font-family:times;font-size:20px;line-height:inherit;border:0px;margin:0px;margin-bottom:0px;margin-top:0px;margin-left:0px;margin-right:0px;padding:0px 0px 0px 0em;padding-bottom:0px;padding-top:0px;padding-right:0px\"><span style=\"font-family:tahoma, geneva, sans-serif\"><span style=\"font-size:18px\"><span id=\"tl_15\">Atende ASTM B117 sal\/n&eacute;voa padr&atilde;o<\/span><\/span><\/span><\/p>\n<p style=\"font-family:times;font-size:20px;line-height:inherit;border:0px;margin:0px;margin-bottom:0px;margin-top:0px;margin-left:0px;margin-right:0px;padding:0px 0px 0px 0em;padding-bottom:0px;padding-top:0px;padding-right:0px\"><span style=\"font-family:tahoma, geneva, sans-serif\"><span style=\"font-size:18px\"><span id=\"tl_16\">Atende ASTM D4329<\/span><\/span><\/span><\/p>\n<p style=\"font-family:times;font-size:20px;line-height:inherit;border:0px;margin:0px;margin-bottom:0px;margin-top:0px;margin-left:0px;margin-right:0px;padding:0px 0px 0px 0em;padding-bottom:0px;padding-top:0px;padding-right:0px\"><span style=\"font-family:tahoma, geneva, sans-serif\"><span style=\"font-size:18px\"><span id=\"tl_17\">Suporte MP3<\/span><\/span><\/span><\/p>\n<p style=\"font-family:times;font-size:20px;line-height:inherit;border:0px;margin:0px;margin-bottom:0px;margin-top:0px;margin-left:0px;margin-right:0px;padding:0px 0px 0px 0em;padding-bottom:0px;padding-top:0px;padding-right:0px\"><span style=\"font-family:tahoma, geneva, sans-serif\"><span style=\"font-size:18px\"><span id=\"tl_18\">Dimens&otilde;es Montagem Buraco: 78.5mm<\/span><\/span><\/span><\/p>\n<p style=\"font-family:times;font-size:20px;line-height:inherit;border:0px;margin:0px;margin-bottom:0px;margin-top:0px;margin-left:0px;margin-right:0px;padding:0px 0px 0px 0em;padding-bottom:0px;padding-top:0px;padding-right:0px\"><span style=\"font-family:tahoma, geneva, sans-serif\"><span style=\"font-size:18px\"><span id=\"tl_19\">Dimens&atilde;o Montagem Profundidade: 41mm<\/span><\/span><\/span><\/p>\n<p style=\"font-family:times;font-size:20px;line-height:inherit;border:0px;margin:0px;margin-bottom:0px;margin-top:0px;margin-left:0px;margin-right:0px;padding:0px 0px 0px 0em;padding-bottom:0px;padding-top:0px;padding-right:0px\"><span><span style=\"font-family:tahoma, geneva, sans-serif\"><span style=\"font-size:18px\"><span id=\"tl_20\">Caracter&iacute;sticas:<\/span><\/span><\/span><\/span><\/p>\n<p style=\"font-family:times;font-size:20px;line-height:inherit;border:0px;margin:0px;margin-bottom:0px;margin-top:0px;margin-left:0px;margin-right:0px;padding:0px 0px 0px 0em;padding-bottom:0px;padding-top:0px;padding-right:0px\"><span style=\"font-family:tahoma, geneva, sans-serif\"><span style=\"font-size:18px\"><span id=\"tl_21\">Fonte Tipo: AM\/FM\/Bluetooth Habilitado R&aacute;dio Marinha<\/span><\/span><\/span><\/p>\n<p style=\"font-family:times;font-size:20px;line-height:inherit;border:0px;margin:0px;margin-bottom:0px;margin-top:0px;margin-left:0px;margin-right:0px;padding:0px 0px 0px 0em;padding-bottom:0px;padding-top:0px;padding-right:0px\"><span style=\"font-family:tahoma, geneva, sans-serif\"><span style=\"font-size:18px\"><span id=\"tl_22\">Tipos de entrada: Bluetooth, USB, AUXILIAR, RCA OUT<\/span><\/span><\/span><\/p>\n<p style=\"font-family:times;font-size:20px;line-height:inherit;border:0px;margin:0px;margin-bottom:0px;margin-top:0px;margin-left:0px;margin-right:0px;padding:0px 0px 0px 0em;padding-bottom:0px;padding-top:0px;padding-right:0px\"><span style=\"font-family:tahoma, geneva, sans-serif\"><span style=\"font-size:18px\"><span id=\"tl_23\">Bluetooth: Longa dist&acirc;ncia m&uacute;sica Streaming<\/span><\/span><\/span><\/p>\n<p style=\"font-family:times;font-size:20px;line-height:inherit;border:0px;margin:0px;margin-bottom:0px;margin-top:0px;margin-left:0px;margin-right:0px;padding:0px 0px 0px 0em;padding-bottom:0px;padding-top:0px;padding-right:0px\"><span><span style=\"font-family:tahoma, geneva, sans-serif\"><span style=\"font-size:18px\"><span id=\"tl_24\">Ideal para:<\/span><\/span><\/span><\/span><\/p>\n<p style=\"font-family:arial;font-size:20px;line-height:inherit;border:0px;margin:0px;margin-bottom:0px;margin-top:0px;margin-left:0px;margin-right:0px;padding:0px 0px 0px 0em;padding-bottom:0px;padding-top:0px;padding-right:0px\"><span style=\"font-family:tahoma, geneva, sans-serif\"><span style=\"font-size:18px\"><span><span id=\"tl_25\">Carro, motocicletas, iate, barcos de pesca, cabines Cuddy, barcos de esqui, a unidade tamb&eacute;m &eacute; perfeita para piscinas termais, quadriciclos, carrinhos de golfe, UTV,ATV e RV<\/span><\/span><\/span><\/span><\/p>\n<h2 style=\"font-family:times;font-size:20px;line-height:inherit;text-align:center;border:0px;margin:0px;margin-bottom:0px;margin-top:0px;margin-left:0px;margin-right:0px;padding:0px 0px 0px 0em;padding-bottom:0px;padding-top:0px;padding-right:0px\" align=\"center\"><img data-recalc-dims=\"1\" loading=\"lazy\" decoding=\"async\" width=\"800\" height=\"800\" src=\"https:\/\/i0.wp.com\/ae01.alicdn.com\/kf\/Hc4983d12fb90455099e441a492708530s.jpg?resize=800%2C800&#038;ssl=1\" \/><img data-recalc-dims=\"1\" decoding=\"async\" src=\"https:\/\/i0.wp.com\/ae01.alicdn.com\/kf\/H18abb1d191c4446da367f39cf25b56b6e.jpg?w=1200&#038;ssl=1\" \/><img data-recalc-dims=\"1\" loading=\"lazy\" decoding=\"async\" style=\"font-family:arial, helvetica, sans-serif\" width=\"800\" height=\"800\" src=\"https:\/\/i0.wp.com\/ae01.alicdn.com\/kf\/HTB1hxzzDHuWBuNjSszgq6z8jVXat.jpg?resize=800%2C800\" \/><\/h2>\n<p style=\"font-family:times;font-size:20px;line-height:inherit;border:0px;margin:0px;margin-bottom:0px;margin-top:0px;margin-left:0px;margin-right:0px;padding:0px 0px 0px 0em;padding-bottom:0px;padding-top:0px;padding-right:0px\"><span><span style=\"font-family:tahoma, geneva, sans-serif\"><span style=\"font-size:18px\"><span id=\"tl_26\">N&iacute;vel imperme&aacute;vel IP66:<\/span><\/span><\/span><\/span><\/p>\n<p style=\"font-family:times;font-size:20px;line-height:inherit;border:0px;margin:0px;margin-bottom:0px;margin-top:0px;margin-left:0px;margin-right:0px;padding:0px 0px 0px 0em;padding-bottom:0px;padding-top:0px;padding-right:0px\"><span style=\"font-family:tahoma, geneva, sans-serif\"><span style=\"font-size:18px\"><span id=\"tl_27\">Esta unidade &eacute; classificada como IP66, o que significa que a &aacute;gua que espirra contra o gabinete de qualquer dire&ccedil;&atilde;o n&atilde;o ter&aacute; efeito prejudicial.<\/span><\/span><\/span><span style=\"font-size:18px;font-family:tahoma, geneva, sans-serif\" id=\"tl_28\">Materiais impermeabilizantes de alta tecnologia e de &uacute;ltima gera&ccedil;&atilde;o, al&eacute;m de revestimentos UV especiais para superf&iacute;cies pl&aacute;sticas, placas de circuito e conex&otilde;es revestidas garantem que esses produtos marinhos e externos sejam resistentes &agrave; corros&atilde;o e protegidos contra elementos agressivos.<\/span><\/p>\n<p style=\"font-family:times;font-size:20px;line-height:inherit;border:0px;margin:0px;margin-bottom:0px;margin-top:0px;margin-left:0px;margin-right:0px;padding:0px 0px 0px 0em;padding-bottom:0px;padding-top:0px;padding-right:0px\"><span><span style=\"font-family:tahoma, geneva, sans-serif\"><span style=\"font-size:18px\"><span id=\"tl_29\">Audio Streaming e entrada auxiliar:<\/span><\/span><\/span><\/span><\/p>\n<p style=\"font-family:times;font-size:20px;line-height:inherit;border:0px;margin:0px;margin-bottom:0px;margin-top:0px;margin-left:0px;margin-right:0px;padding:0px 0px 0px 0em;padding-bottom:0px;padding-top:0px;padding-right:0px\"><span style=\"font-family:tahoma, geneva, sans-serif\"><span style=\"font-size:18px\"><span id=\"tl_30\">Transmita &aacute;udio sem fio via Bluetooth de dispositivos compat&iacute;veis para que voc&ecirc; possa ouvir servi&ccedil;os de streaming de m&uacute;sica atrav&eacute;s do seu sistema. A entrada auxiliar permite que voc&ecirc; se conecte &agrave; sa&iacute;da de &aacute;udio de um dispositivo externo, como um MP3 Player ou smartphone para que voc&ecirc; possa desfrutar de sua m&uacute;sica atrav&eacute;s do seu sistema.<\/span><\/span><\/span><\/p>\n<p style=\"font-family:times;font-size:20px;line-height:inherit;border:0px;margin:0px;margin-bottom:0px;margin-top:0px;margin-left:0px;margin-right:0px;padding:0px 0px 0px 0em;padding-bottom:0px;padding-top:0px;padding-right:0px\"><span><span style=\"font-family:tahoma, geneva, sans-serif\"><span style=\"font-size:18px\"><span id=\"tl_31\">Porta USB e carregamento USB:<\/span><\/span><\/span><\/span><\/p>\n<p style=\"font-family:times;font-size:20px;line-height:inherit;border:0px;margin:0px;margin-bottom:0px;margin-top:0px;margin-left:0px;margin-right:0px;padding:0px 0px 0px 0em;padding-bottom:0px;padding-top:0px;padding-right:0px\"><span style=\"font-family:tahoma, geneva, sans-serif\"><span style=\"font-size:18px\"><span id=\"tl_32\">Suporta arquivos de unidade flash USB at&eacute; 32 GB para reprodu&ccedil;&atilde;o de m&uacute;sica em unidades sem monitores e reprodu&ccedil;&atilde;o de m&uacute;sica em unidades. Carregue dispositivos conectados USB atrav&eacute;s do carregador 1A integrado.<\/span><\/span><\/span><\/p>\n<p style=\"font-family:times;font-size:20px;line-height:inherit;border:0px;margin:0px;margin-bottom:0px;margin-top:0px;margin-left:0px;margin-right:0px;padding:0px 0px 0px 0em;padding-bottom:0px;padding-top:0px;padding-right:0px\"><span><span style=\"font-family:tahoma, geneva, sans-serif\"><span style=\"font-size:18px\"><span id=\"tl_33\">Nenhum mecanismo de CD e EQ predefinido embutido:<\/span><\/span><\/span><\/span><\/p>\n<p style=\"font-family:times;font-size:20px;line-height:inherit;border:0px;margin:0px;margin-bottom:0px;margin-top:0px;margin-left:0px;margin-right:0px;padding:0px 0px 0px 0em;padding-bottom:0px;padding-top:0px;padding-right:0px\"><span style=\"font-family:tahoma, geneva, sans-serif\"><span style=\"font-size:18px\"><span id=\"tl_34\">Nossas unidades sem um mecanismo de CD s&atilde;o ideais para ouvir arquivos de m&iacute;dia digital de drives USB e dispositivos externos, como smartphones, atrav&eacute;s da entrada auxiliar. O built-in predefinido EQ permite que voc&ecirc; escolha entre curvas predefinidas EQ para uma variedade de estilos de m&uacute;sica como Rock ou Pop.<\/span><\/span><\/span><\/p>\n<p style=\"font-family:times;font-size:20px;line-height:inherit;border:0px;margin:0px;margin-bottom:0px;margin-top:0px;margin-left:0px;margin-right:0px;padding:0px 0px 0px 0em;padding-bottom:0px;padding-top:0px;padding-right:0px\"><span><span style=\"font-family:tahoma, geneva, sans-serif\"><span style=\"font-size:18px\"><span id=\"tl_35\">Sintonizador comut&aacute;vel:<\/span><\/span><\/span><\/span><\/p>\n<p style=\"font-family:times;font-size:20px;line-height:inherit;border:0px;margin:0px;margin-bottom:0px;margin-top:0px;margin-left:0px;margin-right:0px;padding:0px 0px 0px 0em;padding-bottom:0px;padding-top:0px;padding-right:0px\"><span style=\"font-family:tahoma, geneva, sans-serif\"><span style=\"font-size:18px\"><span id=\"tl_36\">A fun&ccedil;&atilde;o de sintonizador selecion&aacute;vel permite ajustar o sintonizador deste receptor para receber transmiss&otilde;es de r&aacute;dio nos EUA ou na Europa.<\/span><\/span><\/span><\/p>\n<p style=\"font-family:arial;font-size:20px;line-height:inherit;border:0px;margin:0px;margin-bottom:0px;margin-top:0px;margin-left:0px;margin-right:0px;padding:0px 0px 0px 0em;padding-bottom:0px;padding-top:0px;padding-right:0px\"><span><span style=\"font-family:tahoma, geneva, sans-serif\"><span style=\"font-size:18px\"><span id=\"tl_37\">Conte&uacute;do do pacote<\/span><\/span><\/span><\/span><\/p>\n<p style=\"font-family:arial;font-size:20px;line-height:inherit;border:0px;margin:0px;margin-bottom:0px;margin-top:0px;margin-left:0px;margin-right:0px;padding:0px 0px 0px 0em;padding-bottom:0px;padding-top:0px;padding-right:0px\"><span style=\"font-family:tahoma, geneva, sans-serif\"><span style=\"font-size:18px\"><span><span id=\"tl_38\">1 unidade PCSxRadio\/mp3<\/span><\/span><\/span><\/span><\/p>\n<p><\/p>\n<\/div>\n<\/div>\n","protected":false},"excerpt":{"rendered":"<p>Waterproof Marine Stereo Bluetooth R&aacute;dio Motocicleta &Aacute;udio Barco Carro MP3 Player Auto Sistema de Som FM AM Receptor Para SPA UTV ATV Descri&ccedil;&atilde;o do produto Este receptor multim&iacute;dia AM\/FM\/USB calibre-estilo desliza facilmente em aberturas de calibre atual ou porta-copos, dando velejadores tudo o que eles querem a um &oacute;timo pre&ccedil;o. Este menor est&eacute;reo marinho j&aacute;&hellip;&nbsp;<\/p>\n","protected":false},"featured_media":1777,"template":"","meta":{"neve_meta_sidebar":"","neve_meta_container":"","neve_meta_enable_content_width":"","neve_meta_content_width":0,"neve_meta_title_alignment":"","neve_meta_author_avatar":"","neve_post_elements_order":"","neve_meta_disable_header":"","neve_meta_disable_footer":"","neve_meta_disable_title":""},"product_brand":[],"product_cat":[63,20,17],"product_tag":[],"class_list":{"0":"post-1783","1":"product","2":"type-product","3":"status-publish","4":"has-post-thumbnail","6":"product_cat-audio-automotivo","7":"product_cat-eletronicos-automotivos","8":"product_cat-pecas-e-acessorios-automotivos","10":"first","11":"instock","12":"shipping-taxable","13":"purchasable","14":"product-type-variable","15":"has-default-attributes"},"jetpack_sharing_enabled":true,"_links":{"self":[{"href":"https:\/\/listman.shop\/autoparts-br\/wp-json\/wp\/v2\/product\/1783","targetHints":{"allow":["GET"]}}],"collection":[{"href":"https:\/\/listman.shop\/autoparts-br\/wp-json\/wp\/v2\/product"}],"about":[{"href":"https:\/\/listman.shop\/autoparts-br\/wp-json\/wp\/v2\/types\/product"}],"wp:featuredmedia":[{"embeddable":true,"href":"https:\/\/listman.shop\/autoparts-br\/wp-json\/wp\/v2\/media\/1777"}],"wp:attachment":[{"href":"https:\/\/listman.shop\/autoparts-br\/wp-json\/wp\/v2\/media?parent=1783"}],"wp:term":[{"taxonomy":"product_brand","embeddable":true,"href":"https:\/\/listman.shop\/autoparts-br\/wp-json\/wp\/v2\/product_brand?post=1783"},{"taxonomy":"product_cat","embeddable":true,"href":"https:\/\/listman.shop\/autoparts-br\/wp-json\/wp\/v2\/product_cat?post=1783"},{"taxonomy":"product_tag","embeddable":true,"href":"https:\/\/listman.shop\/autoparts-br\/wp-json\/wp\/v2\/product_tag?post=1783"}],"curies":[{"name":"wp","href":"https:\/\/api.w.org\/{rel}","templated":true}]}}