{"id":18258,"date":"2024-12-22T02:17:58","date_gmt":"2024-12-21T17:17:58","guid":{"rendered":"https:\/\/listman.shop\/autoparts-br\/product\/1005003827332156\/"},"modified":"2026-04-08T04:20:19","modified_gmt":"2026-04-07T19:20:19","slug":"1005003827332156","status":"publish","type":"product","link":"https:\/\/listman.shop\/autoparts-br\/product\/1005003827332156\/","title":{"rendered":"Lhd rhd 4 p\u00e7s ma\u00e7aneta da porta interior do carro painel interno puxar guarni\u00e7\u00e3o capa al\u00e7a conjunto apoio de bra\u00e7o substitui\u00e7\u00e3o para bmw e70 e71 e72 x5 x6"},"content":{"rendered":"<div class=\"detailmodule_html\">\n<div class=\"detail-desc-decorate-richtext\">\n<div class=\"detailmodule_text\">\n<p style=\"font-family:OpenSans;font-size:20px;font-weight:900;line-height:28px;white-space:pre-wrap;margin-bottom:12px\" class=\"detail-desc-decorate-title\" id=\"tl_1\">Conjunto de ma&ccedil;aneta de porta 4 unidades para E70<\/p>\n<p style=\"font-family:OpenSans;font-size:14px;font-weight:300;line-height:20px;white-space:pre-wrap;margin-bottom:12px\" class=\"detail-desc-decorate-content\" id=\"tl_2\">Substitui&ccedil;&atilde;o direta. <br \/>F&aacute;cil instala&ccedil;&atilde;o e uso dur&aacute;vel. <br \/>&Oacute;tima qualidade e &oacute;timo ajuste. <br \/>Conector correto Sem corte ou emenda. <br \/>Rigorosos padr&otilde;es de controle de qualidade para construir e testar. <br \/>Para modelo de carro: <br \/>Para BMW E70 X5 2007-2013 <br \/>Para BMW E71 E72 X6 2008-2014 <br \/>N&uacute;mero de refer&ecirc;ncia oe\/oem: 51416969401,51416969402,51416969403,51416969404,51416969405,51416969406,51416969407,51416969408,51416975791,51416975791,51416975795,51416975797 <br \/>Conte&uacute;do do pacote: <br \/>1 * conjunto de ma&ccedil;aneta de porta <br \/>Apenas o conte&uacute;do do pacote acima, outros produtos n&atilde;o est&atilde;o inclu&iacute;dos. <br \/>Nota: Disparo leve e displays diferentes podem fazer com que a cor do item na imagem seja um pouco diferente da coisa real. O erro de medi&ccedil;&atilde;o permitido &eacute; de +\/- 1-3cm.<\/p>\n<\/div>\n<div class=\"detailmodule_image\">\n <img data-recalc-dims=\"1\" decoding=\"async\" class=\"detail-desc-decorate-image\" src=\"https:\/\/i0.wp.com\/ae01.alicdn.com\/kf\/S2cab8cc1165042e69f8e42806b7d5343N.jpg?w=1200&#038;ssl=1\" \/><br \/>\n <img data-recalc-dims=\"1\" decoding=\"async\" class=\"detail-desc-decorate-image\" src=\"https:\/\/i0.wp.com\/ae01.alicdn.com\/kf\/Sc19f3198ffd9461daa5ad12c96898a44s.jpg?w=1200&#038;ssl=1\" \/><br \/>\n <img data-recalc-dims=\"1\" decoding=\"async\" class=\"detail-desc-decorate-image\" src=\"https:\/\/i0.wp.com\/ae01.alicdn.com\/kf\/Sc22796ddd80f4985a8c258bcb8f52003K.jpg?w=1200&#038;ssl=1\" \/><br \/>\n <img data-recalc-dims=\"1\" decoding=\"async\" class=\"detail-desc-decorate-image\" src=\"https:\/\/i0.wp.com\/ae01.alicdn.com\/kf\/Sbeaf6b4b38bc469ba54d5fa69b4006720.jpg?w=1200&#038;ssl=1\" \/><br \/>\n <img data-recalc-dims=\"1\" decoding=\"async\" class=\"detail-desc-decorate-image\" src=\"https:\/\/i0.wp.com\/ae01.alicdn.com\/kf\/Se690586341b848578ad7a028d1dd3312d.jpg?w=1200&#038;ssl=1\" \/><br \/>\n <img data-recalc-dims=\"1\" decoding=\"async\" class=\"detail-desc-decorate-image\" src=\"https:\/\/i0.wp.com\/ae01.alicdn.com\/kf\/S8d6e51d3057c42ff8f2ca7a21fbf03e0N.jpg?w=1200&#038;ssl=1\" \/><br \/>\n <img data-recalc-dims=\"1\" decoding=\"async\" class=\"detail-desc-decorate-image\" src=\"https:\/\/i0.wp.com\/ae01.alicdn.com\/kf\/Sa7f9c3ac3c6548c1a3ca052facde4d08k.jpg?w=1200&#038;ssl=1\" \/><br \/>\n <img data-recalc-dims=\"1\" decoding=\"async\" class=\"detail-desc-decorate-image\" src=\"https:\/\/i0.wp.com\/ae01.alicdn.com\/kf\/Sad0db73e97ed42368af0c1b9a98b70c32.jpg?w=1200&#038;ssl=1\" \/>\n<\/div>\n<p><\/div>\n<\/div>\n","protected":false},"excerpt":{"rendered":"<p>Conjunto de ma&ccedil;aneta de porta 4 unidades para E70 Substitui&ccedil;&atilde;o direta. F&aacute;cil instala&ccedil;&atilde;o e uso dur&aacute;vel. &Oacute;tima qualidade e &oacute;timo ajuste. Conector correto Sem corte ou emenda. Rigorosos padr&otilde;es de controle de qualidade para construir e testar. Para modelo de carro: Para BMW E70 X5 2007-2013 Para BMW E71 E72 X6 2008-2014 N&uacute;mero de refer&ecirc;ncia&hellip;&nbsp;<\/p>\n","protected":false},"featured_media":18252,"template":"","meta":{"neve_meta_sidebar":"","neve_meta_container":"","neve_meta_enable_content_width":"","neve_meta_content_width":0,"neve_meta_title_alignment":"","neve_meta_author_avatar":"","neve_post_elements_order":"","neve_meta_disable_header":"","neve_meta_disable_footer":"","neve_meta_disable_title":""},"product_brand":[],"product_cat":[57,22,17],"product_tag":[],"class_list":{"0":"post-18258","1":"product","2":"type-product","3":"status-publish","4":"has-post-thumbnail","6":"product_cat-macanetas-e-alcas-internas","7":"product_cat-partes-interiores","8":"product_cat-pecas-e-acessorios-automotivos","10":"first","11":"instock","12":"shipping-taxable","13":"purchasable","14":"product-type-variable","15":"has-default-attributes"},"jetpack_sharing_enabled":true,"_links":{"self":[{"href":"https:\/\/listman.shop\/autoparts-br\/wp-json\/wp\/v2\/product\/18258","targetHints":{"allow":["GET"]}}],"collection":[{"href":"https:\/\/listman.shop\/autoparts-br\/wp-json\/wp\/v2\/product"}],"about":[{"href":"https:\/\/listman.shop\/autoparts-br\/wp-json\/wp\/v2\/types\/product"}],"wp:featuredmedia":[{"embeddable":true,"href":"https:\/\/listman.shop\/autoparts-br\/wp-json\/wp\/v2\/media\/18252"}],"wp:attachment":[{"href":"https:\/\/listman.shop\/autoparts-br\/wp-json\/wp\/v2\/media?parent=18258"}],"wp:term":[{"taxonomy":"product_brand","embeddable":true,"href":"https:\/\/listman.shop\/autoparts-br\/wp-json\/wp\/v2\/product_brand?post=18258"},{"taxonomy":"product_cat","embeddable":true,"href":"https:\/\/listman.shop\/autoparts-br\/wp-json\/wp\/v2\/product_cat?post=18258"},{"taxonomy":"product_tag","embeddable":true,"href":"https:\/\/listman.shop\/autoparts-br\/wp-json\/wp\/v2\/product_tag?post=18258"}],"curies":[{"name":"wp","href":"https:\/\/api.w.org\/{rel}","templated":true}]}}