{"id":18800,"date":"2024-12-22T02:31:57","date_gmt":"2024-12-21T17:31:57","guid":{"rendered":"https:\/\/listman.shop\/autoparts-br\/product\/1005004905282315\/"},"modified":"2026-04-08T04:51:06","modified_gmt":"2026-04-07T19:51:06","slug":"1005004905282315","status":"publish","type":"product","link":"https:\/\/listman.shop\/autoparts-br\/product\/1005004905282315\/","title":{"rendered":"Medidor duplo digital com alarme 52mm, n\u00edvel de \u00e1gua + medidor de n\u00edvel de esgoto para \u00e1gua\/sensor de n\u00edvel de esgoto 0-190ohm barco carro 12v24v personalizado"},"content":{"rendered":"<div class=\"detailmodule_html\">\n<div class=\"detail-desc-decorate-richtext\">\n<div class=\"detailmodule_html\">\n<div class=\"detail-desc-decorate-richtext\">\n<div class=\"detailmodule_text\">\n<p class=\"detail-desc-decorate-title\" style=\"font-family:OpenSans;font-size:20px;font-weight:900;line-height:28px;white-space:pre-wrap;margin-bottom:12px\" id=\"tl_1\">Man&ocirc;metro Digital Duplo Personalizado com Alarme 52MM Medidor de N&iacute;vel de &Aacute;gua + N&iacute;vel de Esgoto para Sensor de N&iacute;vel de &Aacute;gua\/Esgoto 0-190ohm HTG Barco Carro 12V24V<\/p>\n<\/p><\/div>\n<div class=\"detailmodule_text\">\n<p style=\"font-size:24px;font-weight:bold\" id=\"tl_2\">O medidor &eacute; vendido individualmente. O sensor tamb&eacute;m &eacute; vendido individualmente. Se voc&ecirc; escolher o medidor, o sensor n&atilde;o est&aacute; inclu&iacute;do na embalagem. Se voc&ecirc; escolher o sensor, o medidor n&atilde;o est&aacute; inclu&iacute;do na embalagem.<\/p>\n<\/p><\/div>\n<div class=\"detailmodule_text\">\n<p class=\"detail-desc-decorate-title\" style=\"font-family:OpenSans;font-size:20px;font-weight:900;line-height:28px;white-space:pre-wrap;margin-bottom:12px\" id=\"tl_3\">Novo Man&ocirc;metro Duplo Universal 2 em 1 de 52mm &#8211; 2022<\/p>\n<p class=\"detail-desc-decorate-content\" style=\"font-family:OpenSans;font-size:14px;font-weight:300;line-height:20px;white-space:pre-wrap;margin-bottom:12px\" id=\"tl_4\">Aplica&ccedil;&atilde;o: Barcos Mar&iacute;timos\/Caminh&otilde;es\/&Ocirc;nibus\/Motorhomes\/Hot Rods\/Geradores<\/p>\n<\/p><\/div>\n<div class=\"detailmodule_text\">\n<p id=\"tl_5\">Sobre o medidor:<\/p>\n<p style=\"font-size:24px;font-weight:bold\" id=\"tl_6\">O dispositivo funciona, com um pequeno atraso (cerca de 20 segundos) nas mudan&ccedil;as nas leituras.Aparentemente, isso &eacute; feito para n&atilde;o reagir ao respingo de &aacute;gua no tanque.<\/p>\n<\/p><\/div>\n<div class=\"detailmodule_text\">\n<p class=\"detail-desc-decorate-title\" style=\"font-family:OpenSans;font-size:20px;font-weight:900;line-height:28px;white-space:pre-wrap;margin-bottom:12px\" id=\"tl_7\">Funcionalidade:<\/p>\n<p class=\"detail-desc-decorate-content\" style=\"font-family:OpenSans;font-size:14px;font-weight:300;line-height:20px;white-space:pre-wrap;margin-bottom:12px\" id=\"tl_8\">Medidor dois em um de 52mm de di&acirc;metro com instala&ccedil;&atilde;o f&aacute;cil. <br \/> Resist&ecirc;ncia de entrada program&aacute;vel em Ohms para adaptar diferentes sensores de combust&iacute;vel\/&aacute;gua\/temperatura. <br \/> 0-190\u03a9, 0-180\u03a9, 10-180\u03a9, 240-33\u03a9, 240-30\u03a9 <br \/> &#8211; Visualiza&ccedil;&atilde;o de alta resolu&ccedil;&atilde;o sob a luz do sol <br \/> Di&acirc;metro de instala&ccedil;&atilde;o: 52 mm (2 polegadas) <br \/> &#8211; Prote&ccedil;&atilde;o contra invers&atilde;o de polaridade e desempenho antiemba&ccedil;ante <br \/> Tens&atilde;o de Opera&ccedil;&atilde;o: 12V\/24V <br \/> &#8211; Temperaturas de trabalho: &#8211; 40 a 85&deg;C. <br \/> &#8211; IP66 &agrave; prova d&#8217;&aacute;gua<\/p>\n<\/p><\/div>\n<div class=\"detailmodule_text\">\n<p class=\"detail-desc-decorate-title\" style=\"font-family:OpenSans;font-size:20px;font-weight:900;line-height:28px;white-space:pre-wrap;margin-bottom:12px\" id=\"tl_9\">GUIA DE INSTALA&Ccedil;&Atilde;O<\/p>\n<p class=\"detail-desc-decorate-content\" style=\"font-family:OpenSans;font-size:14px;font-weight:300;line-height:20px;white-space:pre-wrap;margin-bottom:12px\" id=\"tl_10\">1.Fa&ccedil;a um furo de \u03a652mm (2-1\/16&quot;) no painel (II) e deixe uma folga de 55mm (2 3\/16&quot;).atr&aacute;s do painel. <br \/> 2.Remova o anel de fixa&ccedil;&atilde;o (I), insira o medidor pela frente.Aperte o medidor (III) usando o anel de fixa&ccedil;&atilde;o (I). <br \/> 3.Conecte os cabos de acordo com o diagrama\/etiqueta.<\/p>\n<\/p><\/div>\n<div class=\"detailmodule_text-image\">\n<p class=\"detail-desc-decorate-title\" style=\"font-family:OpenSans;font-size:20px;font-weight:900;line-height:28px;white-space:pre-wrap;margin-bottom:12px\" id=\"tl_11\">Menu de Configura&ccedil;&atilde;o: &quot;Unidade&quot; &quot;R 1&quot; &quot;R 2&quot;<\/p>\n<p class=\"detail-desc-decorate-content\" style=\"font-family:OpenSans;font-size:14px;font-weight:300;line-height:20px;white-space:pre-wrap;margin-bottom:12px\" id=\"tl_12\">1. Segure e pressione o bot&atilde;o, ligue o medidor, a tela LED mostrar&aacute; &quot;Switch Show&quot;. <br \/> Unidade, R1, R2 <br \/> 2. Unidade <br \/> Indicador de Combust&iacute;vel, N&iacute;vel de &Aacute;gua, N&iacute;vel de Esgoto HTG: % <br \/> Temperatura da &aacute;gua:\u2103 ou\u2109 <br \/> 3.R1&#8212;Configurar Intervalo do Sinal da Linha Superior <br \/> Pressione o bot&atilde;o para alternar 000 ~ 006 <br \/> Por exemplo, o LED mostrar&aacute; 001, o que significa 0 ~ 180ohm, depois solte o bot&atilde;o e espere o flash digital ser conclu&iacute;do para salvar a configura&ccedil;&atilde;o<\/p>\n<div>\n    <img data-recalc-dims=\"1\" decoding=\"async\" class=\"detail-desc-decorate-image\" src=\"https:\/\/i0.wp.com\/ae01.alicdn.com\/kf\/S42ddb385c67d404fa026008ad427db0c4.png?w=1200&#038;ssl=1\" \/>\n   <\/div>\n<\/p><\/div>\n<div class=\"detailmodule_text-image\">\n<p class=\"detail-desc-decorate-content\" style=\"font-family:OpenSans;font-size:14px;font-weight:300;line-height:20px;white-space:pre-wrap;margin-bottom:12px\" id=\"tl_13\">4.R2 &#8212; Configurar faixa de sinal da linha superior <br \/> Pressione o bot&atilde;o para alternar 000 ~ 006. <br \/> Por exemplo, o LED mostrar&aacute; \u201c002\u201d, que significa 10 ~ 180ohm, depois solte o bot&atilde;o e espere o flash digital ser conclu&iacute;do para salvar a configura&ccedil;&atilde;o<\/p>\n<div>\n    <img data-recalc-dims=\"1\" decoding=\"async\" class=\"detail-desc-decorate-image\" src=\"https:\/\/i0.wp.com\/ae01.alicdn.com\/kf\/S910504d2a4b5415faa1f406bcaf727de6.png?w=1200&#038;ssl=1\" \/>\n   <\/div>\n<\/p><\/div>\n<div class=\"detailmodule_text\">\n<p class=\"detail-desc-decorate-title\" style=\"font-family:OpenSans;font-size:20px;font-weight:900;line-height:28px;white-space:pre-wrap;margin-bottom:12px\" id=\"tl_14\">Conex&atilde;o:<\/p>\n<p class=\"detail-desc-decorate-content\" style=\"font-family:OpenSans;font-size:14px;font-weight:300;line-height:20px;white-space:pre-wrap;margin-bottom:12px\" id=\"tl_15\">Linha preta do medidor conectada ao GND(-) <br \/> Linha vermelha do medidor conectada ao DC12V24V\uff08+\uff09 <br \/> Linha verde do medidor conecta-se &agrave; linha de sinal marrom do sensor de n&iacute;vel de &aacute;gua. <br \/> Linha branca do medidor conecta-se &agrave; linha de sinal marrom do sensor de n&iacute;vel de esgoto. <br \/> Linha amarela do medidor conectada &agrave; linha do bot&atilde;o.<\/p>\n<\/p><\/div>\n<div class=\"detailmodule_text\">\n<p class=\"detail-desc-decorate-title\" style=\"font-family:OpenSans;font-size:20px;font-weight:900;line-height:28px;white-space:pre-wrap;margin-bottom:12px\" id=\"tl_16\">Pacote: 1 medidor + manual + cabo (n&atilde;o inclui sensor)<\/p>\n<p style=\"font-size:16px;font-weight:bold\" id=\"tl_17\">este pacote n&atilde;o est&aacute; inclu&iacute;do sensor, apenas o medidor<\/p>\n<\/p><\/div>\n<div class=\"detailmodule_image\">\n   <img data-recalc-dims=\"1\" decoding=\"async\" class=\"detail-desc-decorate-image\" src=\"https:\/\/i0.wp.com\/ae01.alicdn.com\/kf\/Scc54ca9b6de9459387433e2604895b56a.jpg?w=1200&#038;ssl=1\" style=\"margin-bottom:10px\" \/><br \/>\n   <img data-recalc-dims=\"1\" decoding=\"async\" class=\"detail-desc-decorate-image\" src=\"https:\/\/i0.wp.com\/ae01.alicdn.com\/kf\/S8767012100d9440297e411d072d456a77.jpg?w=1200&#038;ssl=1\" style=\"margin-bottom:10px\" \/><br \/>\n   <img data-recalc-dims=\"1\" decoding=\"async\" class=\"detail-desc-decorate-image\" src=\"https:\/\/i0.wp.com\/ae01.alicdn.com\/kf\/Sd298b3b9edbf462bac1224c637c35624J.jpg?w=1200&#038;ssl=1\" style=\"margin-bottom:10px\" \/><br \/>\n   <img data-recalc-dims=\"1\" decoding=\"async\" class=\"detail-desc-decorate-image\" src=\"https:\/\/i0.wp.com\/ae01.alicdn.com\/kf\/S8b000a3a9df849629be1a7177dd234467.jpg?w=1200&#038;ssl=1\" style=\"margin-bottom:10px\" \/><br \/>\n   <img data-recalc-dims=\"1\" decoding=\"async\" class=\"detail-desc-decorate-image\" src=\"https:\/\/i0.wp.com\/ae01.alicdn.com\/kf\/Sdabe97386d2e43c1b8277397ccc6af6fg.png?w=1200&#038;ssl=1\" \/><br \/>\n   <img data-recalc-dims=\"1\" decoding=\"async\" class=\"detail-desc-decorate-image\" src=\"https:\/\/i0.wp.com\/ae01.alicdn.com\/kf\/S5b989be48be94e92939d1259a6c8671fv.jpg?w=1200&#038;ssl=1\" style=\"margin-bottom:10px\" \/><br \/>\n   <img data-recalc-dims=\"1\" decoding=\"async\" class=\"detail-desc-decorate-image\" src=\"https:\/\/i0.wp.com\/ae01.alicdn.com\/kf\/S310a92472837444d84225288fc8364ca7.jpg?w=1200&#038;ssl=1\" style=\"margin-bottom:10px\" \/>\n  <\/div>\n<div class=\"detailmodule_image\">\n   <img data-recalc-dims=\"1\" decoding=\"async\" class=\"detail-desc-decorate-image\" src=\"https:\/\/i0.wp.com\/ae01.alicdn.com\/kf\/S4f5c330e585941f0bdab6c404933674d6.jpg?w=1200&#038;ssl=1\" \/><br \/>\n   <img data-recalc-dims=\"1\" decoding=\"async\" class=\"detail-desc-decorate-image\" src=\"https:\/\/i0.wp.com\/ae01.alicdn.com\/kf\/Sb3e8ae07fd984288bd54b19bf0446e40z.jpg?w=1200&#038;ssl=1\" \/><br \/>\n   <img data-recalc-dims=\"1\" decoding=\"async\" class=\"detail-desc-decorate-image\" src=\"https:\/\/i0.wp.com\/ae01.alicdn.com\/kf\/Sa482e79a479047e196dc16568d099c20o.jpg?w=1200&#038;ssl=1\" \/><br \/>\n   <img data-recalc-dims=\"1\" decoding=\"async\" class=\"detail-desc-decorate-image\" src=\"https:\/\/i0.wp.com\/ae01.alicdn.com\/kf\/Sbb8f2a9b6ece4f1abfbb798f85b14ef9H.jpg?w=1200&#038;ssl=1\" \/><br \/>\n   <img data-recalc-dims=\"1\" decoding=\"async\" class=\"detail-desc-decorate-image\" src=\"https:\/\/i0.wp.com\/ae01.alicdn.com\/kf\/S82b6e510d6054a718d8049dbf1591c65D.jpg?w=1200&#038;ssl=1\" \/><br \/>\n   <img data-recalc-dims=\"1\" decoding=\"async\" class=\"detail-desc-decorate-image\" src=\"https:\/\/i0.wp.com\/ae01.alicdn.com\/kf\/S1975d117511c4d90879f1e10899f44dcX.jpg?w=1200&#038;ssl=1\" \/><br \/>\n   <img data-recalc-dims=\"1\" decoding=\"async\" class=\"detail-desc-decorate-image\" src=\"https:\/\/i0.wp.com\/ae01.alicdn.com\/kf\/Sea66e06190434dd080470824b312cb63T.jpg?w=1200&#038;ssl=1\" \/>\n  <\/div>\n<div class=\"detailmodule_text\">\n<p class=\"detail-desc-decorate-title\" style=\"font-family:OpenSans;font-size:20px;font-weight:900;line-height:28px;white-space:pre-wrap;margin-bottom:12px\" id=\"tl_18\">Sensor com suporte para personaliza&ccedil;&atilde;o. Se precisar de personaliza&ccedil;&atilde;o, entre em contato conosco.<\/p>\n<\/p><\/div>\n<div class=\"detailmodule_text\">\n<p class=\"detail-desc-decorate-title\" style=\"font-family:OpenSans;font-size:20px;font-weight:900;line-height:28px;white-space:pre-wrap;margin-bottom:12px\" id=\"tl_19\">Aten&ccedil;&atilde;o:<\/p>\n<p class=\"detail-desc-decorate-content\" style=\"font-family:OpenSans;font-size:14px;font-weight:300;line-height:20px;white-space:pre-wrap;margin-bottom:12px\" id=\"tl_20\">N&iacute;vel de &oacute;leo vazio: 0 ohm \/ 240 ohm <br \/> &#8211; N&iacute;vel de &oacute;leo completo: 190 ohms \/ 33 ohms <br \/> Quando o n&iacute;vel de &oacute;leo\/&aacute;gua estiver vazio, haver&aacute; um espa&ccedil;o de 3 a 21 mm entre o flutuador do sensor e o fundo do sensor.Esta &eacute; uma dist&acirc;ncia segura e o sensor pode funcionar normalmente, obrigado ~ <br \/> &#8211; Quando o n&iacute;vel de &oacute;leo\/&aacute;gua estiver cheio, haver&aacute; um espa&ccedil;o de 3-15 mm entre o flutuador do sensor e a parte superior do sensor.Esta &eacute; uma dist&acirc;ncia segura e o sensor pode funcionar normalmente. Obrigado.<\/p>\n<\/p><\/div>\n<div class=\"detailmodule_text\">\n<p class=\"detail-desc-decorate-title\" style=\"font-family:OpenSans;font-size:20px;font-weight:900;line-height:28px;white-space:pre-wrap;margin-bottom:12px\" id=\"tl_21\">Sensor de n&iacute;vel de &aacute;gua<\/p>\n<p class=\"detail-desc-decorate-content\" style=\"font-family:OpenSans;font-size:14px;font-weight:300;line-height:20px;white-space:pre-wrap;margin-bottom:12px\" id=\"tl_22\">Faixa de resolu&ccedil;&atilde;o: 21 mm <br \/> &#8211; Sinal: 0-190ohm (pode ser personalizado) <br \/> Tens&atilde;o de opera&ccedil;&atilde;o: 9-32VCC <br \/> Corrente de opera&ccedil;&atilde;o: \u226460mA <br \/> &#8211; Temperatura de opera&ccedil;&atilde;o: -30~+75\u2103 <br \/> &#8211; Temperatura de armazenamento: -40~+85\u2103 <br \/> &#8211; Comprimento do Sensor: 100mm-600mm (pode ser personalizado) <br \/> &#8211; Rosca: 41,5 mm BSP 1 1\/4<\/p>\n<\/p><\/div>\n<div class=\"detailmodule_text-image\">\n<p class=\"detail-desc-decorate-title\" style=\"font-family:OpenSans;font-size:20px;font-weight:900;line-height:28px;white-space:pre-wrap;margin-bottom:12px\" id=\"tl_23\">Pacote: 1 X Sensor de N&iacute;vel de &Aacute;gua + Manual (man&ocirc;metro n&atilde;o inclu&iacute;do)<\/p>\n<p style=\"font-size:16px;font-weight:bold\" id=\"tl_24\">este pacote n&atilde;o est&aacute; inclu&iacute;do medidor,<\/p>\n<div>\n    <img data-recalc-dims=\"1\" decoding=\"async\" class=\"detail-desc-decorate-image\" src=\"https:\/\/i0.wp.com\/ae01.alicdn.com\/kf\/S49e747f563634e24b930f0830cd3ed65j.jpg?w=1200&#038;ssl=1\" \/><br \/>\n    <img data-recalc-dims=\"1\" decoding=\"async\" class=\"detail-desc-decorate-image\" src=\"https:\/\/i0.wp.com\/ae01.alicdn.com\/kf\/S59d46a13d5d94447854cc8b8c3617dbc7.jpg?w=1200&#038;ssl=1\" \/><br \/>\n    <img data-recalc-dims=\"1\" decoding=\"async\" class=\"detail-desc-decorate-image\" src=\"https:\/\/i0.wp.com\/ae01.alicdn.com\/kf\/Sffcb6e389be745fb8e537f74edc335d4E.jpg?w=1200&#038;ssl=1\" \/><br \/>\n    <img data-recalc-dims=\"1\" decoding=\"async\" class=\"detail-desc-decorate-image\" src=\"https:\/\/i0.wp.com\/ae01.alicdn.com\/kf\/Scec1015f973341169c542e272d8786deh.jpg?w=1200&#038;ssl=1\" \/><br \/>\n    <img data-recalc-dims=\"1\" decoding=\"async\" class=\"detail-desc-decorate-image\" src=\"https:\/\/i0.wp.com\/ae01.alicdn.com\/kf\/S1c36981ea0a94a288218628a84f224c1k.jpg?w=1200&#038;ssl=1\" \/><br \/>\n    <img data-recalc-dims=\"1\" decoding=\"async\" class=\"detail-desc-decorate-image\" src=\"https:\/\/i0.wp.com\/ae01.alicdn.com\/kf\/Sbef97e251a884c5eb09eb48e2dec3e9cW.jpg?w=1200&#038;ssl=1\" \/><br \/>\n    <img data-recalc-dims=\"1\" decoding=\"async\" class=\"detail-desc-decorate-image\" src=\"https:\/\/i0.wp.com\/ae01.alicdn.com\/kf\/Sc626e02028024dc6b0794a9a036723c0Q.jpg?w=1200&#038;ssl=1\" \/><br \/>\n    <img data-recalc-dims=\"1\" decoding=\"async\" class=\"detail-desc-decorate-image\" src=\"https:\/\/i0.wp.com\/ae01.alicdn.com\/kf\/S4ef714ea656541659bdba1b959fa7380L.jpg?w=1200&#038;ssl=1\" \/><br \/>\n    <img data-recalc-dims=\"1\" decoding=\"async\" class=\"detail-desc-decorate-image\" src=\"https:\/\/i0.wp.com\/ae01.alicdn.com\/kf\/Scd187de26971420ab9cd2339c1918a346.jpg?w=1200&#038;ssl=1\" \/>\n   <\/div>\n<\/p><\/div>\n<div class=\"detailmodule_text\">\n<p class=\"detail-desc-decorate-title\" style=\"font-family:OpenSans;font-size:20px;font-weight:900;line-height:28px;white-space:pre-wrap;margin-bottom:12px\" id=\"tl_25\">Sensor de N&iacute;vel de Esgoto<\/p>\n<p class=\"detail-desc-decorate-content\" style=\"font-family:OpenSans;font-size:14px;font-weight:300;line-height:20px;white-space:pre-wrap;margin-bottom:12px\" id=\"tl_26\">Faixa de resolu&ccedil;&atilde;o: 21 mm <br \/> &#8211; Sinal: 0-190ohm (pode ser personalizado) <br \/> Tens&atilde;o de opera&ccedil;&atilde;o: 9-32VCC <br \/> Corrente de opera&ccedil;&atilde;o: \u226460mA <br \/> &#8211; Temperatura de opera&ccedil;&atilde;o: -30~+75\u2103 <br \/> &#8211; Temperatura de armazenamento: -40~+85\u2103 <br \/> &#8211; Comprimento do Sensor: 100mm-600mm (pode ser personalizado)<\/p>\n<\/p><\/div>\n<div class=\"detailmodule_text-image\">\n<p class=\"detail-desc-decorate-title\" style=\"font-family:OpenSans;font-size:20px;font-weight:900;line-height:28px;white-space:pre-wrap;margin-bottom:12px\" id=\"tl_27\">Pacote: 1 X Sensor de N&iacute;vel de Esgoto + Manual<\/p>\n<p style=\"font-size:16px;font-weight:bold\" id=\"tl_28\">este pacote n&atilde;o est&aacute; inclu&iacute;do medidor,<\/p>\n<div>\n    <img data-recalc-dims=\"1\" decoding=\"async\" class=\"detail-desc-decorate-image\" src=\"https:\/\/i0.wp.com\/ae01.alicdn.com\/kf\/S49e747f563634e24b930f0830cd3ed65j.jpg?w=1200&#038;ssl=1\" \/><br \/>\n    <img data-recalc-dims=\"1\" decoding=\"async\" class=\"detail-desc-decorate-image\" src=\"https:\/\/i0.wp.com\/ae01.alicdn.com\/kf\/S8ae68ecf8383443ca50a0ec7684eca5e3.jpg?w=1200&#038;ssl=1\" \/><br \/>\n    <img data-recalc-dims=\"1\" decoding=\"async\" class=\"detail-desc-decorate-image\" src=\"https:\/\/i0.wp.com\/ae01.alicdn.com\/kf\/S17e4220a3a6d476e91b51463c7cee13ew.jpg?w=1200&#038;ssl=1\" \/><br \/>\n    <img data-recalc-dims=\"1\" decoding=\"async\" class=\"detail-desc-decorate-image\" src=\"https:\/\/i0.wp.com\/ae01.alicdn.com\/kf\/S53144300493b4323a969d4f839e6de03X.jpg?w=1200&#038;ssl=1\" \/><br \/>\n    <img data-recalc-dims=\"1\" decoding=\"async\" class=\"detail-desc-decorate-image\" src=\"https:\/\/i0.wp.com\/ae01.alicdn.com\/kf\/Sb627980c485d46e0996f2264427bf2b2z.jpg?w=1200&#038;ssl=1\" \/>\n   <\/div>\n<\/p><\/div>\n<div class=\"detailmodule_image\">\n   <img data-recalc-dims=\"1\" decoding=\"async\" class=\"detail-desc-decorate-image\" src=\"https:\/\/i0.wp.com\/ae01.alicdn.com\/kf\/S5fbb279dd0c14357917631adee4d65d3a.jpg?w=1200&#038;ssl=1\" \/><br \/>\n   <img data-recalc-dims=\"1\" decoding=\"async\" class=\"detail-desc-decorate-image\" src=\"https:\/\/i0.wp.com\/ae01.alicdn.com\/kf\/S2eb26b3ef14c4eaf9f6feca04ec20031f.jpg?w=1200&#038;ssl=1\" \/>\n  <\/div>\n<p>&nbsp;<\/p>\n<\/p><\/div>\n<\/div>\n<\/div>\n<\/div>\n","protected":false},"excerpt":{"rendered":"<p>Man&ocirc;metro Digital Duplo Personalizado com Alarme 52MM Medidor de N&iacute;vel de &Aacute;gua + N&iacute;vel de Esgoto para Sensor de N&iacute;vel de &Aacute;gua\/Esgoto 0-190ohm HTG Barco Carro 12V24V O medidor &eacute; vendido individualmente. O sensor tamb&eacute;m &eacute; vendido individualmente. Se voc&ecirc; escolher o medidor, o sensor n&atilde;o est&aacute; inclu&iacute;do na embalagem. Se voc&ecirc; escolher o sensor,&hellip;&nbsp;<\/p>\n","protected":false},"featured_media":18794,"template":"","meta":{"neve_meta_sidebar":"","neve_meta_container":"","neve_meta_enable_content_width":"","neve_meta_content_width":0,"neve_meta_title_alignment":"","neve_meta_author_avatar":"","neve_post_elements_order":"","neve_meta_disable_header":"","neve_meta_disable_footer":"","neve_meta_disable_title":""},"product_brand":[],"product_cat":[42,22,17],"product_tag":[],"class_list":{"0":"post-18800","1":"product","2":"type-product","3":"status-publish","4":"has-post-thumbnail","6":"product_cat-medidores","7":"product_cat-partes-interiores","8":"product_cat-pecas-e-acessorios-automotivos","10":"first","11":"instock","12":"shipping-taxable","13":"purchasable","14":"product-type-variable","15":"has-default-attributes"},"jetpack_sharing_enabled":true,"_links":{"self":[{"href":"https:\/\/listman.shop\/autoparts-br\/wp-json\/wp\/v2\/product\/18800","targetHints":{"allow":["GET"]}}],"collection":[{"href":"https:\/\/listman.shop\/autoparts-br\/wp-json\/wp\/v2\/product"}],"about":[{"href":"https:\/\/listman.shop\/autoparts-br\/wp-json\/wp\/v2\/types\/product"}],"wp:featuredmedia":[{"embeddable":true,"href":"https:\/\/listman.shop\/autoparts-br\/wp-json\/wp\/v2\/media\/18794"}],"wp:attachment":[{"href":"https:\/\/listman.shop\/autoparts-br\/wp-json\/wp\/v2\/media?parent=18800"}],"wp:term":[{"taxonomy":"product_brand","embeddable":true,"href":"https:\/\/listman.shop\/autoparts-br\/wp-json\/wp\/v2\/product_brand?post=18800"},{"taxonomy":"product_cat","embeddable":true,"href":"https:\/\/listman.shop\/autoparts-br\/wp-json\/wp\/v2\/product_cat?post=18800"},{"taxonomy":"product_tag","embeddable":true,"href":"https:\/\/listman.shop\/autoparts-br\/wp-json\/wp\/v2\/product_tag?post=18800"}],"curies":[{"name":"wp","href":"https:\/\/api.w.org\/{rel}","templated":true}]}}