{"id":19099,"date":"2024-12-22T02:38:39","date_gmt":"2024-12-21T17:38:39","guid":{"rendered":"https:\/\/listman.shop\/autoparts-br\/product\/1005005187415602\/"},"modified":"2026-04-14T20:01:06","modified_gmt":"2026-04-14T11:01:06","slug":"1005005187415602","status":"publish","type":"product","link":"https:\/\/listman.shop\/autoparts-br\/product\/1005005187415602\/","title":{"rendered":"NEVOSA  para honda civic cx ex hx lx si 4 porta 1996-2000 83593-s04-9500 frente esquerda motorista interruptor de controle da janela do carro 83593s049500"},"content":{"rendered":"<div class=\"detailmodule_html\">\n<div class=\"detail-desc-decorate-richtext\">\n<p><\/p>\n<p class=\"MsoNormal\">\n<p class=\"MsoNormal\"><img data-recalc-dims=\"1\" decoding=\"async\" src=\"https:\/\/i0.wp.com\/ae01.alicdn.com\/kf\/S6ac30f10754e4b86be1732f473e2d626L.jpg?w=1200&#038;ssl=1\"><\/p>\n<p class=\"MsoNormal\"><img data-recalc-dims=\"1\" decoding=\"async\" src=\"https:\/\/i0.wp.com\/ae01.alicdn.com\/kf\/Sfaa1b840fb824de390523c45bb19f603f.png?w=1200&#038;ssl=1\"><\/p>\n<p class=\"MsoNormal\"><span style=\"font-size:18px;, times, serif\">Tipo de produto: interruptor de controle da janela do carro dianteiro esquerdo<\/span><\/p>\n<p class=\"MsoNormal\"><span style=\"font-size:18px;, times, serif\">Fabricante de autom\u00f3veis: Para Honda<\/span><\/p>\n<p class=\"MsoNormal\"><span style=\"font-size:18px;, times, serif\">No OE: 83593-S04-9500<\/span><\/p>\n<p class=\"MsoNormal\"><span style=\"font-size:18px;, times, serif\">Qualidade: teste 100%<\/span><\/p>\n<p class=\"MsoNormal\"><span style=\"font-size:18px;, times, serif\">Cor: Preto<\/span><\/p>\n<p class=\"MsoNormal\"><span style=\"font-size:18px;, times, serif\">Tamanho: substitui\u00e7\u00e3o OEM<\/span><\/p>\n<p class=\"MsoNormal\"><span style=\"font-size:18px;, times, serif\">Material: pl\u00e1stico PP e pl\u00e1stico ABS<\/span><\/p>\n<p class=\"MsoNormal\"><span style=\"font-size:18px;, times, serif\">M\u00e9todo de instala\u00e7\u00e3o: estilo plug and play diretamente<\/span><\/p>\n<p class=\"MsoNormal\"><span style=\"font-size:18px;, times, serif\">Terminal: 16+1 pinos<\/span><\/p>\n<p class=\"MsoNormal\"><span style=\"font-size:18px;, times, serif\">Bot\u00f5es: 5 bot\u00f5es<\/span><\/p>\n<p class=\"MsoNormal\"><img data-recalc-dims=\"1\" decoding=\"async\" src=\"https:\/\/i0.wp.com\/ae01.alicdn.com\/kf\/Sd80fc5d0e1734d00acc1e259aba3f646r.png?w=1200&#038;ssl=1\"><\/p>\n<p class=\"MsoNormal\"><span style=\"font-size:18px;, times, serif\">Aten\u00e7\u00e3o: A \u00fanica maneira de ter 100% de certeza de que a pe\u00e7a caber\u00e1 no seu ve\u00edculo \u00e9 verificar o n\u00famero da pe\u00e7a original.<\/span><\/p>\n<p class=\"MsoNormal\"><span style=\"font-size:18px;, times, serif\">Caracter\u00edsticas:<\/span><\/p>\n<p class=\"MsoNormal\"><span style=\"font-size:18px;, times, serif\">&#8211;Material ABS ambiental, anti-queima, resist\u00eancia ao calor, resist\u00eancia ao impacto e excelentes propriedades el\u00e9tricas para uma longa vida \u00fatil.<\/span><\/p>\n<p class=\"MsoNormal\"><span style=\"font-size:18px;, times, serif\">-Alta sensibilidade, instala\u00e7\u00e3o simples, sem necessidade de programa\u00e7\u00e3o, conecta-se diretamente ao chicote el\u00e9trico do seu ve\u00edculo, cabe perfeitamente no seu carro.<\/span><\/p>\n<p class=\"MsoNormal\"><span style=\"font-size:18px;, times, serif\">&#8212; Todos os nossos produtos foram testados e enviados sob a condi\u00e7\u00e3o de serem aplic\u00e1veis.Se o interruptor da janela apresentar algum problema, basta entrar em contato conosco para lhe dar uma solu\u00e7\u00e3o satisfat\u00f3ria.<\/span><\/p>\n<p><img data-recalc-dims=\"1\" decoding=\"async\" src=\"https:\/\/i0.wp.com\/ae01.alicdn.com\/kf\/S24485a4f3571458dbdb85d00a80652a22.png?w=1200&#038;ssl=1\"><\/p>\n<p class=\"MsoNormal\"><span style=\"font-size:18px;, times, serif\">Para honda civic CX EX hx lx si 4 portas 1996-2000<\/span><\/p>\n<p><img data-recalc-dims=\"1\" decoding=\"async\" src=\"https:\/\/i0.wp.com\/ae01.alicdn.com\/kf\/S0820dd31361349219abbdb1e76c419d8s.jpg?w=1200&#038;ssl=1\"><\/p>\n<p><\/p>\n<p><img data-recalc-dims=\"1\" decoding=\"async\" src=\"https:\/\/i0.wp.com\/ae01.alicdn.com\/kf\/S23bbe92365ae4701bd971fac694439530.jpg?w=1200&#038;ssl=1\"><img data-recalc-dims=\"1\" decoding=\"async\" src=\"https:\/\/i0.wp.com\/ae01.alicdn.com\/kf\/Sba0d9e88b90f4d64b7e945adab2bc41ba.jpg?w=1200&#038;ssl=1\"><img data-recalc-dims=\"1\" decoding=\"async\" src=\"https:\/\/i0.wp.com\/ae01.alicdn.com\/kf\/S9fc93fd6b8ec4f95b1018c57c01ebf4cY.jpg?w=1200&#038;ssl=1\"><img data-recalc-dims=\"1\" decoding=\"async\" src=\"https:\/\/i0.wp.com\/ae01.alicdn.com\/kf\/Sc2bccbbf92c847e8bbd434845c51c7a9L.jpg?w=1200&#038;ssl=1\"><img data-recalc-dims=\"1\" decoding=\"async\" src=\"https:\/\/i0.wp.com\/ae01.alicdn.com\/kf\/S5c85d06885fb4ce7a19e46d3ad0fda295.jpg?w=1200&#038;ssl=1\"><\/p>\n<p><\/p>\n<p class=\"MsoNormal\"><img data-recalc-dims=\"1\" decoding=\"async\" src=\"https:\/\/i0.wp.com\/ae01.alicdn.com\/kf\/S8bb1d7dcce1a4840b449b92c565a0bedX.jpg?w=1200&#038;ssl=1\"><\/p>\n<p><\/p>\n<p class=\"MsoNormal\"><\/p>\n<\/div>\n<\/div>\n","protected":false},"excerpt":{"rendered":"<p>Tipo de produto: interruptor de controle da janela do carro dianteiro esquerdo Fabricante de autom\u00f3veis: Para Honda No OE: 83593-S04-9500 Qualidade: teste 100% Cor: Preto Tamanho: substitui\u00e7\u00e3o OEM Material: pl\u00e1stico PP e pl\u00e1stico ABS M\u00e9todo de instala\u00e7\u00e3o: estilo plug and play diretamente Terminal: 16+1 pinos Bot\u00f5es: 5 bot\u00f5es Aten\u00e7\u00e3o: A \u00fanica maneira de ter 100%&hellip;&nbsp;<\/p>\n","protected":false},"featured_media":19093,"template":"","meta":{"neve_meta_sidebar":"","neve_meta_container":"","neve_meta_enable_content_width":"","neve_meta_content_width":0,"neve_meta_title_alignment":"","neve_meta_author_avatar":"","neve_post_elements_order":"","neve_meta_disable_header":"","neve_meta_disable_footer":"","neve_meta_disable_title":""},"product_brand":[],"product_cat":[43,22,17],"product_tag":[],"class_list":{"0":"post-19099","1":"product","2":"type-product","3":"status-publish","4":"has-post-thumbnail","6":"product_cat-interruptores-e-controles","7":"product_cat-partes-interiores","8":"product_cat-pecas-e-acessorios-automotivos","10":"first","11":"instock","12":"shipping-taxable","13":"purchasable","14":"product-type-variable","15":"has-default-attributes"},"jetpack_sharing_enabled":true,"_links":{"self":[{"href":"https:\/\/listman.shop\/autoparts-br\/wp-json\/wp\/v2\/product\/19099","targetHints":{"allow":["GET"]}}],"collection":[{"href":"https:\/\/listman.shop\/autoparts-br\/wp-json\/wp\/v2\/product"}],"about":[{"href":"https:\/\/listman.shop\/autoparts-br\/wp-json\/wp\/v2\/types\/product"}],"wp:featuredmedia":[{"embeddable":true,"href":"https:\/\/listman.shop\/autoparts-br\/wp-json\/wp\/v2\/media\/19093"}],"wp:attachment":[{"href":"https:\/\/listman.shop\/autoparts-br\/wp-json\/wp\/v2\/media?parent=19099"}],"wp:term":[{"taxonomy":"product_brand","embeddable":true,"href":"https:\/\/listman.shop\/autoparts-br\/wp-json\/wp\/v2\/product_brand?post=19099"},{"taxonomy":"product_cat","embeddable":true,"href":"https:\/\/listman.shop\/autoparts-br\/wp-json\/wp\/v2\/product_cat?post=19099"},{"taxonomy":"product_tag","embeddable":true,"href":"https:\/\/listman.shop\/autoparts-br\/wp-json\/wp\/v2\/product_tag?post=19099"}],"curies":[{"name":"wp","href":"https:\/\/api.w.org\/{rel}","templated":true}]}}