{"id":19528,"date":"2024-12-22T02:48:12","date_gmt":"2024-12-21T17:48:12","guid":{"rendered":"https:\/\/listman.shop\/autoparts-br\/product\/1005005587719808\/"},"modified":"2026-04-08T04:28:05","modified_gmt":"2026-04-07T19:28:05","slug":"1005005587719808","status":"publish","type":"product","link":"https:\/\/listman.shop\/autoparts-br\/product\/1005005587719808\/","title":{"rendered":"4556337   3M5AR16B970AD KIT DE REPARIO DE Bloqueio DE RELEASE BONNET PARA FORD FOCUS C-MAX 2003-2007"},"content":{"rendered":"<div class=\"detailmodule_html\">\n<div class=\"detail-desc-decorate-richtext\">\n<p><\/p>\n<p><span style=\"font-size:26px;, Roboto, Arial, Helvetica, sans-serif, SimSun\"><strong>4556337 KIT DE REPARO DE BLOQUEIO DE LIBERA\u00c7\u00c3O BONNET 3M5AR16B970AD PARA FORD FOCUS C-MAX 2003-2007<\/strong><\/span><\/p>\n<p><\/p>\n<p><strong><span style=\"font-size:22px\">OEM N\u00c3O:4556337 3M5AR16B970AD<\/span><\/strong><\/p>\n<p><\/p>\n<p><span style=\"font-size:22px\">Detalhe do produto:<\/span><\/p>\n<p><span style=\"font-size:22px\">Condi\u00e7\u00e3o: 100% novo e de alta qualidade<\/span><\/p>\n<p><span style=\"font-size:22px\">Acabamento de superf\u00edcie: NOVO<\/span><\/p>\n<p><span style=\"font-size:22px\">Garantia: garantia de 2 anos<\/span><\/p>\n<p><\/p>\n<p><\/p>\n<p><span style=\"font-size:22px\">Tipo de ve\u00edculo aplic\u00e1vel: Ford Focus C-Max Mk1 03-07<\/span><\/p>\n<p><\/p>\n<p><img data-recalc-dims=\"1\" decoding=\"async\" src=\"https:\/\/i0.wp.com\/ae01.alicdn.com\/kf\/S5ec2683f548e466c93cc2d81c37e8c712.jpg?w=1200&#038;ssl=1\"><img data-recalc-dims=\"1\" decoding=\"async\" src=\"https:\/\/i0.wp.com\/ae01.alicdn.com\/kf\/S1648b1ed4318497ea6ae823e05de3fe8A.jpg?w=1200&#038;ssl=1\"><img data-recalc-dims=\"1\" decoding=\"async\" src=\"https:\/\/i0.wp.com\/ae01.alicdn.com\/kf\/S6b3e19c814294142920c7144538217car.jpg?w=1200&#038;ssl=1\"><img data-recalc-dims=\"1\" decoding=\"async\" src=\"https:\/\/i0.wp.com\/ae01.alicdn.com\/kf\/Sa90a7c5d15a244a3a0e186d2c4ca545dM.jpg?w=1200&#038;ssl=1\"><img data-recalc-dims=\"1\" decoding=\"async\" src=\"https:\/\/i0.wp.com\/ae01.alicdn.com\/kf\/S81893f4a34914ffbacf1a9821f27b1a3l.jpg?w=1200&#038;ssl=1\"><img data-recalc-dims=\"1\" decoding=\"async\" src=\"https:\/\/i0.wp.com\/ae01.alicdn.com\/kf\/Sa7189bfbe3a34327a4bd8011f4b75bfdM.jpg?w=1200&#038;ssl=1\"><img data-recalc-dims=\"1\" loading=\"lazy\" decoding=\"async\" width=\"944\" height=\"944\" src=\"https:\/\/i0.wp.com\/ae01.alicdn.com\/kf\/S033b822b4d684c40a985939f4740468eW.jpg?resize=944%2C944&#038;ssl=1\"><img data-recalc-dims=\"1\" decoding=\"async\" src=\"https:\/\/i0.wp.com\/ae01.alicdn.com\/kf\/Sd88cd732a60646f3a832fce25ea11261y.png?w=1200&#038;ssl=1\"><\/p>\n<\/div>\n<\/div>\n","protected":false},"excerpt":{"rendered":"<p>4556337 KIT DE REPARO DE BLOQUEIO DE LIBERA\u00c7\u00c3O BONNET 3M5AR16B970AD PARA FORD FOCUS C-MAX 2003-2007 OEM N\u00c3O:4556337 3M5AR16B970AD Detalhe do produto: Condi\u00e7\u00e3o: 100% novo e de alta qualidade Acabamento de superf\u00edcie: NOVO Garantia: garantia de 2 anos Tipo de ve\u00edculo aplic\u00e1vel: Ford Focus C-Max Mk1 03-07<\/p>\n","protected":false},"featured_media":19522,"template":"","meta":{"neve_meta_sidebar":"","neve_meta_container":"","neve_meta_enable_content_width":"","neve_meta_content_width":0,"neve_meta_title_alignment":"","neve_meta_author_avatar":"","neve_post_elements_order":"","neve_meta_disable_header":"","neve_meta_disable_footer":"","neve_meta_disable_title":""},"product_brand":[],"product_cat":[57,22,17],"product_tag":[],"class_list":{"0":"post-19528","1":"product","2":"type-product","3":"status-publish","4":"has-post-thumbnail","6":"product_cat-macanetas-e-alcas-internas","7":"product_cat-partes-interiores","8":"product_cat-pecas-e-acessorios-automotivos","10":"first","11":"instock","12":"shipping-taxable","13":"purchasable","14":"product-type-variable"},"jetpack_sharing_enabled":true,"_links":{"self":[{"href":"https:\/\/listman.shop\/autoparts-br\/wp-json\/wp\/v2\/product\/19528","targetHints":{"allow":["GET"]}}],"collection":[{"href":"https:\/\/listman.shop\/autoparts-br\/wp-json\/wp\/v2\/product"}],"about":[{"href":"https:\/\/listman.shop\/autoparts-br\/wp-json\/wp\/v2\/types\/product"}],"wp:featuredmedia":[{"embeddable":true,"href":"https:\/\/listman.shop\/autoparts-br\/wp-json\/wp\/v2\/media\/19522"}],"wp:attachment":[{"href":"https:\/\/listman.shop\/autoparts-br\/wp-json\/wp\/v2\/media?parent=19528"}],"wp:term":[{"taxonomy":"product_brand","embeddable":true,"href":"https:\/\/listman.shop\/autoparts-br\/wp-json\/wp\/v2\/product_brand?post=19528"},{"taxonomy":"product_cat","embeddable":true,"href":"https:\/\/listman.shop\/autoparts-br\/wp-json\/wp\/v2\/product_cat?post=19528"},{"taxonomy":"product_tag","embeddable":true,"href":"https:\/\/listman.shop\/autoparts-br\/wp-json\/wp\/v2\/product_tag?post=19528"}],"curies":[{"name":"wp","href":"https:\/\/api.w.org\/{rel}","templated":true}]}}