{"id":2055,"date":"2024-10-13T00:24:39","date_gmt":"2024-10-12T15:24:39","guid":{"rendered":"https:\/\/listman.shop\/autoparts-br\/product\/1005004211843326\/"},"modified":"2026-04-18T02:28:18","modified_gmt":"2026-04-17T17:28:18","slug":"1005004211843326","status":"publish","type":"product","link":"https:\/\/listman.shop\/autoparts-br\/product\/1005004211843326\/","title":{"rendered":"Lhd rhd porta interior dianteiro traseiro woofer chifre som alto-falante grade capa para bmw x5 x6 x3 x4 5gt e70 e71 e72 f25 f26 f07"},"content":{"rendered":"<div class=\"detailmodule_image\"><img data-recalc-dims=\"1\" decoding=\"async\" src=\"https:\/\/i0.wp.com\/ae01.alicdn.com\/kf\/Hcd790908f1134b43850ff8ded0373f37N.jpg?w=1200&#038;ssl=1\" class=\"detail-desc-decorate-image\"><\/div>\n<div class=\"detailmodule_text\">\n<p class=\"detail-desc-decorate-content\" style=\"font-family: 'OpenSans';color:'#000';white-space: pre-wrap;font-weight: 300;font-size: 14px;line-height: 20px;color: #000;margin-bottom: 12px\">\n<div class=\"detailmodule_image\"><img data-recalc-dims=\"1\" decoding=\"async\" src=\"https:\/\/i0.wp.com\/ae01.alicdn.com\/kf\/Hcd790908f1134b43850ff8ded0373f37N.jpg?w=1200&#038;ssl=1\" class=\"detail-desc-decorate-image\"><\/div>\n<div class=\"detailmodule_text\">\n<p class=\"detail-desc-decorate-content\" style=\"font-family: 'OpenSans';color:'#000';white-space: pre-wrap;font-weight: 300;font-size: 14px;line-height: 20px;color: #000;margin-bottom: 12px\"><strong><span style=\"font-size:18px;font-family:tahoma, geneva, sans-serif\">Nome do produto<\/span><\/strong><span style=\"font-size:18px;font-family:tahoma, geneva, sans-serif\">:<\/span><\/p>\n<p class=\"detail-desc-decorate-content\" style=\"font-family: 'OpenSans';color:'#000';white-space: pre-wrap;font-weight: 300;font-size: 14px;line-height: 20px;color: #000;margin-bottom: 12px\"><span style=\"font-size:18px;font-family:tahoma, geneva, sans-serif\">Lhd rhd porta interior frente traseira woofer chifre som alto-falante capa guarni\u00e7\u00e3o substitui\u00e7\u00e3o para bmw x5 x6 x3 x4 5gt e70 e71 e72 f25 f26 f07<\/span><\/p>\n<\/div>\n<div class=\"detailmodule_text\">\n<p class=\"detail-desc-decorate-content\" style=\"font-family: 'OpenSans';color:'#000';white-space: pre-wrap;font-weight: 300;font-size: 14px;line-height: 20px;color: #000;margin-bottom: 12px\"><strong><span style=\"font-size:18px;font-family:tahoma, geneva, sans-serif\">Aplica\u00e7\u00e3o:<\/span><\/strong><\/p>\n<p class=\"detail-desc-decorate-content\" style=\"font-family: 'OpenSans';color:'#000';white-space: pre-wrap;font-weight: 300;font-size: 14px;line-height: 20px;color: #000;margin-bottom: 12px\"><span style=\"font-size:18px;font-family:tahoma, geneva, sans-serif\">PRETO:5141 6969 384<br \/>BEIGE:5141 6969 385<br \/>OYSTER:5141 7322 965<br \/>MOKA:5141 7353 928<br \/>GRIS:5141 6969 386<br \/>RETRO VERMELHO:5141 7322 966<br \/>TABACO:5141 6969 387<\/span><\/p>\n<\/div>\n<div class=\"detailmodule_html\">\n<div class=\"detail-desc-decorate-richtext\"><\/div>\n<\/div>\n<div class=\"detailmodule_text\">\n<p class=\"detail-desc-decorate-content\" style=\"font-family: 'OpenSans';color:'#000';white-space: pre-wrap;font-weight: 300;font-size: 14px;line-height: 20px;color: #000;margin-bottom: 12px\"><strong><span style=\"font-size:18px;font-family:tahoma, geneva, sans-serif\">Caracter\u00edsticas:<\/span><\/strong><span style=\"font-size:18px;font-family:Tahoma, Geneva, sans-serif\">Design atualizado, mais s\u00f3lido, n\u00e3o \u00e9 f\u00e1cil de quebrar, substitua perfeitamente.<\/span><\/p>\n<\/div>\n<div class=\"detailmodule_html\">\n<div class=\"detail-desc-decorate-richtext\">\n<p><strong><span style=\"font-size:18px;, Roboto, Arial, Helvetica, sans-serif, SimSun\"><span style=\"font-family:Tahoma, Geneva, sans-serif\"><span style=\"font-size:18px;font-family:Tahoma, Geneva, sans-serif\">Nota:<\/span><\/span><\/span><\/strong><br \/><span style=\"font-size:18px;, Roboto, Arial, Helvetica, sans-serif, SimSun\"><span style=\"font-family:Tahoma, Geneva, sans-serif\"><span style=\"font-size:18px;font-family:Tahoma, Geneva, sans-serif\">&#8211; Devido \u00e0 diferen\u00e7a de luz e tela, a cor do item pode ser ligeiramente diferente das imagens.Por favor, entenda.<\/span><\/span><\/span><br \/><span style=\"font-size:18px;, Roboto, Arial, Helvetica, sans-serif, SimSun\"><span style=\"font-family:Tahoma, Geneva, sans-serif\"><span style=\"font-size:18px;font-family:Tahoma, Geneva, sans-serif\">&#8211; Considere diferen\u00e7as de 1 a 2 mm devido \u00e0 medi\u00e7\u00e3o manual.<\/span><\/span><\/span><\/p>\n<p><img data-recalc-dims=\"1\" decoding=\"async\" class=\"detail-desc-decorate-image\" src=\"https:\/\/i0.wp.com\/ae01.alicdn.com\/kf\/H6e388ab71fee49a595ef822b7c46fe76v.jpg?w=1200&#038;ssl=1\"><img data-recalc-dims=\"1\" decoding=\"async\" src=\"https:\/\/i0.wp.com\/ae01.alicdn.com\/kf\/S774f7bd7745c43b0a39bd0d33d893a8bx.jpg?w=1200&#038;ssl=1\"><img data-recalc-dims=\"1\" decoding=\"async\" src=\"https:\/\/i0.wp.com\/ae01.alicdn.com\/kf\/S8d15bdbdb22944bf9a808887cc08d094m.jpg?w=1200&#038;ssl=1\"><img data-recalc-dims=\"1\" decoding=\"async\" src=\"https:\/\/i0.wp.com\/ae01.alicdn.com\/kf\/S4c2ce9efd17641d1ab04953d03d11a1aK.jpg?w=1200&#038;ssl=1\"><img data-recalc-dims=\"1\" decoding=\"async\" src=\"https:\/\/i0.wp.com\/ae01.alicdn.com\/kf\/S2e1dc85369704d799cbc0eb374079d06T.jpg?w=1200&#038;ssl=1\"><img data-recalc-dims=\"1\" decoding=\"async\" src=\"https:\/\/i0.wp.com\/ae01.alicdn.com\/kf\/S8bb0fbdd70d044368c1a459922a27cabO.jpg?w=1200&#038;ssl=1\"><img data-recalc-dims=\"1\" decoding=\"async\" src=\"https:\/\/i0.wp.com\/ae01.alicdn.com\/kf\/S8a57106f59204180b4db52083aff4ab1n.jpg?w=1200&#038;ssl=1\"><img data-recalc-dims=\"1\" decoding=\"async\" src=\"https:\/\/i0.wp.com\/ae01.alicdn.com\/kf\/Sb5370de38e144af99b1c7475ef9b29e1p.jpg?w=1200&#038;ssl=1\"><img data-recalc-dims=\"1\" decoding=\"async\" src=\"https:\/\/i0.wp.com\/ae01.alicdn.com\/kf\/Se86b225230f44cafbcc0ded05a770aa2I.jpg?w=1200&#038;ssl=1\"><img data-recalc-dims=\"1\" decoding=\"async\" src=\"https:\/\/i0.wp.com\/ae01.alicdn.com\/kf\/Sf1ecbd22327d4a4188b9ea70c2f14e52R.jpg?w=1200&#038;ssl=1\"><\/div>\n<\/div>\n<div class=\"detailmodule_image\"><img data-recalc-dims=\"1\" decoding=\"async\" src=\"https:\/\/i0.wp.com\/ae01.alicdn.com\/kf\/Ha8feb09e9290439fadd055e060ebbf9fs.jpg?w=1200&#038;ssl=1\" class=\"detail-desc-decorate-image\"><\/div>\n<div class=\"detailmodule_text\">\n<p class=\"detail-desc-decorate-content\" style=\"font-family: 'OpenSans';color:'#000';white-space: pre-wrap;font-weight: 300;font-size: 14px;line-height: 20px;color: #000;margin-bottom: 12px\">Por favor, verifique a descri\u00e7\u00e3o detalhada do produto e certifique-se de que as pe\u00e7as s\u00e3o adequadas para o seu carro antes de comprar.Se voc\u00ea n\u00e3o conseguir confirmar se a pe\u00e7a cabe no seu carro ou n\u00e3o, entre em contato conosco.Se voc\u00ea encomendou os produtos errados, poder\u00e1 nos devolver, mas precisar\u00e1 pagar o frete.<\/p>\n<\/div>\n<div class=\"detailmodule_text\">\n<p class=\"detail-desc-decorate-content\" style=\"font-family: 'OpenSans';color:'#000';white-space: pre-wrap;font-weight: 300;font-size: 14px;line-height: 20px;color: #000;margin-bottom: 12px\">Todas as fotos dos produtos s\u00e3o apenas para demonstra\u00e7\u00e3o e talvez uma pequena diferen\u00e7a com as pe\u00e7as reais.As pequenas diferen\u00e7as de cor e detalhes com o carro original s\u00e3o condi\u00e7\u00f5es normais.<\/p>\n<\/div>\n<div class=\"detailmodule_text\">\n<p class=\"detail-desc-decorate-content\" style=\"font-family: 'OpenSans';color:'#000';white-space: pre-wrap;font-weight: 300;font-size: 14px;line-height: 20px;color: #000;margin-bottom: 12px\">Por favor confirme os endere\u00e7os de entrega, tel.N\u00e3o., o nome do destinat\u00e1rio e o ID fiscal s\u00e3o detalhados e exatamente corretos.<\/p>\n<\/div>\n<div class=\"detailmodule_text\">\n<p class=\"detail-desc-decorate-content\" style=\"font-family: 'OpenSans';color:'#000';white-space: pre-wrap;font-weight: 300;font-size: 14px;line-height: 20px;color: #000;margin-bottom: 12px\">Se voc\u00ea n\u00e3o conseguir substituir bem as pe\u00e7as sozinho, poder\u00e1 reajust\u00e1-las ou ir \u00e0 loja de manuten\u00e7\u00e3o profissional local para instal\u00e1-las.<\/p>\n<\/div>\n<div class=\"detailmodule_image\"><img data-recalc-dims=\"1\" decoding=\"async\" src=\"https:\/\/i0.wp.com\/ae01.alicdn.com\/kf\/H1068f19d48fd4cb6a3b6c2a692ef4fc5Y.jpg?w=1200&#038;ssl=1\" class=\"detail-desc-decorate-image\"><\/div>\n<div class=\"detailmodule_text\">\n<p class=\"detail-desc-decorate-content\" style=\"font-family: 'OpenSans';color:'#000';white-space: pre-wrap;font-weight: 300;font-size: 14px;line-height: 20px;color: #000;margin-bottom: 12px\">Normalmente, o pedido ser\u00e1 enviado dentro de 2 a 7 dias \u00fateis ap\u00f3s receber o pagamento on-line, excluindo feriados.Aguarde de 24 a 48 horas para que os detalhes de rastreamento sejam atualizados online.<\/p>\n<\/div>\n<div class=\"detailmodule_text\">\n<p class=\"detail-desc-decorate-content\" style=\"font-family: 'OpenSans';color:'#000';white-space: pre-wrap;font-weight: 300;font-size: 14px;line-height: 20px;color: #000;margin-bottom: 12px\">Os dias de envio depender\u00e1\u00e3o do correio de entrega.Se voc\u00ea n\u00e3o recebeu o pacote dentro de 45 dias, entre em contato conosco para que possamos rastre\u00e1-lo para voc\u00ea.<\/p>\n<\/div>\n<div class=\"detailmodule_text\">\n<p class=\"detail-desc-decorate-content\" style=\"font-family: 'OpenSans';color:'#000';white-space: pre-wrap;font-weight: 300;font-size: 14px;line-height: 20px;color: #000;margin-bottom: 12px\">Se o pacote foi danificado durante o transporte, recuse-se a aceit\u00e1-lo e mantenha o registro e as evid\u00eancias de reclama\u00e7\u00e3o.<\/p>\n<\/div>\n<div class=\"detailmodule_text\">\n<p class=\"detail-desc-decorate-content\" style=\"font-family: 'OpenSans';color:'#000';white-space: pre-wrap;font-weight: 300;font-size: 14px;line-height: 20px;color: #000;margin-bottom: 12px\">Abra o pacote para verificar se as pe\u00e7as e acess\u00f3rios com os pacotes n\u00e3o est\u00e3o danificados durante o envio antes de assinar o pacote.<\/p>\n<\/div>\n<div class=\"detailmodule_image\"><img data-recalc-dims=\"1\" decoding=\"async\" src=\"https:\/\/i0.wp.com\/ae01.alicdn.com\/kf\/Hd6a346d5853b4ea2a65e5462bb4f24d15.jpg?w=1200&#038;ssl=1\" class=\"detail-desc-decorate-image\"><\/div>\n<div class=\"detailmodule_text\">\n<p class=\"detail-desc-decorate-content\" style=\"font-family: 'OpenSans';color:'#000';white-space: pre-wrap;font-weight: 300;font-size: 14px;line-height: 20px;color: #000;margin-bottom: 12px\">Se voc\u00ea n\u00e3o estiver satisfeito com nossos produtos, poder\u00e1 devolv\u00ea-los no prazo de 30 dias para substitui\u00e7\u00e3o ou devolu\u00e7\u00e3o do dinheiro.ent\u00e3o atualize o n\u00famero de rastreamento.de devolver o pacote no pedido de disputa.entre em contato conosco antes de devolv\u00ea-lo.<\/p>\n<\/div>\n<div class=\"detailmodule_text\">\n<p class=\"detail-desc-decorate-content\" style=\"font-family: 'OpenSans';color:'#000';white-space: pre-wrap;font-weight: 300;font-size: 14px;line-height: 20px;color: #000;margin-bottom: 12px\">O imposto de importa\u00e7\u00e3o do pacote ser\u00e1 pago pelos compradores.Se o comprador se recusar a fazer o desembara\u00e7o aduaneiro ou se recusar a aceitar o pacote da transportadora local para que o pacote seja destru\u00eddo ou faltando, n\u00e3o reembolsaremos aos clientes.<\/p>\n<\/div>\n<div class=\"detailmodule_text\">\n<p class=\"detail-desc-decorate-content\" style=\"font-family: 'OpenSans';color:'#000';white-space: pre-wrap;font-weight: 300;font-size: 14px;line-height: 20px;color: #000;margin-bottom: 12px\">Se as pe\u00e7as apresentarem problemas de qualidade, o custo de envio do pacote devolvido dever\u00e1 ser pago pelos compradores.<\/p>\n<\/div>\n<div class=\"detailmodule_text\">\n<p class=\"detail-desc-decorate-content\" style=\"font-family: 'OpenSans';color:'#000';white-space: pre-wrap;font-weight: 300;font-size: 14px;line-height: 20px;color: #000;margin-bottom: 12px\">Se as pe\u00e7as apresentarem problemas de qualidade, n\u00e3o hesite em entrar em contato conosco, faremos o poss\u00edvel para oferecer a solu\u00e7\u00e3o.<\/p>\n<\/div>\n<div class=\"detailmodule_text\">\n<p class=\"detail-desc-decorate-content\" style=\"font-family: 'OpenSans';color:'#000';white-space: pre-wrap;font-weight: 300;font-size: 14px;line-height: 20px;color: #000;margin-bottom: 12px\">Se voc\u00ea estiver satisfeito com nossos produtos e servi\u00e7os, envie-nos um bom coment\u00e1rio e um feedback de cinco estrelas.<\/p>\n<\/div>\n<div class=\"detailmodule_text\">\n<p class=\"detail-desc-decorate-content\" style=\"font-family: 'OpenSans';color:'#000';white-space: pre-wrap;font-weight: 300;font-size: 14px;line-height: 20px;color: #000;margin-bottom: 12px\">Adicionaremos os clientes \u00e0 nossa lista negra que deixar\u00e3o o coment\u00e1rio negativo apesaramente.<\/p>\n<\/div>\n<div class=\"detailmodule_image\"><img data-recalc-dims=\"1\" decoding=\"async\" src=\"https:\/\/i0.wp.com\/ae01.alicdn.com\/kf\/H02ee053a0ac2482abc7119a42c75d5755.jpg?w=1200&#038;ssl=1\" class=\"detail-desc-decorate-image\"><\/div>\n<div class=\"detailmodule_html\">\n<div class=\"detail-desc-decorate-richtext\">\n<p><\/p>\n<\/div>\n<\/div>\n<p class=\"detail-desc-decorate-content\" style=\"font-family: 'OpenSans';color:'#000';white-space: pre-wrap;font-weight: 300;font-size: 14px;line-height: 20px;color: #000;margin-bottom: 12px\"><span style=\"font-size:18px;font-family:tahoma, geneva, sans-serif\">LHD RHD Interior Door Front Rear Woofer Horn Sound Loudspeaker Cover Trim Replacement For BMW X5 X6 X3 X4 5GT E70 E71 E72 F25 F26 F07<\/span><\/p>\n<\/div>\n<div class=\"detailmodule_text\">\n<p class=\"detail-desc-decorate-content\" style=\"font-family: 'OpenSans';color:'#000';white-space: pre-wrap;font-weight: 300;font-size: 14px;line-height: 20px;color: #000;margin-bottom: 12px\"><strong><span style=\"font-size:18px;font-family:tahoma, geneva, sans-serif\">Application:&nbsp;<\/span><\/strong><\/p>\n<p class=\"detail-desc-decorate-content\" style=\"font-family: 'OpenSans';color:'#000';white-space: pre-wrap;font-weight: 300;font-size: 14px;line-height: 20px;color: #000;margin-bottom: 12px\"><span style=\"font-size:18px;font-family:tahoma, geneva, sans-serif\">BLACK:5141 6969 384<br \/>BEIGE:5141 6969 385<br \/>OYSTER:5141 7322 965 <br \/>MOKA:5141 7353 928<br \/>GRAY:5141 6969 386<br \/>RED BROWN:5141 7322 966<br \/>TABACO:5141 6969 387<\/span><\/p>\n<\/div>\n<div class=\"detailmodule_html\">\n<div class=\"detail-desc-decorate-richtext\"><\/div>\n<\/div>\n<div class=\"detailmodule_text\">\n<p class=\"detail-desc-decorate-content\" style=\"font-family: 'OpenSans';color:'#000';white-space: pre-wrap;font-weight: 300;font-size: 14px;line-height: 20px;color: #000;margin-bottom: 12px\"><strong><span style=\"font-size:18px;font-family:tahoma, geneva, sans-serif\">Features:<\/span><\/strong><span style=\"font-size:18px;font-family:Tahoma, Geneva, sans-serif\">Upgraded design, More Solid, Not easy to break, Replace perfectly.<\/span><\/p>\n<\/div>\n<div class=\"detailmodule_html\">\n<div class=\"detail-desc-decorate-richtext\">\n<p><strong><span style=\"font-size:18px;, Roboto, Arial, Helvetica, sans-serif, SimSun\"><span style=\"font-family:Tahoma, Geneva, sans-serif\"><span style=\"font-size:18px;font-family:Tahoma, Geneva, sans-serif\">Note:<\/span><\/span><\/span><\/strong><br \/><span style=\"font-size:18px;, Roboto, Arial, Helvetica, sans-serif, SimSun\"><span style=\"font-family:Tahoma, Geneva, sans-serif\"><span style=\"font-size:18px;font-family:Tahoma, Geneva, sans-serif\">&#8211; Due to the light and screen difference, the item&#8217;s color maybe slightly different from the pictures. Please understand.<\/span><\/span><\/span><br \/><span style=\"font-size:18px;, Roboto, Arial, Helvetica, sans-serif, SimSun\"><span style=\"font-family:Tahoma, Geneva, sans-serif\"><span style=\"font-size:18px;font-family:Tahoma, Geneva, sans-serif\">&#8211; Please allow 1-2mm differences because of the manual easurement.<\/span><\/span><\/span><\/p>\n<p><img data-recalc-dims=\"1\" decoding=\"async\" class=\"detail-desc-decorate-image\" src=\"https:\/\/i0.wp.com\/ae01.alicdn.com\/kf\/H6e388ab71fee49a595ef822b7c46fe76v.jpg?w=1200&#038;ssl=1\" \/><img data-recalc-dims=\"1\" decoding=\"async\" src=\"https:\/\/i0.wp.com\/ae01.alicdn.com\/kf\/S774f7bd7745c43b0a39bd0d33d893a8bx.jpg?w=1200&#038;ssl=1\" \/><img data-recalc-dims=\"1\" decoding=\"async\" src=\"https:\/\/i0.wp.com\/ae01.alicdn.com\/kf\/S8d15bdbdb22944bf9a808887cc08d094m.jpg?w=1200&#038;ssl=1\" \/><img data-recalc-dims=\"1\" decoding=\"async\" src=\"https:\/\/i0.wp.com\/ae01.alicdn.com\/kf\/S4c2ce9efd17641d1ab04953d03d11a1aK.jpg?w=1200&#038;ssl=1\" \/><img data-recalc-dims=\"1\" decoding=\"async\" src=\"https:\/\/i0.wp.com\/ae01.alicdn.com\/kf\/S2e1dc85369704d799cbc0eb374079d06T.jpg?w=1200&#038;ssl=1\" \/><img data-recalc-dims=\"1\" decoding=\"async\" src=\"https:\/\/i0.wp.com\/ae01.alicdn.com\/kf\/S8bb0fbdd70d044368c1a459922a27cabO.jpg?w=1200&#038;ssl=1\" \/><img data-recalc-dims=\"1\" decoding=\"async\" src=\"https:\/\/i0.wp.com\/ae01.alicdn.com\/kf\/S8a57106f59204180b4db52083aff4ab1n.jpg?w=1200&#038;ssl=1\" \/><img data-recalc-dims=\"1\" decoding=\"async\" src=\"https:\/\/i0.wp.com\/ae01.alicdn.com\/kf\/Sb5370de38e144af99b1c7475ef9b29e1p.jpg?w=1200&#038;ssl=1\" \/><img data-recalc-dims=\"1\" decoding=\"async\" src=\"https:\/\/i0.wp.com\/ae01.alicdn.com\/kf\/Se86b225230f44cafbcc0ded05a770aa2I.jpg?w=1200&#038;ssl=1\" \/><img data-recalc-dims=\"1\" decoding=\"async\" src=\"https:\/\/i0.wp.com\/ae01.alicdn.com\/kf\/Sf1ecbd22327d4a4188b9ea70c2f14e52R.jpg?w=1200&#038;ssl=1\" \/><\/div>\n<\/div>\n<div class=\"detailmodule_image\"><img data-recalc-dims=\"1\" decoding=\"async\" src=\"https:\/\/i0.wp.com\/ae01.alicdn.com\/kf\/Ha8feb09e9290439fadd055e060ebbf9fs.jpg?w=1200&#038;ssl=1\" class=\"detail-desc-decorate-image\"><\/div>\n<div class=\"detailmodule_text\">\n<p class=\"detail-desc-decorate-content\" style=\"font-family: 'OpenSans';color:'#000';white-space: pre-wrap;font-weight: 300;font-size: 14px;line-height: 20px;color: #000;margin-bottom: 12px\">Please check the detailed description about the product and make surethe parts are fit for your car before purchasing. If you can not confirm the part fit your car or not, please contact with us. If you ordered the wrong products, you can return to us, but you need to pay the freight.<\/p>\n<\/div>\n<div class=\"detailmodule_text\">\n<p class=\"detail-desc-decorate-content\" style=\"font-family: 'OpenSans';color:'#000';white-space: pre-wrap;font-weight: 300;font-size: 14px;line-height: 20px;color: #000;margin-bottom: 12px\">All photos of the products are for demonstration only and maybe a little difference with actual parts. The slight color and details differences with original car are normal condition.<\/p>\n<\/div>\n<div class=\"detailmodule_text\">\n<p class=\"detail-desc-decorate-content\" style=\"font-family: 'OpenSans';color:'#000';white-space: pre-wrap;font-weight: 300;font-size: 14px;line-height: 20px;color: #000;margin-bottom: 12px\">Please confirm the shipping addresses,&nbsp;tel. No. ,receiver name and tax ID are detailed and exact correct.<\/p>\n<\/div>\n<div class=\"detailmodule_text\">\n<p class=\"detail-desc-decorate-content\" style=\"font-family: 'OpenSans';color:'#000';white-space: pre-wrap;font-weight: 300;font-size: 14px;line-height: 20px;color: #000;margin-bottom: 12px\">If you cannot replace the parts well by yourself, you can re-adjust it or go to your local professional maintain store to install it.<\/p>\n<\/div>\n<div class=\"detailmodule_image\"><img data-recalc-dims=\"1\" decoding=\"async\" src=\"https:\/\/i0.wp.com\/ae01.alicdn.com\/kf\/H1068f19d48fd4cb6a3b6c2a692ef4fc5Y.jpg?w=1200&#038;ssl=1\" class=\"detail-desc-decorate-image\"><\/div>\n<div class=\"detailmodule_text\">\n<p class=\"detail-desc-decorate-content\" style=\"font-family: 'OpenSans';color:'#000';white-space: pre-wrap;font-weight: 300;font-size: 14px;line-height: 20px;color: #000;margin-bottom: 12px\">Usually, the order will be shipped within 2-7 working days after receive the payment online excluding the holiday. Please allow 24-48 hours for tracking details to update online.<\/p>\n<\/div>\n<div class=\"detailmodule_text\">\n<p class=\"detail-desc-decorate-content\" style=\"font-family: 'OpenSans';color:'#000';white-space: pre-wrap;font-weight: 300;font-size: 14px;line-height: 20px;color: #000;margin-bottom: 12px\">The shipping days will depend on the delivery courier. If you did not receive the package within 45 days, please contact with us so that we can track it for you.<\/p>\n<\/div>\n<div class=\"detailmodule_text\">\n<p class=\"detail-desc-decorate-content\" style=\"font-family: 'OpenSans';color:'#000';white-space: pre-wrap;font-weight: 300;font-size: 14px;line-height: 20px;color: #000;margin-bottom: 12px\">If the package was damaged during shipping, please refuse to accept it and keep the record and evidence for claim.<\/p>\n<\/div>\n<div class=\"detailmodule_text\">\n<p class=\"detail-desc-decorate-content\" style=\"font-family: 'OpenSans';color:'#000';white-space: pre-wrap;font-weight: 300;font-size: 14px;line-height: 20px;color: #000;margin-bottom: 12px\">Please open the package to check the parts and accessories with packages are not damaged during the shipping before you sign in the parcel.<\/p>\n<\/div>\n<div class=\"detailmodule_image\"><img data-recalc-dims=\"1\" decoding=\"async\" src=\"https:\/\/i0.wp.com\/ae01.alicdn.com\/kf\/Hd6a346d5853b4ea2a65e5462bb4f24d15.jpg?w=1200&#038;ssl=1\" class=\"detail-desc-decorate-image\"><\/div>\n<div class=\"detailmodule_text\">\n<p class=\"detail-desc-decorate-content\" style=\"font-family: 'OpenSans';color:'#000';white-space: pre-wrap;font-weight: 300;font-size: 14px;line-height: 20px;color: #000;margin-bottom: 12px\">&nbsp;If you are not satisfied with our products, you can return it within 30 days for a replacement or money back. then update the tracking No. of returning parcel on the dispute order. please contact with us before you return it.<\/p>\n<\/div>\n<div class=\"detailmodule_text\">\n<p class=\"detail-desc-decorate-content\" style=\"font-family: 'OpenSans';color:'#000';white-space: pre-wrap;font-weight: 300;font-size: 14px;line-height: 20px;color: #000;margin-bottom: 12px\">Import tax for the package will be paid by buyers. If the buyer&nbsp;refused to make the custom clearance or refused to accept the parcel from the local carrier so that the package was destroyed or missing, we will not refund to customers.<\/p>\n<\/div>\n<div class=\"detailmodule_text\">\n<p class=\"detail-desc-decorate-content\" style=\"font-family: 'OpenSans';color:'#000';white-space: pre-wrap;font-weight: 300;font-size: 14px;line-height: 20px;color: #000;margin-bottom: 12px\">If the parts are without quality problem, the shipping cost for returning parcel should be paid by buyers.<\/p>\n<\/div>\n<div class=\"detailmodule_text\">\n<p class=\"detail-desc-decorate-content\" style=\"font-family: 'OpenSans';color:'#000';white-space: pre-wrap;font-weight: 300;font-size: 14px;line-height: 20px;color: #000;margin-bottom: 12px\">If the parts are with quality problem, you can feel free to contact with us, we will try our best to offer the solution.<\/p>\n<\/div>\n<div class=\"detailmodule_text\">\n<p class=\"detail-desc-decorate-content\" style=\"font-family: 'OpenSans';color:'#000';white-space: pre-wrap;font-weight: 300;font-size: 14px;line-height: 20px;color: #000;margin-bottom: 12px\">If you are satisfied with our products and service, please give us a good comment and five stars feedback.<\/p>\n<\/div>\n<div class=\"detailmodule_text\">\n<p class=\"detail-desc-decorate-content\" style=\"font-family: 'OpenSans';color:'#000';white-space: pre-wrap;font-weight: 300;font-size: 14px;line-height: 20px;color: #000;margin-bottom: 12px\">We will add the customers into our blacklist who leave the negative comment spitefully.<\/p>\n<\/div>\n<div class=\"detailmodule_image\"><img data-recalc-dims=\"1\" decoding=\"async\" src=\"https:\/\/i0.wp.com\/ae01.alicdn.com\/kf\/H02ee053a0ac2482abc7119a42c75d5755.jpg?w=1200&#038;ssl=1\" class=\"detail-desc-decorate-image\"><\/div>\n<div class=\"detailmodule_html\">\n<div class=\"detail-desc-decorate-richtext\">\n<p><\/p>\n<\/div>\n<\/div>\n","protected":false},"excerpt":{"rendered":"<p>Nome do produto: Lhd rhd porta interior frente traseira woofer chifre som alto-falante capa guarni\u00e7\u00e3o substitui\u00e7\u00e3o para bmw x5 x6 x3 x4 5gt e70 e71 e72 f25 f26 f07 Aplica\u00e7\u00e3o: PRETO:5141 6969 384BEIGE:5141 6969 385OYSTER:5141 7322 965MOKA:5141 7353 928GRIS:5141 6969 386RETRO VERMELHO:5141 7322 966TABACO:5141 6969 387 Caracter\u00edsticas:Design atualizado, mais s\u00f3lido, n\u00e3o \u00e9 f\u00e1cil de quebrar,&hellip;&nbsp;<\/p>\n","protected":false},"featured_media":2049,"template":"","meta":{"neve_meta_sidebar":"","neve_meta_container":"","neve_meta_enable_content_width":"","neve_meta_content_width":0,"neve_meta_title_alignment":"","neve_meta_author_avatar":"","neve_post_elements_order":"","neve_meta_disable_header":"","neve_meta_disable_footer":"","neve_meta_disable_title":""},"product_brand":[],"product_cat":[41,22,17],"product_tag":[],"class_list":{"0":"post-2055","1":"product","2":"type-product","3":"status-publish","4":"has-post-thumbnail","6":"product_cat-paineis-porta-interior-e-painel-protetor","7":"product_cat-partes-interiores","8":"product_cat-pecas-e-acessorios-automotivos","10":"first","11":"instock","12":"shipping-taxable","13":"purchasable","14":"product-type-variable","15":"has-default-attributes"},"jetpack_sharing_enabled":true,"_links":{"self":[{"href":"https:\/\/listman.shop\/autoparts-br\/wp-json\/wp\/v2\/product\/2055","targetHints":{"allow":["GET"]}}],"collection":[{"href":"https:\/\/listman.shop\/autoparts-br\/wp-json\/wp\/v2\/product"}],"about":[{"href":"https:\/\/listman.shop\/autoparts-br\/wp-json\/wp\/v2\/types\/product"}],"wp:featuredmedia":[{"embeddable":true,"href":"https:\/\/listman.shop\/autoparts-br\/wp-json\/wp\/v2\/media\/2049"}],"wp:attachment":[{"href":"https:\/\/listman.shop\/autoparts-br\/wp-json\/wp\/v2\/media?parent=2055"}],"wp:term":[{"taxonomy":"product_brand","embeddable":true,"href":"https:\/\/listman.shop\/autoparts-br\/wp-json\/wp\/v2\/product_brand?post=2055"},{"taxonomy":"product_cat","embeddable":true,"href":"https:\/\/listman.shop\/autoparts-br\/wp-json\/wp\/v2\/product_cat?post=2055"},{"taxonomy":"product_tag","embeddable":true,"href":"https:\/\/listman.shop\/autoparts-br\/wp-json\/wp\/v2\/product_tag?post=2055"}],"curies":[{"name":"wp","href":"https:\/\/api.w.org\/{rel}","templated":true}]}}