{"id":20589,"date":"2024-12-22T03:10:47","date_gmt":"2024-12-21T18:10:47","guid":{"rendered":"https:\/\/listman.shop\/autoparts-br\/product\/1005006056176931\/"},"modified":"2026-04-18T03:50:06","modified_gmt":"2026-04-17T18:50:06","slug":"1005006056176931","status":"publish","type":"product","link":"https:\/\/listman.shop\/autoparts-br\/product\/1005006056176931\/","title":{"rendered":"12v carro de corrida starter start stop bot\u00e3o luz igni\u00e7\u00e3o interruptor painel fibra carbono acess\u00f3rios automotivos para barco atv utv"},"content":{"rendered":"<div class=\"detailmodule_html\">\n<div class=\"detail-desc-decorate-richtext\">\n<p><span style=\"font-size:22px;font-family:arial, helvetica, sans-serif\"><strong id=\"tl_1\">Features:<\/strong><\/span><br \/><span style=\"font-size:18px;, Roboto, Arial, Helvetica, sans-serif, SimSun\" id=\"tl_2\">and stop your car engine with ease using this high quality 12V 40A automotive ignition panel.<\/span><br \/><span style=\"font-size:18px;, Roboto, Arial, Helvetica, sans-serif, SimSun\" id=\"tl_3\">Designed with a sleek rockers and an engine button, this panel is not only aesthetically pleasing but also durable and reliable.<\/span><br \/><span style=\"font-size:18px;, Roboto, Arial, Helvetica, sans-serif, SimSun\" id=\"tl_4\">Perfect for car owners of all types, especially DIY enthusiasts and car modification lovers who are interested in the car ignition system.<\/span><br \/><span style=\"font-size:18px;, Roboto, Arial, Helvetica, sans-serif, SimSun\" id=\"tl_5\">Whether you&#8217;re driving daily, traveling, or exploring the great outdoors, this panel is suitable for various car models and can be used in any scenario.<\/span><br \/><span style=\"font-size:18px;, Roboto, Arial, Helvetica, sans-serif, SimSun\" id=\"tl_6\">Upgrade your car ignition system or replace an old effortlessly with this versatile and waterproof panel.<\/span><\/p>\n<p><span style=\"font-size:20px;font-family:arial, helvetica, sans-serif\"><strong id=\"tl_7\">Specifications:<\/strong><\/span><br \/><span style=\"font-size:18px;, Roboto, Arial, Helvetica, sans-serif, SimSun\" id=\"tl_8\">Material:Metal+Plastic<\/span><br \/><span style=\"font-size:18px;, Roboto, Arial, Helvetica, sans-serif, SimSun\" id=\"tl_9\">Size\/Style:As Picture Shown<\/span><br \/><span style=\"font-size:18px;, Roboto, Arial, Helvetica, sans-serif, SimSun\" id=\"tl_10\">current : 40A<\/span><\/p>\n<p><\/p>\n<p><strong><span style=\"font-size:20px;font-family:arial, helvetica, sans-serif\" id=\"tl_11\">Installment and use<\/span><\/strong><span style=\"font-size:20px;, Roboto, Arial, Helvetica, sans-serif, SimSun\"><strong>:<\/strong><\/span><br \/><span style=\"font-size:18px;, Roboto, Arial, Helvetica, sans-serif, SimSun\" id=\"tl_12\">With wiring relays screws<\/span><br \/><span style=\"font-size:18px;, Roboto, Arial, Helvetica, sans-serif, SimSun\" id=\"tl_13\">Pre-drilled mounting holes.<\/span><br \/><span style=\"font-size:18px;, Roboto, Arial, Helvetica, sans-serif, SimSun\" id=\"tl_14\">Come with the relays to control the buttons of this item.<\/span><br \/><span style=\"font-size:18px;, Roboto, Arial, Helvetica, sans-serif, SimSun\" id=\"tl_15\">Pre-drilled mounting holes design is convenient for installing.<\/span><br \/><span style=\"font-size:18px;, Roboto, Arial, Helvetica, sans-serif, SimSun\" id=\"tl_16\">Idealfor any speeding &amp; vehicles:car or boats etc.<\/span><\/p>\n<p><span style=\"font-size:20px;, Roboto, Arial, Helvetica, sans-serif, SimSun\"><strong id=\"tl_17\">Note:<\/strong><\/span><br \/><span style=\"font-size:18px;, Roboto, Arial, Helvetica, sans-serif, SimSun\" id=\"tl_18\">\u2460.Please allow 1-2cm errors due to manual measurement, make sure that you do not mind before you order.<\/span><br \/><span style=\"font-size:18px;, Roboto, Arial, Helvetica, sans-serif, SimSun\" id=\"tl_19\">\u2461.Due to the difference between different monitors, the picture may not reflect the actual color of the item.<\/span><br \/><span style=\"font-size:18px;, Roboto, Arial, Helvetica, sans-serif, SimSun\" id=\"tl_20\">Thanks for your understandings.<\/span><img data-recalc-dims=\"1\" decoding=\"async\" src=\"https:\/\/i0.wp.com\/ae01.alicdn.com\/kf\/S73a84925978147f08aefed475ae45e52h.jpg?w=1200&#038;ssl=1\" \/><img data-recalc-dims=\"1\" decoding=\"async\" src=\"https:\/\/i0.wp.com\/ae01.alicdn.com\/kf\/S094f647e23ec4c338fdd757eb7d1ccb7F.jpg?w=1200&#038;ssl=1\" \/><img data-recalc-dims=\"1\" decoding=\"async\" src=\"https:\/\/i0.wp.com\/ae01.alicdn.com\/kf\/S1f2703cd5b7646bb8c4b9ef3036d678cy.jpg?w=1200&#038;ssl=1\" \/><img data-recalc-dims=\"1\" decoding=\"async\" src=\"https:\/\/i0.wp.com\/ae01.alicdn.com\/kf\/S2e90d2f360d941309667fd99f3bb3308j.jpg?w=1200&#038;ssl=1\" \/><img data-recalc-dims=\"1\" decoding=\"async\" src=\"https:\/\/i0.wp.com\/ae01.alicdn.com\/kf\/Sd79ca65b414041b4ae087b296bc2fb5aQ.jpg?w=1200&#038;ssl=1\" \/><img data-recalc-dims=\"1\" decoding=\"async\" src=\"https:\/\/i0.wp.com\/ae01.alicdn.com\/kf\/S7841f3762e524dcebec526c02d29c96ez.jpg?w=1200&#038;ssl=1\" \/><img data-recalc-dims=\"1\" decoding=\"async\" src=\"https:\/\/i0.wp.com\/ae01.alicdn.com\/kf\/Sca72a2f535fe47bb9f78f10f44bef76bZ.jpg?w=1200&#038;ssl=1\" \/><img data-recalc-dims=\"1\" decoding=\"async\" src=\"https:\/\/i0.wp.com\/ae01.alicdn.com\/kf\/S9665a84f54df48fd9fce047560ef1c476.jpg?w=1200&#038;ssl=1\" \/><img data-recalc-dims=\"1\" decoding=\"async\" src=\"https:\/\/i0.wp.com\/ae01.alicdn.com\/kf\/S2ee358127d664706972527cfe1975fc3q.jpg?w=1200&#038;ssl=1\" \/><img data-recalc-dims=\"1\" decoding=\"async\" src=\"https:\/\/i0.wp.com\/ae01.alicdn.com\/kf\/Sf18e58ded1734c198619200aa0d6fa32z.jpg?w=1200&#038;ssl=1\" \/><img data-recalc-dims=\"1\" decoding=\"async\" src=\"https:\/\/i0.wp.com\/ae01.alicdn.com\/kf\/S6879d6f7e3504af6babf8b93fc832ee5J.jpg?w=1200&#038;ssl=1\" \/><img data-recalc-dims=\"1\" decoding=\"async\" src=\"https:\/\/i0.wp.com\/ae01.alicdn.com\/kf\/S9d4bb16e82a348b2909009e94856e1b8H.jpg?w=1200&#038;ssl=1\" \/><\/p>\n<p><a href=\"https:\/\/www.aliexpress.com\/item\/1005006056176931.html\" target=\"_self\" class=\"\"><img data-recalc-dims=\"1\" loading=\"lazy\" decoding=\"async\" width=\"944\" height=\"208\" src=\"https:\/\/i0.wp.com\/ae01.alicdn.com\/kf\/S210eb20904a74b9da2cada812ab952783.jpg?resize=944%2C208&#038;ssl=1\" \/><\/a><\/p>\n<\/div>\n<\/div>\n","protected":false},"excerpt":{"rendered":"<p>Features:and stop your car engine with ease using this high quality 12V 40A automotive ignition panel.Designed with a sleek rockers and an engine button, this panel is not only aesthetically pleasing but also durable and reliable.Perfect for car owners of all types, especially DIY enthusiasts and car modification lovers who are interested in the car&hellip;&nbsp;<\/p>\n","protected":false},"featured_media":20584,"template":"","meta":{"neve_meta_sidebar":"","neve_meta_container":"","neve_meta_enable_content_width":"","neve_meta_content_width":0,"neve_meta_title_alignment":"","neve_meta_author_avatar":"","neve_post_elements_order":"","neve_meta_disable_header":"","neve_meta_disable_footer":"","neve_meta_disable_title":""},"product_brand":[],"product_cat":[43,22,17],"product_tag":[],"class_list":{"0":"post-20589","1":"product","2":"type-product","3":"status-publish","4":"has-post-thumbnail","6":"product_cat-interruptores-e-controles","7":"product_cat-partes-interiores","8":"product_cat-pecas-e-acessorios-automotivos","10":"first","11":"instock","12":"shipping-taxable","13":"purchasable","14":"product-type-variable","15":"has-default-attributes"},"jetpack_sharing_enabled":true,"_links":{"self":[{"href":"https:\/\/listman.shop\/autoparts-br\/wp-json\/wp\/v2\/product\/20589","targetHints":{"allow":["GET"]}}],"collection":[{"href":"https:\/\/listman.shop\/autoparts-br\/wp-json\/wp\/v2\/product"}],"about":[{"href":"https:\/\/listman.shop\/autoparts-br\/wp-json\/wp\/v2\/types\/product"}],"wp:featuredmedia":[{"embeddable":true,"href":"https:\/\/listman.shop\/autoparts-br\/wp-json\/wp\/v2\/media\/20584"}],"wp:attachment":[{"href":"https:\/\/listman.shop\/autoparts-br\/wp-json\/wp\/v2\/media?parent=20589"}],"wp:term":[{"taxonomy":"product_brand","embeddable":true,"href":"https:\/\/listman.shop\/autoparts-br\/wp-json\/wp\/v2\/product_brand?post=20589"},{"taxonomy":"product_cat","embeddable":true,"href":"https:\/\/listman.shop\/autoparts-br\/wp-json\/wp\/v2\/product_cat?post=20589"},{"taxonomy":"product_tag","embeddable":true,"href":"https:\/\/listman.shop\/autoparts-br\/wp-json\/wp\/v2\/product_tag?post=20589"}],"curies":[{"name":"wp","href":"https:\/\/api.w.org\/{rel}","templated":true}]}}