{"id":2072,"date":"2024-10-13T00:25:52","date_gmt":"2024-10-12T15:25:52","guid":{"rendered":"https:\/\/listman.shop\/autoparts-br\/product\/1005004238877001\/"},"modified":"2026-04-28T00:40:08","modified_gmt":"2026-04-27T15:40:08","slug":"1005004238877001","status":"publish","type":"product","link":"https:\/\/listman.shop\/autoparts-br\/product\/1005004238877001\/","title":{"rendered":"6 Polegada fino 650cfm ventiladores de refrigera\u00e7\u00e3o do radiador universal fino puxar push 12v 80w ventilador el\u00e9trico substitui\u00e7\u00e3o direta com kit montagem"},"content":{"rendered":"<div class=\"detailmodule_html\">\n<div class=\"detail-desc-decorate-richtext\">\n<div class=\"detailmodule_html\">\n<div class=\"detail-desc-decorate-richtext\">\n<p>Montagem: Universal, para qualquer ve\u00edculo de 12V DC, melhor para caminh\u00e3o, reboque, captador etc.<\/p>\n<p>Este \u00e9 um \u00f3timo ventilador el\u00e9trico para sua Hot Rod ou Street Rod.<\/p>\n<p>Adapta-se \u00e0 maioria dos hot rod e motores cl\u00e1ssicos, incluindo: Chevy, GMC, Cadillac, Pontiac, Buick, Ford ect.Serve para: 265 283 305 307 327 350 383 400 396 402 427 454 472 502 260 289 302 347 352 360 390 406 427 428 429 460 273 318 340 360 361 383 400 413 440 455 330 326 motores.<\/p>\n<p><\/p>\n<p>Como escolher o tamanho de ventilador certo?<\/p>\n<p>1:Confirme a largura e a profundidade do seu radiador<\/p>\n<p><\/p>\n<p>2: Compare o di\u00e2metro e a profundidade do ventilador com o radiador<\/p>\n<p><\/p>\n<p>3: Escolha o tamanho certo de ventilador<\/p>\n<p><\/p>\n<p>Instala\u00e7\u00e3o:<\/p>\n<p>1: Abra o cap\u00f4 do carro e remova o tubo de entrada acima da ventoinha de resfriamento, para que a ventoinha de resfriamento possa ser removida suavemente.<\/p>\n<p><\/p>\n<p>2: O ventilador de resfriamento e o ventilador do ar condicionado est\u00e3o localizados acima da estrutura do ventilador, com um total de quatro cantos, um parafuso em cada canto.Use uma ferramenta profissional para desparafusar os quatro parafusos.Quando os parafusos estiverem todos desparafusados, podemos remover a ventoinha do carro.<\/p>\n<p><\/p>\n<p>3: Instale a nova ventoinha de resfriamento corretamente na nova estrutura da ventoinha e aperte e prenda os quatro parafusos nos quatro cantos.<\/p>\n<p><\/p>\n<p>4: Inicie o teste do motor e o ventilador poder\u00e1 funcionar normalmente.Depois de verificar o erro, instale o tubo de admiss\u00e3o na posi\u00e7\u00e3o correta.<\/p>\n<p><\/p>\n<p>5: Aperte os parafusos de fixa\u00e7\u00e3o do tubo de admiss\u00e3o, feche o cap\u00f4 e teste para garantir que o novo ventilador do radiador esteja funcionando corretamente e que todas as opera\u00e7\u00f5es estejam conclu\u00eddas.<img data-recalc-dims=\"1\" decoding=\"async\" src=\"https:\/\/i0.wp.com\/ae01.alicdn.com\/kf\/Sdce038945e99474e812e5efa11f035c6N.jpg?w=1200&#038;ssl=1\"><img data-recalc-dims=\"1\" decoding=\"async\" src=\"https:\/\/i0.wp.com\/ae01.alicdn.com\/kf\/Se7f6021838b4409582f3312c107e5174V.jpg?w=1200&#038;ssl=1\"><img data-recalc-dims=\"1\" decoding=\"async\" src=\"https:\/\/i0.wp.com\/ae01.alicdn.com\/kf\/S0ed368488b864fa487c76019d9f41a5aG.jpg?w=1200&#038;ssl=1\"><img data-recalc-dims=\"1\" decoding=\"async\" src=\"https:\/\/i0.wp.com\/ae01.alicdn.com\/kf\/Sbc6f699631fc498b92b8abb92d12b74bd.jpg?w=1200&#038;ssl=1\"><img data-recalc-dims=\"1\" decoding=\"async\" src=\"https:\/\/i0.wp.com\/ae01.alicdn.com\/kf\/Sefc0c523a3e04038a632b02c196a494eH.jpg?w=1200&#038;ssl=1\"><\/p>\n<\/div>\n<\/div>\n<p><\/div>\n<\/div>\n","protected":false},"excerpt":{"rendered":"<p>Montagem: Universal, para qualquer ve\u00edculo de 12V DC, melhor para caminh\u00e3o, reboque, captador etc. Este \u00e9 um \u00f3timo ventilador el\u00e9trico para sua Hot Rod ou Street Rod. Adapta-se \u00e0 maioria dos hot rod e motores cl\u00e1ssicos, incluindo: Chevy, GMC, Cadillac, Pontiac, Buick, Ford ect.Serve para: 265 283 305 307 327 350 383 400 396 402&hellip;&nbsp;<\/p>\n","protected":false},"featured_media":2066,"template":"","meta":{"neve_meta_sidebar":"","neve_meta_container":"","neve_meta_enable_content_width":"","neve_meta_content_width":0,"neve_meta_title_alignment":"","neve_meta_author_avatar":"","neve_post_elements_order":"","neve_meta_disable_header":"","neve_meta_disable_footer":"","neve_meta_disable_title":""},"product_brand":[],"product_cat":[21,17,49],"product_tag":[],"class_list":{"0":"post-2072","1":"product","2":"type-product","3":"status-publish","4":"has-post-thumbnail","6":"product_cat-motores-pecas-de-motor","7":"product_cat-pecas-e-acessorios-automotivos","8":"product_cat-sistemas-de-refrigeracao","10":"first","11":"instock","12":"shipping-taxable","13":"purchasable","14":"product-type-variable","15":"has-default-attributes"},"jetpack_sharing_enabled":true,"_links":{"self":[{"href":"https:\/\/listman.shop\/autoparts-br\/wp-json\/wp\/v2\/product\/2072","targetHints":{"allow":["GET"]}}],"collection":[{"href":"https:\/\/listman.shop\/autoparts-br\/wp-json\/wp\/v2\/product"}],"about":[{"href":"https:\/\/listman.shop\/autoparts-br\/wp-json\/wp\/v2\/types\/product"}],"wp:featuredmedia":[{"embeddable":true,"href":"https:\/\/listman.shop\/autoparts-br\/wp-json\/wp\/v2\/media\/2066"}],"wp:attachment":[{"href":"https:\/\/listman.shop\/autoparts-br\/wp-json\/wp\/v2\/media?parent=2072"}],"wp:term":[{"taxonomy":"product_brand","embeddable":true,"href":"https:\/\/listman.shop\/autoparts-br\/wp-json\/wp\/v2\/product_brand?post=2072"},{"taxonomy":"product_cat","embeddable":true,"href":"https:\/\/listman.shop\/autoparts-br\/wp-json\/wp\/v2\/product_cat?post=2072"},{"taxonomy":"product_tag","embeddable":true,"href":"https:\/\/listman.shop\/autoparts-br\/wp-json\/wp\/v2\/product_tag?post=2072"}],"curies":[{"name":"wp","href":"https:\/\/api.w.org\/{rel}","templated":true}]}}