{"id":21396,"date":"2024-12-22T03:27:59","date_gmt":"2024-12-21T18:27:59","guid":{"rendered":"https:\/\/listman.shop\/autoparts-br\/product\/1005006275835566\/"},"modified":"2026-04-08T03:17:46","modified_gmt":"2026-04-07T18:17:46","slug":"1005006275835566","status":"publish","type":"product","link":"https:\/\/listman.shop\/autoparts-br\/product\/1005006275835566\/","title":{"rendered":"24v 12v 6 gang luz interruptor de altern\u00e2ncia painel bot\u00f5es controle circuito com fus\u00edvel indicador led acess\u00f3rios do carro para barco caminh\u00e3o reboque"},"content":{"rendered":"<div class=\"detailmodule_html\">\n<div class=\"detail-desc-decorate-richtext\">\n<div class=\"detailmodule_dynamic\">\n<p> <span><br \/><\/span>\n<\/div>\n<p><img data-recalc-dims=\"1\" decoding=\"async\" src=\"https:\/\/i0.wp.com\/ae01.alicdn.com\/kf\/H3478b23a304844fea0cc9bad9ee17cc2q.jpg?w=1200\" \/><\/p>\n<p style=\"font-family:Verdana, Arial, Helvetica, sans-serif;font-size:10px;white-space:normal;margin:2px;margin-bottom:2px;margin-top:2px;margin-left:2px;margin-right:2px\"><span style=\"font-size:small;font-family:arial, helvetica, sans-serif\"><strong id=\"tl_1\">Features:<\/strong><\/span><\/p>\n<ul>\n<li>\n<p><span style=\"font-size:small;font-family:arial, helvetica, sans-serif\" id=\"tl_2\">Brand new and high quantity.<\/span><\/p>\n<\/li>\n<li>\n<p><span style=\"font-size:small;font-family:arial, helvetica, sans-serif\" id=\"tl_3\">Multifunction Switch Panel Kit:included 6 on-off LED rocker switch with rubber seals,6 circuit breakers,great for all types of circuit control, circuit breaker will automatically cut off the power supply and help keep the electrical appliances safe<\/span><\/p>\n<\/li>\n<li>\n<p><span style=\"font-size:small;font-family:arial, helvetica, sans-serif\" id=\"tl_4\">The lights come on individually, each one is only on when that switch is on<\/span><\/p>\n<\/li>\n<li>\n<p><span style=\"font-size:small;font-family:arial, helvetica, sans-serif\" id=\"tl_5\">With multi-function stickers for your specific need,stickers can show words at night<\/span><\/p>\n<\/li>\n<li>\n<p><span style=\"font-size:small;font-family:arial, helvetica, sans-serif\" id=\"tl_6\">Scratch-proof and Corrosion Resistant, with rubber sealed cap for all sockets dust-tight and debris-proof<\/span><\/p>\n<\/li>\n<li>\n<p><span style=\"font-size:small;font-family:arial, helvetica, sans-serif\" id=\"tl_7\">Installation is simple and can be mounted horizontally or vertically,Panel comes with pre-wired,wiring instructions<\/span><\/p>\n<\/li>\n<li>\n<p><span style=\"font-size:small;font-family:arial, helvetica, sans-serif\" id=\"tl_8\">Short circuit\/Overheat Protection:built in Overload protection,Suitable for most DC 12V-24V cars, UTV\/ATV, trucks, trailer, bus, marine boat, yacht,etc<br \/><\/span><\/p>\n<\/li>\n<\/ul>\n<p><span style=\"font-size:small;font-family:arial, helvetica, sans-serif\"><strong id=\"tl_9\">Specification:&nbsp;<\/strong><\/span><\/p>\n<ul style=\"font-family:Arial, Verdana, sans-serif;font-size:12px;white-space:normal\">\n<li>\n<p><span style=\"font-size:small;font-family:arial, helvetica, sans-serif\" id=\"tl_10\">Material Type:ABS + Aluminum face panel<\/span><\/p>\n<\/li>\n<li>\n<p><span style=\"font-size:small;font-family:arial, helvetica, sans-serif\" id=\"tl_11\">Suitable:&nbsp;Universal Car ,Boat,Truck&nbsp;<br \/><\/span><\/p>\n<\/li>\n<li>\n<p><span style=\"font-size:small;font-family:arial, helvetica, sans-serif\" id=\"tl_12\">Loop Circuit:ON-OFF<\/span><\/p>\n<\/li>\n<li>\n<p><span style=\"font-size:small;font-family:arial, helvetica, sans-serif\" id=\"tl_13\">Input voltage: DC12V \/ 24V<\/span><\/p>\n<\/li>\n<li>\n<p><span style=\"font-size:small;font-family:arial, helvetica, sans-serif\"><span id=\"tl_14\">Operating Current\uff1a10-20A<\/span><\/span><\/p>\n<\/li>\n<li>\n<p><span style=\"font-size:small;font-family:arial, helvetica, sans-serif\" id=\"tl_15\">Protection class: IP65<\/span><\/p>\n<\/li>\n<li>\n<p><span style=\"font-size:small;font-family:arial, helvetica, sans-serif\" id=\"tl_16\">Operating Temperature: -25 degree to 60 degree<\/span><\/p>\n<\/li>\n<li>\n<p><span style=\"font-size:small;font-family:arial, helvetica, sans-serif\" id=\"tl_17\">Color\uff1aRed\uff0cBlue\uff0cGreen<br \/><\/span><\/p>\n<\/li>\n<\/ul>\n<p><span style=\"font-size:small;font-family:arial, helvetica, sans-serif\"><strong><br \/><\/strong><\/span><\/p>\n<p><span style=\"font-size:small;font-family:arial, helvetica, sans-serif\"><strong id=\"tl_18\">Package Included:<\/strong><\/span><\/p>\n<ul style=\"font-family:Arial, Verdana, sans-serif;font-size:12px;white-space:normal\">\n<li>\n<p><span style=\"font-size:small;font-family:arial, helvetica, sans-serif\" id=\"tl_19\">1 x Switch Panel<\/span><\/p>\n<\/li>\n<li>\n<p><span style=\"font-size:small;font-family:arial, helvetica, sans-serif\" id=\"tl_20\">1 x&nbsp; Labels<\/span><\/p>\n<\/li>\n<li>\n<p><span style=\"font-size:small;font-family:arial, helvetica, sans-serif\" id=\"tl_21\">6 x&nbsp; Screws<\/span><\/p>\n<\/li>\n<\/ul>\n<p><span><br \/><\/span><\/p>\n<p><img data-recalc-dims=\"1\" decoding=\"async\" src=\"https:\/\/i0.wp.com\/ae01.alicdn.com\/kf\/H06b878ffa32e4a36989c1ed1ad6f8e49b.jpg?w=1200\" \/><\/p>\n<div>\n <br \/> \n<\/div>\n<p><img data-recalc-dims=\"1\" decoding=\"async\" style=\"max-width:100%\" src=\"https:\/\/i0.wp.com\/ae01.alicdn.com\/kf\/H1c71d55773774ad2ba2eddcd0a584c2aX.jpg?w=1200&#038;ssl=1\" \/><br \/><img data-recalc-dims=\"1\" decoding=\"async\" style=\"max-width:100%\" src=\"https:\/\/i0.wp.com\/ae01.alicdn.com\/kf\/H4a891d349e554fdb8aacdf1b52942861b.jpg?w=1200&#038;ssl=1\" \/><br \/><img data-recalc-dims=\"1\" decoding=\"async\" style=\"max-width:100%\" src=\"https:\/\/i0.wp.com\/ae01.alicdn.com\/kf\/Hf240658b11704421ac7aee67ebddc3394.jpg?w=1200&#038;ssl=1\" \/><br \/><img data-recalc-dims=\"1\" decoding=\"async\" style=\"max-width:100%\" src=\"https:\/\/i0.wp.com\/ae01.alicdn.com\/kf\/H55849fd5cce044298a28de6111221b370.jpg?w=1200&#038;ssl=1\" \/><br \/><img data-recalc-dims=\"1\" decoding=\"async\" style=\"max-width:100%\" src=\"https:\/\/i0.wp.com\/ae01.alicdn.com\/kf\/He0eed7de3bfc4a00ac4270359a95ea1aS.jpg?w=1200&#038;ssl=1\" \/><br \/><img data-recalc-dims=\"1\" decoding=\"async\" style=\"max-width:100%\" src=\"https:\/\/i0.wp.com\/ae01.alicdn.com\/kf\/H4c18d06b3fb5478fb406ba4d8b55d26dP.jpg?w=1200&#038;ssl=1\" \/><br \/><img data-recalc-dims=\"1\" decoding=\"async\" style=\"max-width:100%\" src=\"https:\/\/i0.wp.com\/ae01.alicdn.com\/kf\/Hf365d1ce263d44c39a31d1b63348f935s.jpg?w=1200&#038;ssl=1\" \/><img data-recalc-dims=\"1\" decoding=\"async\" src=\"https:\/\/i0.wp.com\/ae01.alicdn.com\/kf\/H0d48b946e2034981bf8894cae3565af1Y.jpg?w=1200&#038;ssl=1\" \/><img data-recalc-dims=\"1\" decoding=\"async\" style=\"max-width:100%\" src=\"https:\/\/i0.wp.com\/ae01.alicdn.com\/kf\/Hd65c38c95f154698b284f9347ceed997c.jpg?w=1200&#038;ssl=1\" \/><br \/><img data-recalc-dims=\"1\" decoding=\"async\" style=\"max-width:100%\" src=\"https:\/\/i0.wp.com\/ae01.alicdn.com\/kf\/Ha5822100f324496bbde757858d8b77bcN.jpg?w=1200&#038;ssl=1\" \/><br \/><img data-recalc-dims=\"1\" decoding=\"async\" style=\"max-width:100%\" src=\"https:\/\/i0.wp.com\/ae01.alicdn.com\/kf\/H73aba2219c304445851fd8c6ad9e7177V.jpg?w=1200&#038;ssl=1\" \/><br \/><img data-recalc-dims=\"1\" decoding=\"async\" style=\"max-width:100%\" src=\"https:\/\/i0.wp.com\/ae01.alicdn.com\/kf\/H154455732c004bee9c7298fb01517c6aN.jpg?w=1200&#038;ssl=1\" \/><br \/><img data-recalc-dims=\"1\" decoding=\"async\" style=\"max-width:100%\" src=\"https:\/\/i0.wp.com\/ae01.alicdn.com\/kf\/Hfdfafec5996d416a8bf680ae6bc08d57n.jpg?w=1200&#038;ssl=1\" \/><br \/><img data-recalc-dims=\"1\" decoding=\"async\" style=\"max-width:100%\" src=\"https:\/\/i0.wp.com\/ae01.alicdn.com\/kf\/H9d61fd217c454d3383a4ce99524367acN.jpg?w=1200&#038;ssl=1\" \/><br \/><img data-recalc-dims=\"1\" decoding=\"async\" style=\"max-width:100%\" src=\"https:\/\/i0.wp.com\/ae01.alicdn.com\/kf\/H4c89481f888747d48c0fb05a09b28300J.jpg?w=1200&#038;ssl=1\" \/><br \/><img data-recalc-dims=\"1\" decoding=\"async\" style=\"max-width:100%\" src=\"https:\/\/i0.wp.com\/ae01.alicdn.com\/kf\/H9e9ad7b417834468a8e5ab2fe44f0d08a.jpg?w=1200&#038;ssl=1\" \/><\/p>\n<div>\n <br \/> \n<\/div>\n<p><\/p>\n<\/div>\n<\/div>\n","protected":false},"excerpt":{"rendered":"<p>Features: Brand new and high quantity. Multifunction Switch Panel Kit:included 6 on-off LED rocker switch with rubber seals,6 circuit breakers,great for all types of circuit control, circuit breaker will automatically cut off the power supply and help keep the electrical appliances safe The lights come on individually, each one is only on when that switch&hellip;&nbsp;<\/p>\n","protected":false},"featured_media":21390,"template":"","meta":{"neve_meta_sidebar":"","neve_meta_container":"","neve_meta_enable_content_width":"","neve_meta_content_width":0,"neve_meta_title_alignment":"","neve_meta_author_avatar":"","neve_post_elements_order":"","neve_meta_disable_header":"","neve_meta_disable_footer":"","neve_meta_disable_title":""},"product_brand":[],"product_cat":[43,22,17],"product_tag":[],"class_list":{"0":"post-21396","1":"product","2":"type-product","3":"status-publish","4":"has-post-thumbnail","6":"product_cat-interruptores-e-controles","7":"product_cat-partes-interiores","8":"product_cat-pecas-e-acessorios-automotivos","10":"first","11":"instock","12":"shipping-taxable","13":"purchasable","14":"product-type-variable","15":"has-default-attributes"},"jetpack_sharing_enabled":true,"_links":{"self":[{"href":"https:\/\/listman.shop\/autoparts-br\/wp-json\/wp\/v2\/product\/21396","targetHints":{"allow":["GET"]}}],"collection":[{"href":"https:\/\/listman.shop\/autoparts-br\/wp-json\/wp\/v2\/product"}],"about":[{"href":"https:\/\/listman.shop\/autoparts-br\/wp-json\/wp\/v2\/types\/product"}],"wp:featuredmedia":[{"embeddable":true,"href":"https:\/\/listman.shop\/autoparts-br\/wp-json\/wp\/v2\/media\/21390"}],"wp:attachment":[{"href":"https:\/\/listman.shop\/autoparts-br\/wp-json\/wp\/v2\/media?parent=21396"}],"wp:term":[{"taxonomy":"product_brand","embeddable":true,"href":"https:\/\/listman.shop\/autoparts-br\/wp-json\/wp\/v2\/product_brand?post=21396"},{"taxonomy":"product_cat","embeddable":true,"href":"https:\/\/listman.shop\/autoparts-br\/wp-json\/wp\/v2\/product_cat?post=21396"},{"taxonomy":"product_tag","embeddable":true,"href":"https:\/\/listman.shop\/autoparts-br\/wp-json\/wp\/v2\/product_tag?post=21396"}],"curies":[{"name":"wp","href":"https:\/\/api.w.org\/{rel}","templated":true}]}}