{"id":2191,"date":"2024-10-13T00:36:36","date_gmt":"2024-10-12T15:36:36","guid":{"rendered":"https:\/\/listman.shop\/autoparts-br\/product\/1005004982690871\/"},"modified":"2026-04-18T02:29:29","modified_gmt":"2026-04-17T17:29:29","slug":"1005004982690871","status":"publish","type":"product","link":"https:\/\/listman.shop\/autoparts-br\/product\/1005004982690871\/","title":{"rendered":"Rhd interior frente esquerda direita porta chifre alto-falante de \u00e1udio som capa para bmw s\u00e9rie 5 f10 f11 520i 523i 525i 530i"},"content":{"rendered":"<div class=\"detailmodule_html\">\n<div class=\"detail-desc-decorate-richtext\">\n<div class=\"detailmodule_image\"><img data-recalc-dims=\"1\" decoding=\"async\" class=\"detail-desc-decorate-image\" src=\"https:\/\/i0.wp.com\/ae01.alicdn.com\/kf\/Hcd790908f1134b43850ff8ded0373f37N.jpg?w=1200&#038;ssl=1\" \/><\/div>\n<div class=\"detailmodule_text\">\n<p style=\"font-family:OpenSans;font-size:14px;font-weight:300;line-height:20px;white-space:pre-wrap;margin-bottom:12px\" class=\"detail-desc-decorate-content\"><span style=\"font-size:20px;font-family:tahoma, geneva, sans-serif\"><strong>Nome do produto<\/strong><\/span><span style=\"font-size:20px;font-family:tahoma, geneva, sans-serif\">: Rhd interior frente esquerda direita porta chifre altifalante som \u00e1udio alto-falante grill capa para bmw s\u00e9rie 5 f10 f11 520i 523i 525i 530i<\/span><\/p>\n<p><span style=\"font-size:20px;font-family:tahoma, geneva, sans-serif\"><span style=\"font-size:20px;font-family:tahoma, geneva, sans-serif\"><span style=\"font-size:20px;font-family:tahoma, geneva, sans-serif\"><strong>Material:<\/strong><\/span><\/span><\/span><span style=\"font-size:20px;font-family:tahoma, geneva, sans-serif\"><span style=\"font-size:20px;font-family:tahoma, geneva, sans-serif\"><span style=\"font-size:20px;font-family:tahoma, geneva, sans-serif\">Pc e abs, revestimento emborrachado.<\/span><\/span><\/span><\/p>\n<p><span style=\"font-size:20px;font-family:tahoma, geneva, sans-serif\"><span style=\"font-size:20px;font-family:tahoma, geneva, sans-serif\"><span style=\"font-size:20px;font-family:tahoma, geneva, sans-serif\"><br \/><\/span><\/span><\/span><span style=\"font-size:20px;font-family:tahoma, geneva, sans-serif\"><span style=\"font-size:20px;font-family:tahoma, geneva, sans-serif\"><span style=\"font-size:20px;font-family:tahoma, geneva, sans-serif\"><strong>Cor: cor:<\/strong><\/span><\/span><\/span><span style=\"font-size:20px;font-family:tahoma, geneva, sans-serif\"><span style=\"font-size:20px;font-family:tahoma, geneva, sans-serif\"><span style=\"font-size:20px;font-family:tahoma, geneva, sans-serif\">Preto\/bege\/cinza\/vermelho marrom\/ostra\/moka<br \/><\/span><\/span><\/span><span style=\"font-size:20px;font-family:tahoma, geneva, sans-serif\"><span style=\"font-size:20px;font-family:tahoma, geneva, sans-serif\"><span style=\"font-size:20px;font-family:tahoma, geneva, sans-serif\"><strong>Oe n\u00e3o.:<\/strong><\/span><\/span><\/span><span style=\"font-size:20px;font-family:tahoma, geneva, sans-serif\"><span style=\"font-size:20px;font-family:tahoma, geneva, sans-serif\"><span style=\"font-size:20px;font-family:tahoma, geneva, sans-serif\"><br \/>Bege: 5141 7225 970 l 5141 7225 981 r<br \/>Preto: 5141 7225 968 l 5141 7225 979 r<br \/>Oyster: 5141 7225 974 l 5141 7225 985 r<\/span><\/span><\/span><\/p>\n<p><span style=\"font-size:20px;, Roboto, Arial, Helvetica, sans-serif, SimSun\"><span style=\"font-size:20px;font-family:tahoma, geneva, sans-serif\"><span style=\"font-size:20px;font-family:Tahoma, Geneva, sans-serif\"><span style=\"font-size:20px;font-family:tahoma, geneva, sans-serif\">Ggray: 5141 7225 972 l 5141 7225 982 r<br \/>Moka: 5141 7359 298 l 5141 7359 301 r<br \/>Marrom vermelho: 5141 7225 932 l 5141 7225 957 r<br \/><\/span><\/span><\/span><\/span><span style=\"font-size:20px;, Roboto, Arial, Helvetica, sans-serif, SimSun\"><span style=\"font-size:20px;font-family:Tahoma, Geneva, sans-serif\"><span style=\"font-size:20px;font-family:tahoma, geneva, sans-serif\"><span style=\"font-size:20px;font-family:tahoma, geneva, sans-serif\"><strong>Caracter\u00edsticas:<\/strong><\/span><\/span><\/span><\/span><span style=\"font-size:20px;, Roboto, Arial, Helvetica, sans-serif, SimSun\"><span style=\"font-size:20px;font-family:Tahoma, Geneva, sans-serif\"><span style=\"font-size:20px;font-family:tahoma, geneva, sans-serif\"><span style=\"font-size:20px;font-family:tahoma, geneva, sans-serif\">Design atualizado, mais s\u00f3lido, n\u00e3o \u00e9 f\u00e1cil de quebrar, substituir perfeitamente.<\/span><\/span><\/span><\/span><\/p>\n<p><span style=\"font-size:20px;, Roboto, Arial, Helvetica, sans-serif, SimSun\"><span style=\"font-size:20px;font-family:tahoma, geneva, sans-serif\"><span style=\"font-size:20px;font-family:Tahoma, Geneva, sans-serif\"><span style=\"font-size:20px;font-family:tahoma, geneva, sans-serif\"><br \/><\/span><\/span><\/span><\/span><span style=\"font-size:20px;, Roboto, Arial, Helvetica, sans-serif, SimSun\"><span style=\"font-size:20px;font-family:Tahoma, Geneva, sans-serif\"><span style=\"font-size:20px;font-family:tahoma, geneva, sans-serif\"><span style=\"font-size:20px;font-family:tahoma, geneva, sans-serif\"><strong>Aplica\u00e7\u00e3o:<\/strong><\/span><\/span><\/span><\/span><span style=\"font-size:20px;, Roboto, Arial, Helvetica, sans-serif, SimSun\"><span style=\"font-size:20px;font-family:tahoma, geneva, sans-serif\"><span style=\"font-size:20px;font-family:Tahoma, Geneva, sans-serif\"><span style=\"font-size:20px;font-family:tahoma, geneva, sans-serif\">Para bmw s\u00e9rie 5 f10 f11 f18 520 523 525 530 2010-2017 (apenas apto para carros do volante direito)<\/span><\/span><\/span><\/span><\/p>\n<\/div>\n<div class=\"detailmodule_text\">\n<p><span style=\"font-size:20px;font-family:Tahoma, Geneva, sans-serif\"><span style=\"font-size:20px;font-family:Tahoma, Geneva, sans-serif\"><strong><span style=\"font-size:20px;, Roboto, Arial, Helvetica, sans-serif, SimSun\">Nota: nota:<\/span><\/strong><\/span><\/span><span style=\"font-size:20px;font-family:Tahoma, Geneva, sans-serif\"><span style=\"font-size:20px;, Roboto, Arial, Helvetica, sans-serif, SimSun\"><span style=\"font-size:20px;font-family:Tahoma, Geneva, sans-serif\"><br \/>-Devido \u00e0 diferen\u00e7a de luz e tela, a cor do item pode ser ligeiramente diferente das fotos. Tamb\u00e9m pode ser uma pequena diferen\u00e7a de cor com o seu carro usado.<br \/><\/span><\/span><\/span><\/p>\n<\/div>\n<div class=\"detailmodule_text\"><\/div>\n<div class=\"detailmodule_image\"><img data-recalc-dims=\"1\" decoding=\"async\" class=\"detail-desc-decorate-image\" src=\"https:\/\/i0.wp.com\/ae01.alicdn.com\/kf\/H6e388ab71fee49a595ef822b7c46fe76v.jpg?w=1200&#038;ssl=1\" \/><img data-recalc-dims=\"1\" decoding=\"async\" src=\"https:\/\/i0.wp.com\/ae01.alicdn.com\/kf\/S5cfd18b569d74e93964815a8ed4239f2I.jpg?w=1200&#038;ssl=1\" \/><img data-recalc-dims=\"1\" decoding=\"async\" src=\"https:\/\/i0.wp.com\/ae01.alicdn.com\/kf\/S067e19f7f0994c1592d63f43d89e2bebQ.jpg?w=1200&#038;ssl=1\" \/><img data-recalc-dims=\"1\" decoding=\"async\" src=\"https:\/\/i0.wp.com\/ae01.alicdn.com\/kf\/S6659ad34af7c40ab89f2dc606166fbeaR.jpg?w=1200&#038;ssl=1\" \/><img data-recalc-dims=\"1\" loading=\"lazy\" decoding=\"async\" width=\"944\" height=\"944\" src=\"https:\/\/i0.wp.com\/ae01.alicdn.com\/kf\/S50e2b03d03ee4f97a24e38542e5dc841z.jpg?resize=944%2C944&#038;ssl=1\" \/><img data-recalc-dims=\"1\" decoding=\"async\" src=\"https:\/\/i0.wp.com\/ae01.alicdn.com\/kf\/Se264c7e4c558495fb1a1a80472f3ff62W.jpg?w=1200&#038;ssl=1\" \/><img data-recalc-dims=\"1\" loading=\"lazy\" decoding=\"async\" width=\"944\" height=\"944\" src=\"https:\/\/i0.wp.com\/ae01.alicdn.com\/kf\/S4a5f4e5b4a3d4f7c875c5fe7653d2143z.jpg?resize=944%2C944&#038;ssl=1\" \/><img data-recalc-dims=\"1\" loading=\"lazy\" decoding=\"async\" width=\"944\" height=\"944\" src=\"https:\/\/i0.wp.com\/ae01.alicdn.com\/kf\/S33da1c1b7e6a4f36bca2b271bfd1c01b2.jpg?resize=944%2C944&#038;ssl=1\" \/><img data-recalc-dims=\"1\" loading=\"lazy\" decoding=\"async\" width=\"944\" height=\"944\" src=\"https:\/\/i0.wp.com\/ae01.alicdn.com\/kf\/S196ca57f0e3d4f27a1d79fd30b975b3cj.jpg?resize=944%2C944&#038;ssl=1\" \/><\/div>\n<div class=\"detailmodule_image\"><img data-recalc-dims=\"1\" decoding=\"async\" src=\"https:\/\/i0.wp.com\/ae01.alicdn.com\/kf\/S065d43e0208944198057cae4fb17230fg.jpg?w=1200&#038;ssl=1\" \/><\/div>\n<div class=\"detailmodule_image\"><\/div>\n<div class=\"detailmodule_image\"><img data-recalc-dims=\"1\" decoding=\"async\" class=\"detail-desc-decorate-image\" src=\"https:\/\/i0.wp.com\/ae01.alicdn.com\/kf\/Ha8feb09e9290439fadd055e060ebbf9fs.jpg?w=1200&#038;ssl=1\" \/><\/div>\n<div class=\"detailmodule_text\">\n<p style=\"font-family:OpenSans;font-size:14px;font-weight:300;line-height:20px;white-space:pre-wrap;margin-bottom:12px\" class=\"detail-desc-decorate-content\">Por favor, verifique a descri\u00e7\u00e3o detalhada sobre o produto e certifique-se de que as pe\u00e7as est\u00e3o aptas para o seu carro antes de comprar. Se voc\u00ea n\u00e3o pode confirmar a pe\u00e7a se encaixam no seu carro ou n\u00e3o, entre em contato conosco. Se voc\u00ea pediu os produtos errados, voc\u00ea pode retornar para n\u00f3s, mas voc\u00ea precisa pagar o frete.<\/p>\n<\/div>\n<div class=\"detailmodule_text\">\n<p style=\"font-family:OpenSans;font-size:14px;font-weight:300;line-height:20px;white-space:pre-wrap;margin-bottom:12px\" class=\"detail-desc-decorate-content\">Todas as fotos dos produtos s\u00e3o apenas para demonstra\u00e7\u00e3o e talvez um pouco de diferen\u00e7a com as pe\u00e7as reais. A ligeira cor e detalhes diferen\u00e7as com o carro original s\u00e3o condi\u00e7\u00e3o normal.<\/p>\n<\/div>\n<div class=\"detailmodule_text\">\n<p style=\"font-family:OpenSans;font-size:14px;font-weight:300;line-height:20px;white-space:pre-wrap;margin-bottom:12px\" class=\"detail-desc-decorate-content\">Por favor, confirme os endere\u00e7os de entrega, tel. n\u00e3o. o nome do destinat\u00e1rio e a identifica\u00e7\u00e3o fiscal s\u00e3o detalhados e exatos.<\/p>\n<\/div>\n<div class=\"detailmodule_text\">\n<p style=\"font-family:OpenSans;font-size:14px;font-weight:300;line-height:20px;white-space:pre-wrap;margin-bottom:12px\" class=\"detail-desc-decorate-content\">Se voc\u00ea n\u00e3o pode substituir as pe\u00e7as bem por si mesmo, voc\u00ea pode reajust\u00e1-lo ou ir para o seu profissional local manter loja para instal\u00e1-lo.<\/p>\n<\/div>\n<div class=\"detailmodule_image\"><img data-recalc-dims=\"1\" decoding=\"async\" class=\"detail-desc-decorate-image\" src=\"https:\/\/i0.wp.com\/ae01.alicdn.com\/kf\/H1068f19d48fd4cb6a3b6c2a692ef4fc5Y.jpg?w=1200&#038;ssl=1\" \/><\/div>\n<div class=\"detailmodule_text\">\n<p style=\"font-family:OpenSans;font-size:14px;font-weight:300;line-height:20px;white-space:pre-wrap;margin-bottom:12px\" class=\"detail-desc-decorate-content\">Normalmente, o pedido ser\u00e1 enviado dentro de 2-7 dias \u00fateis ap\u00f3s receber o pagamento online excluindo o feriado. Por favor, aguarde 24-48 horas para detalhes de rastreamento para atualizar online.<\/p>\n<\/div>\n<div class=\"detailmodule_text\">\n<p style=\"font-family:OpenSans;font-size:14px;font-weight:300;line-height:20px;white-space:pre-wrap;margin-bottom:12px\" class=\"detail-desc-decorate-content\">Os dias de envio depender\u00e3o do correio de entrega. Se voc\u00ea n\u00e3o recebeu o pacote dentro de 45 dias, entre em contato conosco para que possamos rastre\u00e1-lo para voc\u00ea.<\/p>\n<\/div>\n<div class=\"detailmodule_text\">\n<p style=\"font-family:OpenSans;font-size:14px;font-weight:300;line-height:20px;white-space:pre-wrap;margin-bottom:12px\" class=\"detail-desc-decorate-content\">Se o pacote foi danificado durante o transporte, por favor se recusar a aceit\u00e1-lo e manter o registro e as provas para reivindica\u00e7\u00e3o.<\/p>\n<\/div>\n<div class=\"detailmodule_text\">\n<p style=\"font-family:OpenSans;font-size:14px;font-weight:300;line-height:20px;white-space:pre-wrap;margin-bottom:12px\" class=\"detail-desc-decorate-content\">Por favor, abra o pacote para verificar as pe\u00e7as e acess\u00f3rios com pacotes n\u00e3o est\u00e3o danificados durante o envio antes de assinar o pacote.<\/p>\n<\/div>\n<div class=\"detailmodule_image\"><img data-recalc-dims=\"1\" decoding=\"async\" class=\"detail-desc-decorate-image\" src=\"https:\/\/i0.wp.com\/ae01.alicdn.com\/kf\/Hd6a346d5853b4ea2a65e5462bb4f24d15.jpg?w=1200&#038;ssl=1\" \/><\/div>\n<div class=\"detailmodule_text\">\n<p style=\"font-family:OpenSans;font-size:14px;font-weight:300;line-height:20px;white-space:pre-wrap;margin-bottom:12px\" class=\"detail-desc-decorate-content\">Se voc\u00ea n\u00e3o estiver satisfeito com nossos produtos, voc\u00ea pode devolv\u00ea-lo no prazo de 30 dias para uma substitui\u00e7\u00e3o ou o dinheiro de volta. Em seguida, atualize o n\u00famero de rastreamento do pacote de devolu\u00e7\u00e3o no pedido de disputa. Entre em contato conosco antes de devolver.<\/p>\n<\/div>\n<div class=\"detailmodule_text\">\n<p style=\"font-family:OpenSans;font-size:14px;font-weight:300;line-height:20px;white-space:pre-wrap;margin-bottom:12px\" class=\"detail-desc-decorate-content\">Imposto de importa\u00e7\u00e3o para o pacote ser\u00e1 pago pelos compradores. Se o comprador se recusou a fazer o desembara\u00e7o aduaneiro ou se recusou a aceitar o pacote da transportadora local para que o pacote foi destru\u00eddo ou perdido, n\u00e3o reembolsaremos aos clientes.<\/p>\n<\/div>\n<div class=\"detailmodule_text\">\n<p style=\"font-family:OpenSans;font-size:14px;font-weight:300;line-height:20px;white-space:pre-wrap;margin-bottom:12px\" class=\"detail-desc-decorate-content\">Se as pe\u00e7as n\u00e3o tiverem problemas de qualidade, o custo de envio para a devolu\u00e7\u00e3o do pacote deve ser pago pelos compradores.<\/p>\n<\/div>\n<div class=\"detailmodule_text\">\n<p style=\"font-family:OpenSans;font-size:14px;font-weight:300;line-height:20px;white-space:pre-wrap;margin-bottom:12px\" class=\"detail-desc-decorate-content\">Se as pe\u00e7as s\u00e3o com problema de qualidade, voc\u00ea pode se sentir livre para entrar em contato conosco, vamos tentar o nosso melhor para oferecer a solu\u00e7\u00e3o.<\/p>\n<\/div>\n<div class=\"detailmodule_text\">\n<p style=\"font-family:OpenSans;font-size:14px;font-weight:300;line-height:20px;white-space:pre-wrap;margin-bottom:12px\" class=\"detail-desc-decorate-content\">Se voc\u00ea estiver satisfeito com nossos produtos e servi\u00e7os, nos d\u00ea um bom coment\u00e1rio e um feedback de cinco estrelas.<\/p>\n<\/div>\n<div class=\"detailmodule_text\">\n<p style=\"font-family:OpenSans;font-size:14px;font-weight:300;line-height:20px;white-space:pre-wrap;margin-bottom:12px\" class=\"detail-desc-decorate-content\">N\u00f3s adicionaremos os clientes em nossa lista negra que deixam o coment\u00e1rio negativo spitefully.<\/p>\n<\/div>\n<div class=\"detailmodule_image\"><img data-recalc-dims=\"1\" decoding=\"async\" class=\"detail-desc-decorate-image\" src=\"https:\/\/i0.wp.com\/ae01.alicdn.com\/kf\/H02ee053a0ac2482abc7119a42c75d5755.jpg?w=1200&#038;ssl=1\" \/><\/div>\n<p><\/p>\n<\/div>\n<\/div>\n","protected":false},"excerpt":{"rendered":"<p>Nome do produto: Rhd interior frente esquerda direita porta chifre altifalante som \u00e1udio alto-falante grill capa para bmw s\u00e9rie 5 f10 f11 520i 523i 525i 530i Material:Pc e abs, revestimento emborrachado. Cor: cor:Preto\/bege\/cinza\/vermelho marrom\/ostra\/mokaOe n\u00e3o.:Bege: 5141 7225 970 l 5141 7225 981 rPreto: 5141 7225 968 l 5141 7225 979 rOyster: 5141 7225 974 l&hellip;&nbsp;<\/p>\n","protected":false},"featured_media":2185,"template":"","meta":{"neve_meta_sidebar":"","neve_meta_container":"","neve_meta_enable_content_width":"","neve_meta_content_width":0,"neve_meta_title_alignment":"","neve_meta_author_avatar":"","neve_post_elements_order":"","neve_meta_disable_header":"","neve_meta_disable_footer":"","neve_meta_disable_title":""},"product_brand":[],"product_cat":[41,22,17],"product_tag":[],"class_list":{"0":"post-2191","1":"product","2":"type-product","3":"status-publish","4":"has-post-thumbnail","6":"product_cat-paineis-porta-interior-e-painel-protetor","7":"product_cat-partes-interiores","8":"product_cat-pecas-e-acessorios-automotivos","10":"first","11":"instock","12":"shipping-taxable","13":"purchasable","14":"product-type-variable","15":"has-default-attributes"},"jetpack_sharing_enabled":true,"_links":{"self":[{"href":"https:\/\/listman.shop\/autoparts-br\/wp-json\/wp\/v2\/product\/2191","targetHints":{"allow":["GET"]}}],"collection":[{"href":"https:\/\/listman.shop\/autoparts-br\/wp-json\/wp\/v2\/product"}],"about":[{"href":"https:\/\/listman.shop\/autoparts-br\/wp-json\/wp\/v2\/types\/product"}],"wp:featuredmedia":[{"embeddable":true,"href":"https:\/\/listman.shop\/autoparts-br\/wp-json\/wp\/v2\/media\/2185"}],"wp:attachment":[{"href":"https:\/\/listman.shop\/autoparts-br\/wp-json\/wp\/v2\/media?parent=2191"}],"wp:term":[{"taxonomy":"product_brand","embeddable":true,"href":"https:\/\/listman.shop\/autoparts-br\/wp-json\/wp\/v2\/product_brand?post=2191"},{"taxonomy":"product_cat","embeddable":true,"href":"https:\/\/listman.shop\/autoparts-br\/wp-json\/wp\/v2\/product_cat?post=2191"},{"taxonomy":"product_tag","embeddable":true,"href":"https:\/\/listman.shop\/autoparts-br\/wp-json\/wp\/v2\/product_tag?post=2191"}],"curies":[{"name":"wp","href":"https:\/\/api.w.org\/{rel}","templated":true}]}}