{"id":2222,"date":"2024-10-13T00:38:55","date_gmt":"2024-10-12T15:38:55","guid":{"rendered":"https:\/\/listman.shop\/autoparts-br\/product\/1005005058085491\/"},"modified":"2026-04-07T20:44:14","modified_gmt":"2026-04-07T11:44:14","slug":"1005005058085491","status":"publish","type":"product","link":"https:\/\/listman.shop\/autoparts-br\/product\/1005005058085491\/","title":{"rendered":"Capa de sa\u00edda de ventila\u00e7\u00e3o de ar central esquerda direita do carro para mercedes benz vito viano w636 w639 2004 2005 2006 2007 2008 2009 2010-2015"},"content":{"rendered":"<div class=\"detailmodule_html\">\n<div class=\"detail-desc-decorate-richtext\">\n<div class=\"detailmodule_text\">\n<p style=\"font-family:OpenSans;font-size:20px;font-weight:900;line-height:28px;white-space:pre-wrap;margin-bottom:12px\" class=\"detail-desc-decorate-title\">Painel do carro esquerda direita tampa de sa&iacute;da de ventila&ccedil;&atilde;o de ar central para mercedes benz vito viano w636 w639<\/p>\n<\/div>\n<div class=\"detailmodule_text\">\n<p>Caracter&iacute;sticas:<br \/>-Substitui&ccedil;&atilde;o direta.<br \/>-De acordo com as especifica&ccedil;&otilde;es originais de f&aacute;brica.<br \/>-100% novo e de alta qualidade garantida.<br \/>-F&aacute;cil de usar e operar a pre&ccedil;os acess&iacute;veis.<br \/>-Melhorar&aacute; drasticamente a apar&ecirc;ncia do seu carro.<\/p>\n<p>Aplica&ccedil;&atilde;o:<br \/>Para Mercedes-BENZ Viano W636 2004-2015<br \/>Para Mercedes-BENZ Vito W639 2004-2015<\/p>\n<p>Refer&ecirc;ncia OE NO.:<br \/>Esquerda: 636 830 0300<br \/>Direita: 636 830 0200<br \/>M&eacute;dio A: 636 680 0800<br \/>M&eacute;dio B:636 680 1000<\/p>\n<p>Material: PC e ABS de alta qualidade com pintura a &oacute;leo de borracha.<\/p>\n<p>Coloque no ve&iacute;culo: Painel dianteiro.<\/p>\n<p>Aviso:<br \/>**O pre&ccedil;o &eacute; para 1 unidade ou 3 unidades (diferentes op&ccedil;&otilde;es de compra, pre&ccedil;os diferentes<br \/>*Carros LHD e RHD podem ser usados.<br \/>*Por favor, compare as fotos para ter certeza de que cabe antes da compra. Se voc&ecirc; tiver d&uacute;vidas, entre em contato conosco.<\/p>\n<\/div>\n<div class=\"detailmodule_text-image\">\n <img data-recalc-dims=\"1\" decoding=\"async\" class=\"detail-desc-decorate-image\" src=\"https:\/\/i0.wp.com\/ae01.alicdn.com\/kf\/S1cdf8a3049fe43ca94818e0218e33de1d.jpg?w=1200&#038;ssl=1\" \/>\n<\/div>\n<div class=\"detailmodule_text\">\n<p style=\"font-family:OpenSans;font-size:20px;font-weight:900;line-height:28px;white-space:pre-wrap;margin-bottom:12px\" class=\"detail-desc-decorate-title\">Os volantes esquerdo e direito podem ser adequados.<\/p>\n<\/div>\n<div class=\"detailmodule_image\">\n <img data-recalc-dims=\"1\" decoding=\"async\" style=\"margin-bottom:10px\" class=\"detail-desc-decorate-image\" src=\"https:\/\/i0.wp.com\/ae01.alicdn.com\/kf\/S93a77b917c8747039f5676bb34e99f246.jpg?w=1200&#038;ssl=1\" \/><br \/>\n <img data-recalc-dims=\"1\" decoding=\"async\" style=\"margin-bottom:10px\" class=\"detail-desc-decorate-image\" src=\"https:\/\/i0.wp.com\/ae01.alicdn.com\/kf\/S55d2150a171849d888313e244f560ac8X.jpg?w=1200&#038;ssl=1\" \/><br \/>\n <img data-recalc-dims=\"1\" decoding=\"async\" style=\"margin-bottom:10px\" class=\"detail-desc-decorate-image\" src=\"https:\/\/i0.wp.com\/ae01.alicdn.com\/kf\/Sfabcc047df9944fc8822725b15deeed61.jpg?w=1200&#038;ssl=1\" \/><br \/>\n <img data-recalc-dims=\"1\" decoding=\"async\" style=\"margin-bottom:10px\" class=\"detail-desc-decorate-image\" src=\"https:\/\/i0.wp.com\/ae01.alicdn.com\/kf\/S13fd05b4b6a94b0d9589f7754d95a12dK.jpg?w=1200&#038;ssl=1\" \/><br \/>\n <img data-recalc-dims=\"1\" decoding=\"async\" style=\"margin-bottom:10px\" class=\"detail-desc-decorate-image\" src=\"https:\/\/i0.wp.com\/ae01.alicdn.com\/kf\/S4fc0fd9bd54345da9f570d23c56092c8x.jpg?w=1200&#038;ssl=1\" \/>\n<\/div>\n<div class=\"detailmodule_text\">\n<p>LEMBRETE QUENTE<\/p>\n<\/div>\n<div class=\"detailmodule_text\">\n<p>\uf06e Por favor confirme o n&uacute;mero OE.est&aacute; correto com nossas pe&ccedil;as antes de comprar para que possa caber no seu carro.<\/p>\n<\/div>\n<div class=\"detailmodule_text\">\n<p>\uf06e Todas as fotos dos produtos s&atilde;o apenas para demonstra&ccedil;&atilde;o e talvez uma pequena diferen&ccedil;a com as pe&ccedil;as reais.As diferen&ccedil;as de cor e detalhes s&atilde;o em condi&ccedil;&otilde;es normais.<\/p>\n<\/div>\n<div class=\"detailmodule_text\">\n<p>\uf06e Por favor confirme os endere&ccedil;os de entrega e o telefone.N&atilde;o.s&atilde;o detalhados e exatamente corretos.<\/p>\n<\/div>\n<div class=\"detailmodule_text\">\n<p>\uf06e Se voc&ecirc; n&atilde;o conseguir substituir bem as pe&ccedil;as sozinho, poder&aacute; reajust&aacute;-las ou ir &agrave; loja de manuten&ccedil;&atilde;o profissional local para instal&aacute;-las.<\/p>\n<\/div>\n<div class=\"detailmodule_text\">\n<p>ENVIO<\/p>\n<\/div>\n<div class=\"detailmodule_text\">\n<p>\uf06e Normalmente, o pedido ser&aacute; enviado dentro de 2 a 7 dias &uacute;teis ap&oacute;s receber o pagamento on-line, excluindo feriados.Aguarde de 24 a 48 horas para que os detalhes de rastreamento sejam atualizados online.<\/p>\n<\/div>\n<div class=\"detailmodule_text\">\n<p>\uf06e Os dias de envio depender&aacute;&atilde;o do correio de entrega.Se voc&ecirc; n&atilde;o recebeu o pacote dentro de 45 dias, entre em contato conosco para que possamos rastre&aacute;-lo para voc&ecirc;.<\/p>\n<\/div>\n<div class=\"detailmodule_text\">\n<p>\uf06e Se o pacote foi danificado durante o transporte, recuse-se a aceit&aacute;-lo e mantenha o registro e as evid&ecirc;ncias de reclama&ccedil;&atilde;o.<\/p>\n<\/div>\n<div class=\"detailmodule_image\">\n <img data-recalc-dims=\"1\" decoding=\"async\" class=\"detail-desc-decorate-image\" src=\"https:\/\/i0.wp.com\/ae01.alicdn.com\/kf\/H5618327527dc41508dc7574d7fedb4dam.jpg?w=1200&#038;ssl=1\" \/>\n<\/div>\n<p><\/p>\n<\/div>\n<\/div>\n","protected":false},"excerpt":{"rendered":"<p>Painel do carro esquerda direita tampa de sa&iacute;da de ventila&ccedil;&atilde;o de ar central para mercedes benz vito viano w636 w639 Caracter&iacute;sticas:-Substitui&ccedil;&atilde;o direta.-De acordo com as especifica&ccedil;&otilde;es originais de f&aacute;brica.-100% novo e de alta qualidade garantida.-F&aacute;cil de usar e operar a pre&ccedil;os acess&iacute;veis.-Melhorar&aacute; drasticamente a apar&ecirc;ncia do seu carro. Aplica&ccedil;&atilde;o:Para Mercedes-BENZ Viano W636 2004-2015Para Mercedes-BENZ Vito&hellip;&nbsp;<\/p>\n","protected":false},"featured_media":2216,"template":"","meta":{"neve_meta_sidebar":"","neve_meta_container":"","neve_meta_enable_content_width":"","neve_meta_content_width":0,"neve_meta_title_alignment":"","neve_meta_author_avatar":"","neve_post_elements_order":"","neve_meta_disable_header":"","neve_meta_disable_footer":"","neve_meta_disable_title":""},"product_brand":[],"product_cat":[32,75,17],"product_tag":[],"class_list":{"0":"post-2222","1":"product","2":"type-product","3":"status-publish","4":"has-post-thumbnail","6":"product_cat-equipamentos-eletricos","7":"product_cat-instalacao-de-ar-condicionado","8":"product_cat-pecas-e-acessorios-automotivos","10":"first","11":"instock","12":"shipping-taxable","13":"purchasable","14":"product-type-variable","15":"has-default-attributes"},"jetpack_sharing_enabled":true,"_links":{"self":[{"href":"https:\/\/listman.shop\/autoparts-br\/wp-json\/wp\/v2\/product\/2222","targetHints":{"allow":["GET"]}}],"collection":[{"href":"https:\/\/listman.shop\/autoparts-br\/wp-json\/wp\/v2\/product"}],"about":[{"href":"https:\/\/listman.shop\/autoparts-br\/wp-json\/wp\/v2\/types\/product"}],"wp:featuredmedia":[{"embeddable":true,"href":"https:\/\/listman.shop\/autoparts-br\/wp-json\/wp\/v2\/media\/2216"}],"wp:attachment":[{"href":"https:\/\/listman.shop\/autoparts-br\/wp-json\/wp\/v2\/media?parent=2222"}],"wp:term":[{"taxonomy":"product_brand","embeddable":true,"href":"https:\/\/listman.shop\/autoparts-br\/wp-json\/wp\/v2\/product_brand?post=2222"},{"taxonomy":"product_cat","embeddable":true,"href":"https:\/\/listman.shop\/autoparts-br\/wp-json\/wp\/v2\/product_cat?post=2222"},{"taxonomy":"product_tag","embeddable":true,"href":"https:\/\/listman.shop\/autoparts-br\/wp-json\/wp\/v2\/product_tag?post=2222"}],"curies":[{"name":"wp","href":"https:\/\/api.w.org\/{rel}","templated":true}]}}