{"id":24766,"date":"2025-03-10T08:04:14","date_gmt":"2025-03-09T23:04:14","guid":{"rendered":"https:\/\/listman.shop\/autoparts-br\/product\/1005005317345951\/"},"modified":"2026-04-11T00:37:19","modified_gmt":"2026-04-10T15:37:19","slug":"1005005317345951","status":"publish","type":"product","link":"https:\/\/listman.shop\/autoparts-br\/product\/1005005317345951\/","title":{"rendered":"Para tesla modelo 3 y 2021-2025 nova atualiza\u00e7\u00e3o pano de gelo fivela sun shades vidro telhado p\u00e1ra-sol dianteiro traseiro teto solar clarab\u00f3ia"},"content":{"rendered":"<div class=\"detailmodule_html\">\n<div class=\"detail-desc-decorate-richtext\">\n<h5><\/h5>\n<p><span style=\"font-size:22px;font-family:tahoma, geneva, sans-serif\"><strong id=\"tl_1\">Este item est&aacute; dispon&iacute;vel em 8 modelos e cores.<\/strong><\/span><\/p>\n<p><img data-recalc-dims=\"1\" decoding=\"async\" src=\"https:\/\/i0.wp.com\/ae01.alicdn.com\/kf\/S6e5b6751f9e74adab58c6246c630abcfS.jpg?w=1200&#038;ssl=1\" \/><\/p>\n<p><\/p>\n<p><span style=\"font-size:24px;font-family:tahoma, geneva, sans-serif\"><strong id=\"tl_2\">Selecione o tipo que deseja comprar antes de fazer o pedido.<\/strong><\/span><\/p>\n<p><\/p>\n<p><img data-recalc-dims=\"1\" decoding=\"async\" src=\"https:\/\/i0.wp.com\/ae01.alicdn.com\/kf\/S190aecc2cb264798b0a5b077b46ca38fU.jpg?w=1200&#038;ssl=1\" \/><\/p>\n<p><span style=\"font-size:20px;font-family:tahoma, geneva, sans-serif\"><strong id=\"tl_3\">Descri&ccedil;&atilde;o<\/strong><\/span><\/p>\n<p id=\"tl_4\">Constru&iacute;do em tecido de malha leve com uma estrutura r&iacute;gida dobr&aacute;vel, o guarda-sol Glass Roof bloqueia 95% da transmit&acirc;ncia luminosa sem comprometer a visibilidade traseira.<\/p>\n<p><\/p>\n<p><span style=\"font-size:20px\"><strong id=\"tl_5\">1.Design de camada &uacute;nica<\/strong><\/span><\/p>\n<p><\/p>\n<p id=\"tl_6\">Ao contr&aacute;rio dos guarda-s&oacute;is de camada dupla do mercado, fizemos 2 em 1.A camada frontal de prata nanorrevestida reflete os raios UV e o material traseiro de alta densidade bloqueia a luz.<\/p>\n<p><\/p>\n<p><span style=\"font-size:20px\"><strong id=\"tl_7\">2.Reduza a temperatura dentro do carro<\/strong><\/span><\/p>\n<p><\/p>\n<p id=\"tl_8\">O novo guarda-sol de vidro de vidro de atualiza&ccedil;&atilde;o 2023 reduz a temperatura interna do carro, reduzindo a transmiss&atilde;o de calor para a cabine, bloqueando dois ter&ccedil;os da carga t&eacute;rmica solar.<\/p>\n<p><\/p>\n<p><span style=\"font-size:20px\"><strong id=\"tl_9\">3.F&aacute;cil de instalar e armazenar.<\/strong><\/span><\/p>\n<p><\/p>\n<p id=\"tl_10\">O guarda-sol de vidro para telhado &eacute; f&aacute;cil de instalar e remover, basta usar a prateleira para consertar, o processo de instala&ccedil;&atilde;o &eacute; de cerca de 10 minutos.Quando removida, a sombra desmorona e pode ser guardada na bolsa com z&iacute;per inclu&iacute;da.<\/p>\n<p><\/p>\n<p><span style=\"font-size:20px\"><strong id=\"tl_11\">4.Material superior<\/strong><\/span><\/p>\n<p><\/p>\n<p id=\"tl_12\">A estrutura do guarda-sol de vidro &eacute; feita de liga de a&ccedil;o mangan&ecirc;s, que n&atilde;o se deforma facilmente.A rede de sombra &eacute; feita de 6 camadas de material comp&oacute;sito.Reduz efetivamente os raios UV e a radia&ccedil;&atilde;o de calor e reduz a temperatura dentro do carro sem alterar o estilo minimalista do carro.<\/p>\n<p><\/p>\n<p><span style=\"font-size:18px\"><strong id=\"tl_13\">Inclu&iacute;do:<\/strong><\/span><\/p>\n<p><\/p>\n<ul>\n<li>\n<p><span style=\"font-size:18px\" id=\"tl_14\">2 viseiras de vidro<\/span><\/p>\n<\/li>\n<li>\n<p><span style=\"font-size:18px\" id=\"tl_15\">12 clipes de viseira solar<\/span><\/p>\n<\/li>\n<li>\n<p><span style=\"font-size:18px\" id=\"tl_16\">1 bolsa de armazenamento com z&iacute;per<\/span><\/p>\n<\/li>\n<\/ul>\n<p><strong><span style=\"font-size:18px\" id=\"tl_17\">Nota<\/span><\/strong><span style=\"font-size:18px\" id=\"tl_18\">A cor branca deste produto n&atilde;o &eacute; branco puro, mas quase bege. Voc&ecirc; pode ver a cor real na apresenta&ccedil;&atilde;o do v&iacute;deo.<\/span><\/p>\n<p><\/p>\n<p><img data-recalc-dims=\"1\" decoding=\"async\" src=\"https:\/\/i0.wp.com\/ae01.alicdn.com\/kf\/S92445882a4964c959ec84d6f369438d05.jpg?w=1200&#038;ssl=1\" \/><img data-recalc-dims=\"1\" decoding=\"async\" src=\"https:\/\/i0.wp.com\/ae01.alicdn.com\/kf\/S349562bc56284869a1a587c92a1f676am.jpg?w=1200&#038;ssl=1\" \/><img data-recalc-dims=\"1\" decoding=\"async\" src=\"https:\/\/i0.wp.com\/ae01.alicdn.com\/kf\/Sc034a26ea62f4cb5a2201da3b2ddb2b1S.jpg?w=1200&#038;ssl=1\" \/><img data-recalc-dims=\"1\" decoding=\"async\" src=\"https:\/\/i0.wp.com\/ae01.alicdn.com\/kf\/Sad96132c3a0a48af81fdcc63c75ca6ff8.jpg?w=1200&#038;ssl=1\" \/><img data-recalc-dims=\"1\" decoding=\"async\" src=\"https:\/\/i0.wp.com\/ae01.alicdn.com\/kf\/Se84729914f814cb88739e5fad39843fb8.jpg?w=1200&#038;ssl=1\" \/><img data-recalc-dims=\"1\" decoding=\"async\" src=\"https:\/\/i0.wp.com\/ae01.alicdn.com\/kf\/Sc52899baf1884504be8614b91a3660ddP.jpg?w=1200&#038;ssl=1\" \/><img data-recalc-dims=\"1\" decoding=\"async\" src=\"https:\/\/i0.wp.com\/ae01.alicdn.com\/kf\/S44af7e38af62493c98bbd09daf70991b9.jpg?w=1200&#038;ssl=1\" \/><img data-recalc-dims=\"1\" decoding=\"async\" src=\"https:\/\/i0.wp.com\/ae01.alicdn.com\/kf\/S92c62e7b37f649d2badadb56b779a36b5.jpg?w=1200&#038;ssl=1\" \/><img data-recalc-dims=\"1\" decoding=\"async\" src=\"https:\/\/i0.wp.com\/ae01.alicdn.com\/kf\/S47919af03aa4471d95afdf1d16e679fbb.jpg?w=1200&#038;ssl=1\" \/><img data-recalc-dims=\"1\" decoding=\"async\" src=\"https:\/\/i0.wp.com\/ae01.alicdn.com\/kf\/S56433eba96aa435faf1444466127321d1.jpg?w=1200&#038;ssl=1\" \/><img data-recalc-dims=\"1\" decoding=\"async\" src=\"https:\/\/i0.wp.com\/ae01.alicdn.com\/kf\/Sd8cd74bee99f40a2a0fd8ee6d8018ad8B.jpg?w=1200&#038;ssl=1\" \/><img data-recalc-dims=\"1\" decoding=\"async\" src=\"https:\/\/i0.wp.com\/ae01.alicdn.com\/kf\/Sa4b097fd0e774b1ab7044d6eb31aa26bp.jpg?w=1200&#038;ssl=1\" \/><img data-recalc-dims=\"1\" decoding=\"async\" src=\"https:\/\/i0.wp.com\/ae01.alicdn.com\/kf\/S6db455053be64066910feb6e38e641a91.jpg?w=1200&#038;ssl=1\" \/><\/p>\n<\/div>\n<\/div>\n","protected":false},"excerpt":{"rendered":"<p>Este item est&aacute; dispon&iacute;vel em 8 modelos e cores. Selecione o tipo que deseja comprar antes de fazer o pedido. Descri&ccedil;&atilde;o Constru&iacute;do em tecido de malha leve com uma estrutura r&iacute;gida dobr&aacute;vel, o guarda-sol Glass Roof bloqueia 95% da transmit&acirc;ncia luminosa sem comprometer a visibilidade traseira. 1.Design de camada &uacute;nica Ao contr&aacute;rio dos guarda-s&oacute;is de&hellip;&nbsp;<\/p>\n","protected":false},"featured_media":24760,"template":"","meta":{"neve_meta_sidebar":"","neve_meta_container":"","neve_meta_enable_content_width":"","neve_meta_content_width":0,"neve_meta_title_alignment":"","neve_meta_author_avatar":"","neve_post_elements_order":"","neve_meta_disable_header":"","neve_meta_disable_footer":"","neve_meta_disable_title":""},"product_brand":[],"product_cat":[33,140,17],"product_tag":[],"class_list":{"0":"post-24766","1":"product","2":"type-product","3":"status-publish","4":"has-post-thumbnail","6":"product_cat-acessorios-do-exterior","7":"product_cat-marquises","8":"product_cat-pecas-e-acessorios-automotivos","10":"first","11":"instock","12":"shipping-taxable","13":"purchasable","14":"product-type-variable","15":"has-default-attributes"},"jetpack_sharing_enabled":true,"_links":{"self":[{"href":"https:\/\/listman.shop\/autoparts-br\/wp-json\/wp\/v2\/product\/24766","targetHints":{"allow":["GET"]}}],"collection":[{"href":"https:\/\/listman.shop\/autoparts-br\/wp-json\/wp\/v2\/product"}],"about":[{"href":"https:\/\/listman.shop\/autoparts-br\/wp-json\/wp\/v2\/types\/product"}],"wp:featuredmedia":[{"embeddable":true,"href":"https:\/\/listman.shop\/autoparts-br\/wp-json\/wp\/v2\/media\/24760"}],"wp:attachment":[{"href":"https:\/\/listman.shop\/autoparts-br\/wp-json\/wp\/v2\/media?parent=24766"}],"wp:term":[{"taxonomy":"product_brand","embeddable":true,"href":"https:\/\/listman.shop\/autoparts-br\/wp-json\/wp\/v2\/product_brand?post=24766"},{"taxonomy":"product_cat","embeddable":true,"href":"https:\/\/listman.shop\/autoparts-br\/wp-json\/wp\/v2\/product_cat?post=24766"},{"taxonomy":"product_tag","embeddable":true,"href":"https:\/\/listman.shop\/autoparts-br\/wp-json\/wp\/v2\/product_tag?post=24766"}],"curies":[{"name":"wp","href":"https:\/\/api.w.org\/{rel}","templated":true}]}}