{"id":24806,"date":"2025-03-10T08:06:10","date_gmt":"2025-03-09T23:06:10","guid":{"rendered":"https:\/\/listman.shop\/autoparts-br\/product\/1005005912661611\/"},"modified":"2026-04-14T08:35:06","modified_gmt":"2026-04-13T23:35:06","slug":"1005005912661611","status":"publish","type":"product","link":"https:\/\/listman.shop\/autoparts-br\/product\/1005005912661611\/","title":{"rendered":"P\u00e1ra-brisas Sun Shade para MG 4 EV MG4 2022 2023 2024, P\u00e1ra-sol, protetor de viseira, blocos dobr\u00e1veis, raios UV, mantenha seu carro mais frio"},"content":{"rendered":"<div class=\"detailmodule_html\">\n<div class=\"detail-desc-decorate-richtext\">\n<div class=\"detailmodule_dynamic\"><\/div>\n<div class=\"detailmodule_html\">\n<div class=\"detail-desc-decorate-richtext\">\n<div class=\"detailmodule_text\">\n<div><\/div>\n<p>Especifica\u00e7\u00f5es<\/p>\n<\/div>\n<div class=\"detailmodule_text\">\n<p>Nome do produto: guarda-sol do carro<\/p>\n<\/div>\n<div class=\"detailmodule_text\">\n<p>Adequado para: p\u00e1ra-brisa dianteiro<\/p>\n<\/div>\n<div class=\"detailmodule_text\">\n<p>Material: reflexivo e dur\u00e1vel com estrutura de metal dobr\u00e1vel<\/p>\n<\/div>\n<div class=\"detailmodule_text\">\n<p>Cor: preto + tom prateado<\/p>\n<\/div>\n<div class=\"detailmodule_text\">\n<p>Montagem:<\/p>\n<\/div>\n<div class=\"detailmodule_text\">\n<p>Adequado para MG 4 EV 2022 2023 2024<\/p>\n<\/div>\n<div class=\"detailmodule_text\">\n<p>Embalagem<\/p>\n<\/div>\n<div class=\"detailmodule_text\">\n<p>1 pe\u00e7a de guarda-sol para carro<\/p>\n<\/div>\n<div class=\"detailmodule_text\">\n<p>1 saco de armazenamento<\/p>\n<\/div>\n<div class=\"detailmodule_image\"><img data-recalc-dims=\"1\" decoding=\"async\" style=\"margin-bottom:10px\" class=\"detail-desc-decorate-image\" src=\"https:\/\/i0.wp.com\/ae01.alicdn.com\/kf\/S336654cf3e4c44c18e11b30085ac9000W.jpg?w=1200&#038;ssl=1\"><img data-recalc-dims=\"1\" decoding=\"async\" style=\"margin-bottom:10px\" class=\"detail-desc-decorate-image\" src=\"https:\/\/i0.wp.com\/ae01.alicdn.com\/kf\/Sa33b568e10c8484190638f51c9549598D.jpg?w=1200&#038;ssl=1\"><img data-recalc-dims=\"1\" decoding=\"async\" class=\"detail-desc-decorate-image\" src=\"https:\/\/i0.wp.com\/ae01.alicdn.com\/kf\/S1edb56ecf16e44edaa9f881af6f579b96.jpg?w=1200&#038;ssl=1\"><img data-recalc-dims=\"1\" decoding=\"async\" class=\"detail-desc-decorate-image\" src=\"https:\/\/i0.wp.com\/ae01.alicdn.com\/kf\/Sbb186ae799024c4e9ac244652dedd0f1F.jpg?w=1200&#038;ssl=1\"><img data-recalc-dims=\"1\" decoding=\"async\" class=\"detail-desc-decorate-image\" src=\"https:\/\/i0.wp.com\/ae01.alicdn.com\/kf\/S4f5e25d5cede4e108aa7b35a7afc9e8db.jpg?w=1200&#038;ssl=1\"><img data-recalc-dims=\"1\" decoding=\"async\" class=\"detail-desc-decorate-image\" src=\"https:\/\/i0.wp.com\/ae01.alicdn.com\/kf\/S380bf85b9ace42f1b77f479051de1d8bH.jpg?w=1200&#038;ssl=1\"><img data-recalc-dims=\"1\" decoding=\"async\" class=\"detail-desc-decorate-image\" src=\"https:\/\/i0.wp.com\/ae01.alicdn.com\/kf\/Sa5c33264b56b4a70a09205e3d507f9a0A.jpg?w=1200&#038;ssl=1\"><\/div>\n<div><\/div>\n<\/div>\n<\/div>\n<p><\/p>\n<\/div>\n<\/div>\n","protected":false},"excerpt":{"rendered":"<p>Especifica\u00e7\u00f5es Nome do produto: guarda-sol do carro Adequado para: p\u00e1ra-brisa dianteiro Material: reflexivo e dur\u00e1vel com estrutura de metal dobr\u00e1vel Cor: preto + tom prateado Montagem: Adequado para MG 4 EV 2022 2023 2024 Embalagem 1 pe\u00e7a de guarda-sol para carro 1 saco de armazenamento<\/p>\n","protected":false},"featured_media":24800,"template":"","meta":{"neve_meta_sidebar":"","neve_meta_container":"","neve_meta_enable_content_width":"","neve_meta_content_width":0,"neve_meta_title_alignment":"","neve_meta_author_avatar":"","neve_post_elements_order":"","neve_meta_disable_header":"","neve_meta_disable_footer":"","neve_meta_disable_title":""},"product_brand":[],"product_cat":[33,140,17],"product_tag":[],"class_list":{"0":"post-24806","1":"product","2":"type-product","3":"status-publish","4":"has-post-thumbnail","6":"product_cat-acessorios-do-exterior","7":"product_cat-marquises","8":"product_cat-pecas-e-acessorios-automotivos","10":"first","11":"instock","12":"shipping-taxable","13":"purchasable","14":"product-type-variable","15":"has-default-attributes"},"jetpack_sharing_enabled":true,"_links":{"self":[{"href":"https:\/\/listman.shop\/autoparts-br\/wp-json\/wp\/v2\/product\/24806","targetHints":{"allow":["GET"]}}],"collection":[{"href":"https:\/\/listman.shop\/autoparts-br\/wp-json\/wp\/v2\/product"}],"about":[{"href":"https:\/\/listman.shop\/autoparts-br\/wp-json\/wp\/v2\/types\/product"}],"wp:featuredmedia":[{"embeddable":true,"href":"https:\/\/listman.shop\/autoparts-br\/wp-json\/wp\/v2\/media\/24800"}],"wp:attachment":[{"href":"https:\/\/listman.shop\/autoparts-br\/wp-json\/wp\/v2\/media?parent=24806"}],"wp:term":[{"taxonomy":"product_brand","embeddable":true,"href":"https:\/\/listman.shop\/autoparts-br\/wp-json\/wp\/v2\/product_brand?post=24806"},{"taxonomy":"product_cat","embeddable":true,"href":"https:\/\/listman.shop\/autoparts-br\/wp-json\/wp\/v2\/product_cat?post=24806"},{"taxonomy":"product_tag","embeddable":true,"href":"https:\/\/listman.shop\/autoparts-br\/wp-json\/wp\/v2\/product_tag?post=24806"}],"curies":[{"name":"wp","href":"https:\/\/api.w.org\/{rel}","templated":true}]}}