{"id":24914,"date":"2025-03-10T08:10:56","date_gmt":"2025-03-09T23:10:56","guid":{"rendered":"https:\/\/listman.shop\/autoparts-br\/product\/1005006984326367\/"},"modified":"2026-04-14T08:34:05","modified_gmt":"2026-04-13T23:34:05","slug":"1005006984326367","status":"publish","type":"product","link":"https:\/\/listman.shop\/autoparts-br\/product\/1005006984326367\/","title":{"rendered":"Guarda-sol dobr\u00e1vel para carro YZ para Tesla Model 3 Y Highland 2026, protetor solar dianteiro com isolamento t\u00e9rmico, acess\u00f3rio para carro."},"content":{"rendered":"<div class=\"detailmodule_html\">\n<div class=\"detail-desc-decorate-richtext\">\n<div class=\"detailmodule_text\">\n<div>\n  <br \/> \n <\/div>\n<p style=\"font-family:OpenSans;font-size:20px;font-weight:900;line-height:28px;white-space:pre-wrap;margin-bottom:12px\" class=\"detail-desc-decorate-title\" id=\"tl_1\">Prezado cliente, quando o seu carro n&atilde;o &eacute; da marca Tesla, voc&ecirc; pode medir o tamanho do seu para-brisa dianteiro para ver se ele pode corresponder<\/p>\n<\/div>\n<div class=\"detailmodule_image\">\n <img data-recalc-dims=\"1\" decoding=\"async\" class=\"detail-desc-decorate-image\" src=\"https:\/\/i0.wp.com\/ae01.alicdn.com\/kf\/Sd6a54dd4be644c5fae74b3b9b762ac0bl.jpg?w=1200&#038;ssl=1\" \/>\n<\/div>\n<div class=\"detailmodule_text\">\n<p id=\"tl_2\">Novo guarda-chuva de porcelana de gelo nano de camada dupla de resfriamento atualizado<\/p>\n<\/div>\n<div class=\"detailmodule_text\">\n<p id=\"tl_3\">Crie uma s&eacute;rie completa de guarda-s&oacute;is personalizados 1:1.<\/p>\n<\/div>\n<div class=\"detailmodule_image\">\n <img data-recalc-dims=\"1\" decoding=\"async\" class=\"detail-desc-decorate-image\" src=\"https:\/\/i0.wp.com\/ae01.alicdn.com\/kf\/Se73bc6e5e52b4216b341059fbc184401p.jpg?w=1200&#038;ssl=1\" \/><br \/>\n <img data-recalc-dims=\"1\" decoding=\"async\" class=\"detail-desc-decorate-image\" src=\"https:\/\/i0.wp.com\/ae01.alicdn.com\/kf\/S80feebaabfe446909c096ccf9a0511fcw.jpg?w=1200&#038;ssl=1\" \/>\n<\/div>\n<div class=\"detailmodule_text\">\n<p id=\"tl_4\">Fibra de gelo de refrigera&ccedil;&atilde;o Uma gota repentina de 98\u2103<\/p>\n<\/div>\n<div class=\"detailmodule_text\">\n<p id=\"tl_5\">Refrigera&ccedil;&atilde;o de fibra de gelo H-BN, coeficiente de resfriamento 0,25<\/p>\n<\/div>\n<div class=\"detailmodule_text\">\n<p id=\"tl_6\">Quando exposto ao calor, espalha-se e fica fresco.<\/p>\n<\/div>\n<p><\/p>\n<\/div>\n<\/div>\n","protected":false},"excerpt":{"rendered":"<p>Prezado cliente, quando o seu carro n&atilde;o &eacute; da marca Tesla, voc&ecirc; pode medir o tamanho do seu para-brisa dianteiro para ver se ele pode corresponder Novo guarda-chuva de porcelana de gelo nano de camada dupla de resfriamento atualizado Crie uma s&eacute;rie completa de guarda-s&oacute;is personalizados 1:1. Fibra de gelo de refrigera&ccedil;&atilde;o Uma gota repentina&hellip;&nbsp;<\/p>\n","protected":false},"featured_media":24908,"template":"","meta":{"neve_meta_sidebar":"","neve_meta_container":"","neve_meta_enable_content_width":"","neve_meta_content_width":0,"neve_meta_title_alignment":"","neve_meta_author_avatar":"","neve_post_elements_order":"","neve_meta_disable_header":"","neve_meta_disable_footer":"","neve_meta_disable_title":""},"product_brand":[],"product_cat":[33,140,17],"product_tag":[],"class_list":{"0":"post-24914","1":"product","2":"type-product","3":"status-publish","4":"has-post-thumbnail","6":"product_cat-acessorios-do-exterior","7":"product_cat-marquises","8":"product_cat-pecas-e-acessorios-automotivos","10":"first","11":"instock","12":"shipping-taxable","13":"purchasable","14":"product-type-variable","15":"has-default-attributes"},"jetpack_sharing_enabled":true,"_links":{"self":[{"href":"https:\/\/listman.shop\/autoparts-br\/wp-json\/wp\/v2\/product\/24914","targetHints":{"allow":["GET"]}}],"collection":[{"href":"https:\/\/listman.shop\/autoparts-br\/wp-json\/wp\/v2\/product"}],"about":[{"href":"https:\/\/listman.shop\/autoparts-br\/wp-json\/wp\/v2\/types\/product"}],"wp:featuredmedia":[{"embeddable":true,"href":"https:\/\/listman.shop\/autoparts-br\/wp-json\/wp\/v2\/media\/24908"}],"wp:attachment":[{"href":"https:\/\/listman.shop\/autoparts-br\/wp-json\/wp\/v2\/media?parent=24914"}],"wp:term":[{"taxonomy":"product_brand","embeddable":true,"href":"https:\/\/listman.shop\/autoparts-br\/wp-json\/wp\/v2\/product_brand?post=24914"},{"taxonomy":"product_cat","embeddable":true,"href":"https:\/\/listman.shop\/autoparts-br\/wp-json\/wp\/v2\/product_cat?post=24914"},{"taxonomy":"product_tag","embeddable":true,"href":"https:\/\/listman.shop\/autoparts-br\/wp-json\/wp\/v2\/product_tag?post=24914"}],"curies":[{"name":"wp","href":"https:\/\/api.w.org\/{rel}","templated":true}]}}