{"id":24923,"date":"2025-03-10T08:11:30","date_gmt":"2025-03-09T23:11:30","guid":{"rendered":"https:\/\/listman.shop\/autoparts-br\/product\/1005007072062361\/"},"modified":"2026-04-14T08:37:13","modified_gmt":"2026-04-13T23:37:13","slug":"1005007072062361","status":"publish","type":"product","link":"https:\/\/listman.shop\/autoparts-br\/product\/1005007072062361\/","title":{"rendered":"P\u00e1ra-sol magn\u00e9tico personalizado da janela do carro para byd atto 3 2022-2024 atto3 cortina de malha p\u00e1ra-brisa dianteiro quadro cortina"},"content":{"rendered":"<div class=\"detailmodule_html\">\n<div class=\"detail-desc-decorate-richtext\">\n<div>\n<p><img data-recalc-dims=\"1\" decoding=\"async\" src=\"https:\/\/i0.wp.com\/ae01.alicdn.com\/kf\/Sb5afe04c8a034203b2fb6d3f05e158a0W.jpg?w=1200&#038;ssl=1\" \/><br \/><span style=\"font-size:24px\"><strong>P&aacute;ra-sol magn&eacute;tico personalizado para janela de carro, para byd atto 3 2022-2024 atto3, cortina de malha frontal para-brisa<\/strong><\/span><br \/><span style=\"font-size:24px\"><strong><span><span style=\"font-size:18px\"><span><span style=\"font-size:20px\"><span><span>*Todos os modelos de carros podem ser personalizados, por favor deixe seu modelo no momento da compra.(Modelo de carro\/anos) Nenhuma observa&ccedil;&atilde;o de modelo ser&aacute; enviada como mostra a imagem.Obrigado!<\/span><\/span><\/span><\/span><\/span><\/span><\/strong><\/span><\/p>\n<p><span style=\"font-size:16px\">\u221aBloquear a forte radia&ccedil;&atilde;o ultravioleta do sol de ver&atilde;o, mas n&atilde;o atrapalha sua vis&atilde;o, n&atilde;o afeta sua vis&atilde;o dos belos paisagens fora do carro.<\/p>\n<p>\u221aA qualquer hora e em qualquer lugar, voc&ecirc; pode instalar e coletar como desejar.<\/p>\n<p>\u221aBloqueia efetivamente o calor, mant&eacute;m o equil&iacute;brio do ar condicionado dentro do carro, reduz o consumo de combust&iacute;vel causado pelo ar condicionado.<\/p>\n<p>\u221aPasse apenas um minuto para instalar, desmontar, sem ferramentas, flexibilidade super forte.<\/span><\/p>\n<\/div>\n<p><img data-recalc-dims=\"1\" decoding=\"async\" src=\"https:\/\/i0.wp.com\/ae01.alicdn.com\/kf\/Sf1e02cb6751647aeb6824490f05aa01bb.jpg?w=1200&#038;ssl=1\" \/><\/p>\n<p><img data-recalc-dims=\"1\" decoding=\"async\" src=\"https:\/\/i0.wp.com\/ae01.alicdn.com\/kf\/S4a5e4b212e584d31a570e9810cd347251.jpg?w=1200&#038;ssl=1\" \/><\/p>\n<p><img data-recalc-dims=\"1\" decoding=\"async\" src=\"https:\/\/i0.wp.com\/ae01.alicdn.com\/kf\/S432353504864471ab6cdb9cf60297d5eE.jpg?w=1200&#038;ssl=1\" \/><\/p>\n<p><img data-recalc-dims=\"1\" decoding=\"async\" src=\"https:\/\/i0.wp.com\/ae01.alicdn.com\/kf\/S652db9cdd5e240b88a954378b5d1ba148.jpg?w=1200&#038;ssl=1\" \/><\/p>\n<p><img data-recalc-dims=\"1\" decoding=\"async\" src=\"https:\/\/i0.wp.com\/ae01.alicdn.com\/kf\/S49fd25053d4a4616bcedd02a2c2176af0.jpg?w=1200&#038;ssl=1\" \/><\/p>\n<p><img data-recalc-dims=\"1\" decoding=\"async\" src=\"https:\/\/i0.wp.com\/ae01.alicdn.com\/kf\/Sb66f06ea27744527b18e869b18ff8009l.jpg?w=1200&#038;ssl=1\" \/><\/p>\n<p><img data-recalc-dims=\"1\" decoding=\"async\" src=\"https:\/\/i0.wp.com\/ae01.alicdn.com\/kf\/S00e2423a17064e239b8c6ffb93109a20L.jpg?w=1200&#038;ssl=1\" \/><\/p>\n<p><img data-recalc-dims=\"1\" decoding=\"async\" src=\"https:\/\/i0.wp.com\/ae01.alicdn.com\/kf\/Se0808ad646784e48b129e0f73606d127u.jpg?w=1200&#038;ssl=1\" \/><\/p>\n<div>\n<\/div>\n<p><img data-recalc-dims=\"1\" decoding=\"async\" src=\"https:\/\/i0.wp.com\/ae01.alicdn.com\/kf\/Seb8be12b1d4e4358a33e09b185bc6ecdm.jpg?w=1200&#038;ssl=1\" \/><br \/><img data-recalc-dims=\"1\" decoding=\"async\" src=\"https:\/\/i0.wp.com\/ae01.alicdn.com\/kf\/S04b606c68f0a447b949e18efd1610cfc8.jpg?w=1200&#038;ssl=1\" \/><br \/>Instala&ccedil;&atilde;o do produto<br \/><img data-recalc-dims=\"1\" decoding=\"async\" src=\"https:\/\/i0.wp.com\/ae01.alicdn.com\/kf\/Sf1e96908a2b24c448953086a9713223dq.jpg?w=1200&#038;ssl=1\" \/><img data-recalc-dims=\"1\" decoding=\"async\" src=\"https:\/\/i0.wp.com\/ae01.alicdn.com\/kf\/Sbb03bf13a9f245938f4455574cf96cdbA.jpg?w=1200&#038;ssl=1\" \/><\/p>\n<p><img data-recalc-dims=\"1\" decoding=\"async\" src=\"https:\/\/i0.wp.com\/ae01.alicdn.com\/kf\/S397b3e7f87a240eebd6be071ce7260e8H.jpg?w=1200&#038;ssl=1\" \/><\/p>\n<div>\n <span style=\"font-size:18px\"><span style=\"font-family:arial, helvetica, sans-serif\">Ao fazer um pedido, escolha uma forma de envio e pague pelo pedido, incluindo o custo de envio.Enviaremos os itens o mais r&aacute;pido poss&iacute;vel.<\/span><\/span>\n<\/div>\n<div>\n &nbsp;\n<\/div>\n<div>\n <span style=\"font-size:18px\"><span style=\"font-family:arial, helvetica, sans-serif\">N&atilde;o garantimos o prazo de entrega em todas as remessas internacionais devido a diferen&ccedil;as nos tempos de libera&ccedil;&atilde;o alfandeg&aacute;ria em cada pa&iacute;s, o que pode afetar o tempo de recebimento do pacote.Observe que os compradores s&atilde;o respons&aacute;veis por todas as taxas alfandeg&aacute;rias adicionais, taxas de corretagem, impostos e taxas de importa&ccedil;&atilde;o para o seu pa&iacute;s.Essas taxas adicionais podem ser cobradas no momento da entrega.<\/span><\/span>\n<\/div>\n<div>\n &nbsp;\n<\/div>\n<div>\n <span style=\"font-size:18px\"><span style=\"font-family:arial, helvetica, sans-serif\">N&atilde;o reembolsaremos despesas de envio para remessas recusadas.<\/span><\/span>\n<\/div>\n<div>\n &nbsp;\n<\/div>\n<div>\n <span style=\"font-size:18px\"><span style=\"font-family:arial, helvetica, sans-serif\">O custo de envio n&atilde;o inclui nenhuma taxa de importa&ccedil;&atilde;o e os compradores s&atilde;o respons&aacute;veis pelas taxas alfandeg&aacute;rias.<\/span><\/span>\n<\/div>\n<p><img data-recalc-dims=\"1\" decoding=\"async\" src=\"https:\/\/i0.wp.com\/ae01.alicdn.com\/kf\/Sba07483998724bbc82ffb30dc67886c7O.jpg?w=1200&#038;ssl=1\" \/> <img data-recalc-dims=\"1\" decoding=\"async\" src=\"https:\/\/i0.wp.com\/ae01.alicdn.com\/kf\/S965f629242b34c1daeaf79b132381242R.jpg?w=1200&#038;ssl=1\" \/><\/p>\n<p><\/div>\n<\/div>\n","protected":false},"excerpt":{"rendered":"<p>P&aacute;ra-sol magn&eacute;tico personalizado para janela de carro, para byd atto 3 2022-2024 atto3, cortina de malha frontal para-brisa*Todos os modelos de carros podem ser personalizados, por favor deixe seu modelo no momento da compra.(Modelo de carro\/anos) Nenhuma observa&ccedil;&atilde;o de modelo ser&aacute; enviada como mostra a imagem.Obrigado! \u221aBloquear a forte radia&ccedil;&atilde;o ultravioleta do sol de ver&atilde;o,&hellip;&nbsp;<\/p>\n","protected":false},"featured_media":24917,"template":"","meta":{"neve_meta_sidebar":"","neve_meta_container":"","neve_meta_enable_content_width":"","neve_meta_content_width":0,"neve_meta_title_alignment":"","neve_meta_author_avatar":"","neve_post_elements_order":"","neve_meta_disable_header":"","neve_meta_disable_footer":"","neve_meta_disable_title":""},"product_brand":[],"product_cat":[33,140,17],"product_tag":[],"class_list":{"0":"post-24923","1":"product","2":"type-product","3":"status-publish","4":"has-post-thumbnail","6":"product_cat-acessorios-do-exterior","7":"product_cat-marquises","8":"product_cat-pecas-e-acessorios-automotivos","10":"first","11":"instock","12":"shipping-taxable","13":"purchasable","14":"product-type-variable","15":"has-default-attributes"},"jetpack_sharing_enabled":true,"_links":{"self":[{"href":"https:\/\/listman.shop\/autoparts-br\/wp-json\/wp\/v2\/product\/24923","targetHints":{"allow":["GET"]}}],"collection":[{"href":"https:\/\/listman.shop\/autoparts-br\/wp-json\/wp\/v2\/product"}],"about":[{"href":"https:\/\/listman.shop\/autoparts-br\/wp-json\/wp\/v2\/types\/product"}],"wp:featuredmedia":[{"embeddable":true,"href":"https:\/\/listman.shop\/autoparts-br\/wp-json\/wp\/v2\/media\/24917"}],"wp:attachment":[{"href":"https:\/\/listman.shop\/autoparts-br\/wp-json\/wp\/v2\/media?parent=24923"}],"wp:term":[{"taxonomy":"product_brand","embeddable":true,"href":"https:\/\/listman.shop\/autoparts-br\/wp-json\/wp\/v2\/product_brand?post=24923"},{"taxonomy":"product_cat","embeddable":true,"href":"https:\/\/listman.shop\/autoparts-br\/wp-json\/wp\/v2\/product_cat?post=24923"},{"taxonomy":"product_tag","embeddable":true,"href":"https:\/\/listman.shop\/autoparts-br\/wp-json\/wp\/v2\/product_tag?post=24923"}],"curies":[{"name":"wp","href":"https:\/\/api.w.org\/{rel}","templated":true}]}}