{"id":24997,"date":"2025-03-10T08:15:53","date_gmt":"2025-03-09T23:15:53","guid":{"rendered":"https:\/\/listman.shop\/autoparts-br\/product\/1005008035956989\/"},"modified":"2026-04-17T16:28:06","modified_gmt":"2026-04-17T07:28:06","slug":"1005008035956989","status":"publish","type":"product","link":"https:\/\/listman.shop\/autoparts-br\/product\/1005008035956989\/","title":{"rendered":"Seametal engrossar p\u00e1ra-brisa do carro escudo de neve 5 \u00edm\u00e3 tamanho grande prote\u00e7\u00e3o completa janela dianteira capa de neve \u00e0 prova de vento anti gelo capa"},"content":{"rendered":"<div class=\"detailmodule_html\">\n<div class=\"detail-desc-decorate-richtext\">\n<p>SeameTAL engrossar p\u00e1ra-brisa do carro escudo de neve 5 \u00edm\u00e3s tamanho grande prote\u00e7\u00e3o completa janela dianteira capa de neve \u00e0 prova de vento anti gelo<\/p>\n<p>Especifica\u00e7\u00e3o:<br \/>Nome do produto: capa de neve para p\u00e1ra-brisa do carro<br \/>Material: folha de alum\u00ednio + algod\u00e3o<br \/>Fun\u00e7\u00f5es: \u00e0 prova de neve, antigelo, \u00e0 prova d&#8217;\u00e1gua<br \/>Capa de neve espessa: material composto de 5 camadas<br \/>Caracter\u00edsticas: \u00e0 prova de neve, antigelo, \u00e0 prova d&#8217;\u00e1gua<br \/>Totalmente cercado: 3 janelas + espelho retrovisor<br \/>Modelo: D40836<\/p>\n<p>Caracter\u00edsticas:<br \/>1.Capa de neve para p\u00e1ra-brisa: a capa de prote\u00e7\u00e3o total protege o p\u00e1ra-brisa do seu ve\u00edculo, limpadores contra neve, geada e gelo.R\u00e1pido e f\u00e1cil de instalar, economize tempo e esfor\u00e7os, sem mais pulverizar e raspar o para-brisa do ve\u00edculo em dias de congelamento.<br \/>2.\u00c0 prova de vento: 5 pe\u00e7as de \u00edm\u00e3s contidas no material, adsor\u00e7\u00e3o superior, mais est\u00e1vel, antiderrapante e sem arranh\u00f5es.el\u00e1sticos podem ser colocados no aro da roda, \u00e0 prova de vento, embora com vento forte.<br \/>3.Prote\u00e7\u00e3o de 5 n\u00edveis: material ultraespesso de 5 camadas, revestimento de alum\u00ednio dupla face, resistente \u00e0 temperatura, resistente a rasgos, dur\u00e1vel.<br \/>4.Tamanho padr\u00e3o, cobre perfeitamente toda a janela frontal, adequado para a maioria dos ve\u00edculos e SUV padr\u00e3o.A cobertura de neve do carro foi projetada por tempo suficiente para cobrir todo o para-brisa, janela lateral e espelho retrovisor.<br \/>5. Capa para carro para todos os climas: A capa para-brisa das quatro esta\u00e7\u00f5es n\u00e3o apenas mant\u00e9m o disco frontal livre de gelo e neve no inverno, mas bloqueia os raios UV e o aquecimento solar no ver\u00e3o. Tamb\u00e9m pode ser usado como escudo protetor, contra poeira no dia a dia.<\/p>\n<p><img data-recalc-dims=\"1\" decoding=\"async\" src=\"https:\/\/i0.wp.com\/ae01.alicdn.com\/kf\/S1ccd63c1eb664e52bd635b4817dc34a0O.jpg?w=1200&#038;ssl=1\"><img data-recalc-dims=\"1\" decoding=\"async\" src=\"https:\/\/i0.wp.com\/ae01.alicdn.com\/kf\/S0ec2b654925b4a6daac5a2ffcbc908bf4.jpg?w=1200&#038;ssl=1\"><img data-recalc-dims=\"1\" decoding=\"async\" src=\"https:\/\/i0.wp.com\/ae01.alicdn.com\/kf\/Saefb53a936474d39844b3dd63dcfffedV.jpg?w=1200&#038;ssl=1\"><img data-recalc-dims=\"1\" decoding=\"async\" src=\"https:\/\/i0.wp.com\/ae01.alicdn.com\/kf\/S7f6c4cc21521497e85e12d7d1765e2c8T.jpg?w=1200&#038;ssl=1\"><img data-recalc-dims=\"1\" decoding=\"async\" src=\"https:\/\/i0.wp.com\/ae01.alicdn.com\/kf\/S9554f461fca4467693da11b3886ff3949.jpg?w=1200&#038;ssl=1\"><img data-recalc-dims=\"1\" decoding=\"async\" src=\"https:\/\/i0.wp.com\/ae01.alicdn.com\/kf\/S50aa00701bd54c1897313c71131c0c92L.jpg?w=1200&#038;ssl=1\"><img data-recalc-dims=\"1\" decoding=\"async\" src=\"https:\/\/i0.wp.com\/ae01.alicdn.com\/kf\/S8e0571651d7c49b68c6d9769cadb2e2aq.jpg?w=1200&#038;ssl=1\"><img data-recalc-dims=\"1\" decoding=\"async\" src=\"https:\/\/i0.wp.com\/ae01.alicdn.com\/kf\/Sb31816f8d93a4659b00cbaff93be867ec.jpg?w=1200&#038;ssl=1\"><img data-recalc-dims=\"1\" decoding=\"async\" src=\"https:\/\/i0.wp.com\/ae01.alicdn.com\/kf\/Sb92fdb1f783a493690a70118f8c7f5a0V.jpg?w=1200&#038;ssl=1\"><img data-recalc-dims=\"1\" decoding=\"async\" src=\"https:\/\/i0.wp.com\/ae01.alicdn.com\/kf\/S4da824d8d7a647889cccff8cfa409816n.jpg?w=1200&#038;ssl=1\"><img data-recalc-dims=\"1\" decoding=\"async\" src=\"https:\/\/i0.wp.com\/ae01.alicdn.com\/kf\/Saed77a4995fa47ab9c46d5a60ed96db6R.jpg?w=1200&#038;ssl=1\"><img data-recalc-dims=\"1\" decoding=\"async\" src=\"https:\/\/i0.wp.com\/ae01.alicdn.com\/kf\/Sccf50069d0974333854f5c25ce6e7c86D.jpg?w=1200&#038;ssl=1\"><img data-recalc-dims=\"1\" decoding=\"async\" src=\"https:\/\/i0.wp.com\/ae01.alicdn.com\/kf\/S8ae687e988a141dea15400565117ade5Z.jpg?w=1200&#038;ssl=1\"><\/p>\n<\/div>\n<\/div>\n","protected":false},"excerpt":{"rendered":"<p>SeameTAL engrossar p\u00e1ra-brisa do carro escudo de neve 5 \u00edm\u00e3s tamanho grande prote\u00e7\u00e3o completa janela dianteira capa de neve \u00e0 prova de vento anti gelo Especifica\u00e7\u00e3o:Nome do produto: capa de neve para p\u00e1ra-brisa do carroMaterial: folha de alum\u00ednio + algod\u00e3oFun\u00e7\u00f5es: \u00e0 prova de neve, antigelo, \u00e0 prova d&#8217;\u00e1guaCapa de neve espessa: material composto de 5&hellip;&nbsp;<\/p>\n","protected":false},"featured_media":24991,"template":"","meta":{"neve_meta_sidebar":"","neve_meta_container":"","neve_meta_enable_content_width":"","neve_meta_content_width":0,"neve_meta_title_alignment":"","neve_meta_author_avatar":"","neve_post_elements_order":"","neve_meta_disable_header":"","neve_meta_disable_footer":"","neve_meta_disable_title":""},"product_brand":[],"product_cat":[33,80,17],"product_tag":[],"class_list":{"0":"post-24997","1":"product","2":"type-product","3":"status-publish","4":"has-post-thumbnail","6":"product_cat-acessorios-do-exterior","7":"product_cat-capas-de-carro","8":"product_cat-pecas-e-acessorios-automotivos","10":"first","11":"instock","12":"shipping-taxable","13":"purchasable","14":"product-type-variable","15":"has-default-attributes"},"jetpack_sharing_enabled":true,"_links":{"self":[{"href":"https:\/\/listman.shop\/autoparts-br\/wp-json\/wp\/v2\/product\/24997","targetHints":{"allow":["GET"]}}],"collection":[{"href":"https:\/\/listman.shop\/autoparts-br\/wp-json\/wp\/v2\/product"}],"about":[{"href":"https:\/\/listman.shop\/autoparts-br\/wp-json\/wp\/v2\/types\/product"}],"wp:featuredmedia":[{"embeddable":true,"href":"https:\/\/listman.shop\/autoparts-br\/wp-json\/wp\/v2\/media\/24991"}],"wp:attachment":[{"href":"https:\/\/listman.shop\/autoparts-br\/wp-json\/wp\/v2\/media?parent=24997"}],"wp:term":[{"taxonomy":"product_brand","embeddable":true,"href":"https:\/\/listman.shop\/autoparts-br\/wp-json\/wp\/v2\/product_brand?post=24997"},{"taxonomy":"product_cat","embeddable":true,"href":"https:\/\/listman.shop\/autoparts-br\/wp-json\/wp\/v2\/product_cat?post=24997"},{"taxonomy":"product_tag","embeddable":true,"href":"https:\/\/listman.shop\/autoparts-br\/wp-json\/wp\/v2\/product_tag?post=24997"}],"curies":[{"name":"wp","href":"https:\/\/api.w.org\/{rel}","templated":true}]}}