{"id":25302,"date":"2025-03-10T08:44:25","date_gmt":"2025-03-09T23:44:25","guid":{"rendered":"https:\/\/listman.shop\/autoparts-br\/product\/1005008409399132\/"},"modified":"2026-04-14T08:40:09","modified_gmt":"2026-04-13T23:40:09","slug":"1005008409399132","status":"publish","type":"product","link":"https:\/\/listman.shop\/autoparts-br\/product\/1005008409399132\/","title":{"rendered":"Ehdis 16 ~ 25mm conjunto de ferramentas de corte de sensor de radar de pl\u00e1stico carro filme envolt\u00f3rio de vinil reserva sensor de estacionamento cortador c\u00edrculo corte modelo"},"content":{"rendered":"<div class=\"detailmodule_html\">\n<div class=\"detail-desc-decorate-richtext\">\n<div class=\"detailmodule_text\">\n<p style=\"font-family:OpenSans;font-size:20px;font-weight:900;line-height:28px;white-space:pre-wrap;margin-bottom:12px\" class=\"detail-desc-decorate-title\">\n<p style=\"font-family:OpenSans;font-size:20px;font-weight:900;line-height:28px;white-space:pre-wrap;margin-bottom:12px\" class=\"detail-desc-decorate-title\" id=\"tl_1\">Ehdis conjunto de ferramentas de corte de sensor de radar de pl&aacute;stico, 10 pe&ccedil;as, filme envolt&oacute;rio de vinil para carro, sensor de estacionamento reservado, cortador, c&iacute;rculo, modelo de corte<\/p>\n<p style=\"font-family:OpenSans;font-size:14px;font-weight:300;line-height:20px;white-space:pre-wrap;margin-bottom:12px\" class=\"detail-desc-decorate-content\" id=\"tl_2\">Nome: aux&iacute;lio de corte do sensor de radar <br \/>Material: pl&aacute;stico <br \/>Di&acirc;metro: 16mm ~ 25mm <\/p>\n<p>O pacote inclui: como a imagem mostrada <br \/>1 conjunto x aux&iacute;lio de corte do sensor de radar<\/p>\n<\/div>\n<div class=\"detailmodule_text\">\n<p style=\"font-family:OpenSans;font-size:20px;font-weight:900;line-height:28px;white-space:pre-wrap;margin-bottom:12px\" class=\"detail-desc-decorate-title\" id=\"tl_3\">Recursos<\/p>\n<p style=\"font-family:OpenSans;font-size:14px;font-weight:300;line-height:20px;white-space:pre-wrap;margin-bottom:12px\" class=\"detail-desc-decorate-content\" id=\"tl_4\">1- Este conjunto de auxiliar de corte &eacute; feito de pl&aacute;stico PC, duro, resistente ao desgaste e dur&aacute;vel, por isso n&atilde;o &eacute; f&aacute;cil de desgastar e durar muito tempo. <br \/>2- Existem dentes na borda para ajudar a recortar o filme para que voc&ecirc; n&atilde;o precise usar uma faca. Desta forma, pode reduzir o risco de arranhar tintas ou pel&iacute;culas automotivas. <br \/>3- &Eacute; f&aacute;cil de usar e recortar o filme girando. <br \/>4- Al&eacute;m disso, voc&ecirc; pode usar o modelo de corte de metal para cortar o tamanho exato de um c&iacute;rculo para caber no sensor de estacionamento, muito conveniente e &uacute;til de usar.<\/p>\n<\/div>\n<div class=\"detailmodule_text\">\n<p style=\"font-family:OpenSans;font-size:20px;font-weight:900;line-height:28px;white-space:pre-wrap;margin-bottom:12px\" class=\"detail-desc-decorate-title\" id=\"tl_5\">Aplica&ccedil;&otilde;es<\/p>\n<p style=\"font-family:OpenSans;font-size:14px;font-weight:300;line-height:20px;white-space:pre-wrap;margin-bottom:12px\" class=\"detail-desc-decorate-content\" id=\"tl_6\">&Eacute; um &uacute;til conjunto de auxiliar de corte para cortar diferentes tamanhos de c&iacute;rculos, ideal para embrulho de carros\/motocicletas\/iates, papel de parede, filme decorativo DIY, corte de adesivos, etc.<\/p>\n<\/div>\n<div class=\"detailmodule_text-image\">\n<p style=\"font-family:OpenSans;font-size:20px;font-weight:900;line-height:28px;white-space:pre-wrap;margin-bottom:12px\" class=\"detail-desc-decorate-title\" id=\"tl_7\">Fotos<\/p>\n<div>\n  <img data-recalc-dims=\"1\" decoding=\"async\" style=\"margin-bottom:10px\" class=\"detail-desc-decorate-image\" src=\"https:\/\/i0.wp.com\/ae01.alicdn.com\/kf\/S44e9ec77e94f4a788e610c872e816cbaL.jpg?w=1200&#038;ssl=1\" \/><br \/>\n  <img data-recalc-dims=\"1\" decoding=\"async\" style=\"margin-bottom:10px\" class=\"detail-desc-decorate-image\" src=\"https:\/\/i0.wp.com\/ae01.alicdn.com\/kf\/S343f249b92d544ea99307a0fa5448622d.jpg?w=1200&#038;ssl=1\" \/><br \/>\n  <img data-recalc-dims=\"1\" decoding=\"async\" style=\"margin-bottom:10px\" class=\"detail-desc-decorate-image\" src=\"https:\/\/i0.wp.com\/ae01.alicdn.com\/kf\/Sd96d7706174a4b82b98fe9840bb8129df.jpg?w=1200&#038;ssl=1\" \/><br \/>\n  <img data-recalc-dims=\"1\" decoding=\"async\" style=\"margin-bottom:10px\" class=\"detail-desc-decorate-image\" src=\"https:\/\/i0.wp.com\/ae01.alicdn.com\/kf\/Sfbd709fb0c1b4e7387f54b899c50551bX.jpg?w=1200&#038;ssl=1\" \/><br \/>\n  <img data-recalc-dims=\"1\" decoding=\"async\" style=\"margin-bottom:10px\" class=\"detail-desc-decorate-image\" src=\"https:\/\/i0.wp.com\/ae01.alicdn.com\/kf\/S80f0ada9b36040c1977ad0c23519add7G.jpg?w=1200&#038;ssl=1\" \/><br \/>\n  <img data-recalc-dims=\"1\" decoding=\"async\" style=\"margin-bottom:10px\" class=\"detail-desc-decorate-image\" src=\"https:\/\/i0.wp.com\/ae01.alicdn.com\/kf\/S08c24d4ee704479b88f45dfbd39bd6dae.jpg?w=1200&#038;ssl=1\" \/><br \/>\n  <img data-recalc-dims=\"1\" decoding=\"async\" style=\"margin-bottom:10px\" class=\"detail-desc-decorate-image\" src=\"https:\/\/i0.wp.com\/ae01.alicdn.com\/kf\/Sef71ed4452754eb2801385860e19632c8.jpg?w=1200&#038;ssl=1\" \/><br \/>\n  <img data-recalc-dims=\"1\" decoding=\"async\" style=\"margin-bottom:10px\" class=\"detail-desc-decorate-image\" src=\"https:\/\/i0.wp.com\/ae01.alicdn.com\/kf\/S0659626881244ff7870f99b599a73450z.jpg?w=1200&#038;ssl=1\" \/><br \/>\n  <img data-recalc-dims=\"1\" decoding=\"async\" style=\"margin-bottom:10px\" class=\"detail-desc-decorate-image\" src=\"https:\/\/i0.wp.com\/ae01.alicdn.com\/kf\/S2731217e046c41d3aeea8345558142e14.jpg?w=1200&#038;ssl=1\" \/>\n <\/div>\n<\/div>\n<div class=\"detailmodule_image\">\n <img data-recalc-dims=\"1\" decoding=\"async\" class=\"detail-desc-decorate-image\" src=\"https:\/\/i0.wp.com\/ae01.alicdn.com\/kf\/S61248fd912604bbeb09115afc7d0fbacs.jpg?w=1200&#038;ssl=1\" \/><br \/>\n <img data-recalc-dims=\"1\" decoding=\"async\" class=\"detail-desc-decorate-image\" src=\"https:\/\/i0.wp.com\/ae01.alicdn.com\/kf\/Sf43ec8cdcce341a4b8aed06bd8709c1fg.jpg?w=1200&#038;ssl=1\" \/><br \/>\n <img data-recalc-dims=\"1\" decoding=\"async\" class=\"detail-desc-decorate-image\" src=\"https:\/\/i0.wp.com\/ae01.alicdn.com\/kf\/S9c1d2c9f31fd4932a829c7f2a6437579G.jpg?w=1200&#038;ssl=1\" \/><br \/>\n <img data-recalc-dims=\"1\" decoding=\"async\" class=\"detail-desc-decorate-image\" src=\"https:\/\/i0.wp.com\/ae01.alicdn.com\/kf\/Scaac11d1e64945fe96ec816a70f7517ag.jpg?w=1200&#038;ssl=1\" \/><br \/>\n <img data-recalc-dims=\"1\" decoding=\"async\" class=\"detail-desc-decorate-image\" src=\"https:\/\/i0.wp.com\/ae01.alicdn.com\/kf\/S611ba6516af8411ba4c1eba5ddc96db0b.jpg?w=1200&#038;ssl=1\" \/>\n<\/div>\n<p><\/p>\n<\/div>\n<\/div>\n","protected":false},"excerpt":{"rendered":"<p>Ehdis conjunto de ferramentas de corte de sensor de radar de pl&aacute;stico, 10 pe&ccedil;as, filme envolt&oacute;rio de vinil para carro, sensor de estacionamento reservado, cortador, c&iacute;rculo, modelo de corte Nome: aux&iacute;lio de corte do sensor de radar Material: pl&aacute;stico Di&acirc;metro: 16mm ~ 25mm O pacote inclui: como a imagem mostrada 1 conjunto x aux&iacute;lio de&hellip;&nbsp;<\/p>\n","protected":false},"featured_media":25296,"template":"","meta":{"neve_meta_sidebar":"","neve_meta_container":"","neve_meta_enable_content_width":"","neve_meta_content_width":0,"neve_meta_title_alignment":"","neve_meta_author_avatar":"","neve_post_elements_order":"","neve_meta_disable_header":"","neve_meta_disable_footer":"","neve_meta_disable_title":""},"product_brand":[],"product_cat":[33,17,138],"product_tag":[],"class_list":{"0":"post-25302","1":"product","2":"type-product","3":"status-publish","4":"has-post-thumbnail","6":"product_cat-acessorios-do-exterior","7":"product_cat-pecas-e-acessorios-automotivos","8":"product_cat-pelicula-para-estrutura-de-carro","10":"first","11":"instock","12":"shipping-taxable","13":"purchasable","14":"product-type-variable","15":"has-default-attributes"},"jetpack_sharing_enabled":true,"_links":{"self":[{"href":"https:\/\/listman.shop\/autoparts-br\/wp-json\/wp\/v2\/product\/25302","targetHints":{"allow":["GET"]}}],"collection":[{"href":"https:\/\/listman.shop\/autoparts-br\/wp-json\/wp\/v2\/product"}],"about":[{"href":"https:\/\/listman.shop\/autoparts-br\/wp-json\/wp\/v2\/types\/product"}],"wp:featuredmedia":[{"embeddable":true,"href":"https:\/\/listman.shop\/autoparts-br\/wp-json\/wp\/v2\/media\/25296"}],"wp:attachment":[{"href":"https:\/\/listman.shop\/autoparts-br\/wp-json\/wp\/v2\/media?parent=25302"}],"wp:term":[{"taxonomy":"product_brand","embeddable":true,"href":"https:\/\/listman.shop\/autoparts-br\/wp-json\/wp\/v2\/product_brand?post=25302"},{"taxonomy":"product_cat","embeddable":true,"href":"https:\/\/listman.shop\/autoparts-br\/wp-json\/wp\/v2\/product_cat?post=25302"},{"taxonomy":"product_tag","embeddable":true,"href":"https:\/\/listman.shop\/autoparts-br\/wp-json\/wp\/v2\/product_tag?post=25302"}],"curies":[{"name":"wp","href":"https:\/\/api.w.org\/{rel}","templated":true}]}}