{"id":25378,"date":"2025-03-10T10:08:44","date_gmt":"2025-03-10T01:08:44","guid":{"rendered":"https:\/\/listman.shop\/autoparts-br\/product\/1005002089573100\/"},"modified":"2026-04-14T09:30:22","modified_gmt":"2026-04-14T00:30:22","slug":"1005002089573100","status":"publish","type":"product","link":"https:\/\/listman.shop\/autoparts-br\/product\/1005002089573100\/","title":{"rendered":"Sistema de parada autom\u00e1tica para carro, dispositivo de desligamento, sensor de controle para audi a4 b9\/a5 f5 \/a3 8v\/q5 fy\/q3 8u f3\/q2 s4 s5 rs4 rs5"},"content":{"rendered":"<div class=\"detailmodule_html\">\n<div class=\"detail-desc-decorate-richtext\">\n<div class=\"detailmodule_html\">\n<div class=\"detail-desc-decorate-richtext\">\n<div>\n<\/div>\n<div>\n<p style=\"font-family:OpenSans;font-size:20px;font-weight:900;line-height:28px;white-space:pre-wrap;margin-bottom:12px\" class=\"detail-desc-decorate-title\">Sistema de parada autom\u00e1tica do motor do carro desligado sensor de controle do dispositivo para Audi A4 B9 A5 B9 A3 8V Q5 FY Q3 F3 Q2 Q3 8U<\/p>\n<p style=\"font-family:OpenSans;font-size:14px;font-weight:300;line-height:20px;white-space:pre-wrap;margin-bottom:12px\" class=\"detail-desc-decorate-content\">Para A4(B9)\/A5 (F5)\/S4\/S5\/RS4\/RS5 (B9) 2015-2023Ano<br \/>Para A3(8V)\/S3\/RS3 (8V) 2014-2023 Ano<br \/>Para Q5 (FY) ano 2017-2020<br \/>Para Q3 (F3) 2017-2020Ano<br \/>Para Q3 (8U) ano 2013-2018<br \/>Para Q2 2017-2020 ano.<br \/><strong><span>Pergunta: existem 3 estilos, como escolher o estilo?<\/span><\/strong><br \/><strong><span>Resposta:<\/span><\/strong>Sku e descri\u00e7\u00e3o t\u00eam fotos, compare cuidadosamente as fotos do bot\u00e3o &#8220;A off&#8221; com o bot\u00e3o &#8220;A off&#8221; do seu carro, formato diferente com estilo diferente, do que escolher o estilo correto (ou entre em contato conosco)<br \/><span><strong>Pergunta: como posso saber se cabe no meu carro ou n\u00e3o?<\/strong><\/span><br \/><span><strong>Resposta:<\/strong><\/span><span style=\"font-size:16px\">Sku e descri\u00e7\u00e3o t\u00eam fotos<\/span><span style=\"font-size:16px\"><strong>,<\/strong><\/span>Somente o bot\u00e3o &#8220;A desligado&#8221; do seu carro \u00e9 igual ao bot\u00e3o &#8220;A desligado&#8221; do nosso site, que caber,<\/p>\n<p><span><strong><span style=\"font-size:18px\">Aten\u00e7\u00e3o:<\/span><\/strong><\/span><span><strong><span style=\"font-size:18px\"><span style=\", Helvetica, Arial, sans-serif\">A fun\u00e7\u00e3o deste produto \u00e9 o sistema de motor de partida pr\u00f3xima e parada, seu carro original deve ter o bot\u00e3o &#8220;A desligado&#8221;, que pode usar.se o seu carro n\u00e3o tiver bot\u00e3o &#8220;A desligado&#8221;, n\u00e3o cabe no seu carro.<\/span><\/span><\/strong><\/span><\/p>\n<p><span style=\"font-size:18px\"><span style=\"font-family:Arial, Helvetica, sans-serif\"><strong><span><span>Instala\u00e7\u00e3o:<\/span><\/span><\/strong><\/span><\/span><span style=\"font-size:18px\"><span style=\"font-family:Arial, Helvetica, sans-serif\"><span><span>Desligue o carro antes da instala\u00e7\u00e3o. Remova o painel com a ferramenta e conecte o cabo entre a tomada de f\u00e1brica e a tomada do bot\u00e3o.<\/span><\/span><\/span><\/span><br \/><span style=\"font-size:18px\"><span style=\"font-family:Arial, Helvetica, sans-serif\"><strong><span><span>Configura\u00e7\u00e3o:<\/span><\/span><\/strong><\/span><\/span><span style=\"font-size:18px\"><span style=\"font-family:Arial, Helvetica, sans-serif\"><span><span>Ap\u00f3s a instala\u00e7\u00e3o, ligue o motor enquanto pisa no pedal do freio, observe por 3-6 segundos.N\u00e3o pressione o bot\u00e3o.A luz do bot\u00e3o ficar\u00e1 vermelha.A configura\u00e7\u00e3o padr\u00e3o \u00e9 que voc\u00ea n\u00e3o precisa fechar manualmente a fun\u00e7\u00e3o stop start motor todas as vezes.Se quiser por um momento, pressione o bot\u00e3o desligado para reativar a fun\u00e7\u00e3o.<\/span><\/span><\/span><\/span><\/p>\n<\/div>\n<div>\n<p style=\"font-family:OpenSans;font-size:14px;font-weight:300;line-height:20px;white-space:pre-wrap;margin-bottom:12px\" class=\"detail-desc-decorate-content\"><span style=\"font-size:18px\"><span style=\"font-family:Arial, Helvetica, sans-serif\">Nota:<br \/>1).Os itens podem ser diferentes de nossas fotos de acordo com os diferentes estilos de carro, mas a fun\u00e7\u00e3o \u00e9 a mesma.<br \/>2).Por favor, certifique-se de que cabe no seu carro antes de comprar, se voc\u00ea n\u00e3o tiver certeza, entre em contato conosco, obrigado<\/span><\/span><\/p>\n<\/div>\n<div>\n <img data-recalc-dims=\"1\" decoding=\"async\" class=\"detail-desc-decorate-image\" src=\"https:\/\/i0.wp.com\/ae01.alicdn.com\/kf\/H4b779aec64a8487da94486b93b9c7750F.jpg?w=1200&#038;ssl=1\"><br \/>\n <img data-recalc-dims=\"1\" decoding=\"async\" class=\"detail-desc-decorate-image\" src=\"https:\/\/i0.wp.com\/ae01.alicdn.com\/kf\/Hd0db948760364ed5b15b240323f68b11V.jpg?w=1200&#038;ssl=1\"><br \/>\n <img data-recalc-dims=\"1\" decoding=\"async\" class=\"detail-desc-decorate-image\" src=\"https:\/\/i0.wp.com\/ae01.alicdn.com\/kf\/H1d62ca30618d4ed2bffc1fcea30d46adt.jpg?w=1200&#038;ssl=1\">\n<\/div>\n<div>\n <img data-recalc-dims=\"1\" decoding=\"async\" style=\"margin-bottom:10px\" class=\"detail-desc-decorate-image\" src=\"https:\/\/i0.wp.com\/ae01.alicdn.com\/kf\/Hdbf0d5a4d8264dd6b7a9ae46ccf5e5908.jpg?w=1200&#038;ssl=1\"><br \/>\n <img data-recalc-dims=\"1\" decoding=\"async\" style=\"margin-bottom:10px\" class=\"detail-desc-decorate-image\" src=\"https:\/\/i0.wp.com\/ae01.alicdn.com\/kf\/Ha52f28cf22774c5082a3f82d03760d88O.jpg?w=1200&#038;ssl=1\"><br \/>\n <img data-recalc-dims=\"1\" decoding=\"async\" style=\"margin-bottom:10px\" class=\"detail-desc-decorate-image\" src=\"https:\/\/i0.wp.com\/ae01.alicdn.com\/kf\/H4a8b9ecf2dae4afe8b78fd05cf18c34aO.jpg?w=1200&#038;ssl=1\"><br \/>\n <img data-recalc-dims=\"1\" decoding=\"async\" style=\"margin-bottom:10px\" class=\"detail-desc-decorate-image\" src=\"https:\/\/i0.wp.com\/ae01.alicdn.com\/kf\/H777c14e61d714598bee6b565e78fb95a0.jpg?w=1200&#038;ssl=1\"><br \/>\n <img data-recalc-dims=\"1\" decoding=\"async\" style=\"margin-bottom:10px\" class=\"detail-desc-decorate-image\" src=\"https:\/\/i0.wp.com\/ae01.alicdn.com\/kf\/Haa0fe8b2164448c7b0b46da245d926ef0.jpg?w=1200&#038;ssl=1\">\n<\/div>\n<div>\n <img data-recalc-dims=\"1\" decoding=\"async\" class=\"detail-desc-decorate-image\" src=\"https:\/\/i0.wp.com\/ae01.alicdn.com\/kf\/H430009ad05954e1d91d794c1c94c5ec6s.jpg?w=1200&#038;ssl=1\"><br \/>\n <img data-recalc-dims=\"1\" decoding=\"async\" class=\"detail-desc-decorate-image\" src=\"https:\/\/i0.wp.com\/ae01.alicdn.com\/kf\/Hdb95269859a7425795a6e78c32e50249N.jpg?w=1200&#038;ssl=1\"><br \/>\n <img data-recalc-dims=\"1\" decoding=\"async\" class=\"detail-desc-decorate-image\" src=\"https:\/\/i0.wp.com\/ae01.alicdn.com\/kf\/Hae7e26d30af34e1d9bf23d22ee9ccaa3Z.jpg?w=1200&#038;ssl=1\"><br \/>\n <img data-recalc-dims=\"1\" decoding=\"async\" class=\"detail-desc-decorate-image\" src=\"https:\/\/i0.wp.com\/ae01.alicdn.com\/kf\/H09e95a2d303b45d6a14194709c0e6997i.jpg?w=1200&#038;ssl=1\"><br \/>\n <img data-recalc-dims=\"1\" decoding=\"async\" class=\"detail-desc-decorate-image\" src=\"https:\/\/i0.wp.com\/ae01.alicdn.com\/kf\/He47f399025e2485a90b48f43ca1dd0d1a.jpg?w=1200&#038;ssl=1\">\n<\/div>\n<div>\n <img data-recalc-dims=\"1\" decoding=\"async\" class=\"detail-desc-decorate-image\" src=\"https:\/\/i0.wp.com\/ae01.alicdn.com\/kf\/H11a0be0c935d44d3ac2f29171d35faffw.jpg?w=1200&#038;ssl=1\"><br \/>\n <img data-recalc-dims=\"1\" decoding=\"async\" class=\"detail-desc-decorate-image\" src=\"https:\/\/i0.wp.com\/ae01.alicdn.com\/kf\/H71237fcfcf3a443cb4f8e20cc32ef7a5u.jpg?w=1200&#038;ssl=1\"><br \/>\n <img data-recalc-dims=\"1\" decoding=\"async\" class=\"detail-desc-decorate-image\" src=\"https:\/\/i0.wp.com\/ae01.alicdn.com\/kf\/H16df2e17d6a9440a938fed7b7b41ac1bC.jpg?w=1200&#038;ssl=1\"><br \/>\n <img data-recalc-dims=\"1\" decoding=\"async\" class=\"detail-desc-decorate-image\" src=\"https:\/\/i0.wp.com\/ae01.alicdn.com\/kf\/H973c2bd8f8cb4cd18d01e09e34e02f030.jpg?w=1200&#038;ssl=1\">\n<\/div>\n<div>\n <img data-recalc-dims=\"1\" decoding=\"async\" class=\"detail-desc-decorate-image\" src=\"https:\/\/i0.wp.com\/ae01.alicdn.com\/kf\/Hd90b45cad9404a6fb89b75982eec3ca2Y.jpg?w=1200&#038;ssl=1\"><br \/>\n <img data-recalc-dims=\"1\" decoding=\"async\" class=\"detail-desc-decorate-image\" src=\"https:\/\/i0.wp.com\/ae01.alicdn.com\/kf\/Hac9cd1da56e24b67bbdcb28bb1539bd8P.jpg?w=1200&#038;ssl=1\"><br \/>\n <img data-recalc-dims=\"1\" decoding=\"async\" class=\"detail-desc-decorate-image\" src=\"https:\/\/i0.wp.com\/ae01.alicdn.com\/kf\/Hae3ab6af92e34a22b1cf1f6750f306e6A.jpg?w=1200&#038;ssl=1\"><br \/>\n <img data-recalc-dims=\"1\" decoding=\"async\" class=\"detail-desc-decorate-image\" src=\"https:\/\/i0.wp.com\/ae01.alicdn.com\/kf\/H2e5a7654c55442129e357da87b66dcd56.jpg?w=1200&#038;ssl=1\">\n<\/div>\n<div>\n <img data-recalc-dims=\"1\" decoding=\"async\" class=\"detail-desc-decorate-image\" src=\"https:\/\/i0.wp.com\/ae01.alicdn.com\/kf\/H9453d4c47b75458fb984cb708480bc5dQ.jpg?w=1200&#038;ssl=1\"><br \/>\n <img data-recalc-dims=\"1\" decoding=\"async\" class=\"detail-desc-decorate-image\" src=\"https:\/\/i0.wp.com\/ae01.alicdn.com\/kf\/H44c5bc2bf13f479698a61e4492e85593i.jpg?w=1200&#038;ssl=1\"><br \/>\n <img data-recalc-dims=\"1\" decoding=\"async\" class=\"detail-desc-decorate-image\" src=\"https:\/\/i0.wp.com\/ae01.alicdn.com\/kf\/Hdc71b30f097e4b3397c5967dd5b2dd8bG.jpg?w=1200&#038;ssl=1\"><br \/>\n <img data-recalc-dims=\"1\" decoding=\"async\" class=\"detail-desc-decorate-image\" src=\"https:\/\/i0.wp.com\/ae01.alicdn.com\/kf\/H0fe1b803c0be4d76903de7c0d4166f93G.jpg?w=1200&#038;ssl=1\">\n<\/div>\n<div>\n <img data-recalc-dims=\"1\" decoding=\"async\" class=\"detail-desc-decorate-image\" src=\"https:\/\/i0.wp.com\/ae01.alicdn.com\/kf\/Ha58d3bb5571f4dda97531f489e5c8baeQ.jpg?w=1200&#038;ssl=1\"><br \/>\n <img data-recalc-dims=\"1\" decoding=\"async\" src=\"https:\/\/i0.wp.com\/ae03.alicdn.com\/kf\/Sb5403345646041dca0294d252b0ad1f8s.jpg?w=1200&#038;ssl=1\"><br \/>\n <img data-recalc-dims=\"1\" decoding=\"async\" src=\"https:\/\/i0.wp.com\/ae01.alicdn.com\/kf\/S8807f44efdec4824a780abed24362456t.jpg?w=1200&#038;ssl=1\"><br \/>\n <img data-recalc-dims=\"1\" decoding=\"async\" src=\"https:\/\/i0.wp.com\/ae01.alicdn.com\/kf\/Sf9f0502417a14b3383fb011a35560f99E.jpg?w=1200&#038;ssl=1\">\n<\/div>\n<div>\n <img data-recalc-dims=\"1\" decoding=\"async\" class=\"detail-desc-decorate-image\" src=\"https:\/\/i0.wp.com\/ae01.alicdn.com\/kf\/H5b6756d68747427aaf7585fa43a633c4e.jpg?w=1200&#038;ssl=1\"><br \/>\n <img data-recalc-dims=\"1\" decoding=\"async\" class=\"detail-desc-decorate-image\" src=\"https:\/\/i0.wp.com\/ae01.alicdn.com\/kf\/H798397d2e68d4e079c7f95e06ebd56c3T.jpg?w=1200&#038;ssl=1\"><br \/>\n <img data-recalc-dims=\"1\" decoding=\"async\" class=\"detail-desc-decorate-image\" src=\"https:\/\/i0.wp.com\/ae01.alicdn.com\/kf\/Ha489a20226ec4c8cb68dd8c741f29a9bD.jpg?w=1200&#038;ssl=1\"><br \/>\n <img data-recalc-dims=\"1\" decoding=\"async\" class=\"detail-desc-decorate-image\" src=\"https:\/\/i0.wp.com\/ae01.alicdn.com\/kf\/Hf3c637822a9d4d12a9207d6af48827755.jpg?w=1200&#038;ssl=1\">\n<\/div>\n<div>\n<p style=\"font-family:OpenSans;font-size:20px;font-weight:900;line-height:28px;white-space:pre-wrap;margin-bottom:12px\" class=\"detail-desc-decorate-title\">Sobre o feedback:<\/p>\n<p style=\"font-family:OpenSans;font-size:14px;font-weight:300;line-height:20px;white-space:pre-wrap;margin-bottom:12px\" class=\"detail-desc-decorate-content\">Seu bom feedback \u00e9 importante para n\u00f3s. Se voc\u00ea estiver satisfeito com nosso produto e servi\u00e7o, d\u00ea-nos um feedback positivo de cinco estrelas. Se voc\u00ea tiver alguma d\u00favida sobre nosso produto, entre em contato conosco primeiro, mas n\u00e3o abra disputa. Tentaremos ajud\u00e1-lo a resolver o problema. Muito obrigado pelo seu apoio.<\/p>\n<\/div>\n<p><\/div>\n<\/div>\n<\/div>\n<\/div>\n","protected":false},"excerpt":{"rendered":"<p>Sistema de parada autom\u00e1tica do motor do carro desligado sensor de controle do dispositivo para Audi A4 B9 A5 B9 A3 8V Q5 FY Q3 F3 Q2 Q3 8U Para A4(B9)\/A5 (F5)\/S4\/S5\/RS4\/RS5 (B9) 2015-2023AnoPara A3(8V)\/S3\/RS3 (8V) 2014-2023 AnoPara Q5 (FY) ano 2017-2020Para Q3 (F3) 2017-2020AnoPara Q3 (8U) ano 2013-2018Para Q2 2017-2020 ano.Pergunta: existem 3 estilos,&hellip;&nbsp;<\/p>\n","protected":false},"featured_media":25372,"template":"","meta":{"neve_meta_sidebar":"","neve_meta_container":"","neve_meta_enable_content_width":"","neve_meta_content_width":0,"neve_meta_title_alignment":"","neve_meta_author_avatar":"","neve_post_elements_order":"","neve_meta_disable_header":"","neve_meta_disable_footer":"","neve_meta_disable_title":""},"product_brand":[],"product_cat":[25,83,17],"product_tag":[],"class_list":{"0":"post-25378","1":"product","2":"type-product","3":"status-publish","4":"has-post-thumbnail","6":"product_cat-acessorios-do-interior","7":"product_cat-molduras-interiores","8":"product_cat-pecas-e-acessorios-automotivos","10":"first","11":"instock","12":"shipping-taxable","13":"purchasable","14":"product-type-variable","15":"has-default-attributes"},"jetpack_sharing_enabled":true,"_links":{"self":[{"href":"https:\/\/listman.shop\/autoparts-br\/wp-json\/wp\/v2\/product\/25378","targetHints":{"allow":["GET"]}}],"collection":[{"href":"https:\/\/listman.shop\/autoparts-br\/wp-json\/wp\/v2\/product"}],"about":[{"href":"https:\/\/listman.shop\/autoparts-br\/wp-json\/wp\/v2\/types\/product"}],"wp:featuredmedia":[{"embeddable":true,"href":"https:\/\/listman.shop\/autoparts-br\/wp-json\/wp\/v2\/media\/25372"}],"wp:attachment":[{"href":"https:\/\/listman.shop\/autoparts-br\/wp-json\/wp\/v2\/media?parent=25378"}],"wp:term":[{"taxonomy":"product_brand","embeddable":true,"href":"https:\/\/listman.shop\/autoparts-br\/wp-json\/wp\/v2\/product_brand?post=25378"},{"taxonomy":"product_cat","embeddable":true,"href":"https:\/\/listman.shop\/autoparts-br\/wp-json\/wp\/v2\/product_cat?post=25378"},{"taxonomy":"product_tag","embeddable":true,"href":"https:\/\/listman.shop\/autoparts-br\/wp-json\/wp\/v2\/product_tag?post=25378"}],"curies":[{"name":"wp","href":"https:\/\/api.w.org\/{rel}","templated":true}]}}