{"id":25399,"date":"2025-03-10T10:09:49","date_gmt":"2025-03-10T01:09:49","guid":{"rendered":"https:\/\/listman.shop\/autoparts-br\/product\/1005002634481256\/"},"modified":"2026-04-14T10:04:09","modified_gmt":"2026-04-14T01:04:09","slug":"1005002634481256","status":"publish","type":"product","link":"https:\/\/listman.shop\/autoparts-br\/product\/1005002634481256\/","title":{"rendered":"Para toyota land cruiser prado 120 land cruiser 100 land cruiser vxl125 tacoma costurado \u00e0 m\u00e3o capa de volante de couro genu\u00edno"},"content":{"rendered":"<div class=\"detailmodule_html\">\n<div class=\"detail-desc-decorate-richtext\">\n<div class=\"detailmodule_text-image\">\n<p style=\"font-family:OpenSans;font-size:20px;font-weight:900;line-height:28px;white-space:pre-wrap;margin-bottom:12px\" class=\"detail-desc-decorate-title\" id=\"tl_1\">Capa de Volante em Couro Genu&iacute;no Costurada &agrave; M&atilde;o para Toyota Land Cruiser Prado 120 Land Cruiser lc100 (2003-2007) Tacoma (2005-2011)<\/p>\n<p style=\"font-family:OpenSans;font-size:14px;font-weight:300;line-height:20px;white-space:pre-wrap;margin-bottom:12px\" class=\"detail-desc-decorate-content\" id=\"tl_2\">Material: 100% derme (Couro bovino) <\/p>\n<p>Certifique-se de ter o mesmo volante com a imagem do produto, pois esta &eacute; uma capa de volante personalizada, adequada apenas para determinados carros. <br \/>Devido &agrave; sua excelente resist&ecirc;ncia ao desgaste, resist&ecirc;ncia ao frio, respirabilidade e resist&ecirc;ncia ao envelhecimento, tamb&eacute;m &eacute; extremamente macio e confort&aacute;vel, com alta ductilidade. <br \/>A capa do volante oferece uma decora&ccedil;&atilde;o &uacute;nica e &eacute; uma boa substitui&ccedil;&atilde;o para a capa de couro original de f&aacute;brica danificada e desgastada.Voc&ecirc; est&aacute; disposto a gastar centenas de d&oacute;lares em um volante novo ou preferir um custo de apenas 20 d&oacute;lares mais a divers&atilde;o de fazer voc&ecirc; mesmo com uma capa de volante nova?&#8230;Voc&ecirc; decide! <br \/>*Nota importante: os clientes precisam costurar a capa do volante sobre a capa de couro atual ou no volante de borracha, n&atilde;o h&aacute; necessidade de remover a capa original.Oferecemos as ferramentas de instala&ccedil;&atilde;o completas e instru&ccedil;&otilde;es em papel, bem como as que ajudam voc&ecirc; a instalar a tampa do volante facilmente.Depois de terminar, parece uma capa de volante OEM personalizada e voc&ecirc; se sentir&aacute; mais confort&aacute;vel ao segurar a capa de volante antiderrapante.Por que n&atilde;o tentar agora! <br \/>Por favor, verifique e compare o volante do seu carro com o volante da imagem antes de comprar.(Nossas capas de volante s&atilde;o produtos personalizados, se houver alguma diferen&ccedil;a, n&atilde;o caber&aacute;)! <br \/>Por favor, compare cuidadosamente o volante do seu carro com as nossas fotos. Se forem iguais, pode comprar com confian&ccedil;a. <br \/>Este produto &eacute; uma capa de dire&ccedil;&atilde;o, n&atilde;o &eacute; um volante! <br \/>O pacote cont&eacute;m: <br \/>1x capa de volante, <br \/>1x agulha <br \/>1x fio <br \/>1x dedal <br \/>1x fita dupla face <br \/>1x raspador. <br \/>Modelos de carro adequados: para Toyota Land Cruiser Prado 120 \/ Land Cruiser 2003-2007 \/ Tacoma 2005-2011 \/ 4Runner 2009 \/ Hilux 2009-2011 \/ para Lexus LS400 1995 \/ GX GX470 2004-2009<\/p>\n<div>\n  <img data-recalc-dims=\"1\" decoding=\"async\" style=\"margin-bottom:10px\" class=\"detail-desc-decorate-image\" src=\"https:\/\/i0.wp.com\/ae01.alicdn.com\/kf\/H7e7a75bb00b0418fad6b719c9745be2fR.jpg?w=1200&#038;ssl=1\" \/><br \/>\n  <img data-recalc-dims=\"1\" decoding=\"async\" style=\"margin-bottom:10px\" class=\"detail-desc-decorate-image\" src=\"https:\/\/i0.wp.com\/ae01.alicdn.com\/kf\/H2a98ee00e60141d4aed6d2dfab21bc4fP.jpg?w=1200&#038;ssl=1\" \/><br \/>\n  <img data-recalc-dims=\"1\" decoding=\"async\" style=\"margin-bottom:10px\" class=\"detail-desc-decorate-image\" src=\"https:\/\/i0.wp.com\/ae01.alicdn.com\/kf\/Hb0d88481962e471ca62a93c2d92bd9cfc.jpg?w=1200&#038;ssl=1\" \/><br \/>\n  <img data-recalc-dims=\"1\" decoding=\"async\" style=\"margin-bottom:10px\" class=\"detail-desc-decorate-image\" src=\"https:\/\/i0.wp.com\/ae01.alicdn.com\/kf\/H572c270823a94017af166be14491aa227.jpg?w=1200&#038;ssl=1\" \/><br \/>\n  <img data-recalc-dims=\"1\" decoding=\"async\" style=\"margin-bottom:10px\" class=\"detail-desc-decorate-image\" src=\"https:\/\/i0.wp.com\/ae01.alicdn.com\/kf\/Hee97cdcbf5634a6cad5f05bc41e1fa91T.jpg?w=1200&#038;ssl=1\" \/><br \/>\n  <img data-recalc-dims=\"1\" decoding=\"async\" style=\"margin-bottom:10px\" class=\"detail-desc-decorate-image\" src=\"https:\/\/i0.wp.com\/ae01.alicdn.com\/kf\/Hbe6f01d64d8a4612a5315072ee3a3cf6R.jpg?w=1200&#038;ssl=1\" \/><br \/>\n  <img data-recalc-dims=\"1\" decoding=\"async\" style=\"margin-bottom:10px\" class=\"detail-desc-decorate-image\" src=\"https:\/\/i0.wp.com\/ae01.alicdn.com\/kf\/H259c612a7dc24b6f95bb54ad2d9aaab5l.jpg?w=1200&#038;ssl=1\" \/><br \/>\n  <img data-recalc-dims=\"1\" decoding=\"async\" style=\"margin-bottom:10px\" class=\"detail-desc-decorate-image\" src=\"https:\/\/i0.wp.com\/ae01.alicdn.com\/kf\/H19b1beee7dc148d7a4619763f84b2bcaN.jpg?w=1200&#038;ssl=1\" \/><br \/>\n  <img data-recalc-dims=\"1\" decoding=\"async\" style=\"margin-bottom:10px\" class=\"detail-desc-decorate-image\" src=\"https:\/\/i0.wp.com\/ae01.alicdn.com\/kf\/H0c4364e5f8a34604acdf32e57764912fV.jpg?w=1200&#038;ssl=1\" \/><br \/>\n  <img data-recalc-dims=\"1\" decoding=\"async\" style=\"margin-bottom:10px\" class=\"detail-desc-decorate-image\" src=\"https:\/\/i0.wp.com\/ae01.alicdn.com\/kf\/Hdd1b650d8e674937a16ef6dfcbcc2569Q.jpg?w=1200&#038;ssl=1\" \/>\n <\/div>\n<\/div>\n<div class=\"detailmodule_text-image\">\n <img data-recalc-dims=\"1\" decoding=\"async\" style=\"margin-bottom:10px\" class=\"detail-desc-decorate-image\" src=\"https:\/\/i0.wp.com\/ae01.alicdn.com\/kf\/H95edb273f04c4a3bb2c134b82e3feeb99.jpg?w=1200&#038;ssl=1\" \/><br \/>\n <img data-recalc-dims=\"1\" decoding=\"async\" style=\"margin-bottom:10px\" class=\"detail-desc-decorate-image\" src=\"https:\/\/i0.wp.com\/ae01.alicdn.com\/kf\/H5001b4c15ca84842b9ca67671fb6b987V.jpg?w=1200&#038;ssl=1\" \/><br \/>\n <img data-recalc-dims=\"1\" decoding=\"async\" style=\"margin-bottom:10px\" class=\"detail-desc-decorate-image\" src=\"https:\/\/i0.wp.com\/ae01.alicdn.com\/kf\/H3ab94fa208d34252b9ba92a9d70dc20fL.jpg?w=1200&#038;ssl=1\" \/><br \/>\n <img data-recalc-dims=\"1\" decoding=\"async\" style=\"margin-bottom:10px\" class=\"detail-desc-decorate-image\" src=\"https:\/\/i0.wp.com\/ae01.alicdn.com\/kf\/Haae4537c011a4437bfa3a8c12df8dc09v.jpg?w=1200&#038;ssl=1\" \/>\n<\/div>\n<p><\/p>\n<\/div>\n<\/div>\n","protected":false},"excerpt":{"rendered":"<p>Capa de Volante em Couro Genu&iacute;no Costurada &agrave; M&atilde;o para Toyota Land Cruiser Prado 120 Land Cruiser lc100 (2003-2007) Tacoma (2005-2011) Material: 100% derme (Couro bovino) Certifique-se de ter o mesmo volante com a imagem do produto, pois esta &eacute; uma capa de volante personalizada, adequada apenas para determinados carros. Devido &agrave; sua excelente resist&ecirc;ncia&hellip;&nbsp;<\/p>\n","protected":false},"featured_media":25393,"template":"","meta":{"neve_meta_sidebar":"","neve_meta_container":"","neve_meta_enable_content_width":"","neve_meta_content_width":0,"neve_meta_title_alignment":"","neve_meta_author_avatar":"","neve_post_elements_order":"","neve_meta_disable_header":"","neve_meta_disable_footer":"","neve_meta_disable_title":""},"product_brand":[],"product_cat":[25,17,89],"product_tag":[],"class_list":{"0":"post-25399","1":"product","2":"type-product","3":"status-publish","4":"has-post-thumbnail","6":"product_cat-acessorios-do-interior","7":"product_cat-pecas-e-acessorios-automotivos","8":"product_cat-volantes-e-acessorios","10":"first","11":"instock","12":"shipping-taxable","13":"purchasable","14":"product-type-variable","15":"has-default-attributes"},"jetpack_sharing_enabled":true,"_links":{"self":[{"href":"https:\/\/listman.shop\/autoparts-br\/wp-json\/wp\/v2\/product\/25399","targetHints":{"allow":["GET"]}}],"collection":[{"href":"https:\/\/listman.shop\/autoparts-br\/wp-json\/wp\/v2\/product"}],"about":[{"href":"https:\/\/listman.shop\/autoparts-br\/wp-json\/wp\/v2\/types\/product"}],"wp:featuredmedia":[{"embeddable":true,"href":"https:\/\/listman.shop\/autoparts-br\/wp-json\/wp\/v2\/media\/25393"}],"wp:attachment":[{"href":"https:\/\/listman.shop\/autoparts-br\/wp-json\/wp\/v2\/media?parent=25399"}],"wp:term":[{"taxonomy":"product_brand","embeddable":true,"href":"https:\/\/listman.shop\/autoparts-br\/wp-json\/wp\/v2\/product_brand?post=25399"},{"taxonomy":"product_cat","embeddable":true,"href":"https:\/\/listman.shop\/autoparts-br\/wp-json\/wp\/v2\/product_cat?post=25399"},{"taxonomy":"product_tag","embeddable":true,"href":"https:\/\/listman.shop\/autoparts-br\/wp-json\/wp\/v2\/product_tag?post=25399"}],"curies":[{"name":"wp","href":"https:\/\/api.w.org\/{rel}","templated":true}]}}