{"id":25412,"date":"2025-03-10T10:10:22","date_gmt":"2025-03-10T01:10:22","guid":{"rendered":"https:\/\/listman.shop\/autoparts-br\/product\/1005003040997635\/"},"modified":"2026-04-17T17:49:14","modified_gmt":"2026-04-17T08:49:14","slug":"1005003040997635","status":"publish","type":"product","link":"https:\/\/listman.shop\/autoparts-br\/product\/1005003040997635\/","title":{"rendered":"Capa de volante do carro tipo d couro do plut\u00f4nio para nissan x-trail qashqai rogue sport rogue 2017 2018 2019 2020 2021 altima versa"},"content":{"rendered":"<div class=\"detailmodule_html\">\n<div class=\"detail-desc-decorate-richtext\">\n<div class=\"detailmodule_text\">\n<p style=\"font-family:OpenSans;font-size:14px;font-weight:300;line-height:20px;white-space:pre-wrap;margin-bottom:12px\" class=\"detail-desc-decorate-content\">Mais informa\u00e7\u00f5es<br \/>Ajuste universal para volante em forma de D com 37-38 cm\/14,5-15 polegadas de di\u00e2metro<br \/>1.Adequado para uso em 4 temporadas.Antiderrapante, certifique-se de seguran\u00e7a ao dirigir.<\/p>\n<p>2.Massageie a palma da m\u00e3o e alivie a fadiga ao dirigir.<\/p>\n<p>3. Resistente ao calor, ao frio e ao desgaste, proteja seu volante o tempo todo.<\/p>\n<\/div>\n<div class=\"detailmodule_image\"><img data-recalc-dims=\"1\" decoding=\"async\" class=\"detail-desc-decorate-image\" src=\"https:\/\/i0.wp.com\/ae01.alicdn.com\/kf\/H35ae168857834d60932b8609d5f44bcbD.jpg?w=1200&#038;ssl=1\"><\/div>\n<div class=\"detailmodule_image\"><img data-recalc-dims=\"1\" decoding=\"async\" class=\"detail-desc-decorate-image\" src=\"https:\/\/i0.wp.com\/ae01.alicdn.com\/kf\/He8b2cd49610240e5a5e6d10092a4c827w.jpg?w=1200&#038;ssl=1\"><\/div>\n<div class=\"detailmodule_image\"><img data-recalc-dims=\"1\" decoding=\"async\" class=\"detail-desc-decorate-image\" src=\"https:\/\/i0.wp.com\/ae01.alicdn.com\/kf\/He5b967fda10645b485d1156d3a2730a9p.jpg?w=1200&#038;ssl=1\"><\/div>\n<div class=\"detailmodule_image\"><img data-recalc-dims=\"1\" decoding=\"async\" class=\"detail-desc-decorate-image\" src=\"https:\/\/i0.wp.com\/ae01.alicdn.com\/kf\/Hf4fae6b51b2f49f8aff01787c80defc5z.jpg?w=1200&#038;ssl=1\"><\/div>\n<div class=\"detailmodule_image\"><img data-recalc-dims=\"1\" decoding=\"async\" class=\"detail-desc-decorate-image\" src=\"https:\/\/i0.wp.com\/ae01.alicdn.com\/kf\/H21cded5df53f45fd817a9a1a72972a5aK.jpg?w=1200&#038;ssl=1\"><\/div>\n<div class=\"detailmodule_image\"><img data-recalc-dims=\"1\" decoding=\"async\" class=\"detail-desc-decorate-image\" src=\"https:\/\/i0.wp.com\/ae01.alicdn.com\/kf\/H1271694bc5134a1c919809be4ddb1cffG.jpg?w=1200&#038;ssl=1\"><\/div>\n<div class=\"detailmodule_image\"><img data-recalc-dims=\"1\" decoding=\"async\" class=\"detail-desc-decorate-image\" src=\"https:\/\/i0.wp.com\/ae01.alicdn.com\/kf\/H0565ba2504b8415a87cf690382b9849cj.jpg?w=1200&#038;ssl=1\"><\/div>\n<div class=\"detailmodule_image\"><img data-recalc-dims=\"1\" decoding=\"async\" class=\"detail-desc-decorate-image\" src=\"https:\/\/i0.wp.com\/ae01.alicdn.com\/kf\/H4304b0a76f7f42f28e47420856930687K.jpg?w=1200&#038;ssl=1\"><\/div>\n<div class=\"detailmodule_image\"><img data-recalc-dims=\"1\" decoding=\"async\" class=\"detail-desc-decorate-image\" src=\"https:\/\/i0.wp.com\/ae01.alicdn.com\/kf\/H4ba8401ef0e94d45bf05aa093d9b6b51M.jpg?w=1200&#038;ssl=1\"><img data-recalc-dims=\"1\" decoding=\"async\" class=\"detail-desc-decorate-image\" src=\"https:\/\/i0.wp.com\/ae01.alicdn.com\/kf\/H59a2bd850344471da9758fc7da566fcdu.jpg?w=1200&#038;ssl=1\"><\/div>\n<p><\/p>\n<\/div>\n<\/div>\n","protected":false},"excerpt":{"rendered":"<p>Mais informa\u00e7\u00f5esAjuste universal para volante em forma de D com 37-38 cm\/14,5-15 polegadas de di\u00e2metro1.Adequado para uso em 4 temporadas.Antiderrapante, certifique-se de seguran\u00e7a ao dirigir. 2.Massageie a palma da m\u00e3o e alivie a fadiga ao dirigir. 3. Resistente ao calor, ao frio e ao desgaste, proteja seu volante o tempo todo.<\/p>\n","protected":false},"featured_media":25406,"template":"","meta":{"neve_meta_sidebar":"","neve_meta_container":"","neve_meta_enable_content_width":"","neve_meta_content_width":0,"neve_meta_title_alignment":"","neve_meta_author_avatar":"","neve_post_elements_order":"","neve_meta_disable_header":"","neve_meta_disable_footer":"","neve_meta_disable_title":""},"product_brand":[],"product_cat":[25,17,89],"product_tag":[],"class_list":{"0":"post-25412","1":"product","2":"type-product","3":"status-publish","4":"has-post-thumbnail","6":"product_cat-acessorios-do-interior","7":"product_cat-pecas-e-acessorios-automotivos","8":"product_cat-volantes-e-acessorios","10":"first","11":"instock","12":"shipping-taxable","13":"purchasable","14":"product-type-variable","15":"has-default-attributes"},"jetpack_sharing_enabled":true,"_links":{"self":[{"href":"https:\/\/listman.shop\/autoparts-br\/wp-json\/wp\/v2\/product\/25412","targetHints":{"allow":["GET"]}}],"collection":[{"href":"https:\/\/listman.shop\/autoparts-br\/wp-json\/wp\/v2\/product"}],"about":[{"href":"https:\/\/listman.shop\/autoparts-br\/wp-json\/wp\/v2\/types\/product"}],"wp:featuredmedia":[{"embeddable":true,"href":"https:\/\/listman.shop\/autoparts-br\/wp-json\/wp\/v2\/media\/25406"}],"wp:attachment":[{"href":"https:\/\/listman.shop\/autoparts-br\/wp-json\/wp\/v2\/media?parent=25412"}],"wp:term":[{"taxonomy":"product_brand","embeddable":true,"href":"https:\/\/listman.shop\/autoparts-br\/wp-json\/wp\/v2\/product_brand?post=25412"},{"taxonomy":"product_cat","embeddable":true,"href":"https:\/\/listman.shop\/autoparts-br\/wp-json\/wp\/v2\/product_cat?post=25412"},{"taxonomy":"product_tag","embeddable":true,"href":"https:\/\/listman.shop\/autoparts-br\/wp-json\/wp\/v2\/product_tag?post=25412"}],"curies":[{"name":"wp","href":"https:\/\/api.w.org\/{rel}","templated":true}]}}