{"id":25429,"date":"2025-03-10T10:10:45","date_gmt":"2025-03-10T01:10:45","guid":{"rendered":"https:\/\/listman.shop\/autoparts-br\/product\/1005003077860360\/"},"modified":"2026-04-14T09:11:13","modified_gmt":"2026-04-14T00:11:13","slug":"1005003077860360","status":"publish","type":"product","link":"https:\/\/listman.shop\/autoparts-br\/product\/1005003077860360\/","title":{"rendered":"Capa de couro para volante de carro, 38cm, 15 polegadas, para chevrolet cruze malibu vela fa\u00edsca captiva equinox trax\/tracker aveo lova rv"},"content":{"rendered":"<div class=\"detailmodule_html\">\n<div class=\"detail-desc-decorate-richtext\">\n<div class=\"detailmodule_html\">\n<div class=\"detail-desc-decorate-richtext\">\n<div id=\"eeboxMoreInfo\" style=\"margin:3px auto;margin-bottom:3px;margin-top:3px;margin-left:auto;margin-right:auto;height:auto\" class=\"ee_box zhedie\">\n<p style=\"font-size:0px;overflow:hidden;width:1px;height:0px\">[xlmodel]-[custom]-[8888]<\/p>\n<div style=\"padding:5px;padding-bottom:5px;padding-top:5px;padding-left:5px;padding-right:5px;overflow:visible;height:auto\" class=\"ee_box_content\">\n<div class=\"detailmodule_html\">\n<div class=\"detail-desc-decorate-richtext\">\n<div><\/div>\n<div style=\", sans-serif;font-size:14px;font-weight:400;letter-spacing:normal;text-align:start;white-space:normal;margin:0px;margin-bottom:0px;margin-top:0px;margin-left:0px;margin-right:0px;padding:0px;padding-bottom:0px;padding-top:0px;padding-left:0px;padding-right:0px\" class=\"detailmodule_text\" align=\"start\">\n<p style=\"font-family:OpenSans;font-size:14px;font-weight:300;line-height:20px;white-space:pre-wrap;margin:0px 0px 12px;margin-bottom:12px;margin-top:0px;margin-left:0px;margin-right:0px;padding:0px;padding-bottom:0px;padding-top:0px;padding-left:0px;padding-right:0px\" class=\"detail-desc-decorate-content\"><span style=\"font-size:22px\"><strong>Ajuste universal para volante com 37-38 cm\/14,5-15 polegadas de di\u00e2metro<\/strong><\/span><\/p>\n<div style=\"margin:0px;margin-bottom:0px;margin-top:0px;margin-left:0px;margin-right:0px;padding:0px;padding-bottom:0px;padding-top:0px;padding-left:0px;padding-right:0px\"><\/div>\n<\/div>\n<div style=\", sans-serif;font-size:14px;font-weight:400;letter-spacing:normal;text-align:start;white-space:normal;margin:0px;margin-bottom:0px;margin-top:0px;margin-left:0px;margin-right:0px;padding:0px;padding-bottom:0px;padding-top:0px;padding-left:0px;padding-right:0px\" class=\"detailmodule_text\" align=\"start\">\n<p style=\"font-size:14px;font-weight:400;line-height:inherit;margin:0px;margin-bottom:0px;margin-top:0px;margin-left:0px;margin-right:0px;padding:0px;padding-bottom:0px;padding-top:0px;padding-left:0px;padding-right:0px\">1.Adequado para uso em 4 temporadas.Antiderrapante, certifique-se de seguran\u00e7a ao dirigir.<\/p>\n<div style=\"margin:0px;margin-bottom:0px;margin-top:0px;margin-left:0px;margin-right:0px;padding:0px;padding-bottom:0px;padding-top:0px;padding-left:0px;padding-right:0px\"><\/div>\n<\/div>\n<div style=\", sans-serif;font-size:14px;font-weight:400;letter-spacing:normal;text-align:start;white-space:normal;margin:0px;margin-bottom:0px;margin-top:0px;margin-left:0px;margin-right:0px;padding:0px;padding-bottom:0px;padding-top:0px;padding-left:0px;padding-right:0px\" class=\"detailmodule_text\" align=\"start\">\n<p style=\"font-size:14px;font-weight:400;line-height:inherit;margin:0px;margin-bottom:0px;margin-top:0px;margin-left:0px;margin-right:0px;padding:0px;padding-bottom:0px;padding-top:0px;padding-left:0px;padding-right:0px\">2.Massageie a palma da m\u00e3o e alivie a fadiga ao dirigir.<\/p>\n<div style=\"margin:0px;margin-bottom:0px;margin-top:0px;margin-left:0px;margin-right:0px;padding:0px;padding-bottom:0px;padding-top:0px;padding-left:0px;padding-right:0px\"><\/div>\n<\/div>\n<div style=\", sans-serif;font-size:14px;font-weight:400;letter-spacing:normal;text-align:start;white-space:normal;margin:0px;margin-bottom:0px;margin-top:0px;margin-left:0px;margin-right:0px;padding:0px;padding-bottom:0px;padding-top:0px;padding-left:0px;padding-right:0px\" class=\"detailmodule_text\" align=\"start\">\n<p style=\"font-size:14px;font-weight:400;line-height:inherit;margin:0px;margin-bottom:0px;margin-top:0px;margin-left:0px;margin-right:0px;padding:0px;padding-bottom:0px;padding-top:0px;padding-left:0px;padding-right:0px\">3.Resistente ao calor, ao frio e ao desgaste, proteja seu volante o tempo todo.<\/p>\n<\/div>\n<div><\/div>\n<p><\/div>\n<\/div>\n<\/div>\n<\/div>\n<div id=\"ee_boxPhoto1\" style=\"margin:3px auto;margin-bottom:3px;margin-top:3px;margin-left:auto;margin-right:auto;height:auto\" class=\"ee_box zhedie\">\n<p style=\"font-size:0px;overflow:hidden;width:1px;height:0px\">[xlmodel]-[foto]-[0000]<\/p>\n<div style=\"text-align:center;padding:5px;padding-bottom:5px;padding-top:5px;padding-left:5px;padding-right:5px;display:block;overflow:visible;height:auto\" class=\"ee_box_content ui-sortable\" align=\"center\">\n<p style=\"font-size:0px;padding:0px;padding-bottom:0px;padding-top:0px;padding-left:0px;padding-right:0px\" class=\"detailp\"><img data-recalc-dims=\"1\" decoding=\"async\" src=\"https:\/\/i0.wp.com\/ae01.alicdn.com\/kf\/H7dfd043932954895a336c2de715167d5d.jpg?w=1200&#038;ssl=1\"><\/p>\n<p style=\"font-size:0px;padding:0px;padding-bottom:0px;padding-top:0px;padding-left:0px;padding-right:0px\" class=\"detailp\"><img data-recalc-dims=\"1\" decoding=\"async\" src=\"https:\/\/i0.wp.com\/ae01.alicdn.com\/kf\/H870d9b38568f4d939beb8cfad8e5a2af2.jpg?w=1200&#038;ssl=1\"><\/p>\n<p style=\"font-size:0px;padding:0px;padding-bottom:0px;padding-top:0px;padding-left:0px;padding-right:0px\" class=\"detailp\"><img data-recalc-dims=\"1\" decoding=\"async\" src=\"https:\/\/i0.wp.com\/ae01.alicdn.com\/kf\/Hc795dadd582a41b7a4cab21cb3263f80y.jpg?w=1200&#038;ssl=1\"><\/p>\n<p style=\"font-size:0px;padding:0px;padding-bottom:0px;padding-top:0px;padding-left:0px;padding-right:0px\" class=\"detailp\"><img data-recalc-dims=\"1\" decoding=\"async\" src=\"https:\/\/i0.wp.com\/ae01.alicdn.com\/kf\/Hc39eb233645b4cf182e6e2d8de46f4d3D.jpg?w=1200&#038;ssl=1\"><\/p>\n<p style=\"font-size:0px;padding:0px;padding-bottom:0px;padding-top:0px;padding-left:0px;padding-right:0px\" class=\"detailp\"><img data-recalc-dims=\"1\" decoding=\"async\" src=\"https:\/\/i0.wp.com\/ae01.alicdn.com\/kf\/H3ba8fa260dac406eadb47717acb630f2f.jpg?w=1200&#038;ssl=1\"><\/p>\n<p style=\"font-size:0px;padding:0px;padding-bottom:0px;padding-top:0px;padding-left:0px;padding-right:0px\" class=\"detailp\"><img data-recalc-dims=\"1\" decoding=\"async\" src=\"https:\/\/i0.wp.com\/ae01.alicdn.com\/kf\/H4304b0a76f7f42f28e47420856930687K.jpg?w=1200&#038;ssl=1\"><\/p>\n<p style=\"font-size:0px;padding:0px;padding-bottom:0px;padding-top:0px;padding-left:0px;padding-right:0px\" class=\"detailp\"><img data-recalc-dims=\"1\" decoding=\"async\" src=\"https:\/\/i0.wp.com\/ae01.alicdn.com\/kf\/H1271694bc5134a1c919809be4ddb1cffG.jpg?w=1200&#038;ssl=1\"><\/p>\n<p style=\"font-size:0px;padding:0px;padding-bottom:0px;padding-top:0px;padding-left:0px;padding-right:0px\" class=\"detailp\"><img data-recalc-dims=\"1\" decoding=\"async\" src=\"https:\/\/i0.wp.com\/ae01.alicdn.com\/kf\/H0565ba2504b8415a87cf690382b9849cj.jpg?w=1200&#038;ssl=1\"><\/p>\n<p style=\"font-size:0px;padding:0px;padding-bottom:0px;padding-top:0px;padding-left:0px;padding-right:0px\" class=\"detailp\"><img data-recalc-dims=\"1\" decoding=\"async\" src=\"https:\/\/i0.wp.com\/ae01.alicdn.com\/kf\/H7e9df4ac3ffd45e6ae47f97c4f61a231K.jpg?w=1200&#038;ssl=1\"><\/p>\n<\/div>\n<\/div>\n<\/div>\n<\/div>\n<p><img data-recalc-dims=\"1\" decoding=\"async\" src=\"https:\/\/i0.wp.com\/ae01.alicdn.com\/kf\/S5b4a203ba11b44f18ba1d52f4248b493g.jpg?w=1200&#038;ssl=1\"><\/p>\n<\/div>\n<\/div>\n","protected":false},"excerpt":{"rendered":"<p>[xlmodel]-[custom]-[8888] Ajuste universal para volante com 37-38 cm\/14,5-15 polegadas de di\u00e2metro 1.Adequado para uso em 4 temporadas.Antiderrapante, certifique-se de seguran\u00e7a ao dirigir. 2.Massageie a palma da m\u00e3o e alivie a fadiga ao dirigir. 3.Resistente ao calor, ao frio e ao desgaste, proteja seu volante o tempo todo. [xlmodel]-[foto]-[0000]<\/p>\n","protected":false},"featured_media":25423,"template":"","meta":{"neve_meta_sidebar":"","neve_meta_container":"","neve_meta_enable_content_width":"","neve_meta_content_width":0,"neve_meta_title_alignment":"","neve_meta_author_avatar":"","neve_post_elements_order":"","neve_meta_disable_header":"","neve_meta_disable_footer":"","neve_meta_disable_title":""},"product_brand":[],"product_cat":[25,17,89],"product_tag":[],"class_list":{"0":"post-25429","1":"product","2":"type-product","3":"status-publish","4":"has-post-thumbnail","6":"product_cat-acessorios-do-interior","7":"product_cat-pecas-e-acessorios-automotivos","8":"product_cat-volantes-e-acessorios","10":"first","11":"instock","12":"shipping-taxable","13":"purchasable","14":"product-type-variable","15":"has-default-attributes"},"jetpack_sharing_enabled":true,"_links":{"self":[{"href":"https:\/\/listman.shop\/autoparts-br\/wp-json\/wp\/v2\/product\/25429","targetHints":{"allow":["GET"]}}],"collection":[{"href":"https:\/\/listman.shop\/autoparts-br\/wp-json\/wp\/v2\/product"}],"about":[{"href":"https:\/\/listman.shop\/autoparts-br\/wp-json\/wp\/v2\/types\/product"}],"wp:featuredmedia":[{"embeddable":true,"href":"https:\/\/listman.shop\/autoparts-br\/wp-json\/wp\/v2\/media\/25423"}],"wp:attachment":[{"href":"https:\/\/listman.shop\/autoparts-br\/wp-json\/wp\/v2\/media?parent=25429"}],"wp:term":[{"taxonomy":"product_brand","embeddable":true,"href":"https:\/\/listman.shop\/autoparts-br\/wp-json\/wp\/v2\/product_brand?post=25429"},{"taxonomy":"product_cat","embeddable":true,"href":"https:\/\/listman.shop\/autoparts-br\/wp-json\/wp\/v2\/product_cat?post=25429"},{"taxonomy":"product_tag","embeddable":true,"href":"https:\/\/listman.shop\/autoparts-br\/wp-json\/wp\/v2\/product_tag?post=25429"}],"curies":[{"name":"wp","href":"https:\/\/api.w.org\/{rel}","templated":true}]}}