{"id":25446,"date":"2025-03-10T10:11:07","date_gmt":"2025-03-10T01:11:07","guid":{"rendered":"https:\/\/listman.shop\/autoparts-br\/product\/1005003339921911\/"},"modified":"2026-04-17T17:20:12","modified_gmt":"2026-04-17T08:20:12","slug":"1005003339921911","status":"publish","type":"product","link":"https:\/\/listman.shop\/autoparts-br\/product\/1005003339921911\/","title":{"rendered":"Gt500 gt350 placa de identifica\u00e7\u00e3o decora\u00e7\u00e3o substitui\u00e7\u00e3o liga de alum\u00ednio console central adesivos para 15-17 ford mustang acess\u00f3rios interiores"},"content":{"rendered":"<div class=\"detailmodule_html\">\n<div class=\"detail-desc-decorate-richtext\">\n<div class=\"detailmodule_html\">\n<div class=\"detail-desc-decorate-richtext\">\n<div><\/div>\n<div>\n<div>\n<div>\n<p style=\"font-family:OpenSans;font-size:20px;font-weight:900;line-height:28px;white-space:pre-wrap;margin-bottom:12px\">Substitui\u00e7\u00e3o de decora\u00e7\u00e3o de placa de identifica\u00e7\u00e3o GT500 GT350 em liga de alum\u00ednio<\/p>\n<p style=\"font-family:OpenSans;font-size:14px;font-weight:300;line-height:20px;white-space:pre-wrap;margin-bottom:12px\">Material: liga de alum\u00ednio<\/p>\n<p>Caracter\u00edstica:<br \/>Substitua a placa de identifica\u00e7\u00e3o Mustang do console central original.<br \/>Estilo GT500 GT350.<br \/>Tamanho original do carro.<br \/>Instala\u00e7\u00e3o n\u00e3o destrutiva.<\/p>\n<div><img data-recalc-dims=\"1\" decoding=\"async\" src=\"https:\/\/i0.wp.com\/ae01.alicdn.com\/kf\/Hb6e29d8ddff842b7a23024034b01e48d5.jpg?w=1200&#038;ssl=1\"><img data-recalc-dims=\"1\" decoding=\"async\" src=\"https:\/\/i0.wp.com\/ae01.alicdn.com\/kf\/Hbb5bac039cb7482ea274d69ac51bdaeb7.jpg?w=1200&#038;ssl=1\"><img data-recalc-dims=\"1\" decoding=\"async\" src=\"https:\/\/i0.wp.com\/ae01.alicdn.com\/kf\/H9b9ce7303b834027b87d72dd12a14713N.jpg?w=1200&#038;ssl=1\"><img data-recalc-dims=\"1\" decoding=\"async\" src=\"https:\/\/i0.wp.com\/ae01.alicdn.com\/kf\/Hb854199c1ad746c589e663835b8d902fJ.jpg?w=1200&#038;ssl=1\"><img data-recalc-dims=\"1\" decoding=\"async\" src=\"https:\/\/i0.wp.com\/ae01.alicdn.com\/kf\/He1fc27b7589c4cf9a6d25929ae33c2c3e.jpg?w=1200&#038;ssl=1\"><img data-recalc-dims=\"1\" decoding=\"async\" src=\"https:\/\/i0.wp.com\/ae01.alicdn.com\/kf\/H4146936a396e497398e87e2a4f21f540V.jpg?w=1200&#038;ssl=1\"><img data-recalc-dims=\"1\" decoding=\"async\" src=\"https:\/\/i0.wp.com\/ae01.alicdn.com\/kf\/Hc5528f9e979f4f468fb0b54c09109cf82.jpg?w=1200&#038;ssl=1\"><img data-recalc-dims=\"1\" decoding=\"async\" src=\"https:\/\/i0.wp.com\/ae01.alicdn.com\/kf\/H347cf2f686ed491caa9f743b91af4398X.jpg?w=1200&#038;ssl=1\"><img data-recalc-dims=\"1\" decoding=\"async\" src=\"https:\/\/i0.wp.com\/ae01.alicdn.com\/kf\/Hf9d40dba064d492a970d691bc5cfd7b3L.jpg?w=1200&#038;ssl=1\"><img data-recalc-dims=\"1\" decoding=\"async\" src=\"https:\/\/i0.wp.com\/ae01.alicdn.com\/kf\/H9f27fcad1c5040bf973f085d0ecd48bcA.jpg?w=1200&#038;ssl=1\"><\/div>\n<\/div>\n<div><img data-recalc-dims=\"1\" decoding=\"async\" src=\"https:\/\/i0.wp.com\/ae01.alicdn.com\/kf\/H4895893e9afd4907bf0f122bbc976e24K.jpg?w=1200&#038;ssl=1\"><\/div>\n<div><\/div>\n<\/div>\n<\/div>\n<div><\/div>\n<\/div>\n<\/div>\n<p><\/div>\n<\/div>\n","protected":false},"excerpt":{"rendered":"<p>Substitui\u00e7\u00e3o de decora\u00e7\u00e3o de placa de identifica\u00e7\u00e3o GT500 GT350 em liga de alum\u00ednio Material: liga de alum\u00ednio Caracter\u00edstica:Substitua a placa de identifica\u00e7\u00e3o Mustang do console central original.Estilo GT500 GT350.Tamanho original do carro.Instala\u00e7\u00e3o n\u00e3o destrutiva.<\/p>\n","protected":false},"featured_media":25440,"template":"","meta":{"neve_meta_sidebar":"","neve_meta_container":"","neve_meta_enable_content_width":"","neve_meta_content_width":0,"neve_meta_title_alignment":"","neve_meta_author_avatar":"","neve_post_elements_order":"","neve_meta_disable_header":"","neve_meta_disable_footer":"","neve_meta_disable_title":""},"product_brand":[],"product_cat":[25,93,17],"product_tag":[],"class_list":{"0":"post-25446","1":"product","2":"type-product","3":"status-publish","4":"has-post-thumbnail","6":"product_cat-acessorios-do-interior","7":"product_cat-decoracao-interior-do-carro-acessorios","8":"product_cat-pecas-e-acessorios-automotivos","10":"first","11":"instock","12":"shipping-taxable","13":"purchasable","14":"product-type-variable","15":"has-default-attributes"},"jetpack_sharing_enabled":true,"_links":{"self":[{"href":"https:\/\/listman.shop\/autoparts-br\/wp-json\/wp\/v2\/product\/25446","targetHints":{"allow":["GET"]}}],"collection":[{"href":"https:\/\/listman.shop\/autoparts-br\/wp-json\/wp\/v2\/product"}],"about":[{"href":"https:\/\/listman.shop\/autoparts-br\/wp-json\/wp\/v2\/types\/product"}],"wp:featuredmedia":[{"embeddable":true,"href":"https:\/\/listman.shop\/autoparts-br\/wp-json\/wp\/v2\/media\/25440"}],"wp:attachment":[{"href":"https:\/\/listman.shop\/autoparts-br\/wp-json\/wp\/v2\/media?parent=25446"}],"wp:term":[{"taxonomy":"product_brand","embeddable":true,"href":"https:\/\/listman.shop\/autoparts-br\/wp-json\/wp\/v2\/product_brand?post=25446"},{"taxonomy":"product_cat","embeddable":true,"href":"https:\/\/listman.shop\/autoparts-br\/wp-json\/wp\/v2\/product_cat?post=25446"},{"taxonomy":"product_tag","embeddable":true,"href":"https:\/\/listman.shop\/autoparts-br\/wp-json\/wp\/v2\/product_tag?post=25446"}],"curies":[{"name":"wp","href":"https:\/\/api.w.org\/{rel}","templated":true}]}}