{"id":25488,"date":"2025-03-10T10:12:25","date_gmt":"2025-03-10T01:12:25","guid":{"rendered":"https:\/\/listman.shop\/autoparts-br\/product\/1005003502411189\/"},"modified":"2026-04-14T09:56:19","modified_gmt":"2026-04-14T00:56:19","slug":"1005003502411189","status":"publish","type":"product","link":"https:\/\/listman.shop\/autoparts-br\/product\/1005003502411189\/","title":{"rendered":"3 pe\u00e7as de capa magn\u00e9tica universal para-lama, protetor dobr\u00e1vel, tapete de trabalho mec\u00e2nico, tapete de reparo autom\u00e1tico"},"content":{"rendered":"<div class=\"detailmodule_html\">\n<div class=\"detail-desc-decorate-richtext\">\n<div class=\"detailmodule_html\">\n<div class=\"detail-desc-decorate-richtext\">\n<p><strong><span style=\"font-size:18px\">caracter\u00edstica:<\/span><\/strong><\/p>\n<p><strong><span style=\"font-size:18px\">1.Resist\u00eancia a arranh\u00f5es: guarda-lamas mec\u00e2nicos ajudam a proteger seu corpo contra arranh\u00f5es, rugas e altas temperaturas.<\/span><\/strong><\/p>\n<p><strong><span style=\"font-size:18px\">2.Alta qualidade: Feito de couro PU dur\u00e1vel e leve, a superf\u00edcie do para-lama \u00e9 macia e resistente a arranh\u00f5es.A capa do guarda-lamas protege a tinta e pode ser facilmente dobrada para armazenamento.<\/span><\/strong><\/p>\n<p><strong><span style=\"font-size:18px\">3.Magnetismo forte: Este conjunto de guarda-lamas possui forte magnetismo e ganchos, que s\u00e3o f\u00e1ceis de consertar e instalar.<\/span><\/strong><\/p>\n<p><strong><span style=\"font-size:18px\">4.Armazenamento conveniente: O guarda-lamas \u00e9 conveniente para guardar e pode ser dobrado no porta-malas quando n\u00e3o estiver em uso.<\/span><\/strong><\/p>\n<p><strong><span style=\"font-size:18px\">5.O pacote inclui: O pacote inclui 3 p\u00e1ra-lamas magn\u00e9ticos mec\u00e2nicos pretos para carro.<\/span><\/strong><\/p>\n<p><strong><span style=\"font-size:18px\">caracter\u00edstica:<\/span><\/strong><\/p>\n<p><strong><span style=\"font-size:18px\">1.\u00cdm\u00e3 poderoso embutido: O \u00edm\u00e3 poderoso \u00e9 colocado dentro do couro, que pode n\u00e3o apenas aderir firmemente \u00e0 carroceria do carro, mas tamb\u00e9m proteger eficazmente a pintura do carro.<\/span><\/strong><\/p>\n<p><strong><span style=\"font-size:18px\">2.Refor\u00e7o do gancho: O gancho \u00e9 adsorvido por um \u00edm\u00e3 forte e fixado em duas camadas, o que \u00e9 mais est\u00e1vel e confi\u00e1vel!<\/span><\/strong><\/p>\n<p><strong><span style=\"font-size:18px\">3.El\u00e1stico: O el\u00e1stico conecta o gancho e a almofada, que pode esticar livremente, de forma r\u00e1pida e conveniente.<\/span><\/strong><\/p>\n<p><strong><span style=\"font-size:18px\">4.Forro de l\u00e3: O forro interno \u00e9 preenchido com l\u00e3 para proteger o corpo.O material geral \u00e9 espesso e confort\u00e1vel.<\/span><\/strong><\/p>\n<p><strong><span style=\"font-size:18px\">5.Borda da cinta: As almofadas m\u00e9dias\/grandes s\u00e3o bordas com fibra de polipropileno.Sem medo de \u00e1gua, rasgos, luz solar, resist\u00eancia \u00e0 abras\u00e3o, mais forte e dur\u00e1vel do que almofadas de borda n\u00e3o tecidas.<\/span><\/strong><\/p>\n<p><strong><span style=\"font-size:18px\">Especifica\u00e7\u00e3o:<\/span><\/strong><\/p>\n<p><strong><span style=\"font-size:18px\">Material: couro PU<\/span><\/strong><\/p>\n<p><strong><span style=\"font-size:18px\">Cor: Preto<\/span><\/strong><\/p>\n<p><strong><span style=\"font-size:18px\">Modelos aplic\u00e1veis:<\/span><\/strong><\/p>\n<p><strong><span style=\"font-size:18px\">Terno de tamanho m\u00e9dio: MPV, carro pequeno, etc.<\/span><\/strong><\/p>\n<p><strong><span style=\"font-size:18px\">O tamanho grande \u00e9 adequado para: todos os tipos de carros, SUVs, etc.<\/span><\/strong><\/p>\n<p><strong><span style=\"font-size:18px\">lista de embalagem:<\/span><\/strong><\/p>\n<p><strong><span style=\"font-size:18px\">3 * almofada de prote\u00e7\u00e3o<\/span><\/strong><\/p>\n<div><\/div>\n<p><img data-recalc-dims=\"1\" decoding=\"async\" title=\"QQ\u622a\u56fe20211103230038.jpg\" src=\"https:\/\/i0.wp.com\/ae01.alicdn.com\/kf\/Hec6909e2322249f58989e9936d77cce7o.jpg?w=1200&#038;ssl=1\"><\/p>\n<p><img data-recalc-dims=\"1\" decoding=\"async\" title=\"QQ\u622a\u56fe20211103230107.jpg\" src=\"https:\/\/i0.wp.com\/ae01.alicdn.com\/kf\/H0cb564341e474d6aab5e886cc30c5405H.jpg?w=1200&#038;ssl=1\"><\/p>\n<p><img data-recalc-dims=\"1\" decoding=\"async\" title=\"QQ\u622a\u56fe20211103230117.jpg\" src=\"https:\/\/i0.wp.com\/ae01.alicdn.com\/kf\/Hbf046d99ead64a388c6a21567336b3d8o.jpg?w=1200&#038;ssl=1\"><\/p>\n<p><img data-recalc-dims=\"1\" decoding=\"async\" title=\"QQ\u622a\u56fe20211103230340.jpg\" src=\"https:\/\/i0.wp.com\/ae01.alicdn.com\/kf\/Hec4fa438febd4c38bb464705a523b92as.jpg?w=1200&#038;ssl=1\"><\/p>\n<p><img data-recalc-dims=\"1\" decoding=\"async\" title=\"QQ\u622a\u56fe20211103230400.jpg\" src=\"https:\/\/i0.wp.com\/ae01.alicdn.com\/kf\/Hf42923e7c4384b6999f843cc79e061afD.jpg?w=1200&#038;ssl=1\"><\/p>\n<p><img data-recalc-dims=\"1\" decoding=\"async\" title=\"QQ\u622a\u56fe20211103230422.jpg\" src=\"https:\/\/i0.wp.com\/ae01.alicdn.com\/kf\/H729eb68bd9934242b57e65b9178cc017g.jpg?w=1200&#038;ssl=1\"><\/p>\n<p><img data-recalc-dims=\"1\" decoding=\"async\" title=\"QQ\u622a\u56fe20211103230858.jpg\" src=\"https:\/\/i0.wp.com\/ae01.alicdn.com\/kf\/Hb4dc11d5041d41a3a0cab452332ca674X.jpg?w=1200&#038;ssl=1\"><\/p>\n<p><img data-recalc-dims=\"1\" decoding=\"async\" title=\"QQ\u622a\u56fe20211103231523.jpg\" src=\"https:\/\/i0.wp.com\/ae01.alicdn.com\/kf\/H683f36055ee148fabc7811f8cd6f31d5l.jpg?w=1200&#038;ssl=1\"><\/p>\n<p><img data-recalc-dims=\"1\" decoding=\"async\" title=\"QQ\u622a\u56fe20211103232624.jpg\" src=\"https:\/\/i0.wp.com\/ae01.alicdn.com\/kf\/Hcf8dfa1aa96c4d98b98ecc54b7807ef9t.jpg?w=1200&#038;ssl=1\"><\/p>\n<p><img data-recalc-dims=\"1\" decoding=\"async\" title=\"QQ\u622a\u56fe20211103232656.jpg\" src=\"https:\/\/i0.wp.com\/ae01.alicdn.com\/kf\/H59fc28fceff24bfc9c556fa30eebb19e4.jpg?w=1200&#038;ssl=1\"><\/p>\n<p><strong><span style=\"font-size:18px\"><br \/><\/span><\/strong><\/p>\n<\/div>\n<\/div>\n<p><\/p>\n<\/div>\n<\/div>\n","protected":false},"excerpt":{"rendered":"<p>caracter\u00edstica: 1.Resist\u00eancia a arranh\u00f5es: guarda-lamas mec\u00e2nicos ajudam a proteger seu corpo contra arranh\u00f5es, rugas e altas temperaturas. 2.Alta qualidade: Feito de couro PU dur\u00e1vel e leve, a superf\u00edcie do para-lama \u00e9 macia e resistente a arranh\u00f5es.A capa do guarda-lamas protege a tinta e pode ser facilmente dobrada para armazenamento. 3.Magnetismo forte: Este conjunto de guarda-lamas&hellip;&nbsp;<\/p>\n","protected":false},"featured_media":25482,"template":"","meta":{"neve_meta_sidebar":"","neve_meta_container":"","neve_meta_enable_content_width":"","neve_meta_content_width":0,"neve_meta_title_alignment":"","neve_meta_author_avatar":"","neve_post_elements_order":"","neve_meta_disable_header":"","neve_meta_disable_footer":"","neve_meta_disable_title":""},"product_brand":[],"product_cat":[125,25,17],"product_tag":[],"class_list":{"0":"post-25488","1":"product","2":"type-product","3":"status-publish","4":"has-post-thumbnail","6":"product_cat-acessorios-assento","7":"product_cat-acessorios-do-interior","8":"product_cat-pecas-e-acessorios-automotivos","10":"first","11":"instock","12":"shipping-taxable","13":"purchasable","14":"product-type-variable","15":"has-default-attributes"},"jetpack_sharing_enabled":true,"_links":{"self":[{"href":"https:\/\/listman.shop\/autoparts-br\/wp-json\/wp\/v2\/product\/25488","targetHints":{"allow":["GET"]}}],"collection":[{"href":"https:\/\/listman.shop\/autoparts-br\/wp-json\/wp\/v2\/product"}],"about":[{"href":"https:\/\/listman.shop\/autoparts-br\/wp-json\/wp\/v2\/types\/product"}],"wp:featuredmedia":[{"embeddable":true,"href":"https:\/\/listman.shop\/autoparts-br\/wp-json\/wp\/v2\/media\/25482"}],"wp:attachment":[{"href":"https:\/\/listman.shop\/autoparts-br\/wp-json\/wp\/v2\/media?parent=25488"}],"wp:term":[{"taxonomy":"product_brand","embeddable":true,"href":"https:\/\/listman.shop\/autoparts-br\/wp-json\/wp\/v2\/product_brand?post=25488"},{"taxonomy":"product_cat","embeddable":true,"href":"https:\/\/listman.shop\/autoparts-br\/wp-json\/wp\/v2\/product_cat?post=25488"},{"taxonomy":"product_tag","embeddable":true,"href":"https:\/\/listman.shop\/autoparts-br\/wp-json\/wp\/v2\/product_tag?post=25488"}],"curies":[{"name":"wp","href":"https:\/\/api.w.org\/{rel}","templated":true}]}}