{"id":25625,"date":"2025-03-10T10:18:43","date_gmt":"2025-03-10T01:18:43","guid":{"rendered":"https:\/\/listman.shop\/autoparts-br\/product\/1005003887614974\/"},"modified":"2026-04-11T02:05:32","modified_gmt":"2026-04-10T17:05:32","slug":"1005003887614974","status":"publish","type":"product","link":"https:\/\/listman.shop\/autoparts-br\/product\/1005003887614974\/","title":{"rendered":"Para nissan qashqai j11 2015-2018 2019 2020 acess\u00f3rios do carro abs porta de carbono janela vidro elevador interruptor de controle painel capa guarni\u00e7\u00e3o"},"content":{"rendered":"<div class=\"detailmodule_html\">\n<div class=\"detail-desc-decorate-richtext\">\n<div style=\"text-align:center\" align=\"center\"><span style=\", courier\"><span><span style=\"font-size:36px\">Forne\u00e7a o n\u00famero de rastreamento<\/span><\/span><\/span><\/div>\n<p><strong><span style=\"font-family:arial, helvetica, sans-serif\"><span style=\"font-size:20px\">Descri\u00e7\u00e3o:<\/span><\/span><\/strong><\/p>\n<p><strong><span style=\"font-family:arial, helvetica, sans-serif\"><span style=\"font-size:20px\"><span>Nome do produto:<\/span><\/span><\/span><\/strong><strong><span style=\"font-family:arial, helvetica, sans-serif\"><span style=\"font-size:20px\">Dire\u00e7\u00e3o \u00e0 esquerda para nissan qashqai j11 2015-2020 acess\u00f3rios do carro abs carbono porta janela vidro interruptor de controle painel capa guarni\u00e7\u00e3o<\/span><\/span><\/strong><\/p>\n<p><strong><span style=\"font-family:arial, helvetica, sans-serif\"><span style=\"font-size:20px\"><span>Modelos aplic\u00e1veis:<\/span><\/span><\/span><\/strong><strong><span style=\"font-family:arial, helvetica, sans-serif\"><span style=\"font-size:20px\">Para acess\u00f3rios Nissan Qashqai J11<\/span><\/span><\/strong><\/p>\n<p><span style=\"font-size:14px;, sans-serif\"><strong><span style=\"font-family:arial, helvetica, sans-serif\"><span style=\"font-size:20px\"><span>Material:<\/span><\/span><\/span><\/strong><\/span><span style=\"font-size:14px;, sans-serif\"><strong><span style=\"font-family:arial, helvetica, sans-serif\"><span style=\"font-size:20px\">Fibra de carbono ABS<\/span><\/span><\/strong><\/span><\/p>\n<p><strong><span style=\"font-family:arial, helvetica, sans-serif\"><span style=\"font-size:20px\"><span>Ano modelo:<\/span><\/span><\/span><\/strong><strong><span style=\"font-family:arial, helvetica, sans-serif\"><span style=\"font-size:20px\">2015 2016 2017 2018 2019 2020<\/span><\/span><\/strong><\/p>\n<p><span style=\"font-family:arial, helvetica, sans-serif\"><span style=\"font-size:20px\"><strong>Modelo de acionamento:<\/strong><\/span><\/span><span style=\"font-family:arial, helvetica, sans-serif\"><span style=\"font-size:20px\"><strong>SOMENTE para volante \u00e0 esquerda (LHD)<\/strong><\/span><\/span><\/p>\n<p><strong><span style=\"font-family:arial, helvetica, sans-serif\"><span style=\"font-size:20px\"><span>Pacote:<\/span><\/span><\/span><\/strong><strong><span style=\"font-family:arial, helvetica, sans-serif\"><span style=\"font-size:20px\">4 pe\u00e7as\/conjunto<\/span><\/span><\/strong><\/p>\n<p><\/p>\n<p><span style=\"font-size:20px;font-family:arial, helvetica, sans-serif\"><span style=\"font-size:20px;font-family:arial, helvetica, sans-serif\">Por favor, compare seu carro com a imagem. se eles forem iguais. tenha certeza de compr\u00e1-lo, obrigado<\/span><\/span><\/p>\n<p><img data-recalc-dims=\"1\" decoding=\"async\" src=\"https:\/\/i0.wp.com\/ae01.alicdn.com\/kf\/S8b073f3ae0a448f5837700cd9ce08dbbF.jpg?w=1200&#038;ssl=1\"><img data-recalc-dims=\"1\" decoding=\"async\" src=\"https:\/\/i0.wp.com\/ae01.alicdn.com\/kf\/H31488c22661944aba87ae889be6108d44.jpg?w=1200&#038;ssl=1\"><img data-recalc-dims=\"1\" decoding=\"async\" src=\"https:\/\/i0.wp.com\/ae01.alicdn.com\/kf\/Hccb74dc544314c3ea0f2ba2b28de9007a.jpg?w=1200&#038;ssl=1\"><img data-recalc-dims=\"1\" decoding=\"async\" src=\"https:\/\/i0.wp.com\/ae01.alicdn.com\/kf\/Hf84370198ef7443b9c771aa2b2e7120br.jpg?w=1200&#038;ssl=1\"><img data-recalc-dims=\"1\" decoding=\"async\" src=\"https:\/\/i0.wp.com\/ae01.alicdn.com\/kf\/H0a9a71a4e2fa4323951fc213fad55e1br.jpg?w=1200&#038;ssl=1\"><img data-recalc-dims=\"1\" decoding=\"async\" src=\"https:\/\/i0.wp.com\/ae01.alicdn.com\/kf\/H3a66ee9cd9414e14b44a4a72fd7b2dc6t.jpg?w=1200&#038;ssl=1\"><img data-recalc-dims=\"1\" decoding=\"async\" src=\"https:\/\/i0.wp.com\/ae01.alicdn.com\/kf\/Hdcad90dbbb0a49d4a18322f09fa0f028f.jpg?w=1200&#038;ssl=1\"><img data-recalc-dims=\"1\" decoding=\"async\" src=\"https:\/\/i0.wp.com\/ae01.alicdn.com\/kf\/H07711e35be7b470da48155c6edaccaaaj.jpg?w=1200&#038;ssl=1\"><img data-recalc-dims=\"1\" decoding=\"async\" src=\"https:\/\/i0.wp.com\/ae01.alicdn.com\/kf\/Hd29b1e82385645338b847d6a2ae2f7d81.jpg?w=1200&#038;ssl=1\"><\/p>\n<p><span style=\"font-size:22px\"><span>Caracter\u00edstica:<\/span><\/span><\/p>\n<p><span style=\"font-size:14px\"><span>1.100% novo.<\/span><\/span><\/p>\n<p><span style=\"font-size:14px\"><span>2.Alta qualidade garantida.<\/span><\/span><\/p>\n<p><span style=\"font-size:14px\">3.F\u00e1cil instala\u00e7\u00e3o.<\/span><\/p>\n<p><span style=\"font-size:14px\">4. Certifique-se de que a superf\u00edcie onde o produto ser\u00e1 aplicado esteja limpa, seca e livre de todas as doen\u00e7as, graxas e ceras.<\/span><\/p>\n<p><span style=\"font-size:14px\">5.Determine a localiza\u00e7\u00e3o exata do produto.<\/span><\/p>\n<p><span style=\"font-size:14px\">6.Remova a pel\u00edcula protetora do adesivo, alinhe cuidadosamente e pressione firmemente para garantir a ades\u00e3o adequada.<\/span><\/p>\n<p><span style=\"font-size:14px\">7.N\u00e3o mova o produto nem lave seu carro 24 horas ap\u00f3s a instala\u00e7\u00e3o.<\/span><\/p>\n<div>\n<div><\/div>\n<p><span style=\"font-size:22px\"><span>Nota:<\/span><\/span><\/p>\n<p><span style=\"font-size:14px\"><span><span>Muitos modelos de carros, antes da compra podem nos consultar sobre o problema aplic\u00e1vel.<\/span><\/span><\/span><\/p>\n<p><span style=\"font-size:14px\"><span><span>Obrigado pelo seu apoio.Tenha boas compras.<\/span><\/span><\/span><\/p>\n<div><\/div>\n<p><span style=\"font-size:14px\">Adesivo dupla face levemente aquecido, a estabilidade ser\u00e1 bastante aumentada. Aquecimento do adesivo dupla face quando a temperatura estiver abaixo de 20 graus Celsius.<\/span><\/p>\n<p><span style=\"font-size:14px\">As imagens s\u00e3o apenas para refer\u00eancia. O produto real prevalecer\u00e1. Sua satisfa\u00e7\u00e3o \u00e9 nossa maior preocupa\u00e7\u00e3o. Entre em contato conosco para resolver melhor qualquer problema antes de deixar qualquer feedback neutro ou negativo. Muito obrigado!<\/span><\/p>\n<p><span style=\"font-size:14px\">* Todos os itens ser\u00e3o enviados por correio a\u00e9reo registrado ou servi\u00e7o de remessa r\u00e1pida, o n\u00famero de rastreamento ser\u00e1 oferecido.<\/span><\/p>\n<p><span style=\"font-size:14px\">* Todos os itens ser\u00e3o enviados dentro de 3 dias \u00fateis.<\/span><\/p>\n<p><span style=\"font-size:14px\">* Se voc\u00ea n\u00e3o receber seu item a tempo, entre em contato conosco imediatamente para obter mais assist\u00eancia. Obrigado pela sua compreens\u00e3o.<\/span><\/p>\n<\/div>\n<p><img data-recalc-dims=\"1\" decoding=\"async\" src=\"https:\/\/i0.wp.com\/ae01.alicdn.com\/kf\/H137caedc9a8b4bf6b7cb53f4212bcc97j.jpg?w=1200&#038;ssl=1\"><img data-recalc-dims=\"1\" decoding=\"async\" src=\"https:\/\/i0.wp.com\/ae01.alicdn.com\/kf\/Hb071badbbe464510ae47cab37cebe773S.jpg?w=1200&#038;ssl=1\"><img data-recalc-dims=\"1\" decoding=\"async\" src=\"https:\/\/i0.wp.com\/ae01.alicdn.com\/kf\/H2e7c0d8c6cc74075a30cf755bc2b1bcbH.jpg?w=1200&#038;ssl=1\"><img data-recalc-dims=\"1\" decoding=\"async\" src=\"https:\/\/i0.wp.com\/ae01.alicdn.com\/kf\/H0fc9177bcc904cdc8eb9dd5dba6d03d44.jpg?w=1200&#038;ssl=1\"><\/p>\n<p><\/p>\n<\/div>\n<\/div>\n","protected":false},"excerpt":{"rendered":"<p>Forne\u00e7a o n\u00famero de rastreamento Descri\u00e7\u00e3o: Nome do produto:Dire\u00e7\u00e3o \u00e0 esquerda para nissan qashqai j11 2015-2020 acess\u00f3rios do carro abs carbono porta janela vidro interruptor de controle painel capa guarni\u00e7\u00e3o Modelos aplic\u00e1veis:Para acess\u00f3rios Nissan Qashqai J11 Material:Fibra de carbono ABS Ano modelo:2015 2016 2017 2018 2019 2020 Modelo de acionamento:SOMENTE para volante \u00e0 esquerda (LHD)&hellip;&nbsp;<\/p>\n","protected":false},"featured_media":25619,"template":"","meta":{"neve_meta_sidebar":"","neve_meta_container":"","neve_meta_enable_content_width":"","neve_meta_content_width":0,"neve_meta_title_alignment":"","neve_meta_author_avatar":"","neve_post_elements_order":"","neve_meta_disable_header":"","neve_meta_disable_footer":"","neve_meta_disable_title":""},"product_brand":[],"product_cat":[25,83,17],"product_tag":[],"class_list":{"0":"post-25625","1":"product","2":"type-product","3":"status-publish","4":"has-post-thumbnail","6":"product_cat-acessorios-do-interior","7":"product_cat-molduras-interiores","8":"product_cat-pecas-e-acessorios-automotivos","10":"first","11":"instock","12":"shipping-taxable","13":"purchasable","14":"product-type-variable","15":"has-default-attributes"},"jetpack_sharing_enabled":true,"_links":{"self":[{"href":"https:\/\/listman.shop\/autoparts-br\/wp-json\/wp\/v2\/product\/25625","targetHints":{"allow":["GET"]}}],"collection":[{"href":"https:\/\/listman.shop\/autoparts-br\/wp-json\/wp\/v2\/product"}],"about":[{"href":"https:\/\/listman.shop\/autoparts-br\/wp-json\/wp\/v2\/types\/product"}],"wp:featuredmedia":[{"embeddable":true,"href":"https:\/\/listman.shop\/autoparts-br\/wp-json\/wp\/v2\/media\/25619"}],"wp:attachment":[{"href":"https:\/\/listman.shop\/autoparts-br\/wp-json\/wp\/v2\/media?parent=25625"}],"wp:term":[{"taxonomy":"product_brand","embeddable":true,"href":"https:\/\/listman.shop\/autoparts-br\/wp-json\/wp\/v2\/product_brand?post=25625"},{"taxonomy":"product_cat","embeddable":true,"href":"https:\/\/listman.shop\/autoparts-br\/wp-json\/wp\/v2\/product_cat?post=25625"},{"taxonomy":"product_tag","embeddable":true,"href":"https:\/\/listman.shop\/autoparts-br\/wp-json\/wp\/v2\/product_tag?post=25625"}],"curies":[{"name":"wp","href":"https:\/\/api.w.org\/{rel}","templated":true}]}}