{"id":25916,"date":"2025-03-10T10:28:46","date_gmt":"2025-03-10T01:28:46","guid":{"rendered":"https:\/\/listman.shop\/autoparts-br\/product\/1005005322248893\/"},"modified":"2026-05-04T09:09:57","modified_gmt":"2026-05-04T00:09:57","slug":"1005005322248893","status":"publish","type":"product","link":"https:\/\/listman.shop\/autoparts-br\/product\/1005005322248893\/","title":{"rendered":"Novo 2 camadas telesc\u00f3pica magn\u00e9tica janela do carro tons mosquiteiro capa solar p\u00e1ra-sol prote\u00e7\u00e3o uv bloco cortina de malha para crian\u00e7a beb\u00ea"},"content":{"rendered":"<div class=\"detailmodule_html\">\n<div class=\"detail-desc-decorate-richtext\">\n<div class=\"detailmodule_dynamic\">\n<\/div>\n<div class=\"detailmodule_dynamic\"><\/div>\n<div class=\"detailmodule_html\">\n<div class=\"detail-desc-decorate-richtext\">\n<div class=\"detailmodule_html\">\n<div class=\"detail-desc-decorate-richtext\">\n<div class=\"detailmodule_html\">\n<div class=\"detail-desc-decorate-richtext\">\n<div id=\"offer-template-0\">\n       <strong>Caracter&iacute;sticas:<\/strong><br \/>\n       <br \/>1.Blind solar de camada dupla, vis&atilde;o desobstru&iacute;da, pode desfrutar da paisagem ao longo do caminho<br \/>\n       <br \/>2.Protetor solar de camada dupla, melhor prote&ccedil;&atilde;o contra luz<br \/>\n       <br \/>3.Nenhum cheiro peculiar ao sol, lav&aacute;vel<br \/>\n       <br \/>4.Adsor&ccedil;&atilde;o magn&eacute;tica forte, instala&ccedil;&atilde;o em um segundo, firme e dif&iacute;cil de cair, pode ser puxada &agrave; vontade<br \/>\n       <br \/>5.Camada de malha de sombreamento de fio de carbono 3D, adicionando sombreamento de camada de malha e visualizando o cen&aacute;rio ao longo do caminho<br \/>\n       <br \/>6.Malha de camada &uacute;nica, janelas abertas para ventila&ccedil;&atilde;o, sem medo de moscas e mosquitos<br \/>\n       <br \/>7.Universal, comum a uma variedade de modelos<br \/>\n       <br \/>8.6 camadas:<br \/>\n       <br \/>1.Revestimento protetor solar de vinil<br \/>\n       <br \/>2.Camada reflexiva de prata revestida com UV<br \/>\n       <br \/>3.Camada de impress&atilde;o digital totalmente em poli&eacute;ster<br \/>\n       <br \/>4.Pano de sombreamento de alta densidade<br \/>\n       <br \/>5.Camada de impress&atilde;o digital alem&atilde;<br \/>\n       <br \/>Camada de malha de carbono 6.3D\n      <\/div>\n<div>\n       <img data-recalc-dims=\"1\" decoding=\"async\" src=\"https:\/\/i0.wp.com\/ae01.alicdn.com\/kf\/S81dc5a854b4e4b59829fcaa340f6f3ee4.jpg?w=1200&#038;ssl=1\" \/><br \/>\n       <img data-recalc-dims=\"1\" decoding=\"async\" src=\"https:\/\/i0.wp.com\/ae01.alicdn.com\/kf\/S5863c180d06046b3bb6d629d259f9e1eO.jpg?w=1200&#038;ssl=1\" \/><br \/>\n       <img data-recalc-dims=\"1\" decoding=\"async\" src=\"https:\/\/i0.wp.com\/ae01.alicdn.com\/kf\/S1dcff72d067a40098c1aed9b02a0471a6.jpeg?w=1200&#038;ssl=1\" \/><br \/>\n       <img data-recalc-dims=\"1\" decoding=\"async\" src=\"https:\/\/i0.wp.com\/ae01.alicdn.com\/kf\/Saf71afcef9f941a9a222d9dff49b3c2ac.jpg?w=1200&#038;ssl=1\" \/><br \/>\n       <img data-recalc-dims=\"1\" decoding=\"async\" src=\"https:\/\/i0.wp.com\/ae01.alicdn.com\/kf\/S079ea2a157184a178760cd577005bd34h.jpg?w=1200&#038;ssl=1\" \/><br \/>\n       <img data-recalc-dims=\"1\" decoding=\"async\" src=\"https:\/\/i0.wp.com\/ae01.alicdn.com\/kf\/S1ade478cb9494030b3aafeb953712bf1S.jpg?w=1200&#038;ssl=1\" \/><br \/>\n       <img data-recalc-dims=\"1\" decoding=\"async\" src=\"https:\/\/i0.wp.com\/ae01.alicdn.com\/kf\/S81a5e60c7372415d819c712995f3ffc5J.jpg?w=1200&#038;ssl=1\" \/><br \/>\n       <img data-recalc-dims=\"1\" decoding=\"async\" src=\"https:\/\/i0.wp.com\/ae01.alicdn.com\/kf\/Seac144c68bd44ac2ab05a85cd24f48b08.jpg?w=1200&#038;ssl=1\" \/><br \/>\n       <img data-recalc-dims=\"1\" decoding=\"async\" src=\"https:\/\/i0.wp.com\/ae01.alicdn.com\/kf\/S0c21060be2f044de84dfbc9bd972067bR.jpg?w=1200&#038;ssl=1\" \/><br \/>\n       <img data-recalc-dims=\"1\" decoding=\"async\" src=\"https:\/\/i0.wp.com\/ae01.alicdn.com\/kf\/S17bb56141d3848c19b116dbb2d7653974.jpg?w=1200&#038;ssl=1\" \/><br \/>\n       \n      <\/div>\n<\/p><\/div>\n<\/p><\/div>\n<\/p><\/div>\n<\/p><\/div>\n<\/p><\/div>\n<\/div>\n<div class=\"detailmodule_dynamic\">\n<\/div>\n<p><\/p>\n<\/div>\n<\/div>\n","protected":false},"excerpt":{"rendered":"<p>Caracter&iacute;sticas: 1.Blind solar de camada dupla, vis&atilde;o desobstru&iacute;da, pode desfrutar da paisagem ao longo do caminho 2.Protetor solar de camada dupla, melhor prote&ccedil;&atilde;o contra luz 3.Nenhum cheiro peculiar ao sol, lav&aacute;vel 4.Adsor&ccedil;&atilde;o magn&eacute;tica forte, instala&ccedil;&atilde;o em um segundo, firme e dif&iacute;cil de cair, pode ser puxada &agrave; vontade 5.Camada de malha de sombreamento de fio&hellip;&nbsp;<\/p>\n","protected":false},"featured_media":25910,"template":"","meta":{"neve_meta_sidebar":"","neve_meta_container":"","neve_meta_enable_content_width":"","neve_meta_content_width":0,"neve_meta_title_alignment":"","neve_meta_author_avatar":"","neve_post_elements_order":"","neve_meta_disable_header":"","neve_meta_disable_footer":"","neve_meta_disable_title":""},"product_brand":[],"product_cat":[25,167,17],"product_tag":[],"class_list":{"0":"post-25916","1":"product","2":"type-product","3":"status-publish","4":"has-post-thumbnail","6":"product_cat-acessorios-do-interior","7":"product_cat-automovel-interior-outros","8":"product_cat-pecas-e-acessorios-automotivos","10":"first","11":"instock","12":"shipping-taxable","13":"purchasable","14":"product-type-variable","15":"has-default-attributes"},"jetpack_sharing_enabled":true,"_links":{"self":[{"href":"https:\/\/listman.shop\/autoparts-br\/wp-json\/wp\/v2\/product\/25916","targetHints":{"allow":["GET"]}}],"collection":[{"href":"https:\/\/listman.shop\/autoparts-br\/wp-json\/wp\/v2\/product"}],"about":[{"href":"https:\/\/listman.shop\/autoparts-br\/wp-json\/wp\/v2\/types\/product"}],"wp:featuredmedia":[{"embeddable":true,"href":"https:\/\/listman.shop\/autoparts-br\/wp-json\/wp\/v2\/media\/25910"}],"wp:attachment":[{"href":"https:\/\/listman.shop\/autoparts-br\/wp-json\/wp\/v2\/media?parent=25916"}],"wp:term":[{"taxonomy":"product_brand","embeddable":true,"href":"https:\/\/listman.shop\/autoparts-br\/wp-json\/wp\/v2\/product_brand?post=25916"},{"taxonomy":"product_cat","embeddable":true,"href":"https:\/\/listman.shop\/autoparts-br\/wp-json\/wp\/v2\/product_cat?post=25916"},{"taxonomy":"product_tag","embeddable":true,"href":"https:\/\/listman.shop\/autoparts-br\/wp-json\/wp\/v2\/product_tag?post=25916"}],"curies":[{"name":"wp","href":"https:\/\/api.w.org\/{rel}","templated":true}]}}