{"id":25977,"date":"2025-03-10T10:30:27","date_gmt":"2025-03-10T01:30:27","guid":{"rendered":"https:\/\/listman.shop\/autoparts-br\/product\/1005005346795283\/"},"modified":"2026-04-14T10:17:14","modified_gmt":"2026-04-14T01:17:14","slug":"1005005346795283","status":"publish","type":"product","link":"https:\/\/listman.shop\/autoparts-br\/product\/1005005346795283\/","title":{"rendered":"Para Mazda 3 Axela 2014-2019: Painel de Controle Central Decorativo em Fibra de Carbono &#8211; Acess\u00f3rio Interno Automotivo"},"content":{"rendered":"<div class=\"detailmodule_html\">\n<div class=\"detail-desc-decorate-richtext\">\n<p><span style=\"font-size:24px\"><strong>confirme o tamanho e a forma antes de fazer o pedido.Se voc\u00ea tiver alguma d\u00favida, n\u00e3o hesite em nos contatar.N\u00e3o fa\u00e7a um coment\u00e1rio negativo \u00e0 vontade<\/strong><\/span><\/p>\n<p><img data-recalc-dims=\"1\" decoding=\"async\" src=\"https:\/\/i0.wp.com\/ae01.alicdn.com\/kf\/Se649471e2e19490a881af935f2a9e00aP.jpg?w=1200&#038;ssl=1\"><\/p>\n<p>Propriedades:<\/p>\n<p><\/p>\n<p>Esta \u00e9 uma verdadeira fibra de carbono<\/p>\n<p><\/p>\n<p>Vem com adesivo, f\u00e1cil de instalar e se ajusta bem.<\/p>\n<p><\/p>\n<p>O material n\u00e3o vai arranhar suas m\u00e3os<\/p>\n<p><\/p>\n<p>Dur\u00e1vel, resistente a arranh\u00f5es, resistente \u00e0 sujeira e anticorros\u00e3o<\/p>\n<p><\/p>\n<p>O tamanho correto n\u00e3o requer corte ou emenda<\/p>\n<p><\/p>\n<p>Esta \u00e9 apenas uma decora\u00e7\u00e3o, n\u00e3o h\u00e1 necessidade de remover as pe\u00e7as originais do carro<\/p>\n<p><\/p>\n<p>Constru\u00e7\u00e3o e testes rigorosos de padr\u00f5es de qualidade.<\/p>\n<p><\/p>\n<p>Configura\u00e7\u00e3o: Para Mazda 3 AXELA 2014-2019 (consulte as fotos para identificar o estilo do painel de engrenagens do seu carro antes de fazer um pedido)<\/p>\n<p><img data-recalc-dims=\"1\" decoding=\"async\" src=\"https:\/\/i0.wp.com\/ae01.alicdn.com\/kf\/Sefa9edb5bded404ba7e7222d5eaedbffI.jpg?w=1200&#038;ssl=1\"><\/p>\n<p><img data-recalc-dims=\"1\" decoding=\"async\" src=\"https:\/\/i0.wp.com\/ae01.alicdn.com\/kf\/S6a2d300463e541c084dd0f5a392e22b7A.jpg?w=1200&#038;ssl=1\"><img data-recalc-dims=\"1\" decoding=\"async\" src=\"https:\/\/i0.wp.com\/ae01.alicdn.com\/kf\/S42edf6aaa6604864b39d88ab6ad406b7f.jpg?w=1200&#038;ssl=1\"><img data-recalc-dims=\"1\" decoding=\"async\" src=\"https:\/\/i0.wp.com\/ae01.alicdn.com\/kf\/S8b5c772bb20f4c518150837375c9daebp.jpg?w=1200&#038;ssl=1\"><img data-recalc-dims=\"1\" decoding=\"async\" src=\"https:\/\/i0.wp.com\/ae01.alicdn.com\/kf\/S412aff4a84f34bc3aecdc7784636af8eM.jpg?w=1200&#038;ssl=1\"><\/p>\n<p><img data-recalc-dims=\"1\" decoding=\"async\" src=\"https:\/\/i0.wp.com\/ae01.alicdn.com\/kf\/S760a6205e9f343f7b420d261e8da8146U.jpg?w=1200&#038;ssl=1\"><img data-recalc-dims=\"1\" decoding=\"async\" src=\"https:\/\/i0.wp.com\/ae01.alicdn.com\/kf\/S464bf9f5e64f4a038ca70c90bcca11fbm.jpg?w=1200&#038;ssl=1\"><\/p>\n<p><img data-recalc-dims=\"1\" decoding=\"async\" src=\"https:\/\/i0.wp.com\/ae01.alicdn.com\/kf\/S4a895453b9f5414695e1c6ff6a1890eeg.jpg?w=1200&#038;ssl=1\"><img data-recalc-dims=\"1\" decoding=\"async\" src=\"https:\/\/i0.wp.com\/ae01.alicdn.com\/kf\/S8a7d4a9474f041f2974509532573cc5au.jpg?w=1200&#038;ssl=1\"><\/p>\n<\/div>\n<\/div>\n","protected":false},"excerpt":{"rendered":"<p>confirme o tamanho e a forma antes de fazer o pedido.Se voc\u00ea tiver alguma d\u00favida, n\u00e3o hesite em nos contatar.N\u00e3o fa\u00e7a um coment\u00e1rio negativo \u00e0 vontade Propriedades: Esta \u00e9 uma verdadeira fibra de carbono Vem com adesivo, f\u00e1cil de instalar e se ajusta bem. O material n\u00e3o vai arranhar suas m\u00e3os Dur\u00e1vel, resistente a arranh\u00f5es,&hellip;&nbsp;<\/p>\n","protected":false},"featured_media":25971,"template":"","meta":{"neve_meta_sidebar":"","neve_meta_container":"","neve_meta_enable_content_width":"","neve_meta_content_width":0,"neve_meta_title_alignment":"","neve_meta_author_avatar":"","neve_post_elements_order":"","neve_meta_disable_header":"","neve_meta_disable_footer":"","neve_meta_disable_title":""},"product_brand":[],"product_cat":[25,93,17],"product_tag":[],"class_list":{"0":"post-25977","1":"product","2":"type-product","3":"status-publish","4":"has-post-thumbnail","6":"product_cat-acessorios-do-interior","7":"product_cat-decoracao-interior-do-carro-acessorios","8":"product_cat-pecas-e-acessorios-automotivos","10":"first","11":"instock","12":"shipping-taxable","13":"purchasable","14":"product-type-variable","15":"has-default-attributes"},"jetpack_sharing_enabled":true,"_links":{"self":[{"href":"https:\/\/listman.shop\/autoparts-br\/wp-json\/wp\/v2\/product\/25977","targetHints":{"allow":["GET"]}}],"collection":[{"href":"https:\/\/listman.shop\/autoparts-br\/wp-json\/wp\/v2\/product"}],"about":[{"href":"https:\/\/listman.shop\/autoparts-br\/wp-json\/wp\/v2\/types\/product"}],"wp:featuredmedia":[{"embeddable":true,"href":"https:\/\/listman.shop\/autoparts-br\/wp-json\/wp\/v2\/media\/25971"}],"wp:attachment":[{"href":"https:\/\/listman.shop\/autoparts-br\/wp-json\/wp\/v2\/media?parent=25977"}],"wp:term":[{"taxonomy":"product_brand","embeddable":true,"href":"https:\/\/listman.shop\/autoparts-br\/wp-json\/wp\/v2\/product_brand?post=25977"},{"taxonomy":"product_cat","embeddable":true,"href":"https:\/\/listman.shop\/autoparts-br\/wp-json\/wp\/v2\/product_cat?post=25977"},{"taxonomy":"product_tag","embeddable":true,"href":"https:\/\/listman.shop\/autoparts-br\/wp-json\/wp\/v2\/product_tag?post=25977"}],"curies":[{"name":"wp","href":"https:\/\/api.w.org\/{rel}","templated":true}]}}