{"id":26000,"date":"2025-03-10T10:30:53","date_gmt":"2025-03-10T01:30:53","guid":{"rendered":"https:\/\/listman.shop\/autoparts-br\/product\/1005005531254020\/"},"modified":"2026-04-07T18:33:06","modified_gmt":"2026-04-07T09:33:06","slug":"1005005531254020","status":"publish","type":"product","link":"https:\/\/listman.shop\/autoparts-br\/product\/1005005531254020\/","title":{"rendered":"Carro transparente claro bud vaso de flores acess\u00f3rios de decora\u00e7\u00e3o interior automotiva para vw novo besouro 1998-2010 1c 08584616 TP TP"},"content":{"rendered":"<div class=\"detailmodule_html\">\n<div class=\"detail-desc-decorate-richtext\">\n<div class=\"detailmodule_html\">\n<div class=\"detail-desc-decorate-richtext\">\n<div>\n<div style=\"font-size:18px;font-weight:bold\">\ud83c\udf1fGuia de compras:<\/div>\n<p>\ud83d\udc46Explica\u00e7\u00e3o da imagem principal:<br \/>Nossa imagem principal cuidadosamente preparada visa mostrar as diversas pe\u00e7as dispon\u00edveis e seus locais, proporcionando uma imagem n\u00edtida dos tesouros que voc\u00ea pode escolher.Mas lembre-se, a combina\u00e7\u00e3o de pe\u00e7as mostradas n\u00e3o significa comprar nenhum produto inclui todas essas pe\u00e7as.Incentivamos voc\u00ea a selecionar cuidadosamente as pe\u00e7as e quantidades corretas com base em suas necessidades\ud83d\udd0d.<\/p>\n<p>\ud83d\udd27 Op\u00e7\u00f5es e detalhes dos acess\u00f3rios:<br \/>Para aqueles produtos que oferecem uma variedade de op\u00e7\u00f5es (como ilumina\u00e7\u00e3o e outros acess\u00f3rios), algumas op\u00e7\u00f5es podem n\u00e3o incluir todas as pe\u00e7as pequenas auxiliares que voc\u00ea espera (como l\u00e2mpadas ou fia\u00e7\u00e3o).Portanto, antes de fazer sua escolha, reserve algum tempo para ler as descri\u00e7\u00f5es detalhadas de cada op\u00e7\u00e3o, garantindo que o tesouro que voc\u00ea escolhe atenda perfeitamente \u00e0s suas necessidades\u2728.<\/p>\n<p>\ud83c\udfa8 Explica\u00e7\u00e3o de varia\u00e7\u00e3o de cores e\ud83d\udccf Explica\u00e7\u00e3o do tamanho:<br \/>N\u00f3s nos esfor\u00e7amos para garantir que as fotos dos nossos produtos sejam t\u00e3o realistas quanto poss\u00edvel, mas entenda que as cores podem variar ligeiramente devido \u00e0s configura\u00e7\u00f5es do monitor.Al\u00e9m disso, todos os tamanhos s\u00e3o medidos \u00e0 m\u00e3o, portanto pode haver uma pequena discrep\u00e2ncia de 1-3cm.Ao fazer seu pedido, considere essas pequenas diferen\u00e7as para garantir que o tesouro que voc\u00ea colocou seu cora\u00e7\u00e3o seja exatamente como desejar\ud83c\udf08.<\/p>\n<\/div>\n<div><img data-recalc-dims=\"1\" decoding=\"async\" src=\"https:\/\/i0.wp.com\/ae01.alicdn.com\/kf\/S73f6dfe3b0a74eaa941ccd12e120c63al.jpg?w=1200&#038;ssl=1\"><\/div>\n<div><img data-recalc-dims=\"1\" decoding=\"async\" src=\"https:\/\/i0.wp.com\/ae01.alicdn.com\/kf\/S50eb30382d944817809f01fc042b5c38h.jpg?w=1200&#038;ssl=1\"><\/div>\n<div><img data-recalc-dims=\"1\" decoding=\"async\" src=\"https:\/\/i0.wp.com\/ae01.alicdn.com\/kf\/S405562d2e3dd43ebad14f2f937373712t.jpg?w=1200&#038;ssl=1\"><\/div>\n<div><img data-recalc-dims=\"1\" decoding=\"async\" src=\"https:\/\/i0.wp.com\/ae01.alicdn.com\/kf\/Sc748a088149d49c1a250be8ed6b43ad48.jpg?w=1200&#038;ssl=1\"><\/div>\n<div><img data-recalc-dims=\"1\" decoding=\"async\" src=\"https:\/\/i0.wp.com\/ae01.alicdn.com\/kf\/S1f8c454af59e4ba2bafedc7446c94cadI.jpg?w=1200&#038;ssl=1\"><\/div>\n<div><img data-recalc-dims=\"1\" decoding=\"async\" src=\"https:\/\/i0.wp.com\/ae01.alicdn.com\/kf\/Sa4b58e6e42fe4ed2820ec4117de63f22E.jpg?w=1200&#038;ssl=1\"><\/div>\n<div><\/div>\n<div>\n<div style=\"font-size:18px;font-weight:bold\">\ud83c\udf08 Orienta\u00e7\u00e3o de compras aprimorada:<\/div>\n<p>Ao procurar as pe\u00e7as automotivas perfeitas, estamos aqui com algumas dicas para ajud\u00e1-lo a fazer op\u00e7\u00f5es mais s\u00e1bias\u2728:<\/p>\n<p>\ud83d\ude97 Verifique seu ve\u00edculo:<br \/>Antes de acertar &#8216;comprar&#8217;, verifique novamente o modelo do seu ve\u00edculo, ano de produ\u00e7\u00e3o, local de fabrica\u00e7\u00e3o e aqueles n\u00fameros importantes &#8211; o n\u00famero da pe\u00e7a e o n\u00famero de identifica\u00e7\u00e3o do ve\u00edculo (VIN).Esta \u00e9 a chave para garantir um ajuste perfeito para suas pe\u00e7as\ud83d\udd11.<\/p>\n<p>\ud83c\udf0d Varia\u00e7\u00f5es regionais:<br \/>Voc\u00ea sabia?Mesmo o mesmo modelo de carro pode ter diferen\u00e7as em diversas regi\u00f5es globais devido aos diferentes regulamentos e estrat\u00e9gias dos fabricantes.Para garantir um ajuste perfeito \u00e0s suas pe\u00e7as, talvez precisemos que voc\u00ea forne\u00e7a o n\u00famero da pe\u00e7a e o VIN.\u00c9 o nosso segredo garantir que tudo corra bem\ud83c\udf10.<\/p>\n<p>\ud83d\udcac Tem d\u00favidas?Venha at\u00e9 n\u00f3s!<br \/>Se voc\u00ea tiver alguma d\u00favida sobre um produto ou quiser mais informa\u00e7\u00f5es, nossa equipe de atendimento ao cliente \u00e9 todos os ouvidos.Adoramos essas coisas e estamos sempre prontos para ajud\u00e1-lo a fazer a melhor escolha\ud83d\udcde.<\/p>\n<p>\ud83c\udf31 Vamos reduzir as devolu\u00e7\u00f5es juntos:<br \/>As devolu\u00e7\u00f5es s\u00e3o um inc\u00f4modo para todos\ud83d\ude13, mas o seu impacto vai al\u00e9m de apenas inconvenientes.Eles n\u00e3o apenas aumentam nossos custos operacionais e sobrecarregam o meio ambiente, mas tamb\u00e9m atrasam o prazer das pe\u00e7as perfeitas.Portanto, encorajamos voc\u00ea a pensar com cuidado antes de fazer o pedido e aproveitar ao m\u00e1ximo todas as informa\u00e7\u00f5es e suporte que oferecemos.Fazer isso nos ajuda a todos a reduzir esse inc\u00f4modo e a diminuir o impacto no planeta, permitindo-nos desfrutar de uma melhor experi\u00eancia de compra e proteger nossa bela casa juntos\ud83c\udf0d.<\/p>\n<p>\u267b Nossa promessa de embalagem:<br \/>Cada vez que enviamos um pacote da China para voc\u00ea, embalamos com cuidado e considera\u00e7\u00e3o.Para o bem do meio ambiente, nossos materiais de embalagem podem ser novos ou materiais reciclados cuidadosamente selecionados.Este \u00e9 o nosso amor pelo planeta, garantindo que seu pedido chegue com seguran\u00e7a\ud83d\udce6.<\/p>\n<p>\ud83e\udd1d Obrigado pela sua compreens\u00e3o e apoio:<br \/>Cada escolha cuidadosa que voc\u00ea faz \u00e9 um passo para um planeta mais feliz e uma vida de dire\u00e7\u00e3o mais suave. Vamos trabalhar juntos para uma melhor experi\u00eancia de compra e um amanh\u00e3 mais brilhante \ud83c\udf1f .<\/p>\n<\/div>\n<\/div>\n<\/div>\n<p><\/p>\n<\/div>\n<\/div>\n","protected":false},"excerpt":{"rendered":"<p>\ud83c\udf1fGuia de compras: \ud83d\udc46Explica\u00e7\u00e3o da imagem principal:Nossa imagem principal cuidadosamente preparada visa mostrar as diversas pe\u00e7as dispon\u00edveis e seus locais, proporcionando uma imagem n\u00edtida dos tesouros que voc\u00ea pode escolher.Mas lembre-se, a combina\u00e7\u00e3o de pe\u00e7as mostradas n\u00e3o significa comprar nenhum produto inclui todas essas pe\u00e7as.Incentivamos voc\u00ea a selecionar cuidadosamente as pe\u00e7as e quantidades corretas com&hellip;&nbsp;<\/p>\n","protected":false},"featured_media":25994,"template":"","meta":{"neve_meta_sidebar":"","neve_meta_container":"","neve_meta_enable_content_width":"","neve_meta_content_width":0,"neve_meta_title_alignment":"","neve_meta_author_avatar":"","neve_post_elements_order":"","neve_meta_disable_header":"","neve_meta_disable_footer":"","neve_meta_disable_title":""},"product_brand":[],"product_cat":[25,17,96],"product_tag":[],"class_list":{"0":"post-26000","1":"product","2":"type-product","3":"status-publish","4":"has-post-thumbnail","6":"product_cat-acessorios-do-interior","7":"product_cat-pecas-e-acessorios-automotivos","8":"product_cat-suportes","10":"first","11":"instock","12":"shipping-taxable","13":"purchasable","14":"product-type-variable","15":"has-default-attributes"},"jetpack_sharing_enabled":true,"_links":{"self":[{"href":"https:\/\/listman.shop\/autoparts-br\/wp-json\/wp\/v2\/product\/26000","targetHints":{"allow":["GET"]}}],"collection":[{"href":"https:\/\/listman.shop\/autoparts-br\/wp-json\/wp\/v2\/product"}],"about":[{"href":"https:\/\/listman.shop\/autoparts-br\/wp-json\/wp\/v2\/types\/product"}],"wp:featuredmedia":[{"embeddable":true,"href":"https:\/\/listman.shop\/autoparts-br\/wp-json\/wp\/v2\/media\/25994"}],"wp:attachment":[{"href":"https:\/\/listman.shop\/autoparts-br\/wp-json\/wp\/v2\/media?parent=26000"}],"wp:term":[{"taxonomy":"product_brand","embeddable":true,"href":"https:\/\/listman.shop\/autoparts-br\/wp-json\/wp\/v2\/product_brand?post=26000"},{"taxonomy":"product_cat","embeddable":true,"href":"https:\/\/listman.shop\/autoparts-br\/wp-json\/wp\/v2\/product_cat?post=26000"},{"taxonomy":"product_tag","embeddable":true,"href":"https:\/\/listman.shop\/autoparts-br\/wp-json\/wp\/v2\/product_tag?post=26000"}],"curies":[{"name":"wp","href":"https:\/\/api.w.org\/{rel}","templated":true}]}}