{"id":26017,"date":"2025-03-10T10:31:22","date_gmt":"2025-03-10T01:31:22","guid":{"rendered":"https:\/\/listman.shop\/autoparts-br\/product\/1005005662599997\/"},"modified":"2026-04-11T02:02:11","modified_gmt":"2026-04-10T17:02:11","slug":"1005005662599997","status":"publish","type":"product","link":"https:\/\/listman.shop\/autoparts-br\/product\/1005005662599997\/","title":{"rendered":"Lhd fibra de carbono olhar interior abs guarni\u00e7\u00e3o centro painel de controle guarni\u00e7\u00e3o para bmw5 s\u00e9rie f10 f11 acess\u00f3rios 2010-2016"},"content":{"rendered":"<div class=\"detailmodule_html\">\n<div class=\"detail-desc-decorate-richtext\">\n<div class=\"detailmodule_text\">\n<p style=\"font-family:OpenSans;font-size:14px;font-weight:300;line-height:20px;white-space:pre-wrap;margin-bottom:12px\" class=\"detail-desc-decorate-content\">Pode haver algumas diferen&ccedil;as nos modelos de carros de diferentes pa&iacute;ses (como anos e configura&ccedil;&otilde;es diferentes). Verifique cuidadosamente se a pe&ccedil;a de instala&ccedil;&atilde;o &eacute; consistente com a imagem ao compr&aacute;-la.<\/p>\n<p>Tipo de material: ABS<\/p>\n<p>Tecnologia de superf&iacute;cie: processamento UV<\/p>\n<p>Quantidade: como mostra a imagem<\/p>\n<p>M&eacute;todo de instala&ccedil;&atilde;o: instala&ccedil;&atilde;o adesiva 3M<\/p>\n<p>Cor: como mostra a imagem<\/p>\n<p>1. adequado para bmw s&eacute;rie 5 f10 f11 2010 a 2016<br \/>LHD<\/p>\n<\/div>\n<div class=\"detailmodule_image\">\n <img data-recalc-dims=\"1\" decoding=\"async\" class=\"detail-desc-decorate-image\" src=\"https:\/\/i0.wp.com\/ae01.alicdn.com\/kf\/S23c617f810714cec8acdfa333a206864u.gif?w=1200&#038;ssl=1\" \/><br \/>\n <img data-recalc-dims=\"1\" decoding=\"async\" class=\"detail-desc-decorate-image\" src=\"https:\/\/i0.wp.com\/ae01.alicdn.com\/kf\/Sa357d1870b424c91916affb6dada9a5e1.gif?w=1200&#038;ssl=1\" \/><br \/>\n <img data-recalc-dims=\"1\" decoding=\"async\" class=\"detail-desc-decorate-image\" src=\"https:\/\/i0.wp.com\/ae01.alicdn.com\/kf\/Sebe0fba3eef144ffabf1fd7c78852d243.gif?w=1200&#038;ssl=1\" \/><br \/>\n <img data-recalc-dims=\"1\" decoding=\"async\" class=\"detail-desc-decorate-image\" src=\"https:\/\/i0.wp.com\/ae01.alicdn.com\/kf\/Sc147486a8f70469d91dc01fb6cc4653eK.gif?w=1200&#038;ssl=1\" \/><br \/>\n <img data-recalc-dims=\"1\" decoding=\"async\" class=\"detail-desc-decorate-image\" src=\"https:\/\/i0.wp.com\/ae01.alicdn.com\/kf\/S9058e2c0ac184aa4b7efb429b24769ab5.gif?w=1200&#038;ssl=1\" \/><br \/>\n <img data-recalc-dims=\"1\" decoding=\"async\" class=\"detail-desc-decorate-image\" src=\"https:\/\/i0.wp.com\/ae01.alicdn.com\/kf\/Saca1b35510c3441a8705ed8c4c4847b4d.gif?w=1200&#038;ssl=1\" \/>\n<\/div>\n<p><\/p>\n<\/div>\n<\/div>\n","protected":false},"excerpt":{"rendered":"<p>Pode haver algumas diferen&ccedil;as nos modelos de carros de diferentes pa&iacute;ses (como anos e configura&ccedil;&otilde;es diferentes). Verifique cuidadosamente se a pe&ccedil;a de instala&ccedil;&atilde;o &eacute; consistente com a imagem ao compr&aacute;-la. Tipo de material: ABS Tecnologia de superf&iacute;cie: processamento UV Quantidade: como mostra a imagem M&eacute;todo de instala&ccedil;&atilde;o: instala&ccedil;&atilde;o adesiva 3M Cor: como mostra a imagem&hellip;&nbsp;<\/p>\n","protected":false},"featured_media":26011,"template":"","meta":{"neve_meta_sidebar":"","neve_meta_container":"","neve_meta_enable_content_width":"","neve_meta_content_width":0,"neve_meta_title_alignment":"","neve_meta_author_avatar":"","neve_post_elements_order":"","neve_meta_disable_header":"","neve_meta_disable_footer":"","neve_meta_disable_title":""},"product_brand":[],"product_cat":[25,83,17],"product_tag":[],"class_list":{"0":"post-26017","1":"product","2":"type-product","3":"status-publish","4":"has-post-thumbnail","6":"product_cat-acessorios-do-interior","7":"product_cat-molduras-interiores","8":"product_cat-pecas-e-acessorios-automotivos","10":"first","11":"instock","12":"shipping-taxable","13":"purchasable","14":"product-type-variable","15":"has-default-attributes"},"jetpack_sharing_enabled":true,"_links":{"self":[{"href":"https:\/\/listman.shop\/autoparts-br\/wp-json\/wp\/v2\/product\/26017","targetHints":{"allow":["GET"]}}],"collection":[{"href":"https:\/\/listman.shop\/autoparts-br\/wp-json\/wp\/v2\/product"}],"about":[{"href":"https:\/\/listman.shop\/autoparts-br\/wp-json\/wp\/v2\/types\/product"}],"wp:featuredmedia":[{"embeddable":true,"href":"https:\/\/listman.shop\/autoparts-br\/wp-json\/wp\/v2\/media\/26011"}],"wp:attachment":[{"href":"https:\/\/listman.shop\/autoparts-br\/wp-json\/wp\/v2\/media?parent=26017"}],"wp:term":[{"taxonomy":"product_brand","embeddable":true,"href":"https:\/\/listman.shop\/autoparts-br\/wp-json\/wp\/v2\/product_brand?post=26017"},{"taxonomy":"product_cat","embeddable":true,"href":"https:\/\/listman.shop\/autoparts-br\/wp-json\/wp\/v2\/product_cat?post=26017"},{"taxonomy":"product_tag","embeddable":true,"href":"https:\/\/listman.shop\/autoparts-br\/wp-json\/wp\/v2\/product_tag?post=26017"}],"curies":[{"name":"wp","href":"https:\/\/api.w.org\/{rel}","templated":true}]}}