{"id":26032,"date":"2025-03-10T10:31:39","date_gmt":"2025-03-10T01:31:39","guid":{"rendered":"https:\/\/listman.shop\/autoparts-br\/product\/1005005682949276\/"},"modified":"2026-04-14T09:06:32","modified_gmt":"2026-04-14T00:06:32","slug":"1005005682949276","status":"publish","type":"product","link":"https:\/\/listman.shop\/autoparts-br\/product\/1005005682949276\/","title":{"rendered":"Capa protetora de assento de carro, respir\u00e1vel, couro pu, assento de motorista, almofada antiderrapante, tamanho universal, luxo, interior do carro, decora\u00e7\u00e3o"},"content":{"rendered":"<div class=\"detailmodule_html\">\n<div class=\"detail-desc-decorate-richtext\">\n<div class=\"detailmodule_dynamic\">\n<\/div>\n<div class=\"detailmodule_dynamic\"><\/div>\n<div class=\"detailmodule_dynamic\"><\/div>\n<p><span style=\"font-size:22px;background-color:#ffffff\" id=\"tl_1\">Descriptions:<\/span><\/p>\n<p><span style=\"font-size:22px;background-color:#ffffff\" id=\"tl_2\">1. Ergonomic design and fit to the seat;Protect the original car seat<\/span><\/p>\n<p><span style=\"font-size:22px;background-color:#ffffff\" id=\"tl_3\">2. High-quality and breathable leather seat cover, helpful in relieving fatigue and accelerating metabolism.<\/span><\/p>\n<p><span style=\"font-size:22px;background-color:#ffffff\" id=\"tl_4\">3.Natural and efficient for non-slip luxury car seat covers, pad bottom non-slip design, prevent falling off the car driver&#8217;s seat.<\/span><\/p>\n<p><span style=\"font-size:22px;background-color:#ffffff\" id=\"tl_5\">4.Compatible with 90% car seats(Please note that this is a Universal style)<\/span><\/p>\n<p><span style=\"font-size:22px;background-color:#ffffff\" id=\"tl_6\">Hope you can understand that the color may be different from the color on the pictures due to different ambient light illumination.<\/span><\/p>\n<p><img data-recalc-dims=\"1\" decoding=\"async\" style=\"width:750px\"  src=\"https:\/\/i0.wp.com\/ae01.alicdn.com\/kf\/S78472c1ee24243e1a77160a44dd8ff4bn.jpg?w=1200&#038;ssl=1\" data-src=\"https:\/\/ae01.alicdn.com\/kf\/S78472c1ee24243e1a77160a44dd8ff4bn.jpg\" \/><\/p>\n<p><img data-recalc-dims=\"1\" decoding=\"async\" style=\"width:750px\"  src=\"https:\/\/i0.wp.com\/ae01.alicdn.com\/kf\/S6ae0186c12624f9f8003252dd53dc03co.jpg?w=1200&#038;ssl=1\" data-src=\"https:\/\/ae01.alicdn.com\/kf\/S6ae0186c12624f9f8003252dd53dc03co.jpg\" \/><\/p>\n<p><img data-recalc-dims=\"1\" decoding=\"async\" style=\"width:750px\"  src=\"https:\/\/i0.wp.com\/ae01.alicdn.com\/kf\/S8dad36f0e7fd4f018d1414a2e706f9e4g.jpg?w=1200&#038;ssl=1\" data-src=\"https:\/\/ae01.alicdn.com\/kf\/S8dad36f0e7fd4f018d1414a2e706f9e4g.jpg\" \/><\/p>\n<p><img data-recalc-dims=\"1\" decoding=\"async\" style=\"width:750px\"  src=\"https:\/\/i0.wp.com\/ae01.alicdn.com\/kf\/S1b3dedff2ff441f79aa31b392e3153bbA.jpg?w=1200&#038;ssl=1\" data-src=\"https:\/\/ae01.alicdn.com\/kf\/S1b3dedff2ff441f79aa31b392e3153bbA.jpg\" \/><\/p>\n<p><img data-recalc-dims=\"1\" decoding=\"async\" style=\"width:750px\"  src=\"https:\/\/i0.wp.com\/ae01.alicdn.com\/kf\/S225a8284d5a44f18a2d4220e15b21e39M.jpg?w=1200&#038;ssl=1\" data-src=\"https:\/\/ae01.alicdn.com\/kf\/S225a8284d5a44f18a2d4220e15b21e39M.jpg\" \/><\/p>\n<p><img data-recalc-dims=\"1\" decoding=\"async\" style=\"width:750px\"  src=\"https:\/\/i0.wp.com\/ae01.alicdn.com\/kf\/Sfe2924baac3c44938db913b0f18a9ed2Z.jpg?w=1200&#038;ssl=1\" data-src=\"https:\/\/ae01.alicdn.com\/kf\/Sfe2924baac3c44938db913b0f18a9ed2Z.jpg\" \/><\/p>\n<p><img data-recalc-dims=\"1\" decoding=\"async\" style=\"width:750px\"  src=\"https:\/\/i0.wp.com\/ae01.alicdn.com\/kf\/S47e1304b76ce4a2ab8a2d6eceb48bc97r.jpg?w=1200&#038;ssl=1\" data-src=\"https:\/\/ae01.alicdn.com\/kf\/S47e1304b76ce4a2ab8a2d6eceb48bc97r.jpg\" \/><\/p>\n<p><img data-recalc-dims=\"1\" decoding=\"async\" style=\"width:750px\"  src=\"https:\/\/i0.wp.com\/ae01.alicdn.com\/kf\/Sbdfcbb0df52c487981c36db00e3d406dX.jpg?w=1200&#038;ssl=1\" data-src=\"https:\/\/ae01.alicdn.com\/kf\/Sbdfcbb0df52c487981c36db00e3d406dX.jpg\" \/><\/p>\n<p><img data-recalc-dims=\"1\" decoding=\"async\" style=\"width:750px\"  src=\"https:\/\/i0.wp.com\/ae01.alicdn.com\/kf\/Sad0500bfb7db49648588537dbd7976far.jpg?w=1200&#038;ssl=1\" data-src=\"https:\/\/ae01.alicdn.com\/kf\/Sad0500bfb7db49648588537dbd7976far.jpg\" \/><\/p>\n<p><img data-recalc-dims=\"1\" decoding=\"async\" style=\"width:750px\"  src=\"https:\/\/i0.wp.com\/ae01.alicdn.com\/kf\/Sa5388238887c4582922ed4d7a7bfaf61e.jpg?w=1200&#038;ssl=1\" data-src=\"https:\/\/ae01.alicdn.com\/kf\/Sa5388238887c4582922ed4d7a7bfaf61e.jpg\" \/><\/p>\n<p><img data-recalc-dims=\"1\" decoding=\"async\" style=\"width:750px\"  src=\"https:\/\/i0.wp.com\/ae01.alicdn.com\/kf\/S0c53e8df24be47f19753a10aa2083ba9g.jpg?w=1200&#038;ssl=1\" data-src=\"https:\/\/ae01.alicdn.com\/kf\/S0c53e8df24be47f19753a10aa2083ba9g.jpg\" \/><\/p>\n<p><img data-recalc-dims=\"1\" decoding=\"async\" style=\"width:750px\"  src=\"https:\/\/i0.wp.com\/ae01.alicdn.com\/kf\/Sdeadee8616bd4d7cba5e5d23d3314088s.jpg?w=1200&#038;ssl=1\" data-src=\"https:\/\/ae01.alicdn.com\/kf\/Sdeadee8616bd4d7cba5e5d23d3314088s.jpg\" \/><\/p>\n<p><img data-recalc-dims=\"1\" decoding=\"async\" style=\"width:750px\"  src=\"https:\/\/i0.wp.com\/ae01.alicdn.com\/kf\/S6ca00e8396b244269a2dc9c24e3c3da5k.jpg?w=1200&#038;ssl=1\" data-src=\"https:\/\/ae01.alicdn.com\/kf\/S6ca00e8396b244269a2dc9c24e3c3da5k.jpg\" \/><\/p>\n<p><img data-recalc-dims=\"1\" decoding=\"async\" style=\"width:750px\"  src=\"https:\/\/i0.wp.com\/ae01.alicdn.com\/kf\/S1ffbe4345f734208bcfadb3077572896t.jpg?w=1200&#038;ssl=1\" data-src=\"https:\/\/ae01.alicdn.com\/kf\/S1ffbe4345f734208bcfadb3077572896t.jpg\" \/><\/p>\n<p><img data-recalc-dims=\"1\" decoding=\"async\" style=\"width:750px\"  src=\"https:\/\/i0.wp.com\/ae01.alicdn.com\/kf\/S1a87bac15a8a4304a5f72ec79bae1d0fv.jpg?w=1200&#038;ssl=1\" data-src=\"https:\/\/ae01.alicdn.com\/kf\/S1a87bac15a8a4304a5f72ec79bae1d0fv.jpg\" \/><\/p>\n<p><img data-recalc-dims=\"1\" decoding=\"async\" style=\"width:750px\"  src=\"https:\/\/i0.wp.com\/ae01.alicdn.com\/kf\/Sec3fb23835d340ab992be960a1f87710m.jpg?w=1200&#038;ssl=1\" data-src=\"https:\/\/ae01.alicdn.com\/kf\/Sec3fb23835d340ab992be960a1f87710m.jpg\" \/><\/p>\n<p><img data-recalc-dims=\"1\" decoding=\"async\" style=\"width:750px\"  src=\"https:\/\/i0.wp.com\/ae01.alicdn.com\/kf\/Sa55d414ce42a4707899a824161848c68W.jpg?w=1200&#038;ssl=1\" data-src=\"https:\/\/ae01.alicdn.com\/kf\/Sa55d414ce42a4707899a824161848c68W.jpg\" \/><\/p>\n<p><img data-recalc-dims=\"1\" decoding=\"async\" style=\"width:750px\"  src=\"https:\/\/i0.wp.com\/ae01.alicdn.com\/kf\/Sece1815f75aa4a2d925cdaeafc379ea5i.jpg?w=1200&#038;ssl=1\" data-src=\"https:\/\/ae01.alicdn.com\/kf\/Sece1815f75aa4a2d925cdaeafc379ea5i.jpg\" \/><\/p>\n<p><img data-recalc-dims=\"1\" decoding=\"async\" style=\"width:750px\"  src=\"https:\/\/i0.wp.com\/ae01.alicdn.com\/kf\/Sf55c6349a66d48d4acab8cbb972a18e9F.jpg?w=1200&#038;ssl=1\" data-src=\"https:\/\/ae01.alicdn.com\/kf\/Sf55c6349a66d48d4acab8cbb972a18e9F.jpg\" \/><\/p>\n<p><img data-recalc-dims=\"1\" decoding=\"async\" style=\"width:750px\"  src=\"https:\/\/i0.wp.com\/ae01.alicdn.com\/kf\/S5ce6f7a2cc4f48f587f34c1f8c1fe8b74.jpg?w=1200&#038;ssl=1\" data-src=\"https:\/\/ae01.alicdn.com\/kf\/S5ce6f7a2cc4f48f587f34c1f8c1fe8b74.jpg\" \/><\/p>\n<p><img data-recalc-dims=\"1\" decoding=\"async\" style=\"width:750px\"  src=\"https:\/\/i0.wp.com\/ae01.alicdn.com\/kf\/S63ef1a8643074bf2a0f028885e48a1c56.jpg?w=1200&#038;ssl=1\" data-src=\"https:\/\/ae01.alicdn.com\/kf\/S63ef1a8643074bf2a0f028885e48a1c56.jpg\" \/><\/p>\n<p><img data-recalc-dims=\"1\" decoding=\"async\" style=\"width:750px\"  src=\"https:\/\/i0.wp.com\/ae01.alicdn.com\/kf\/S0484b4f0f9bb4b47a393deb9d26b4722l.jpg?w=1200&#038;ssl=1\" data-src=\"https:\/\/ae01.alicdn.com\/kf\/S0484b4f0f9bb4b47a393deb9d26b4722l.jpg\" \/><\/p>\n<p><img data-recalc-dims=\"1\" decoding=\"async\" style=\"width:750px\"  src=\"https:\/\/i0.wp.com\/ae01.alicdn.com\/kf\/Se4c2eca9093144d29ff8f9d09efab191E.jpg?w=1200&#038;ssl=1\" data-src=\"https:\/\/ae01.alicdn.com\/kf\/Se4c2eca9093144d29ff8f9d09efab191E.jpg\" \/><\/p>\n<p><img data-recalc-dims=\"1\" decoding=\"async\" style=\"width:750px\"  src=\"https:\/\/i0.wp.com\/ae01.alicdn.com\/kf\/S097edf2ece954f2b92acae23a1db0d9bG.jpg?w=1200&#038;ssl=1\" data-src=\"https:\/\/ae01.alicdn.com\/kf\/S097edf2ece954f2b92acae23a1db0d9bG.jpg\" \/><\/p>\n<p><img data-recalc-dims=\"1\" decoding=\"async\" style=\"width:750px\"  src=\"https:\/\/i0.wp.com\/ae01.alicdn.com\/kf\/S362d0475ef7846f0a49aec727f2b9936G.jpg?w=1200&#038;ssl=1\" data-src=\"https:\/\/ae01.alicdn.com\/kf\/S362d0475ef7846f0a49aec727f2b9936G.jpg\" \/><\/p>\n<p><img data-recalc-dims=\"1\" decoding=\"async\" style=\"width:750px\"  src=\"https:\/\/i0.wp.com\/ae01.alicdn.com\/kf\/S382471b65da14f20a7bc23863376132c4.jpg?w=1200&#038;ssl=1\" data-src=\"https:\/\/ae01.alicdn.com\/kf\/S382471b65da14f20a7bc23863376132c4.jpg\" \/><\/p>\n<p><img data-recalc-dims=\"1\" decoding=\"async\" style=\"width:750px\"  src=\"https:\/\/i0.wp.com\/ae01.alicdn.com\/kf\/S16516b98a1e14422a3e39f79c2ff2ad0A.jpg?w=1200&#038;ssl=1\" data-src=\"https:\/\/ae01.alicdn.com\/kf\/S16516b98a1e14422a3e39f79c2ff2ad0A.jpg\" \/><\/p>\n<p><img data-recalc-dims=\"1\" decoding=\"async\" style=\"width:750px\"  src=\"https:\/\/i0.wp.com\/ae01.alicdn.com\/kf\/S763b827f57fc432e8613c8bf5c68a75eR.jpg?w=1200&#038;ssl=1\" data-src=\"https:\/\/ae01.alicdn.com\/kf\/S763b827f57fc432e8613c8bf5c68a75eR.jpg\" \/><\/p>\n<p><img data-recalc-dims=\"1\" decoding=\"async\" style=\"width:750px\"  src=\"https:\/\/i0.wp.com\/ae01.alicdn.com\/kf\/Sd5ebeacea4554f3c9ddd00a253090344s.jpg?w=1200&#038;ssl=1\" data-src=\"https:\/\/ae01.alicdn.com\/kf\/Sd5ebeacea4554f3c9ddd00a253090344s.jpg\" \/><\/p>\n<p><img data-recalc-dims=\"1\" decoding=\"async\" style=\"width:750px\"  src=\"https:\/\/i0.wp.com\/ae01.alicdn.com\/kf\/S8cc405d96dd74262a19465136f0e285eg.jpg?w=1200&#038;ssl=1\" data-src=\"https:\/\/ae01.alicdn.com\/kf\/S8cc405d96dd74262a19465136f0e285eg.jpg\" \/><\/p>\n<p><img data-recalc-dims=\"1\" decoding=\"async\" style=\"width:750px\"  src=\"https:\/\/i0.wp.com\/ae01.alicdn.com\/kf\/S94fecde18b3a472dac0748b629d54f6eD.jpg?w=1200&#038;ssl=1\" data-src=\"https:\/\/ae01.alicdn.com\/kf\/S94fecde18b3a472dac0748b629d54f6eD.jpg\" \/><\/p>\n<p><img data-recalc-dims=\"1\" decoding=\"async\" style=\"width:750px\"  src=\"https:\/\/i0.wp.com\/ae01.alicdn.com\/kf\/S5a5412c971824bafbb9293ff0a8ed1b8G.jpg?w=1200&#038;ssl=1\" data-src=\"https:\/\/ae01.alicdn.com\/kf\/S5a5412c971824bafbb9293ff0a8ed1b8G.jpg\" \/><\/p>\n<p><img data-recalc-dims=\"1\" decoding=\"async\" style=\"width:750px\"  src=\"https:\/\/i0.wp.com\/ae01.alicdn.com\/kf\/S4ca7a502491046c8bf745c15701a06eaX.jpg?w=1200&#038;ssl=1\" data-src=\"https:\/\/ae01.alicdn.com\/kf\/S4ca7a502491046c8bf745c15701a06eaX.jpg\" \/><\/p>\n<p><img data-recalc-dims=\"1\" decoding=\"async\" style=\"width:750px\"  src=\"https:\/\/i0.wp.com\/ae01.alicdn.com\/kf\/S2017d5d7e5264b04b1efa40454722ec6o.jpg?w=1200&#038;ssl=1\" data-src=\"https:\/\/ae01.alicdn.com\/kf\/S2017d5d7e5264b04b1efa40454722ec6o.jpg\" \/><\/p>\n<p><img data-recalc-dims=\"1\" decoding=\"async\" style=\"width:750px\"  src=\"https:\/\/i0.wp.com\/ae01.alicdn.com\/kf\/S33fd4f82762b4e77b3578d13b36a655eU.jpg?w=1200&#038;ssl=1\" data-src=\"https:\/\/ae01.alicdn.com\/kf\/S33fd4f82762b4e77b3578d13b36a655eU.jpg\" \/><\/p>\n<p><img data-recalc-dims=\"1\" decoding=\"async\" style=\"width:750px\"  src=\"https:\/\/i0.wp.com\/ae01.alicdn.com\/kf\/S5cd8fefc1b9b4be9af68cdaacab00b9ck.jpg?w=1200&#038;ssl=1\" data-src=\"https:\/\/ae01.alicdn.com\/kf\/S5cd8fefc1b9b4be9af68cdaacab00b9ck.jpg\" \/><\/p>\n<p><img data-recalc-dims=\"1\" decoding=\"async\" style=\"width:750px\"  src=\"https:\/\/i0.wp.com\/ae01.alicdn.com\/kf\/Sfe38b0ed189349f1a3aa01c71b206319l.jpg?w=1200&#038;ssl=1\" data-src=\"https:\/\/ae01.alicdn.com\/kf\/Sfe38b0ed189349f1a3aa01c71b206319l.jpg\" \/><\/p>\n<p><img data-recalc-dims=\"1\" decoding=\"async\" style=\"width:750px\"  src=\"https:\/\/i0.wp.com\/ae01.alicdn.com\/kf\/Sc8314899dbe44d82bd6a31d670f768313.jpg?w=1200&#038;ssl=1\" data-src=\"https:\/\/ae01.alicdn.com\/kf\/Sc8314899dbe44d82bd6a31d670f768313.jpg\" \/><\/p>\n<p><img data-recalc-dims=\"1\" decoding=\"async\" style=\"width:750px\"  src=\"https:\/\/i0.wp.com\/ae01.alicdn.com\/kf\/Sfcf4c98cd70141d580626d16314ef1ecl.jpg?w=1200&#038;ssl=1\" data-src=\"https:\/\/ae01.alicdn.com\/kf\/Sfcf4c98cd70141d580626d16314ef1ecl.jpg\" \/><\/p>\n<p><img data-recalc-dims=\"1\" decoding=\"async\" style=\"width:750px\"  src=\"https:\/\/i0.wp.com\/ae01.alicdn.com\/kf\/S18d81c4a3795406bb36c843b37a6f0d3M.jpg?w=1200&#038;ssl=1\" data-src=\"https:\/\/ae01.alicdn.com\/kf\/S18d81c4a3795406bb36c843b37a6f0d3M.jpg\" \/><\/p>\n<p> <\/div>\n<\/div>\n","protected":false},"excerpt":{"rendered":"<p>Descriptions: 1. Ergonomic design and fit to the seat;Protect the original car seat 2. High-quality and breathable leather seat cover, helpful in relieving fatigue and accelerating metabolism. 3.Natural and efficient for non-slip luxury car seat covers, pad bottom non-slip design, prevent falling off the car driver&#8217;s seat. 4.Compatible with 90% car seats(Please note that this&hellip;&nbsp;<\/p>\n","protected":false},"featured_media":26026,"template":"","meta":{"neve_meta_sidebar":"","neve_meta_container":"","neve_meta_enable_content_width":"","neve_meta_content_width":0,"neve_meta_title_alignment":"","neve_meta_author_avatar":"","neve_post_elements_order":"","neve_meta_disable_header":"","neve_meta_disable_footer":"","neve_meta_disable_title":""},"product_brand":[],"product_cat":[125,25,17],"product_tag":[],"class_list":{"0":"post-26032","1":"product","2":"type-product","3":"status-publish","4":"has-post-thumbnail","6":"product_cat-acessorios-assento","7":"product_cat-acessorios-do-interior","8":"product_cat-pecas-e-acessorios-automotivos","10":"first","11":"instock","12":"shipping-taxable","13":"purchasable","14":"product-type-variable","15":"has-default-attributes"},"jetpack_sharing_enabled":true,"_links":{"self":[{"href":"https:\/\/listman.shop\/autoparts-br\/wp-json\/wp\/v2\/product\/26032","targetHints":{"allow":["GET"]}}],"collection":[{"href":"https:\/\/listman.shop\/autoparts-br\/wp-json\/wp\/v2\/product"}],"about":[{"href":"https:\/\/listman.shop\/autoparts-br\/wp-json\/wp\/v2\/types\/product"}],"wp:featuredmedia":[{"embeddable":true,"href":"https:\/\/listman.shop\/autoparts-br\/wp-json\/wp\/v2\/media\/26026"}],"wp:attachment":[{"href":"https:\/\/listman.shop\/autoparts-br\/wp-json\/wp\/v2\/media?parent=26032"}],"wp:term":[{"taxonomy":"product_brand","embeddable":true,"href":"https:\/\/listman.shop\/autoparts-br\/wp-json\/wp\/v2\/product_brand?post=26032"},{"taxonomy":"product_cat","embeddable":true,"href":"https:\/\/listman.shop\/autoparts-br\/wp-json\/wp\/v2\/product_cat?post=26032"},{"taxonomy":"product_tag","embeddable":true,"href":"https:\/\/listman.shop\/autoparts-br\/wp-json\/wp\/v2\/product_tag?post=26032"}],"curies":[{"name":"wp","href":"https:\/\/api.w.org\/{rel}","templated":true}]}}