{"id":26092,"date":"2025-03-10T10:33:09","date_gmt":"2025-03-10T01:33:09","guid":{"rendered":"https:\/\/listman.shop\/autoparts-br\/product\/1005005763932620\/"},"modified":"2026-04-14T10:28:06","modified_gmt":"2026-04-14T01:28:06","slug":"1005005763932620","status":"publish","type":"product","link":"https:\/\/listman.shop\/autoparts-br\/product\/1005005763932620\/","title":{"rendered":"Imperme\u00e1vel corpo preto brilhante Side Trim, protetor de porta universal, modifica\u00e7\u00e3o autom\u00e1tica, 4pcs"},"content":{"rendered":"<div class=\"detailmodule_text\">\n<p class=\"detail-desc-decorate-content\" style=\"font-family: 'OpenSans';color:'#000';white-space: pre-wrap;font-weight: 300;font-size: 14px;line-height: 20px;color: #000;margin-bottom: 12px\">\n<div class=\"detailmodule_html\">\n<div class=\"detail-desc-decorate-richtext\">\n<div class=\"detailmodule_text\">\n<p style=\"font-family:OpenSans;font-size:14px;font-weight:300;line-height:20px;white-space:pre-wrap;margin-bottom:12px\" class=\"detail-desc-decorate-content\" id=\"tl_1\">Feature:<br \/>1\u3001Has waterproof performance. Not afraid of wind and rain, bright black, never fade. <br \/>2\u3001Provide eye\u2011catching show off and personalize your car, showing your personality. <br \/>3\u3001Easy to mount, you just need to stick it on your car, no damage to your car. <br \/>4\u3001Sophisticated craftsmanship, this trim is perfect fitting your vehicle, in line with overall style. <br \/>5\u3001Its stickiness is very good, can be simply and firmly pasted, really practically.<\/p>\n<p>Specifications:<br \/>Item Type: Body Side Trim<br \/>Material: ABS<br \/>Size: Approx. 96 x 3.6cm\/37.8 x 1.42in (Length x Width)<br \/>Short One Size: Approx. 60 x 3.6cm\/23.63 x 1.42in (Length x Width)<br \/>Color: Bright Black<br \/>Fitment: For universal (please confirm whether the size is consistent before purchasing)<\/p>\n<p>Package List:<br \/>4 x Body Side Trim<\/p>\n<p>Note:<br \/>Please allow for errors due to manual measurement<\/p>\n<\/p><\/div>\n<div class=\"detailmodule_image\">\n   <img data-recalc-dims=\"1\" decoding=\"async\" class=\"detail-desc-decorate-image\" src=\"https:\/\/i0.wp.com\/ae03.alicdn.com\/kf\/S973ae590d5e44ee38090e3cb841b6904Q.jpg?w=1200&#038;ssl=1\" \/>\n  <\/div>\n<div class=\"detailmodule_image\">\n   <img data-recalc-dims=\"1\" decoding=\"async\" class=\"detail-desc-decorate-image\" src=\"https:\/\/i0.wp.com\/ae03.alicdn.com\/kf\/S13ef816e8507420da4f897718f407db6J.jpg?w=1200&#038;ssl=1\" \/>\n  <\/div>\n<div class=\"detailmodule_image\">\n   <img data-recalc-dims=\"1\" decoding=\"async\" class=\"detail-desc-decorate-image\" src=\"https:\/\/i0.wp.com\/ae03.alicdn.com\/kf\/S68bb1641f3d84adcaedf4ee2d299ec2dJ.jpg?w=1200&#038;ssl=1\" \/>\n  <\/div>\n<div class=\"detailmodule_image\">\n   <img data-recalc-dims=\"1\" decoding=\"async\" class=\"detail-desc-decorate-image\" src=\"https:\/\/i0.wp.com\/ae03.alicdn.com\/kf\/S17e1d49ad03742d7924e7136eb46fd352.jpg?w=1200&#038;ssl=1\" \/>\n  <\/div>\n<div class=\"detailmodule_image\">\n   <img data-recalc-dims=\"1\" decoding=\"async\" class=\"detail-desc-decorate-image\" src=\"https:\/\/i0.wp.com\/ae03.alicdn.com\/kf\/S29f1116899ff4e2eaeb7010834e44b74P.jpg?w=1200&#038;ssl=1\" \/>\n  <\/div>\n<div class=\"detailmodule_image\">\n   <img data-recalc-dims=\"1\" decoding=\"async\" class=\"detail-desc-decorate-image\" src=\"https:\/\/i0.wp.com\/ae03.alicdn.com\/kf\/Sbb2de5a67ea24a289c8e86e37ceb96e5Q.jpg?w=1200&#038;ssl=1\" \/>\n  <\/div>\n<div class=\"detailmodule_image\">\n   <img data-recalc-dims=\"1\" decoding=\"async\" class=\"detail-desc-decorate-image\" src=\"https:\/\/i0.wp.com\/ae03.alicdn.com\/kf\/S3e88ff68e7664d11aba61e749de16370Z.jpg?w=1200&#038;ssl=1\" \/>\n  <\/div>\n<div class=\"detailmodule_image\">\n   <img data-recalc-dims=\"1\" decoding=\"async\" class=\"detail-desc-decorate-image\" src=\"https:\/\/i0.wp.com\/ae03.alicdn.com\/kf\/S771b9a05a4b141d4b3aa5f4ae730d65aM.jpg?w=1200&#038;ssl=1\" \/>\n  <\/div>\n<div class=\"detailmodule_image\">\n   <img data-recalc-dims=\"1\" decoding=\"async\" class=\"detail-desc-decorate-image\" src=\"https:\/\/i0.wp.com\/ae03.alicdn.com\/kf\/S943658efcdd5440bb0442762f24704d2U.jpg?w=1200&#038;ssl=1\" \/>\n  <\/div>\n<div class=\"detailmodule_image\">\n   <img data-recalc-dims=\"1\" decoding=\"async\" class=\"detail-desc-decorate-image\" src=\"https:\/\/i0.wp.com\/ae03.alicdn.com\/kf\/Sf7b1756e1c2b4f268c3d622b9b4e4518s.jpg?w=1200&#038;ssl=1\" \/>\n  <\/div>\n<div>\n   \n  <\/div>\n<\/p><\/div>\n<\/div>\n<p><\/p>\n<\/div>\n<div class=\"detailmodule_html\">\n<div class=\"detail-desc-decorate-richtext\">\n<p><\/p>\n<p>\n                .wang-edit-text{<br \/>\n                    font-family:&#8217;Arial&#8217; !important;<br \/>\n                }<br \/>\n                .wang-edit-text table {<br \/>\n                    border-top: 1px solid #000;<br \/>\n                    border-left: 1px solid #000;<br \/>\n                }<br \/>\n                .wang-edit-text table td,<br \/>\n                .wang-edit-text table th {<br \/>\n                    border-bottom: 1px solid #000;<br \/>\n                    border-right: 1px solid #000;<br \/>\n                    padding: 3px 5px;<br \/>\n                }<br \/>\n                .wang-edit-text table th {<br \/>\n                    text-align: center;<br \/>\n            }<\/p>\n<p><\/p>\n<\/div>\n<\/div>\n<div class=\"detailmodule_image\"><img data-recalc-dims=\"1\" decoding=\"async\" src=\"https:\/\/i0.wp.com\/ae03.alicdn.com\/kf\/S973ae590d5e44ee38090e3cb841b6904Q.jpg?w=1200&#038;ssl=1\" class=\"detail-desc-decorate-image\"><\/div>\n<div class=\"detailmodule_image\"><img data-recalc-dims=\"1\" decoding=\"async\" src=\"https:\/\/i0.wp.com\/ae03.alicdn.com\/kf\/S13ef816e8507420da4f897718f407db6J.jpg?w=1200&#038;ssl=1\" class=\"detail-desc-decorate-image\"><\/div>\n<div class=\"detailmodule_image\"><img data-recalc-dims=\"1\" decoding=\"async\" src=\"https:\/\/i0.wp.com\/ae03.alicdn.com\/kf\/S68bb1641f3d84adcaedf4ee2d299ec2dJ.jpg?w=1200&#038;ssl=1\" class=\"detail-desc-decorate-image\"><\/div>\n<div class=\"detailmodule_image\"><img data-recalc-dims=\"1\" decoding=\"async\" src=\"https:\/\/i0.wp.com\/ae03.alicdn.com\/kf\/S17e1d49ad03742d7924e7136eb46fd352.jpg?w=1200&#038;ssl=1\" class=\"detail-desc-decorate-image\"><\/div>\n<div class=\"detailmodule_image\"><img data-recalc-dims=\"1\" decoding=\"async\" src=\"https:\/\/i0.wp.com\/ae03.alicdn.com\/kf\/S29f1116899ff4e2eaeb7010834e44b74P.jpg?w=1200&#038;ssl=1\" class=\"detail-desc-decorate-image\"><\/div>\n<div class=\"detailmodule_image\"><img data-recalc-dims=\"1\" decoding=\"async\" src=\"https:\/\/i0.wp.com\/ae03.alicdn.com\/kf\/Sbb2de5a67ea24a289c8e86e37ceb96e5Q.jpg?w=1200&#038;ssl=1\" class=\"detail-desc-decorate-image\"><\/div>\n<div class=\"detailmodule_image\"><img data-recalc-dims=\"1\" decoding=\"async\" src=\"https:\/\/i0.wp.com\/ae03.alicdn.com\/kf\/S3e88ff68e7664d11aba61e749de16370Z.jpg?w=1200&#038;ssl=1\" class=\"detail-desc-decorate-image\"><\/div>\n<div class=\"detailmodule_image\"><img data-recalc-dims=\"1\" decoding=\"async\" src=\"https:\/\/i0.wp.com\/ae03.alicdn.com\/kf\/S771b9a05a4b141d4b3aa5f4ae730d65aM.jpg?w=1200&#038;ssl=1\" class=\"detail-desc-decorate-image\"><\/div>\n<div class=\"detailmodule_image\"><img data-recalc-dims=\"1\" decoding=\"async\" src=\"https:\/\/i0.wp.com\/ae03.alicdn.com\/kf\/S943658efcdd5440bb0442762f24704d2U.jpg?w=1200&#038;ssl=1\" class=\"detail-desc-decorate-image\"><\/div>\n<div class=\"detailmodule_image\"><img data-recalc-dims=\"1\" decoding=\"async\" src=\"https:\/\/i0.wp.com\/ae03.alicdn.com\/kf\/Sf7b1756e1c2b4f268c3d622b9b4e4518s.jpg?w=1200&#038;ssl=1\" class=\"detail-desc-decorate-image\"><\/div>\n","protected":false},"excerpt":{"rendered":"<p>Feature:1\u3001Has waterproof performance. Not afraid of wind and rain, bright black, never fade. 2\u3001Provide eye\u2011catching show off and personalize your car, showing your personality. 3\u3001Easy to mount, you just need to stick it on your car, no damage to your car. 4\u3001Sophisticated craftsmanship, this trim is perfect fitting your vehicle, in line with overall style.&hellip;&nbsp;<\/p>\n","protected":false},"featured_media":26086,"template":"","meta":{"neve_meta_sidebar":"","neve_meta_container":"","neve_meta_enable_content_width":"","neve_meta_content_width":0,"neve_meta_title_alignment":"","neve_meta_author_avatar":"","neve_post_elements_order":"","neve_meta_disable_header":"","neve_meta_disable_footer":"","neve_meta_disable_title":""},"product_brand":[],"product_cat":[25,93,17],"product_tag":[],"class_list":{"0":"post-26092","1":"product","2":"type-product","3":"status-publish","4":"has-post-thumbnail","6":"product_cat-acessorios-do-interior","7":"product_cat-decoracao-interior-do-carro-acessorios","8":"product_cat-pecas-e-acessorios-automotivos","10":"first","11":"instock","12":"shipping-taxable","13":"purchasable","14":"product-type-variable","15":"has-default-attributes"},"jetpack_sharing_enabled":true,"_links":{"self":[{"href":"https:\/\/listman.shop\/autoparts-br\/wp-json\/wp\/v2\/product\/26092","targetHints":{"allow":["GET"]}}],"collection":[{"href":"https:\/\/listman.shop\/autoparts-br\/wp-json\/wp\/v2\/product"}],"about":[{"href":"https:\/\/listman.shop\/autoparts-br\/wp-json\/wp\/v2\/types\/product"}],"wp:featuredmedia":[{"embeddable":true,"href":"https:\/\/listman.shop\/autoparts-br\/wp-json\/wp\/v2\/media\/26086"}],"wp:attachment":[{"href":"https:\/\/listman.shop\/autoparts-br\/wp-json\/wp\/v2\/media?parent=26092"}],"wp:term":[{"taxonomy":"product_brand","embeddable":true,"href":"https:\/\/listman.shop\/autoparts-br\/wp-json\/wp\/v2\/product_brand?post=26092"},{"taxonomy":"product_cat","embeddable":true,"href":"https:\/\/listman.shop\/autoparts-br\/wp-json\/wp\/v2\/product_cat?post=26092"},{"taxonomy":"product_tag","embeddable":true,"href":"https:\/\/listman.shop\/autoparts-br\/wp-json\/wp\/v2\/product_tag?post=26092"}],"curies":[{"name":"wp","href":"https:\/\/api.w.org\/{rel}","templated":true}]}}