{"id":26205,"date":"2025-03-10T10:40:26","date_gmt":"2025-03-10T01:40:26","guid":{"rendered":"https:\/\/listman.shop\/autoparts-br\/product\/1005005996974332\/"},"modified":"2026-04-07T18:23:06","modified_gmt":"2026-04-07T09:23:06","slug":"1005005996974332","status":"publish","type":"product","link":"https:\/\/listman.shop\/autoparts-br\/product\/1005005996974332\/","title":{"rendered":"SEAMETAL Forro de carga para porta-malas para animais de estima\u00e7\u00e3o, 5 camadas, pano oxford grosso, tapete \u00e0 prova d&#8217;\u00e1gua, antiderrapante, resistente ao desgaste, almofada para cachorro"},"content":{"rendered":"<div class=\"detailmodule_html\">\n<div class=\"detail-desc-decorate-richtext\">\n<p><span style=\"font-size:14px\">SeameTAL forro de carga do tronco para animais de estima\u00e7\u00e3o 5 camadas engrossar pano oxford tronco tapete imperme\u00e1vel antiderrapante almofada resistente ao desgaste para c\u00e3o<\/span><\/p>\n<p><\/p>\n<p><span style=\"font-size:14px\">Especifica\u00e7\u00e3o:<\/span><\/p>\n<p><\/p>\n<p><span style=\"font-size:14px\"><br \/>\n<\/span><\/p>\n<p><span style=\"font-size:14px\"><br \/>\n<\/span><\/p>\n<p><span style=\"font-size:14px\">Nome do produto: forro de carga do carro<\/span><\/p>\n<p><span style=\"font-size:14px\"><br \/>\n<\/span><\/p>\n<p><span style=\"font-size:14px\">Cor: Preto<\/span><\/p>\n<p><span style=\"font-size:14px\"><br \/>\n<\/span><\/p>\n<p><span style=\"font-size:14px\">Material: tecido oxford espesso de 5 camadas<\/span><\/p>\n<p><span style=\"font-size:14px\"><br \/>\n<\/span><\/p>\n<p><span style=\"font-size:14px\">Fun\u00e7\u00f5es: Imperme\u00e1vel, resistente ao desgaste<\/span><\/p>\n<p><span style=\"font-size:14px\"><br \/>\n<\/span><\/p>\n<p><span style=\"font-size:14px\">Modelos de carros: Para SUV, minivan, sedan, etc.<\/span><\/p>\n<p><span style=\"font-size:14px\"><br \/>\n<\/span><\/p>\n<p><span style=\"font-size:14px\">Uso: Para animais de estima\u00e7\u00e3o<\/span><\/p>\n<p><\/p>\n<p><span style=\"font-size:14px\"><br \/>\n<\/span><\/p>\n<p><span style=\"font-size:14px\"><br \/>\n<\/span><\/p>\n<p><span style=\"font-size:14px\">Caracter\u00edsticas:<\/span><\/p>\n<p><span style=\"font-size:14px\"><br \/>\n<\/span><\/p>\n<p><span style=\"font-size:14px\">1.Ampla aplica\u00e7\u00e3o &#8211; Nosso forro de porta-malas de carro para c\u00e3es se preocupa em proteger seu animal de estima\u00e7\u00e3o e mant\u00ea-lo limpo e arrumado.Dispon\u00edvel para muitos tipos de ve\u00edculos, como SUV de tamanho normal\/m\u00e9dio\/compacto, minivan, crossover compacto, carro, sed\u00e3 etc. Me\u00e7a a \u00e1rea de carga do seu carro antes da compra para obter a melhor combina\u00e7\u00e3o.<\/span><\/p>\n<p><span style=\"font-size:14px\"><br \/>\n<\/span><\/p>\n<p><span style=\"font-size:14px\"><br \/>\n<\/span><\/p>\n<p><span style=\"font-size:14px\">2.Janela de malha dur\u00e1vel &#8211; diferente de outras capas protetoras de porta-malas totalmente blindadas, o forro de carga do carro \u00e9 equipado com janela de malha para reduzir o volume e o calor abafado, criar uma melhor circula\u00e7\u00e3o de ar no ver\u00e3o e no inverno, fazendo com que seu animal de estima\u00e7\u00e3o se sinta fresco e aquecido no carro.O mais importante \u00e9 que voc\u00ea e seu c\u00e3o possam ver claramente atrav\u00e9s dele, reduzindo a ansiedade do c\u00e3o ao dirigir.<\/span><\/p>\n<p><span style=\"font-size:14px\"><br \/>\n<\/span><\/p>\n<p><span style=\"font-size:14px\"><br \/>\n<\/span><\/p>\n<p><span style=\"font-size:14px\">3.Forte \u00e0 prova d&#8217;\u00e1gua &#8211; Feito de revestimento Oxford 600D e material TPU dur\u00e1vel e resistente \u00e0 \u00e1gua, o tapete da capa do assento para c\u00e3es evita que seu carro fique sujo e longe da eros\u00e3o de vazamento de l\u00edquido, cheiro, solo, p\u00ealos de animais de estima\u00e7\u00e3o, sujeira e manchas de \u00f3leo.A capa resistente para assento de carro para animais de estima\u00e7\u00e3o \u00e9 dur\u00e1vel, confort\u00e1vel e macia, sem desbotamento e rasgo, protege a carga contra arranh\u00f5es.<\/span><\/p>\n<p><span style=\"font-size:14px\"><br \/>\n<\/span><\/p>\n<p><span style=\"font-size:14px\"><br \/>\n<\/span><\/p>\n<p><span style=\"font-size:14px\">4.Prote\u00e7\u00e3o m\u00e1xima &#8211; Adicionamos dois cintos de encosto de cabe\u00e7a ajust\u00e1veis na capa do assento do forro de carga para mant\u00ea-la no lugar e aumentar a estabilidade.Com um grande suporte de borracha antiderrapante na parte traseira para evitar que a tampa da carga deslize para a esquerda e para a direita.Mantenha um ambiente de carro confort\u00e1vel e seguro para crian\u00e7as e animais de estima\u00e7\u00e3o durante viagens.<\/span><\/p>\n<p><span style=\"font-size:14px\"><br \/>\n<\/span><\/p>\n<p><span style=\"font-size:14px\"><br \/>\n<\/span><\/p>\n<p><span style=\"font-size:14px\">5. Instala\u00e7\u00e3o e limpeza sem esfor\u00e7o &#8211; f\u00e1cil de instalar e remover, apenas alguns segundos para remov\u00ea-lo. Lavado \u00e0 m\u00e1quina ou a v\u00e1cuo, ou limpo com pano \u00famido. O forro dobr\u00e1vel de carga SUV para c\u00e3es \u00e9 f\u00e1cil de guardar e armazenar, economizando espa\u00e7o. A capa protetora multifuncional do porta-malas torna o carro limpo e elegante. Pode ser usado como tapete de piquenique no passeio.<\/span><\/p>\n<p><img data-recalc-dims=\"1\" decoding=\"async\" src=\"https:\/\/i0.wp.com\/ae01.alicdn.com\/kf\/S4b31e3f6816043e4884c0910dad0f337O.jpg?w=1200&#038;ssl=1\"><img data-recalc-dims=\"1\" decoding=\"async\" src=\"https:\/\/i0.wp.com\/ae01.alicdn.com\/kf\/Sdb03866c96b1427e9b51549315fd30a9G.jpg?w=1200&#038;ssl=1\"><img data-recalc-dims=\"1\" decoding=\"async\" src=\"https:\/\/i0.wp.com\/ae01.alicdn.com\/kf\/Sde9a06fb7304453eba4d130f3cb46cf3C.jpg?w=1200&#038;ssl=1\"><img data-recalc-dims=\"1\" decoding=\"async\" src=\"https:\/\/i0.wp.com\/ae01.alicdn.com\/kf\/S7ff025f6372e4ddea2bc7be13b26daf58.jpg?w=1200&#038;ssl=1\"><img data-recalc-dims=\"1\" decoding=\"async\" src=\"https:\/\/i0.wp.com\/ae01.alicdn.com\/kf\/S3c24d4021adb4fe682afad204864b926e.jpg?w=1200&#038;ssl=1\"><img data-recalc-dims=\"1\" decoding=\"async\" src=\"https:\/\/i0.wp.com\/ae01.alicdn.com\/kf\/S97d3c0c4a43f488185413da8f170184cD.jpg?w=1200&#038;ssl=1\"><img data-recalc-dims=\"1\" decoding=\"async\" src=\"https:\/\/i0.wp.com\/ae01.alicdn.com\/kf\/Se33f00de41774b35bfd5a8951ed9131fl.jpg?w=1200&#038;ssl=1\"><\/p>\n<\/div>\n<\/div>\n","protected":false},"excerpt":{"rendered":"<p>SeameTAL forro de carga do tronco para animais de estima\u00e7\u00e3o 5 camadas engrossar pano oxford tronco tapete imperme\u00e1vel antiderrapante almofada resistente ao desgaste para c\u00e3o Especifica\u00e7\u00e3o: Nome do produto: forro de carga do carro Cor: Preto Material: tecido oxford espesso de 5 camadas Fun\u00e7\u00f5es: Imperme\u00e1vel, resistente ao desgaste Modelos de carros: Para SUV, minivan, sedan,&hellip;&nbsp;<\/p>\n","protected":false},"featured_media":26199,"template":"","meta":{"neve_meta_sidebar":"","neve_meta_container":"","neve_meta_enable_content_width":"","neve_meta_content_width":0,"neve_meta_title_alignment":"","neve_meta_author_avatar":"","neve_post_elements_order":"","neve_meta_disable_header":"","neve_meta_disable_footer":"","neve_meta_disable_title":""},"product_brand":[],"product_cat":[25,66,17],"product_tag":[],"class_list":{"0":"post-26205","1":"product","2":"type-product","3":"status-publish","4":"has-post-thumbnail","6":"product_cat-acessorios-do-interior","7":"product_cat-acessorios-esteira-carro","8":"product_cat-pecas-e-acessorios-automotivos","10":"first","11":"instock","12":"shipping-taxable","13":"purchasable","14":"product-type-variable","15":"has-default-attributes"},"jetpack_sharing_enabled":true,"_links":{"self":[{"href":"https:\/\/listman.shop\/autoparts-br\/wp-json\/wp\/v2\/product\/26205","targetHints":{"allow":["GET"]}}],"collection":[{"href":"https:\/\/listman.shop\/autoparts-br\/wp-json\/wp\/v2\/product"}],"about":[{"href":"https:\/\/listman.shop\/autoparts-br\/wp-json\/wp\/v2\/types\/product"}],"wp:featuredmedia":[{"embeddable":true,"href":"https:\/\/listman.shop\/autoparts-br\/wp-json\/wp\/v2\/media\/26199"}],"wp:attachment":[{"href":"https:\/\/listman.shop\/autoparts-br\/wp-json\/wp\/v2\/media?parent=26205"}],"wp:term":[{"taxonomy":"product_brand","embeddable":true,"href":"https:\/\/listman.shop\/autoparts-br\/wp-json\/wp\/v2\/product_brand?post=26205"},{"taxonomy":"product_cat","embeddable":true,"href":"https:\/\/listman.shop\/autoparts-br\/wp-json\/wp\/v2\/product_cat?post=26205"},{"taxonomy":"product_tag","embeddable":true,"href":"https:\/\/listman.shop\/autoparts-br\/wp-json\/wp\/v2\/product_tag?post=26205"}],"curies":[{"name":"wp","href":"https:\/\/api.w.org\/{rel}","templated":true}]}}