{"id":26248,"date":"2025-03-10T10:41:47","date_gmt":"2025-03-10T01:41:47","guid":{"rendered":"https:\/\/listman.shop\/autoparts-br\/product\/1005006085086485\/"},"modified":"2026-05-07T17:23:09","modified_gmt":"2026-05-07T08:23:09","slug":"1005006085086485","status":"publish","type":"product","link":"https:\/\/listman.shop\/autoparts-br\/product\/1005006085086485\/","title":{"rendered":"4 p\u00e7s clipes de tapete de carro bra\u00e7adeira de lavagem de tapete p\u00e9 almofada gancho limpo fixado na parede ferramentas de limpeza de tapete de carro acess\u00f3rios de solu\u00e7\u00e3o autom\u00e1tica"},"content":{"rendered":"<div class=\"detailmodule_html\">\n<div class=\"detail-desc-decorate-richtext\">\n<div class=\"detailmodule_text\">\n<p style=\"font-family:OpenSans;font-size:20px;font-weight:900;line-height:28px;white-space:pre-wrap;margin-bottom:12px;text-align:center\" class=\"detail-desc-decorate-title\" align=\"center\">\n<p style=\"font-family:OpenSans;font-size:20px;font-weight:900;line-height:28px;white-space:pre-wrap;margin-bottom:12px\" class=\"detail-desc-decorate-title\">4 p\u00e7s clipes de tapete de carro bra\u00e7adeira de lavagem de carpete almofada de p\u00e9 limpo gancho fixado na parede ferramentas de limpeza de carpetes acess\u00f3rios de solu\u00e7\u00e3o autom\u00e1tica<\/p>\n<p style=\"font-family:OpenSans;font-size:14px;font-weight:300;line-height:20px;white-space:pre-wrap;margin-bottom:12px\" class=\"detail-desc-decorate-content\">Material: ABS<br \/>Tamanho \u00fanico: 190x80x75mm\/7,48&#215;3,15&#215;2,95 pol.<\/p>\n<\/div>\n<div class=\"detailmodule_text\">\n<p style=\"font-family:OpenSans;font-size:20px;font-weight:900;line-height:28px;white-space:pre-wrap;margin-bottom:12px\" class=\"detail-desc-decorate-title\">Recurso<\/p>\n<p style=\"font-family:OpenSans;font-size:14px;font-weight:300;line-height:20px;white-space:pre-wrap;margin-bottom:12px\" class=\"detail-desc-decorate-content\">Resist\u00eancia \u00e0 corros\u00e3o, antiferrugem, expans\u00e3o e resist\u00eancia \u00e0 fadiga, de modo que as almofadas dos p\u00e9s sejam colocadas de maneira ordenada e a loja fique mais arrumada e limpa.<\/p>\n<\/div>\n<div class=\"detailmodule_text\">\n<p style=\"font-family:OpenSans;font-size:20px;font-weight:900;line-height:28px;white-space:pre-wrap;margin-bottom:12px\" class=\"detail-desc-decorate-title\">Lista de embalagens<\/p>\n<p style=\"font-family:OpenSans;font-size:14px;font-weight:300;line-height:20px;white-space:pre-wrap;margin-bottom:12px\" class=\"detail-desc-decorate-content\">4 x clipes de tapete de carro<\/p>\n<p>Notas:<br \/>Disparo leve e displays diferentes podem fazer com que a cor do item na imagem seja um pouco diferente da coisa real. O erro de medi\u00e7\u00e3o permitido \u00e9 de +\/- 1-3cm.<\/p>\n<\/div>\n<div class=\"detailmodule_image\"><img data-recalc-dims=\"1\" decoding=\"async\" class=\"detail-desc-decorate-image\" src=\"https:\/\/i0.wp.com\/ae01.alicdn.com\/kf\/S82e9621b050347408ea77348c3ac23e1e.jpg?w=1200&#038;ssl=1\"><img data-recalc-dims=\"1\" decoding=\"async\" class=\"detail-desc-decorate-image\" src=\"https:\/\/i0.wp.com\/ae01.alicdn.com\/kf\/S1320c7e86442436395b14f52a59d161cu.jpg?w=1200&#038;ssl=1\"><img data-recalc-dims=\"1\" decoding=\"async\" class=\"detail-desc-decorate-image\" src=\"https:\/\/i0.wp.com\/ae01.alicdn.com\/kf\/S775c7d9e55c94840a9c81ef57f6adacdc.jpg?w=1200&#038;ssl=1\"><img data-recalc-dims=\"1\" decoding=\"async\" class=\"detail-desc-decorate-image\" src=\"https:\/\/i0.wp.com\/ae01.alicdn.com\/kf\/Se7f76211684e4d0e8d6e48ff23e6c2cb8.jpg?w=1200&#038;ssl=1\"><img data-recalc-dims=\"1\" decoding=\"async\" class=\"detail-desc-decorate-image\" src=\"https:\/\/i0.wp.com\/ae01.alicdn.com\/kf\/Sc19bc62630ed4190867585b0fcb5bcfde.jpg?w=1200&#038;ssl=1\"><img data-recalc-dims=\"1\" decoding=\"async\" class=\"detail-desc-decorate-image\" src=\"https:\/\/i0.wp.com\/ae01.alicdn.com\/kf\/S495749651e1a4a619ae2271e34558b64r.jpg?w=1200&#038;ssl=1\"><\/div>\n<div class=\"detailmodule_image\"><img data-recalc-dims=\"1\" decoding=\"async\" class=\"detail-desc-decorate-image\" src=\"https:\/\/i0.wp.com\/ae01.alicdn.com\/kf\/S1b9ff56a5063442b98936117fe1657a8A.jpg?w=1200&#038;ssl=1\"><img data-recalc-dims=\"1\" decoding=\"async\" class=\"detail-desc-decorate-image\" src=\"https:\/\/i0.wp.com\/ae01.alicdn.com\/kf\/S2ec08de47a4441d888c04095c4b294d06.jpg?w=1200&#038;ssl=1\"><\/div>\n<p><\/div>\n<\/div>\n","protected":false},"excerpt":{"rendered":"<p>4 p\u00e7s clipes de tapete de carro bra\u00e7adeira de lavagem de carpete almofada de p\u00e9 limpo gancho fixado na parede ferramentas de limpeza de carpetes acess\u00f3rios de solu\u00e7\u00e3o autom\u00e1tica Material: ABSTamanho \u00fanico: 190x80x75mm\/7,48&#215;3,15&#215;2,95 pol. Recurso Resist\u00eancia \u00e0 corros\u00e3o, antiferrugem, expans\u00e3o e resist\u00eancia \u00e0 fadiga, de modo que as almofadas dos p\u00e9s sejam colocadas de maneira&hellip;&nbsp;<\/p>\n","protected":false},"featured_media":26242,"template":"","meta":{"neve_meta_sidebar":"","neve_meta_container":"","neve_meta_enable_content_width":"","neve_meta_content_width":0,"neve_meta_title_alignment":"","neve_meta_author_avatar":"","neve_post_elements_order":"","neve_meta_disable_header":"","neve_meta_disable_footer":"","neve_meta_disable_title":""},"product_brand":[],"product_cat":[25,17,105],"product_tag":[],"class_list":{"0":"post-26248","1":"product","2":"type-product","3":"status-publish","4":"has-post-thumbnail","6":"product_cat-acessorios-do-interior","7":"product_cat-pecas-e-acessorios-automotivos","8":"product_cat-prendedor-automatico-e-clipe","10":"first","11":"instock","12":"shipping-taxable","13":"purchasable","14":"product-type-variable","15":"has-default-attributes"},"jetpack_sharing_enabled":true,"_links":{"self":[{"href":"https:\/\/listman.shop\/autoparts-br\/wp-json\/wp\/v2\/product\/26248","targetHints":{"allow":["GET"]}}],"collection":[{"href":"https:\/\/listman.shop\/autoparts-br\/wp-json\/wp\/v2\/product"}],"about":[{"href":"https:\/\/listman.shop\/autoparts-br\/wp-json\/wp\/v2\/types\/product"}],"wp:featuredmedia":[{"embeddable":true,"href":"https:\/\/listman.shop\/autoparts-br\/wp-json\/wp\/v2\/media\/26242"}],"wp:attachment":[{"href":"https:\/\/listman.shop\/autoparts-br\/wp-json\/wp\/v2\/media?parent=26248"}],"wp:term":[{"taxonomy":"product_brand","embeddable":true,"href":"https:\/\/listman.shop\/autoparts-br\/wp-json\/wp\/v2\/product_brand?post=26248"},{"taxonomy":"product_cat","embeddable":true,"href":"https:\/\/listman.shop\/autoparts-br\/wp-json\/wp\/v2\/product_cat?post=26248"},{"taxonomy":"product_tag","embeddable":true,"href":"https:\/\/listman.shop\/autoparts-br\/wp-json\/wp\/v2\/product_tag?post=26248"}],"curies":[{"name":"wp","href":"https:\/\/api.w.org\/{rel}","templated":true}]}}