{"id":26288,"date":"2025-03-10T10:42:41","date_gmt":"2025-03-10T01:42:41","guid":{"rendered":"https:\/\/listman.shop\/autoparts-br\/product\/1005006117837021\/"},"modified":"2026-04-07T17:35:10","modified_gmt":"2026-04-07T08:35:10","slug":"1005006117837021","status":"publish","type":"product","link":"https:\/\/listman.shop\/autoparts-br\/product\/1005006117837021\/","title":{"rendered":"Seametal caixa de apoio de bra\u00e7o do carro universal console central organizador multifuncional couro do plut\u00f4nio auto bra\u00e7o resto caixa de armazenamento suporte de tecido"},"content":{"rendered":"<div class=\"detailmodule_html\">\n<div class=\"detail-desc-decorate-richtext\">\n<p><a href=\"https:\/\/vi.aliexpress.com\/item\/1005008177117646.html\" target=\"_self\"><img data-recalc-dims=\"1\" loading=\"lazy\" decoding=\"async\" width=\"944\" height=\"369\" src=\"https:\/\/i0.wp.com\/ae01.alicdn.com\/kf\/A4c33224b937f4f5585841e7c46adad2d9.jpg?resize=944%2C369&#038;ssl=1\"><\/a><a href=\"https:\/\/vi.aliexpress.com\/item\/1005008186808423.html\" target=\"_self\"><img data-recalc-dims=\"1\" loading=\"lazy\" decoding=\"async\" width=\"944\" height=\"369\" src=\"https:\/\/i0.wp.com\/ae01.alicdn.com\/kf\/Ad42de960ac0149f5bbb0115c4efbf5a5G.jpg?resize=944%2C369&#038;ssl=1\"><\/a><\/p>\n<p>SeameTAL caixa de apoio de bra\u00e7o do carro universal console central organizador multifuncional couro do plut\u00f4nio auto bra\u00e7o resto caixa de armazenamento suporte de tecido<\/p>\n<div class=\"detailmodule_html\">\n<div class=\"detail-desc-decorate-richtext\">\n<div>\n<div>\n<div><\/div>\n<p><span style=\"font-size:14px\"><span style=\"font-family:arial, helvetica, sans-serif\">Nome: caixa de apoio de bra\u00e7o do carro<\/span><\/span><\/p>\n<p><span style=\"font-size:14px\"><span style=\"font-family:arial, helvetica, sans-serif\">Material: Couro<\/span><\/span><\/p>\n<p><span style=\"font-size:14px\"><span style=\"font-family:arial, helvetica, sans-serif\">Modo de instala\u00e7\u00e3o: Instala\u00e7\u00e3o direta<\/span><\/span><\/p>\n<p><span style=\"font-size:14px\"><span style=\"font-family:arial, helvetica, sans-serif\">Tamanho: 26,8*16,5*11,5<\/span><\/span><\/p>\n<p><span style=\"font-size:14px\"><span style=\"font-family:arial, helvetica, sans-serif\">Pacote: 1 unidade<\/span><\/span><\/p>\n<div><\/div>\n<p><span style=\"font-size:14px\"><strong><span style=\"font-family:arial, helvetica, sans-serif\">Caracter\u00edstica:<\/span><\/strong><\/span><\/p>\n<p><span style=\"font-size:14px\"><span style=\"font-family:arial, helvetica, sans-serif\">1.Proteja o couro do carro original e evite arranh\u00f5es e abras\u00e3o.<\/span><\/span><\/p>\n<p><span style=\"font-size:14px\"><span style=\"font-family:arial, helvetica, sans-serif\">2.Material de couro ecol\u00f3gico, f\u00e1cil de limpar, moderno e bonito.<\/span><\/span><\/p>\n<p><span style=\"font-size:14px\"><span style=\"font-family:arial, helvetica, sans-serif\">3. Atualize os bolsos e os celulares, carteiras, cart\u00f5es, etc. pode ser convenientemente colocado.<\/span><\/span><\/p>\n<p><img data-recalc-dims=\"1\" decoding=\"async\" src=\"https:\/\/i0.wp.com\/ae01.alicdn.com\/kf\/Sd4246340f00c437f90b57097eb07e3c7T.jpg?w=1200&#038;ssl=1\"><img data-recalc-dims=\"1\" decoding=\"async\" src=\"https:\/\/i0.wp.com\/ae01.alicdn.com\/kf\/S4ac50c3d9ab44ff4a62b22dc0b7c38f6x.jpg?w=1200&#038;ssl=1\"><img data-recalc-dims=\"1\" decoding=\"async\" src=\"https:\/\/i0.wp.com\/ae01.alicdn.com\/kf\/S5030adbfb1d047888bd1fb64994661617.jpg?w=1200&#038;ssl=1\"><img data-recalc-dims=\"1\" decoding=\"async\" src=\"https:\/\/i0.wp.com\/ae01.alicdn.com\/kf\/S4e338fe80ac8469290146c9fecc7aee7w.jpg?w=1200&#038;ssl=1\"><img data-recalc-dims=\"1\" decoding=\"async\" src=\"https:\/\/i0.wp.com\/ae01.alicdn.com\/kf\/S3ddefb9b59d84e78a8faa2c9a2202a23C.jpg?w=1200&#038;ssl=1\"><img data-recalc-dims=\"1\" decoding=\"async\" src=\"https:\/\/i0.wp.com\/ae01.alicdn.com\/kf\/S996b5cdd5cce43bd91ccb5a9f8a1c8f0l.jpg?w=1200&#038;ssl=1\"><img data-recalc-dims=\"1\" decoding=\"async\" src=\"https:\/\/i0.wp.com\/ae01.alicdn.com\/kf\/Sb65aea0d259c41ac859418c544c1ee0f3.jpg?w=1200&#038;ssl=1\"><img data-recalc-dims=\"1\" decoding=\"async\" src=\"https:\/\/i0.wp.com\/ae01.alicdn.com\/kf\/S0be7e57a420c4640bdcc65f327df1f94D.jpg?w=1200&#038;ssl=1\"><img data-recalc-dims=\"1\" decoding=\"async\" src=\"https:\/\/i0.wp.com\/ae01.alicdn.com\/kf\/Sb41f01403eca40ad89b13edc51e1ff2bk.jpg?w=1200&#038;ssl=1\"><img data-recalc-dims=\"1\" decoding=\"async\" src=\"https:\/\/i0.wp.com\/ae01.alicdn.com\/kf\/Se838d359b51e400893e41a00782084eak.jpg?w=1200&#038;ssl=1\"><img data-recalc-dims=\"1\" decoding=\"async\" src=\"https:\/\/i0.wp.com\/ae01.alicdn.com\/kf\/S6062c0c037e04fd5b4b48aca3041fef2L.jpg?w=1200&#038;ssl=1\"><img data-recalc-dims=\"1\" decoding=\"async\" src=\"https:\/\/i0.wp.com\/ae01.alicdn.com\/kf\/S85e93f79d01b4f7392c0e16c1592d075j.jpg?w=1200&#038;ssl=1\"><img data-recalc-dims=\"1\" decoding=\"async\" src=\"https:\/\/i0.wp.com\/ae01.alicdn.com\/kf\/S0588899e365f4360918a9847264e9fe7x.jpg?w=1200&#038;ssl=1\"><\/p>\n<\/div>\n<\/div>\n<\/div>\n<\/div>\n<p><\/p>\n<\/div>\n<\/div>\n","protected":false},"excerpt":{"rendered":"<p>SeameTAL caixa de apoio de bra\u00e7o do carro universal console central organizador multifuncional couro do plut\u00f4nio auto bra\u00e7o resto caixa de armazenamento suporte de tecido Nome: caixa de apoio de bra\u00e7o do carro Material: Couro Modo de instala\u00e7\u00e3o: Instala\u00e7\u00e3o direta Tamanho: 26,8*16,5*11,5 Pacote: 1 unidade Caracter\u00edstica: 1.Proteja o couro do carro original e evite arranh\u00f5es&hellip;&nbsp;<\/p>\n","protected":false},"featured_media":26282,"template":"","meta":{"neve_meta_sidebar":"","neve_meta_container":"","neve_meta_enable_content_width":"","neve_meta_content_width":0,"neve_meta_title_alignment":"","neve_meta_author_avatar":"","neve_post_elements_order":"","neve_meta_disable_header":"","neve_meta_disable_footer":"","neve_meta_disable_title":""},"product_brand":[],"product_cat":[25,81,17],"product_tag":[],"class_list":{"0":"post-26288","1":"product","2":"type-product","3":"status-publish","4":"has-post-thumbnail","6":"product_cat-acessorios-do-interior","7":"product_cat-armazenamento-interior-do-carro","8":"product_cat-pecas-e-acessorios-automotivos","10":"first","11":"instock","12":"shipping-taxable","13":"purchasable","14":"product-type-variable","15":"has-default-attributes"},"jetpack_sharing_enabled":true,"_links":{"self":[{"href":"https:\/\/listman.shop\/autoparts-br\/wp-json\/wp\/v2\/product\/26288","targetHints":{"allow":["GET"]}}],"collection":[{"href":"https:\/\/listman.shop\/autoparts-br\/wp-json\/wp\/v2\/product"}],"about":[{"href":"https:\/\/listman.shop\/autoparts-br\/wp-json\/wp\/v2\/types\/product"}],"wp:featuredmedia":[{"embeddable":true,"href":"https:\/\/listman.shop\/autoparts-br\/wp-json\/wp\/v2\/media\/26282"}],"wp:attachment":[{"href":"https:\/\/listman.shop\/autoparts-br\/wp-json\/wp\/v2\/media?parent=26288"}],"wp:term":[{"taxonomy":"product_brand","embeddable":true,"href":"https:\/\/listman.shop\/autoparts-br\/wp-json\/wp\/v2\/product_brand?post=26288"},{"taxonomy":"product_cat","embeddable":true,"href":"https:\/\/listman.shop\/autoparts-br\/wp-json\/wp\/v2\/product_cat?post=26288"},{"taxonomy":"product_tag","embeddable":true,"href":"https:\/\/listman.shop\/autoparts-br\/wp-json\/wp\/v2\/product_tag?post=26288"}],"curies":[{"name":"wp","href":"https:\/\/api.w.org\/{rel}","templated":true}]}}