{"id":26301,"date":"2025-03-10T10:43:00","date_gmt":"2025-03-10T01:43:00","guid":{"rendered":"https:\/\/listman.shop\/autoparts-br\/product\/1005006132850219\/"},"modified":"2026-04-07T17:48:40","modified_gmt":"2026-04-07T08:48:40","slug":"1005006132850219","status":"publish","type":"product","link":"https:\/\/listman.shop\/autoparts-br\/product\/1005006132850219\/","title":{"rendered":"Uxcell camur\u00e7a headliner tecido espuma apoiado para carro caminh\u00e3o interior guarni\u00e7\u00e3o proteger envelhecimento quebrado desbotado diy substitui\u00e7\u00e3o 200x152cm"},"content":{"rendered":"<div class=\"detailmodule_html\">\n<div class=\"detail-desc-decorate-richtext\">\n<div id=\"webDetail\">\n<p><strong><span style=\"font-size:18px\" id=\"tl_1\">Pre-shopping Reminder:<\/span><\/strong><\/p>\n<p><span style=\"font-size:18px\" id=\"tl_2\">&nbsp; &nbsp; Dear customer,This product is <\/span><strong><span style=\"font-size:18px\" id=\"tl_3\">folded packaging<\/span><\/strong><span style=\"font-size:18px\" id=\"tl_4\">, after you receive the package may appear creases, this is a normal phenomenon!<\/span><\/p>\n<p><span style=\"font-size:18px\" id=\"tl_5\">Please rest assured that these creases can be easily remedied by ironing the product prior to installation, and will not affect its functionality.<\/span><\/p>\n<p><span style=\"font-size:18px\" id=\"tl_6\"> Alternatively, you may leave the item flat for a brief period to regain its original flatness.<\/span><\/p>\n<p><span style=\"font-size:18px\" id=\"tl_7\">If you encounter any Problems during the installation process, please do not hesitate to contact us. We are eager to assist you! <\/span><\/p>\n<p><span style=\"font-size:18px\" id=\"tl_8\">&nbsp; &nbsp; &nbsp; &nbsp; &nbsp; &nbsp; &nbsp; &nbsp; &nbsp; &nbsp; &nbsp; &nbsp; &nbsp; &nbsp; &nbsp; &nbsp; &nbsp; &nbsp; &nbsp; &nbsp; &nbsp; &nbsp; &nbsp; &nbsp; &nbsp; &nbsp; &nbsp; &nbsp; &nbsp; &nbsp; &nbsp; &nbsp; &nbsp; &nbsp; &nbsp; &nbsp; &nbsp; &nbsp; &nbsp; &nbsp; &nbsp; &nbsp; &nbsp; &nbsp; &nbsp; &nbsp; &nbsp; &nbsp; &nbsp; &nbsp; &nbsp; &nbsp; &nbsp; &nbsp; &nbsp; &nbsp; &nbsp; &nbsp; &nbsp; &nbsp; &nbsp; &nbsp; &nbsp; &nbsp; &nbsp; &nbsp; &nbsp; &nbsp; &nbsp; &nbsp; &nbsp; &nbsp; &nbsp; &nbsp; &nbsp; &nbsp; &nbsp;Uxcell Official Store<\/span><br \/><img data-recalc-dims=\"1\" decoding=\"async\" src=\"https:\/\/i0.wp.com\/ae01.alicdn.com\/kf\/Se5ffdba44eb44c559e7266a3bf8710f2U.jpg?w=1200&#038;ssl=1\" \/><\/p>\n<div>\n  <span style=\"font-size:18px\"><strong id=\"tl_9\">Feature:<\/strong><\/span>\n <\/div>\n<ul>\n<li>\n<p><span style=\"font-size:18px\" id=\"tl_10\">Application: Widely applied for cars, trucks, RVs, SUVs, marine, boats. This material does a good job in interior trim upholstery, roof ceiling and steel wheel carpet lining, aging broken faded DIY repair replacement.<\/span><\/p>\n<\/li>\n<li>\n<p><span style=\"font-size:18px\" id=\"tl_11\">Made of good material, the fabric is soft and durable.<\/span><\/p>\n<\/li>\n<li>\n<p><span style=\"font-size:18px\" id=\"tl_12\">Soft fabric with foam backing is a good choice for replacing your roof headliner, giving your car a new look.<\/span><\/p>\n<\/li>\n<\/ul>\n<div>\n  <span style=\"font-size:18px\"><strong id=\"tl_13\">Specification\uff1a<\/strong><\/span>\n <\/div>\n<ul>\n<li>\n<p><span style=\"font-size:18px\" id=\"tl_14\">Size: 200x152cm \/ 78.74&quot;x59.84&quot;(L*W)<\/span><\/p>\n<\/li>\n<li>\n<p><span style=\"font-size:18px\" id=\"tl_15\">Color: Black<\/span><\/p>\n<\/li>\n<li>\n<p><span style=\"font-size:18px\" id=\"tl_16\">Material: Suede Fabric (3mm Foam Backed)<\/span><\/p>\n<\/li>\n<\/ul>\n<div>\n  <span style=\"font-size:18px\"><strong id=\"tl_17\">Package Included:<\/strong><\/span>\n <\/div>\n<ul>\n<li>\n<p><span style=\"font-size:18px\" id=\"tl_18\">1 x Roof Headliner Suede Repair Fabric<\/span><\/p>\n<\/li>\n<\/ul>\n<\/div>\n<div id=\"skuDetail\">\n<div id=\"skuImages\">\n  <br \/> <br \/>\n  <img data-recalc-dims=\"1\" decoding=\"async\" src=\"https:\/\/i0.wp.com\/ae01.alicdn.com\/kf\/S3d43907134de4449b181cc96768309e2C.jpg?w=1200&#038;ssl=1\" \/><br \/>\n  <br \/> <br \/>\n  <img data-recalc-dims=\"1\" decoding=\"async\" src=\"https:\/\/i0.wp.com\/ae01.alicdn.com\/kf\/S41dfdd8b2eb24ff19939ed6c641c700aP.jpg?w=1200&#038;ssl=1\" \/><br \/>\n  <br \/> <br \/>\n  <img data-recalc-dims=\"1\" decoding=\"async\" src=\"https:\/\/i0.wp.com\/ae01.alicdn.com\/kf\/See72975ea96a4983af693ff0aea84a0ei.jpg?w=1200&#038;ssl=1\" \/><br \/>\n  <br \/> <br \/>\n  <img data-recalc-dims=\"1\" decoding=\"async\" src=\"https:\/\/i0.wp.com\/ae01.alicdn.com\/kf\/S347e42fa247942f18759e62700a54af0c.jpg?w=1200&#038;ssl=1\" \/><br \/>\n  <br \/> <br \/>\n  <img data-recalc-dims=\"1\" decoding=\"async\" src=\"https:\/\/i0.wp.com\/ae01.alicdn.com\/kf\/S3e12b77e597c4477bbdd28a3563bf5a6z.jpg?w=1200&#038;ssl=1\" \/><br \/>\n  <img data-recalc-dims=\"1\" decoding=\"async\" src=\"https:\/\/i0.wp.com\/ae01.alicdn.com\/kf\/Se4bcb5c78b3a46faacc0f031a41a41ecK.jpg?w=1200&#038;ssl=1\" \/><br \/>\n  <img data-recalc-dims=\"1\" decoding=\"async\" src=\"https:\/\/i0.wp.com\/ae01.alicdn.com\/kf\/Sb334158456e24ac78cb764d59ad533e4O.jpg?w=1200&#038;ssl=1\" \/><br \/>\n  <img data-recalc-dims=\"1\" decoding=\"async\" src=\"https:\/\/i0.wp.com\/ae01.alicdn.com\/kf\/Sdf6d0e2fa3cf4e89b1c74a708a79d266D.jpg?w=1200&#038;ssl=1\" \/><br \/>\n  <img data-recalc-dims=\"1\" decoding=\"async\" src=\"https:\/\/i0.wp.com\/ae01.alicdn.com\/kf\/S434570eb59e84a6ca14e2b5258c13f76Z.jpg?w=1200&#038;ssl=1\" \/><br \/>\n  <img data-recalc-dims=\"1\" decoding=\"async\" src=\"https:\/\/i0.wp.com\/ae01.alicdn.com\/kf\/S9760e64196794744a51e6479bc93eab1r.jpg?w=1200&#038;ssl=1\" \/><br \/>\n  <img data-recalc-dims=\"1\" decoding=\"async\" src=\"https:\/\/i0.wp.com\/ae01.alicdn.com\/kf\/Sf2efb52fb1ce4da5acccc35791baa64fo.jpg?w=1200&#038;ssl=1\" \/><br \/>\n  <img data-recalc-dims=\"1\" decoding=\"async\" src=\"https:\/\/i0.wp.com\/ae01.alicdn.com\/kf\/Saa0f737f660d463095d3eede52f92a38x.jpg?w=1200&#038;ssl=1\" \/><br \/>\n  <img data-recalc-dims=\"1\" decoding=\"async\" src=\"https:\/\/i0.wp.com\/ae01.alicdn.com\/kf\/S524a7e9c7bc541e38238ad70850d1f80Y.jpg?w=1200&#038;ssl=1\" \/>\n <\/div>\n<\/div>\n<p><img data-recalc-dims=\"1\" decoding=\"async\" src=\"https:\/\/i0.wp.com\/ae01.alicdn.com\/kf\/S863e6f9e7ef64d03acaa352eab111b17L.jpg?w=1200&#038;ssl=1\" \/><img data-recalc-dims=\"1\" decoding=\"async\" src=\"https:\/\/i0.wp.com\/ae01.alicdn.com\/kf\/Se0b755467a35418e9ca09357e8746148N.jpg?w=1200&#038;ssl=1\" \/><img data-recalc-dims=\"1\" decoding=\"async\" src=\"https:\/\/i0.wp.com\/ae01.alicdn.com\/kf\/Sc252bae5491247e58845486cd499a274n.jpg?w=1200&#038;ssl=1\" \/><img data-recalc-dims=\"1\" decoding=\"async\" src=\"https:\/\/i0.wp.com\/ae01.alicdn.com\/kf\/S669fcf3baaf443669bf65e8bf0f95c0eT.jpg?w=1200&#038;ssl=1\" \/><img data-recalc-dims=\"1\" decoding=\"async\" src=\"https:\/\/i0.wp.com\/ae01.alicdn.com\/kf\/Sc705d7a1954f40d898f6083fd494b3929.jpg?w=1200&#038;ssl=1\" \/><img data-recalc-dims=\"1\" decoding=\"async\" src=\"https:\/\/i0.wp.com\/ae01.alicdn.com\/kf\/Sa5fcfabca0ee43228a94828cc860ceeaG.jpg?w=1200&#038;ssl=1\" \/><\/p>\n<p><img data-recalc-dims=\"1\" decoding=\"async\" src=\"https:\/\/i0.wp.com\/ae01.alicdn.com\/kf\/S765d8464178b4adba57d6eeb340c2d67y.jpg?w=1200&#038;ssl=1\" \/><img data-recalc-dims=\"1\" decoding=\"async\" src=\"https:\/\/i0.wp.com\/ae01.alicdn.com\/kf\/Sf067209db8c74472b6426ddd279916b9d.jpg?w=1200&#038;ssl=1\" \/><img data-recalc-dims=\"1\" decoding=\"async\" src=\"https:\/\/i0.wp.com\/ae01.alicdn.com\/kf\/S072aebef90f741d4b06d2e85ac490b6c6.jpg?w=1200&#038;ssl=1\" \/><img data-recalc-dims=\"1\" decoding=\"async\" src=\"https:\/\/i0.wp.com\/ae01.alicdn.com\/kf\/Sfac45cf87ca443228f83bca37eb3c81fW.jpg?w=1200&#038;ssl=1\" \/><img data-recalc-dims=\"1\" decoding=\"async\" src=\"https:\/\/i0.wp.com\/ae01.alicdn.com\/kf\/S0282d477552242aa8e0a704c4ccde227n.jpg?w=1200&#038;ssl=1\" \/><img data-recalc-dims=\"1\" decoding=\"async\" src=\"https:\/\/i0.wp.com\/ae01.alicdn.com\/kf\/S8e020b328a3c4d408fed3da486c19cadK.jpg?w=1200&#038;ssl=1\" \/><img data-recalc-dims=\"1\" decoding=\"async\" src=\"https:\/\/i0.wp.com\/ae01.alicdn.com\/kf\/Sf952997c768846cd9c581d7e5e53fa93m.jpg?w=1200&#038;ssl=1\" \/><img data-recalc-dims=\"1\" decoding=\"async\" src=\"https:\/\/i0.wp.com\/ae01.alicdn.com\/kf\/Sda61c7952be949318dd3771e546f0d6b6.jpg?w=1200&#038;ssl=1\" \/><img data-recalc-dims=\"1\" decoding=\"async\" src=\"https:\/\/i0.wp.com\/ae01.alicdn.com\/kf\/Sd1b85ecafdbe40f9b794591f4ec5312f6.jpg?w=1200&#038;ssl=1\" \/><img data-recalc-dims=\"1\" decoding=\"async\" src=\"https:\/\/i0.wp.com\/ae01.alicdn.com\/kf\/Se1ebb929accd4cbd8fd3c1e9b447d243i.jpg?w=1200&#038;ssl=1\" \/><\/p>\n<p><img data-recalc-dims=\"1\" decoding=\"async\" src=\"https:\/\/i0.wp.com\/ae01.alicdn.com\/kf\/Sd8a27484814e456ba206993d7b3149a1l.jpg?w=1200&#038;ssl=1\" \/><img data-recalc-dims=\"1\" decoding=\"async\" src=\"https:\/\/i0.wp.com\/ae01.alicdn.com\/kf\/S5d00e0fd07a846849f604f9ee2795bbbm.jpg?w=1200&#038;ssl=1\" \/><img data-recalc-dims=\"1\" decoding=\"async\" src=\"https:\/\/i0.wp.com\/ae01.alicdn.com\/kf\/Sc060f0db98754ad99d2224b68dd2b2f49.jpg?w=1200&#038;ssl=1\" \/><img data-recalc-dims=\"1\" decoding=\"async\" src=\"https:\/\/i0.wp.com\/ae01.alicdn.com\/kf\/S3635009a19af4103a1ca29257a529665J.jpg?w=1200&#038;ssl=1\" \/><img data-recalc-dims=\"1\" decoding=\"async\" src=\"https:\/\/i0.wp.com\/ae01.alicdn.com\/kf\/S9ba43e1f83564b929fe6f85aaf5d9d9ac.jpg?w=1200&#038;ssl=1\" \/><\/p>\n<p><img data-recalc-dims=\"1\" decoding=\"async\" src=\"https:\/\/i0.wp.com\/ae01.alicdn.com\/kf\/Seca9b73591a54edc9447f969f6dfd9faj.jpg?w=1200&#038;ssl=1\" \/><img data-recalc-dims=\"1\" decoding=\"async\" src=\"https:\/\/i0.wp.com\/ae01.alicdn.com\/kf\/S78638b3e853141e0a01732d8b777f4e7v.jpg?w=1200&#038;ssl=1\" \/><img data-recalc-dims=\"1\" decoding=\"async\" src=\"https:\/\/i0.wp.com\/ae01.alicdn.com\/kf\/Sd884c41c926e4408821106c9237a2fc0j.jpg?w=1200&#038;ssl=1\" \/><img data-recalc-dims=\"1\" decoding=\"async\" src=\"https:\/\/i0.wp.com\/ae01.alicdn.com\/kf\/S7754211e6383437ebbd177ce6d4aa82bp.jpg?w=1200&#038;ssl=1\" \/><img data-recalc-dims=\"1\" decoding=\"async\" src=\"https:\/\/i0.wp.com\/ae01.alicdn.com\/kf\/Se8c68ee201734079951a155cf9980152W.jpg?w=1200&#038;ssl=1\" \/><img data-recalc-dims=\"1\" decoding=\"async\" src=\"https:\/\/i0.wp.com\/ae01.alicdn.com\/kf\/S620a1f86c3994d209287e100444db61dh.jpg?w=1200&#038;ssl=1\" \/><\/p>\n<p><img data-recalc-dims=\"1\" decoding=\"async\" src=\"https:\/\/i0.wp.com\/ae01.alicdn.com\/kf\/S197bc8e27fce4adc8481c27684ad702eb.jpg?w=1200&#038;ssl=1\" \/><\/p>\n<p>\n <\/p>\n<\/div>\n<\/div>\n","protected":false},"excerpt":{"rendered":"<p>Pre-shopping Reminder: &nbsp; &nbsp; Dear customer,This product is folded packaging, after you receive the package may appear creases, this is a normal phenomenon! Please rest assured that these creases can be easily remedied by ironing the product prior to installation, and will not affect its functionality. Alternatively, you may leave the item flat for a&hellip;&nbsp;<\/p>\n","protected":false},"featured_media":26295,"template":"","meta":{"neve_meta_sidebar":"","neve_meta_container":"","neve_meta_enable_content_width":"","neve_meta_content_width":0,"neve_meta_title_alignment":"","neve_meta_author_avatar":"","neve_post_elements_order":"","neve_meta_disable_header":"","neve_meta_disable_footer":"","neve_meta_disable_title":""},"product_brand":[],"product_cat":[25,93,17],"product_tag":[],"class_list":{"0":"post-26301","1":"product","2":"type-product","3":"status-publish","4":"has-post-thumbnail","6":"product_cat-acessorios-do-interior","7":"product_cat-decoracao-interior-do-carro-acessorios","8":"product_cat-pecas-e-acessorios-automotivos","10":"first","11":"instock","12":"shipping-taxable","13":"purchasable","14":"product-type-variable","15":"has-default-attributes"},"jetpack_sharing_enabled":true,"_links":{"self":[{"href":"https:\/\/listman.shop\/autoparts-br\/wp-json\/wp\/v2\/product\/26301","targetHints":{"allow":["GET"]}}],"collection":[{"href":"https:\/\/listman.shop\/autoparts-br\/wp-json\/wp\/v2\/product"}],"about":[{"href":"https:\/\/listman.shop\/autoparts-br\/wp-json\/wp\/v2\/types\/product"}],"wp:featuredmedia":[{"embeddable":true,"href":"https:\/\/listman.shop\/autoparts-br\/wp-json\/wp\/v2\/media\/26295"}],"wp:attachment":[{"href":"https:\/\/listman.shop\/autoparts-br\/wp-json\/wp\/v2\/media?parent=26301"}],"wp:term":[{"taxonomy":"product_brand","embeddable":true,"href":"https:\/\/listman.shop\/autoparts-br\/wp-json\/wp\/v2\/product_brand?post=26301"},{"taxonomy":"product_cat","embeddable":true,"href":"https:\/\/listman.shop\/autoparts-br\/wp-json\/wp\/v2\/product_cat?post=26301"},{"taxonomy":"product_tag","embeddable":true,"href":"https:\/\/listman.shop\/autoparts-br\/wp-json\/wp\/v2\/product_tag?post=26301"}],"curies":[{"name":"wp","href":"https:\/\/api.w.org\/{rel}","templated":true}]}}