{"id":2632,"date":"2024-10-13T01:00:14","date_gmt":"2024-10-12T16:00:14","guid":{"rendered":"https:\/\/listman.shop\/autoparts-br\/product\/1005005869635292\/"},"modified":"2026-05-08T07:39:09","modified_gmt":"2026-05-07T22:39:09","slug":"1005005869635292","status":"publish","type":"product","link":"https:\/\/listman.shop\/autoparts-br\/product\/1005005869635292\/","title":{"rendered":"Cf920 modificado universal display remoto inteligente chave lcd entrada confort\u00e1vel bloqueio autom\u00e1tico keyless ir para audi\/bmw\/ford\/mazda\/toyota\/kia\/peugeot\/ fiat\/renault\/opel\/jeep\/vw\/honda\/hyundai\/mitsubishi\/suzuki"},"content":{"rendered":"<div class=\"detailmodule_html\">\n<div class=\"detail-desc-decorate-richtext\"><\/p>\n<p><\/p>\n<div class=\"detailmodule_text\">\n<p style=\"font-family:OpenSans;font-size:20px;font-weight:900;line-height:28px;white-space:pre-wrap;margin-bottom:12px\" class=\"detail-desc-decorate-title\">Nota:<\/p>\n<p style=\"font-size:24px;font-weight:bold\">-Agora todas as KEY LCD Nenhum logotipo do carro.por favor, saiba.<\/p>\n<div><\/div>\n<\/div>\n<p><\/p>\n<p><\/p>\n<div class=\"detailmodule_media\">\n<div class=\"video-container-1100158325693\">\n<div class=\"detail-video\" id=\"1100158325693\" data-previewurl=\"https:\/\/ae01.alicdn.com\/kf\/S2fa81cdafa364aa08083c60c66590b7eR.jpg\"><\/div>\n<\/div>\n<\/div>\n<p><\/p>\n<p><\/p>\n<div class=\"detailmodule_text\">\n<p><span style=\"font-size:20px\">Aplic\u00e1vel a todos os carros originais com fun\u00e7\u00e3o de partida de um bot\u00e3o, n\u00e3o aplic\u00e1vel a todas as chaves manuais em linha do carro.<\/span><\/p>\n<div><\/div>\n<\/div>\n<div class=\"detailmodule_image\"><img data-recalc-dims=\"1\" decoding=\"async\" class=\"detail-desc-decorate-image\" src=\"https:\/\/i0.wp.com\/ae01.alicdn.com\/kf\/S7e886dde469643c5ab331f37994e502bG.jpg?w=1200&#038;ssl=1\"><\/div>\n<div class=\"detailmodule_text\">\n<p style=\"font-family:OpenSans;font-size:20px;font-weight:900;line-height:28px;white-space:pre-wrap;margin-bottom:12px\" class=\"detail-desc-decorate-title\">Idioma suportado:<\/p>\n<p style=\"font-size:16px\">Ingl\u00eas\/coreano\/\u00e1rabe\/russo\/espanhol\/portugu\u00eas\/tailand\u00eas\/alem\u00e3o\/japon\u00eas\/franc\u00eas\/italiano<\/p>\n<\/div>\n<div class=\"detailmodule_text\">\n<p style=\"font-family:OpenSans;font-size:20px;font-weight:900;line-height:28px;white-space:pre-wrap;margin-bottom:12px\" class=\"detail-desc-decorate-title\">Fun\u00e7\u00e3o:<\/p>\n<p style=\"font-size:16px\">1.Adequado para estilo Audi.apar\u00eancia legal,<br \/>2.Entrada confort\u00e1vel para ve\u00edculos<br \/>3,100 dias de tempo de espera<br \/>4.Tela LCD antirreflexo LSP HD<br \/>5.Bloqueie as janelas<br \/>6.Elevador de janela (alguns modelos)<br \/>7.Toque de vidro totalmente laminado<br \/>8.Material de liga<br \/>9.Cores opcionais: preto, prata<br \/>Instala\u00e7\u00e3o r\u00e1pida de 10,15 minutos<br \/>11.Com instala\u00e7\u00e3o OBD<br \/>12.Longo tempo de espera, 100 dias em standby,<br \/>Ligamento confort\u00e1vel de 13.200 dias, bot\u00e3o de log\u00edstica de 365 dias<br \/>14.Fun\u00e7\u00e3o anti-perda, preencha as informa\u00e7\u00f5es do propriet\u00e1rio<\/p>\n<\/div>\n<div class=\"detailmodule_text\">\n<p style=\"font-family:OpenSans;font-size:20px;font-weight:900;line-height:28px;white-space:pre-wrap;margin-bottom:12px\" class=\"detail-desc-decorate-title\">Caracter\u00edstica:<\/p>\n<p style=\"font-size:16px\">1.100% novo e de alta qualidade escudo de chave modificado com tela LCD.<br \/>2. Solde sozinho (requer alguma habilidade pr\u00e1tica) ou encontre um serralheiro profissional para soldar a placa de circuito<br \/>3.Fun\u00e7\u00f5es principais do LCD: desbloquear, bloquear, trocar a caixa traseira, bot\u00e3o multifuncional.<br \/>4. n\u00e3o suporta chave de aplicativo m\u00f3vel, com fun\u00e7\u00e3o de entrada confort\u00e1vel (\u00e9 necess\u00e1rio definir parte obd).<br \/>5. adequado para todos os carros originais com fun\u00e7\u00e3o de in\u00edcio de uma tecla, n\u00e3o adequado para todas as chaves do carro de tomada direta manual.<br \/>6.Por favor, confirme se voc\u00ea tem uma fun\u00e7\u00e3o de bot\u00e3o de partida\/parada do motor antes de comprar (se o seu carro tiver fechadura n\u00e3o puder usar a chave lcd inteligente, mesmo se voc\u00ea puder ligar o carro sem conect\u00e1-lo ou coloc\u00e1-lo no bolso, voc\u00ea ainda pode n\u00e3o use chave lcd inteligente).\u00c9 melhor enviar uma foto da sua chave original para confirmar.<\/p>\n<\/div>\n<div class=\"detailmodule_image\"><img data-recalc-dims=\"1\" decoding=\"async\" class=\"detail-desc-decorate-image\" src=\"https:\/\/i0.wp.com\/ae01.alicdn.com\/kf\/S350a4605cc634e3c88b0debd95b28d678.jpg?w=1200&#038;ssl=1\"><\/div>\n<div class=\"detailmodule_image\"><img data-recalc-dims=\"1\" decoding=\"async\" class=\"detail-desc-decorate-image\" src=\"https:\/\/i0.wp.com\/ae01.alicdn.com\/kf\/Sb801c09e81fb4987b00606e205b76e654.jpg?w=1200&#038;ssl=1\"><\/div>\n<div class=\"detailmodule_text\">\n<p style=\"font-family:OpenSans;font-size:20px;font-weight:900;line-height:28px;white-space:pre-wrap;margin-bottom:12px\" class=\"detail-desc-decorate-title\">Sistema de acesso Smart Comfort<\/p>\n<p style=\"font-size:16px\">Aplic\u00e1vel a todos os carros originais com fun\u00e7\u00e3o de partida de um bot\u00e3o, n\u00e3o aplic\u00e1vel a todas as chaves de inser\u00e7\u00e3o manual e chaves mec\u00e2nicas.<\/p>\n<p>Quando a chave LCD inteligente estiver pr\u00f3xima do carro de 0 a 2 metros, o carro ser\u00e1 desbloqueado automaticamente.<br \/>Quando a chave LCD inteligente estiver a 3-5 metros de dist\u00e2ncia do carro, o carro ser\u00e1 bloqueado automaticamente.<\/p>\n<\/div>\n<div class=\"detailmodule_image\"><img data-recalc-dims=\"1\" decoding=\"async\" class=\"detail-desc-decorate-image\" src=\"https:\/\/i0.wp.com\/ae01.alicdn.com\/kf\/S3cdb4b76930e43d796bfec46ee9a4facs.jpg?w=1200&#038;ssl=1\"><\/div>\n<div class=\"detailmodule_text\">\n<p style=\"font-family:OpenSans;font-size:20px;font-weight:900;line-height:28px;white-space:pre-wrap;margin-bottom:12px\" class=\"detail-desc-decorate-title\">Fun\u00e7\u00e3o de entrada sem chave de janela autom\u00e1tica<\/p>\n<p style=\"font-size:16px\">Ao sair do carro cerca de 2~4m,<br \/>a porta ser\u00e1 travada automaticamente e a janela ser\u00e1 fechada automaticamente.(A janela autom\u00e1tica suporta apenas alguns carros)<\/p>\n<\/div>\n<div class=\"detailmodule_image\"><img data-recalc-dims=\"1\" decoding=\"async\" class=\"detail-desc-decorate-image\" src=\"https:\/\/i0.wp.com\/ae01.alicdn.com\/kf\/S856f432df8664739ba9d72c148e9d864p.jpg?w=1200&#038;ssl=1\"><\/div>\n<div class=\"detailmodule_text\">\n<p style=\"font-family:OpenSans;font-size:20px;font-weight:900;line-height:28px;white-space:pre-wrap;margin-bottom:12px\" class=\"detail-desc-decorate-title\">Evitar a perda da chave do carro<\/p>\n<p style=\"font-size:16px\">Defina seu pr\u00f3prio n\u00famero de celular para que outras pessoas entrem em contato com voc\u00ea<\/p>\n<\/div>\n<div class=\"detailmodule_image\"><img data-recalc-dims=\"1\" decoding=\"async\" class=\"detail-desc-decorate-image\" src=\"https:\/\/i0.wp.com\/ae01.alicdn.com\/kf\/Sd5f0f9be62a643ce9fd34c9d165abfb3m.jpg?w=1200&#038;ssl=1\"><\/div>\n<div class=\"detailmodule_text\">\n<p style=\"font-family:OpenSans;font-size:20px;font-weight:900;line-height:28px;white-space:pre-wrap;margin-bottom:12px\" class=\"detail-desc-decorate-title\">Espera ultralonga<\/p>\n<p style=\"font-size:16px\">Uma carga, veja voc\u00ea por muito tempo<\/p>\n<\/div>\n<div class=\"detailmodule_image\"><img data-recalc-dims=\"1\" decoding=\"async\" class=\"detail-desc-decorate-image\" src=\"https:\/\/i0.wp.com\/ae01.alicdn.com\/kf\/S5cdf8a1a2df6403586bb024280b6aaf51.jpg?w=1200&#038;ssl=1\"><\/div>\n<div class=\"detailmodule_text\">\n<p style=\"font-family:OpenSans;font-size:20px;font-weight:900;line-height:28px;white-space:pre-wrap;margin-bottom:12px\" class=\"detail-desc-decorate-title\">Combina\u00e7\u00e3o perfeita de display e tela sens\u00edvel ao toque<\/p>\n<p style=\"font-size:16px\">Tela IPS TFT + tela sens\u00edvel ao toque OGS<\/p>\n<\/div>\n<div class=\"detailmodule_image\"><img data-recalc-dims=\"1\" decoding=\"async\" class=\"detail-desc-decorate-image\" src=\"https:\/\/i0.wp.com\/ae01.alicdn.com\/kf\/S4a2bd619275d4ee9b89f096cbf873665U.jpg?w=1200&#038;ssl=1\"><img data-recalc-dims=\"1\" decoding=\"async\" class=\"detail-desc-decorate-image\" src=\"https:\/\/i0.wp.com\/ae01.alicdn.com\/kf\/S6c2057c67d4e486fa19779413b0c3252l.jpg?w=1200&#038;ssl=1\"><img data-recalc-dims=\"1\" decoding=\"async\" class=\"detail-desc-decorate-image\" src=\"https:\/\/i0.wp.com\/ae01.alicdn.com\/kf\/S2789373b399f4a568408c529f6dcd64fn.jpg?w=1200&#038;ssl=1\"><img data-recalc-dims=\"1\" decoding=\"async\" class=\"detail-desc-decorate-image\" src=\"https:\/\/i0.wp.com\/ae01.alicdn.com\/kf\/S9a91a5dbd4804514904070050ea7f101O.jpg?w=1200&#038;ssl=1\"><img data-recalc-dims=\"1\" decoding=\"async\" class=\"detail-desc-decorate-image\" src=\"https:\/\/i0.wp.com\/ae01.alicdn.com\/kf\/S26d69e9305c6439eacc65cfa312183acl.jpg?w=1200&#038;ssl=1\"><\/div>\n<p><\/p>\n<p><\/p>\n<p><\/div>\n<\/div>\n","protected":false},"excerpt":{"rendered":"<p>Nota: -Agora todas as KEY LCD Nenhum logotipo do carro.por favor, saiba. Aplic\u00e1vel a todos os carros originais com fun\u00e7\u00e3o de partida de um bot\u00e3o, n\u00e3o aplic\u00e1vel a todas as chaves manuais em linha do carro. Idioma suportado: Ingl\u00eas\/coreano\/\u00e1rabe\/russo\/espanhol\/portugu\u00eas\/tailand\u00eas\/alem\u00e3o\/japon\u00eas\/franc\u00eas\/italiano Fun\u00e7\u00e3o: 1.Adequado para estilo Audi.apar\u00eancia legal,2.Entrada confort\u00e1vel para ve\u00edculos3,100 dias de tempo de espera4.Tela LCD antirreflexo&hellip;&nbsp;<\/p>\n","protected":false},"featured_media":2626,"template":"","meta":{"neve_meta_sidebar":"","neve_meta_container":"","neve_meta_enable_content_width":"","neve_meta_content_width":0,"neve_meta_title_alignment":"","neve_meta_author_avatar":"","neve_post_elements_order":"","neve_meta_disable_header":"","neve_meta_disable_footer":"","neve_meta_disable_title":""},"product_brand":[],"product_cat":[51,17,30],"product_tag":[],"class_list":{"0":"post-2632","1":"product","2":"type-product","3":"status-publish","4":"has-post-thumbnail","6":"product_cat-chave-do-carro","7":"product_cat-pecas-e-acessorios-automotivos","8":"product_cat-starters","10":"first","11":"instock","12":"shipping-taxable","13":"purchasable","14":"product-type-variable","15":"has-default-attributes"},"jetpack_sharing_enabled":true,"_links":{"self":[{"href":"https:\/\/listman.shop\/autoparts-br\/wp-json\/wp\/v2\/product\/2632","targetHints":{"allow":["GET"]}}],"collection":[{"href":"https:\/\/listman.shop\/autoparts-br\/wp-json\/wp\/v2\/product"}],"about":[{"href":"https:\/\/listman.shop\/autoparts-br\/wp-json\/wp\/v2\/types\/product"}],"wp:featuredmedia":[{"embeddable":true,"href":"https:\/\/listman.shop\/autoparts-br\/wp-json\/wp\/v2\/media\/2626"}],"wp:attachment":[{"href":"https:\/\/listman.shop\/autoparts-br\/wp-json\/wp\/v2\/media?parent=2632"}],"wp:term":[{"taxonomy":"product_brand","embeddable":true,"href":"https:\/\/listman.shop\/autoparts-br\/wp-json\/wp\/v2\/product_brand?post=2632"},{"taxonomy":"product_cat","embeddable":true,"href":"https:\/\/listman.shop\/autoparts-br\/wp-json\/wp\/v2\/product_cat?post=2632"},{"taxonomy":"product_tag","embeddable":true,"href":"https:\/\/listman.shop\/autoparts-br\/wp-json\/wp\/v2\/product_tag?post=2632"}],"curies":[{"name":"wp","href":"https:\/\/api.w.org\/{rel}","templated":true}]}}