{"id":26434,"date":"2025-03-10T10:46:56","date_gmt":"2025-03-10T01:46:56","guid":{"rendered":"https:\/\/listman.shop\/autoparts-br\/product\/1005006330183129\/"},"modified":"2026-04-14T09:37:05","modified_gmt":"2026-04-14T00:37:05","slug":"1005006330183129","status":"publish","type":"product","link":"https:\/\/listman.shop\/autoparts-br\/product\/1005006330183129\/","title":{"rendered":"Suporte do telefone do carro 66w carregador sem fio suporte do telefone m\u00f3vel clipe de ventila\u00e7\u00e3o de ar infravermelho inteligente para iphone samsung xiaomi universal"},"content":{"rendered":"<div class=\"detailmodule_html\">\n<div class=\"detail-desc-decorate-richtext\">\n<p><strong><span style=\"font-size:16px\" id=\"tl_1\">PRODUCT PARAMETERS <\/span><\/strong><\/p>\n<p><span style=\"font-size:16px\" id=\"tl_2\">WEIGHT:About&nbsp;112g.<\/span><\/p>\n<p><span style=\"font-size:16px\" id=\"tl_3\">MATERIAL:<\/span><span style=\"font-size:16px\"><span id=\"tl_4\">A<\/span><\/span><span style=\"font-size:16px\"><span style=\"font-size:16px;font-family:Arial, Helvetica, sans-serif\" id=\"tl_5\">lloy<\/span><\/span><span style=\"font-size:16px\"><span id=\"tl_6\">+ABS+Toughened glass<\/span><\/span><\/p>\n<p><span style=\"font-size:16px\" id=\"tl_7\">INPUT VOLTAGE\/ CURRENT: 5V2A,9V\/1.67A<\/span><\/p>\n<p><span style=\"font-size:16px\" id=\"tl_8\">MAGNETIC SUCTION HEAD INPUT VOLTAGE: DC 5V\/2A<\/span><\/p>\n<p><span style=\"font-size:16px\" id=\"tl_9\">OUTPUT POWER: 66W,15W,10W,,7. 5W,5W(Automatic identification)<\/span><\/p>\n<p><span style=\"font-size:16px\" id=\"tl_10\">CHARGING POWER:110K-205KHZ<\/span><\/p>\n<p><span style=\"font-size:16px\" id=\"tl_11\">CHARGING DISTANCE: 0-8mm<\/span><\/p>\n<p><img data-recalc-dims=\"1\" decoding=\"async\" style=\"width:800px\"  src=\"https:\/\/i0.wp.com\/ae01.alicdn.com\/kf\/Sb44e4e0e530341809062049b0d730b7eT.jpg?w=1200&#038;ssl=1\" \/><\/p>\n<p><span style=\"font-size:22px\" id=\"tl_12\">Features:<\/span><\/p>\n<p><span><span style=\"font-size:22px\" id=\"tl_13\">1.Automatically adapt to 5W\/7.5W\/10W\/15W wireless charging power and up to 66W magnetic charging.<\/span><\/span><\/p>\n<p><span><span style=\"font-size:22px\" id=\"tl_14\">2.Dual Mode Charging:<\/span><\/span><span><span style=\"font-size:22px\" id=\"tl_15\">Wireless fast charging +Magnetic direct charging.<\/span><\/span><\/p>\n<p><span><span><span style=\"font-size:22px\" id=\"tl_16\">3.B<\/span><\/span><\/span><span><span><span style=\"font-size:22px\"><span style=\"font-size:22px\" id=\"tl_17\">uilt-in lithium battery:The bracket can continue to be used even if the car is turned off.<\/span><\/span><\/span><\/span><\/p>\n<p><span><span><span><span style=\"font-size:22px\" id=\"tl_18\">4.Lager Coil,Faster Charging,Security certifications.<\/span><\/span><\/span><\/span><\/p>\n<p><span><span style=\"font-size:22px\" id=\"tl_19\">5.Equipped with infrared sensing function, when the mobile phone is approached, the bracket will automatically open the clamp arm.<\/span><\/span><\/p>\n<p><span><span style=\"font-size:22px\" id=\"tl_20\">6.One&nbsp;hand operation,convenient and easy to pick and place.<\/span><\/span><\/p>\n<p><span><span style=\"font-size:22px\" id=\"tl_21\">7.Alloy frame and clamp arm, high-definition tempered glass.<\/span><\/span><\/p>\n<div>\n<p> \n<\/div>\n<p><img data-recalc-dims=\"1\" decoding=\"async\" style=\"width:800px\"  src=\"https:\/\/i0.wp.com\/ae01.alicdn.com\/kf\/Saf8ab4f731bf45af85bd74500bf174a6Y.jpg?w=1200&#038;ssl=1\" \/><\/p>\n<div>\n  &nbsp;\n<\/div>\n<div>\n  &nbsp;\n<\/div>\n<div class=\"detailmodule_html\">\n<div class=\"detail-desc-decorate-richtext\">\n<div class=\"detailmodule_html\">\n<div class=\"detail-desc-decorate-richtext\">\n<div class=\"detailmodule_html\">\n<div class=\"detail-desc-decorate-richtext\">\n<div class=\"detailmodule_html\">\n<div class=\"detail-desc-decorate-richtext\">\n<div class=\"detailmodule_html\">\n<div class=\"detail-desc-decorate-richtext\">\n<div class=\"detailmodule_html\">\n<div class=\"detail-desc-decorate-richtext\">\n<div class=\"detailmodule_html\">\n<div class=\"detail-desc-decorate-richtext\">\n<div class=\"detailmodule_html\">\n<div class=\"detail-desc-decorate-richtext\">\n<div class=\"detailmodule_html\">\n<div class=\"detail-desc-decorate-richtext\">\n<div style=\"white-space:normal;text-transform:none;font-weight:400;color:#222222;font-style:normal;margin:0px;letter-spacing:normal;background-color:#FFFFFF;text-indent:0px;padding:0px;font-size:14px\">\n<div style=\"margin:0px;margin-bottom:0px;margin-top:0px;margin-left:0px;margin-right:0px;padding:0px;padding-bottom:0px;padding-top:0px;padding-left:0px;padding-right:0px\">\n<div class=\"detailmodule_html\">\n<div class=\"detail-desc-decorate-richtext\">\n<div style=\"white-space:normal;text-transform:none;font-weight:400;color:#222222;font-style:normal;margin:0px;letter-spacing:normal;background-color:#FFFFFF;text-indent:0px;padding:0px;font-size:14px\">\n<div style=\"margin:0px;margin-bottom:0px;margin-top:0px;margin-left:0px;margin-right:0px;padding:0px;padding-bottom:0px;padding-top:0px;padding-left:0px;padding-right:0px\">\n<p><img data-recalc-dims=\"1\" decoding=\"async\" style=\"width:800px\"  src=\"https:\/\/i0.wp.com\/ae01.alicdn.com\/kf\/S39dd169cea9d4862a0d606387c026b700.jpg?w=1200&#038;ssl=1\" \/><\/p>\n<div><\/div>\n<p><span style=\"font-size:22px\"><strong id=\"tl_22\">[Dual Mode Charging] <\/strong><\/span><span style=\"font-size:22px\"><strong id=\"tl_23\">Wireless fast charging +Magnetic direct charging.<\/strong><\/span><\/p>\n<p><span><span style=\"font-size:22px\"><strong id=\"tl_24\">Phones without wireless charging can be charged by using our included magnetic suction,and t<\/strong><\/span><\/span><span><span><span style=\"font-size:22px\"><strong id=\"tl_25\">his stand supports up to 15W wireless charging and up to 66W magnetic charging.<\/strong><\/span><\/span><\/span><\/p>\n<p><img data-recalc-dims=\"1\" decoding=\"async\" style=\"width:800px\"  src=\"https:\/\/i0.wp.com\/ae01.alicdn.com\/kf\/S61e67f24d25b4aae83090c40bfc2b295h.jpg?w=1200&#038;ssl=1\" \/><\/p>\n<div>\n                         <br \/> \n                        <\/div>\n<p><span style=\"font-size:20px\" id=\"tl_26\">Notice:In order to ensure fast charging, please use QC 3.0 Power adapter for charging.Apple phones can only use the wireless charging function.<\/span><\/p>\n<p><img data-recalc-dims=\"1\" decoding=\"async\" style=\"width:800px\"  src=\"https:\/\/i0.wp.com\/ae01.alicdn.com\/kf\/Saa430103fc214c0ca5f55e53aac0cbd9E.jpg?w=1200&#038;ssl=1\" \/><\/p>\n<p><span style=\"font-size:20px\"><span id=\"tl_27\">This stand has a built-in lithium battery, and the battery can support this stand for about 600 times after a single charge. This design with a lithium battery ensures that the bracket can continue to be used even if the car is turned off.<\/span><\/span><\/p>\n<p><img data-recalc-dims=\"1\" decoding=\"async\" style=\"width:800px\"  src=\"https:\/\/i0.wp.com\/ae01.alicdn.com\/kf\/S74f473950b7d4ff69158801dde9e1906w.jpg?w=1200&#038;ssl=1\" \/><\/p>\n<p><span style=\"font-size:20px\"><span style=\"font-size:18px\"><strong id=\"tl_28\">This phone holder can support almost all phones with a screen size between 4.5 and 6.7 inches.<\/strong><\/span><\/span><\/p>\n<div>\n                         <br \/> \n                        <\/div>\n<p><img data-recalc-dims=\"1\" decoding=\"async\" style=\"width:800px\"  src=\"https:\/\/i0.wp.com\/ae01.alicdn.com\/kf\/Sbc11306f1b824632828e90a08f47f916I.jpg?w=1200&#038;ssl=1\" \/><\/p>\n<div>\n                         <br \/> \n                        <\/div>\n<p><span style=\"font-size:20px\"><span style=\"font-size:22px\"><span style=\"font-size:20px\"><strong><span style=\"font-size:16px\" id=\"tl_29\">[Automatic Clamps ] This car wireless charger is equipped with infrared sensing technology. <\/span><\/strong><\/span><\/span><\/span><\/p>\n<p><span style=\"font-size:20px\"><span style=\"font-size:22px\"><span style=\"font-size:20px\"><strong><span style=\"font-size:16px\" id=\"tl_30\">When the phone is close to the stand or wave the palm in front of the stand, the phone holder will automatically open, you can easily place the phone, and then the stand will automatically clamp the phone..In addition, there are two touch switches set on the front and back of this phone holder. With the touch of a switch, you can also easily use this stand.<\/span><\/strong><\/span><\/span><\/span><\/p>\n<\/p><\/div>\n<\/p><\/div>\n<\/p><\/div>\n<\/p><\/div>\n<\/p><\/div>\n<\/p><\/div>\n<\/p><\/div>\n<\/p><\/div>\n<div class=\"detailmodule_html\">\n<div class=\"detail-desc-decorate-richtext\">\n<div style=\"white-space:normal;text-transform:none;font-weight:400;color:#222222;font-style:normal;margin:0px;letter-spacing:normal;background-color:#FFFFFF;text-indent:0px;padding:0px;font-size:14px\">\n<div style=\"margin:0px;margin-bottom:0px;margin-top:0px;margin-left:0px;margin-right:0px;padding:0px;padding-bottom:0px;padding-top:0px;padding-left:0px;padding-right:0px\">\n<div class=\"detailmodule_html\">\n<div class=\"detail-desc-decorate-richtext\">\n<div style=\"white-space:normal;text-transform:none;font-weight:400;color:#222222;font-style:normal;margin:0px;letter-spacing:normal;background-color:#FFFFFF;text-indent:0px;padding:0px;font-size:14px\">\n<div style=\"margin:0px;margin-bottom:0px;margin-top:0px;margin-left:0px;margin-right:0px;padding:0px;padding-bottom:0px;padding-top:0px;padding-left:0px;padding-right:0px\">\n<div class=\"detailmodule_html\">\n<div class=\"detail-desc-decorate-richtext\">\n<p><img data-recalc-dims=\"1\" decoding=\"async\" style=\"width:800px\"  src=\"https:\/\/i0.wp.com\/ae01.alicdn.com\/kf\/Sd6b23b04dcd5416e86b082aa8bf38ca6L.jpg?w=1200&#038;ssl=1\" \/><\/p>\n<p><strong><span style=\"font-size:22px\" id=\"tl_31\">Glass mirror face.Low temperaturen fast charging.<\/span><\/strong><\/p>\n<p><img data-recalc-dims=\"1\" decoding=\"async\" style=\"width:800px\"  src=\"https:\/\/i0.wp.com\/ae01.alicdn.com\/kf\/S76603ceafe6c4a909f2807175971e4eb6.jpg?w=1200&#038;ssl=1\" \/><\/p>\n<p style=\"text-align:left\" align=\"left\"><strong><span style=\"font-size:22px\" id=\"tl_32\">Universal Spin Ball :<\/span><\/strong><span style=\"font-size:22px\" id=\"tl_33\">Free adjustment of multi-angle rotation.<\/span><\/p>\n<\/p><\/div>\n<\/p><\/div>\n<\/p><\/div>\n<\/p><\/div>\n<\/p><\/div>\n<\/p><\/div>\n<\/p><\/div>\n<\/p><\/div>\n<\/p><\/div>\n<\/p><\/div>\n<div class=\"detailmodule_html\">\n<div class=\"detail-desc-decorate-richtext\">\n<div style=\"white-space:normal;text-transform:none;font-weight:400;color:#222222;font-style:normal;margin:0px;letter-spacing:normal;background-color:#FFFFFF;text-indent:0px;padding:0px;font-size:14px\">\n<div style=\"margin:0px;margin-bottom:0px;margin-top:0px;margin-left:0px;margin-right:0px;padding:0px;padding-bottom:0px;padding-top:0px;padding-left:0px;padding-right:0px\">\n<div class=\"detailmodule_html\">\n<div class=\"detail-desc-decorate-richtext\">\n<div style=\"white-space:normal;text-transform:none;font-weight:400;color:#222222;font-style:normal;margin:0px;letter-spacing:normal;background-color:#FFFFFF;text-indent:0px;padding:0px;font-size:14px\">\n<div style=\"margin:0px;margin-bottom:0px;margin-top:0px;margin-left:0px;margin-right:0px;padding:0px;padding-bottom:0px;padding-top:0px;padding-left:0px;padding-right:0px\">\n<div class=\"detailmodule_html\">\n<div class=\"detail-desc-decorate-richtext\">\n<p><img data-recalc-dims=\"1\" decoding=\"async\" style=\"width:800px\"  src=\"https:\/\/i0.wp.com\/ae01.alicdn.com\/kf\/S88ca53eed11240d9b7ed4b189e96f30aj.jpg?w=1200&#038;ssl=1\" \/><\/p>\n<p><span style=\"font-size:22px\" id=\"tl_34\">Angle freedom.<\/span><\/p>\n<p><span style=\"font-size:22px\" id=\"tl_35\">Horizontal and vertical adjustment.360\u3002rotation allows you to adjust and unlock the comfortable navigation angle.<\/span><\/p>\n<p><img data-recalc-dims=\"1\" decoding=\"async\" style=\"width:800px\"  src=\"https:\/\/i0.wp.com\/ae01.alicdn.com\/kf\/Sfef177d73bf04a978cca4a9f2caa6948O.jpg?w=1200&#038;ssl=1\" \/><\/p>\n<\/p><\/div>\n<\/p><\/div>\n<\/p><\/div>\n<\/p><\/div>\n<\/p><\/div>\n<\/p><\/div>\n<\/p><\/div>\n<\/p><\/div>\n<\/p><\/div>\n<\/p><\/div>\n<div>\n                 <strong><span style=\"font-size:x-small\" id=\"tl_36\">This wireless charger phone holder supports 360-degree rotation.<\/span><\/strong>\n                <\/div>\n<div class=\"detailmodule_html\">\n<div class=\"detail-desc-decorate-richtext\">\n<div class=\"detailmodule_html\">\n<div class=\"detail-desc-decorate-richtext\">\n<div class=\"detailmodule_html\">\n<div class=\"detail-desc-decorate-richtext\">\n<p><img data-recalc-dims=\"1\" loading=\"lazy\" decoding=\"async\" width=\"800\" height=\"800\" src=\"https:\/\/i0.wp.com\/ae01.alicdn.com\/kf\/Sb7232644f4944e0fb2e2f54576e74735y.jpg?resize=800%2C800&#038;ssl=1\" \/><br \/><span style=\"font-size:22px\" id=\"tl_37\">Upgrade tailclamp,multiple stability.<\/span><\/p>\n<p><span style=\"font-size:22px\" id=\"tl_38\">Composite material J-clip,hook firmly on the air outlet, base nut reinforcement rotating lock.<\/span><\/p>\n<p><img data-recalc-dims=\"1\" decoding=\"async\" style=\"width:800px\"  src=\"https:\/\/i0.wp.com\/ae01.alicdn.com\/kf\/Sa4d605148d10456c971a895fb4a74cd9O.jpg?w=1200&#038;ssl=1\" \/><\/p>\n<\/p><\/div>\n<\/p><\/div>\n<\/p><\/div>\n<\/p><\/div>\n<\/p><\/div>\n<\/p><\/div>\n<div class=\"detailmodule_html\">\n<div class=\"detail-desc-decorate-richtext\">\n<div style=\"white-space:normal;text-transform:none;font-weight:400;color:#222222;font-style:normal;margin:0px;letter-spacing:normal;background-color:#FFFFFF;text-indent:0px;padding:0px;font-size:14px\">\n<div style=\"margin:0px;margin-bottom:0px;margin-top:0px;margin-left:0px;margin-right:0px;padding:0px;padding-bottom:0px;padding-top:0px;padding-left:0px;padding-right:0px\">\n<div class=\"detailmodule_html\">\n<div class=\"detail-desc-decorate-richtext\">\n<div style=\"white-space:normal;text-transform:none;font-weight:400;color:#222222;font-style:normal;margin:0px;letter-spacing:normal;background-color:#FFFFFF;text-indent:0px;padding:0px;font-size:14px\">\n<div style=\"margin:0px;margin-bottom:0px;margin-top:0px;margin-left:0px;margin-right:0px;padding:0px;padding-bottom:0px;padding-top:0px;padding-left:0px;padding-right:0px\">\n<p><span style=\"font-size:22px\"><strong id=\"tl_39\">Packing list.<\/strong><\/span><\/p>\n<div class=\"detailmodule_html\">\n<div class=\"detail-desc-decorate-richtext\">\n<div style=\"white-space:normal;text-transform:none;font-weight:400;color:#222222;font-style:normal;margin:0px;letter-spacing:normal;background-color:#FFFFFF;text-indent:0px;padding:0px;font-size:14px\">\n<div style=\"margin:0px;margin-bottom:0px;margin-top:0px;margin-left:0px;margin-right:0px;padding:0px;padding-bottom:0px;padding-top:0px;padding-left:0px;padding-right:0px\">\n<div class=\"detailmodule_html\">\n<div class=\"detail-desc-decorate-richtext\">\n<div style=\"white-space:normal;text-transform:none;font-weight:400;color:#222222;font-style:normal;margin:0px;letter-spacing:normal;background-color:#FFFFFF;text-indent:0px;padding:0px;font-size:14px\">\n<p style=\"margin:0px;margin-bottom:0px;margin-top:0px;margin-left:0px;margin-right:0px;padding:0px;padding-bottom:0px;padding-top:0px;padding-left:0px;padding-right:0px\"><img data-recalc-dims=\"1\" decoding=\"async\" style=\"width:800px\"  src=\"https:\/\/i0.wp.com\/ae01.alicdn.com\/kf\/S52a5bdba6a9e41d08b750af75103cc2cn.jpg?w=1200&#038;ssl=1\" \/><\/p>\n<\/p><\/div>\n<div style=\"white-space:normal;text-transform:none;font-weight:400;color:#222222;font-style:normal;margin:0px;letter-spacing:normal;background-color:#FFFFFF;text-indent:0px;padding:0px;font-size:14px\">\n                               <br \/> \n                              <\/div>\n<\/p><\/div>\n<\/p><\/div>\n<\/p><\/div>\n<\/p><\/div>\n<\/p><\/div>\n<\/p><\/div>\n<\/p><\/div>\n<\/p><\/div>\n<\/p><\/div>\n<\/p><\/div>\n<\/p><\/div>\n<\/p><\/div>\n<\/p><\/div>\n<\/p><\/div>\n<div>\n                 <br \/> \n                <\/div>\n<div><\/div>\n<p><\/p>\n<\/p><\/div>\n<\/p><\/div>\n<\/p><\/div>\n<\/p><\/div>\n<\/p><\/div>\n<\/p><\/div>\n<\/p><\/div>\n<\/p><\/div>\n<\/p><\/div>\n<\/p><\/div>\n<\/p><\/div>\n<\/p><\/div>\n<\/p><\/div>\n<\/p><\/div>\n<\/p><\/div>\n<\/div>\n<p><\/div>\n<\/div>\n","protected":false},"excerpt":{"rendered":"<p>PRODUCT PARAMETERS WEIGHT:About&nbsp;112g. MATERIAL:Alloy+ABS+Toughened glass INPUT VOLTAGE\/ CURRENT: 5V2A,9V\/1.67A MAGNETIC SUCTION HEAD INPUT VOLTAGE: DC 5V\/2A OUTPUT POWER: 66W,15W,10W,,7. 5W,5W(Automatic identification) CHARGING POWER:110K-205KHZ CHARGING DISTANCE: 0-8mm Features: 1.Automatically adapt to 5W\/7.5W\/10W\/15W wireless charging power and up to 66W magnetic charging. 2.Dual Mode Charging:Wireless fast charging +Magnetic direct charging. 3.Built-in lithium battery:The bracket can continue to&hellip;&nbsp;<\/p>\n","protected":false},"featured_media":26428,"template":"","meta":{"neve_meta_sidebar":"","neve_meta_container":"","neve_meta_enable_content_width":"","neve_meta_content_width":0,"neve_meta_title_alignment":"","neve_meta_author_avatar":"","neve_post_elements_order":"","neve_meta_disable_header":"","neve_meta_disable_footer":"","neve_meta_disable_title":""},"product_brand":[],"product_cat":[25,17,96],"product_tag":[],"class_list":{"0":"post-26434","1":"product","2":"type-product","3":"status-publish","4":"has-post-thumbnail","6":"product_cat-acessorios-do-interior","7":"product_cat-pecas-e-acessorios-automotivos","8":"product_cat-suportes","10":"first","11":"instock","12":"shipping-taxable","13":"purchasable","14":"product-type-variable","15":"has-default-attributes"},"jetpack_sharing_enabled":true,"_links":{"self":[{"href":"https:\/\/listman.shop\/autoparts-br\/wp-json\/wp\/v2\/product\/26434","targetHints":{"allow":["GET"]}}],"collection":[{"href":"https:\/\/listman.shop\/autoparts-br\/wp-json\/wp\/v2\/product"}],"about":[{"href":"https:\/\/listman.shop\/autoparts-br\/wp-json\/wp\/v2\/types\/product"}],"wp:featuredmedia":[{"embeddable":true,"href":"https:\/\/listman.shop\/autoparts-br\/wp-json\/wp\/v2\/media\/26428"}],"wp:attachment":[{"href":"https:\/\/listman.shop\/autoparts-br\/wp-json\/wp\/v2\/media?parent=26434"}],"wp:term":[{"taxonomy":"product_brand","embeddable":true,"href":"https:\/\/listman.shop\/autoparts-br\/wp-json\/wp\/v2\/product_brand?post=26434"},{"taxonomy":"product_cat","embeddable":true,"href":"https:\/\/listman.shop\/autoparts-br\/wp-json\/wp\/v2\/product_cat?post=26434"},{"taxonomy":"product_tag","embeddable":true,"href":"https:\/\/listman.shop\/autoparts-br\/wp-json\/wp\/v2\/product_tag?post=26434"}],"curies":[{"name":"wp","href":"https:\/\/api.w.org\/{rel}","templated":true}]}}