{"id":26529,"date":"2025-03-10T10:49:04","date_gmt":"2025-03-10T01:49:04","guid":{"rendered":"https:\/\/listman.shop\/autoparts-br\/product\/1005006565267873\/"},"modified":"2026-05-07T17:03:07","modified_gmt":"2026-05-07T08:03:07","slug":"1005006565267873","status":"publish","type":"product","link":"https:\/\/listman.shop\/autoparts-br\/product\/1005006565267873\/","title":{"rendered":"10x carga amarrando superf\u00edcie montagem d anel grampo amarrar reboque de anel para vans caminh\u00f5es caixa de cavalo barco cordas prendedor de carro clipe"},"content":{"rendered":"<div class=\"detailmodule_html\">\n<div class=\"detail-desc-decorate-richtext\">\n<p>10x carga amarra\u00e7\u00e3o superf\u00edcie montagem d anel grampo amarrar anel reboques para vans caminh\u00f5es caixa de cavalo barco cordas clipe de fixa\u00e7\u00e3o do carro<\/p>\n<p><span><span style=\"font-size:20px\"><strong>Especifica\u00e7\u00f5es<\/strong><\/span><\/span>:<br \/><strong>Tipo:<\/strong>Anel de amarra\u00e7\u00e3o<br \/><strong>Material:<\/strong>Metal &#8211; Galvanizado<br \/><strong>Cor:<\/strong>Prata<br \/><strong>Tamanho do anel:<\/strong>4,5 cm x 4 cm x 0,6 x m<br \/><strong>Tamanho da presilha:<\/strong>6cm x 2cm<br \/><strong>Di\u00e2metro do furo:<\/strong>0,63 cm<br \/><strong>Quantidade de unidades:<\/strong>10x<\/p>\n<p><span><span style=\"font-size:20px\"><strong>Caracter\u00edsticas:<\/strong><\/span><\/span><br \/>1.D Anel com constru\u00e7\u00e3o em a\u00e7o de alta resist\u00eancia para resist\u00eancia e longevidade, pode suportar uma carga de at\u00e9 6.000 libras.<br \/>2. fabricado em a\u00e7o s\u00f3lido zincado excepcionalmente resistente, para evitar corros\u00e3o e ferrugem.<br \/>3. Adicione um ponto de ancoragem conveniente para cordas, cordas el\u00e1sticas ou tiras.Amplamente utilizado como \u00e2ncoras de amarra\u00e7\u00e3o em caminh\u00f5es, picapes.<br \/>caiaques, ATVs, campistas, vans, barcos e reboques.<\/p>\n<p>Montagem: caminh\u00f5es, reboques, caixas de cavalo para nomear alguns, etc.<\/p>\n<p><span style=\"font-size:20px\"><strong>O pacote inclui:<\/strong><\/span><br \/>10 x anel de amarra\u00e7\u00e3o<\/p>\n<p><img data-recalc-dims=\"1\" decoding=\"async\" style=\"width:800px\"  src=\"https:\/\/i0.wp.com\/ae01.alicdn.com\/kf\/H9bf002f3c92841f19ed172887f099131J.jpg?w=1200\"><img data-recalc-dims=\"1\" decoding=\"async\" style=\"width:800px\"  src=\"https:\/\/i0.wp.com\/ae01.alicdn.com\/kf\/H0ff9986c71ae47d58eb0bb3525b4cfa92.jpg?w=1200\"><img data-recalc-dims=\"1\" decoding=\"async\" style=\"width:800px\"  src=\"https:\/\/i0.wp.com\/ae01.alicdn.com\/kf\/H071c608efccc4b68ad3242392c9f2856y.jpg?w=1200\"><img data-recalc-dims=\"1\" decoding=\"async\" style=\"width:800px\"  src=\"https:\/\/i0.wp.com\/ae01.alicdn.com\/kf\/H562d535b566b4bb0a4cba00ebf45d669L.jpg?w=1200\"><img data-recalc-dims=\"1\" decoding=\"async\" style=\"width:800px\"  src=\"https:\/\/i0.wp.com\/ae01.alicdn.com\/kf\/H3db5c7dd9bcd44a8aec9aed5adb5af16c.jpg?w=1200\"><img data-recalc-dims=\"1\" decoding=\"async\" style=\"width:800px\"  src=\"https:\/\/i0.wp.com\/ae01.alicdn.com\/kf\/H69c49433f6a14e1e888cc6b8e4135d94S.jpg?w=1200\"><\/p>\n<p style=\"margin-bottom:12pt\" class=\"p\"><strong><span style=\"font-size:18pt\"><span><span><span>nota:<\/span><\/span><\/span><\/span><\/strong><br \/><span style=\"font-size:12pt\"><span>1.Devido \u00e0 medi\u00e7\u00e3o manual, permita uma diferen\u00e7a de 1-2cm.<\/span><\/span><br \/><span style=\"font-size:12pt\"><span>2.Devido a muitos fatores, como resolu\u00e7\u00e3o, brilho, contraste da tela do computador,<\/span><\/span><br \/><span style=\"font-size:12pt\"><span>a cor verdadeira pode ser ligeiramente diferente da imagem.Para a cor final, consulte nosso produto real.<\/span><\/span><\/p>\n<p><strong><span style=\"font-size:18pt\"><span><span><span>Sobre compras e compras<\/span><\/span><\/span><\/span><\/strong><br \/><span style=\"font-size:12pt\"><span>Temos nossa pr\u00f3pria f\u00e1brica, que pode oferecer produtos e servi\u00e7os de alta qualidade.<\/span><\/span><br \/><span style=\"font-size:12pt\"><span>Se voc\u00ea tiver muitas necessidades e servi\u00e7os personalizados, entre em contato conosco diretamente e esperamos trabalhar com voc\u00ea em profundidade<\/span><\/span><\/p>\n<p><strong><span style=\"font-size:18pt\"><span><span><span>Sobre feedback<\/span><\/span><\/span><\/span><\/strong><br \/><span style=\"font-size:12pt\"><span>Mantemos um alto n\u00edvel de excel\u00eancia e buscamos 100% de satisfa\u00e7\u00e3o do cliente!Portanto,<\/span><\/span><br \/><span style=\"font-size:12pt\"><span>por favor, n\u00e3o levante obje\u00e7\u00f5es facilmente ou nos d\u00ea feedback negativo ou neutro.O feedback negativo n\u00e3o pode resolver nenhum problema.<\/span><\/span><br \/><span style=\"font-size:12pt\"><span>Se voc\u00ea n\u00e3o estiver satisfeito com nossos produtos, entre em contato conosco primeiro e lhe forneceremos uma solu\u00e7\u00e3o satisfat\u00f3ria.Obrigado,<\/span><\/span><br \/><span style=\"font-size:12pt\"><span>Desejo-lhe boas compras!<\/span><\/span><\/p>\n<p><span style=\"font-size:12pt\"><span>Se voc\u00ea estiver satisfeito, por favor nos d\u00ea um elogio de cinco estrelas! Seu apoio \u00e9 a nossa motiva\u00e7\u00e3o para persistir nesta loja!<\/p>\n<p><\/span><\/span><img data-recalc-dims=\"1\" decoding=\"async\" style=\"width:800px\"  src=\"https:\/\/i0.wp.com\/ae01.alicdn.com\/kf\/H87d329b2c3dd4a76b84e491bf44798d6M.jpg?w=1200\"><\/p>\n<p><\/p>\n<\/div>\n<\/div>\n","protected":false},"excerpt":{"rendered":"<p>10x carga amarra\u00e7\u00e3o superf\u00edcie montagem d anel grampo amarrar anel reboques para vans caminh\u00f5es caixa de cavalo barco cordas clipe de fixa\u00e7\u00e3o do carro Especifica\u00e7\u00f5es:Tipo:Anel de amarra\u00e7\u00e3oMaterial:Metal &#8211; GalvanizadoCor:PrataTamanho do anel:4,5 cm x 4 cm x 0,6 x mTamanho da presilha:6cm x 2cmDi\u00e2metro do furo:0,63 cmQuantidade de unidades:10x Caracter\u00edsticas:1.D Anel com constru\u00e7\u00e3o em a\u00e7o de&hellip;&nbsp;<\/p>\n","protected":false},"featured_media":26523,"template":"","meta":{"neve_meta_sidebar":"","neve_meta_container":"","neve_meta_enable_content_width":"","neve_meta_content_width":0,"neve_meta_title_alignment":"","neve_meta_author_avatar":"","neve_post_elements_order":"","neve_meta_disable_header":"","neve_meta_disable_footer":"","neve_meta_disable_title":""},"product_brand":[],"product_cat":[25,17,105],"product_tag":[],"class_list":{"0":"post-26529","1":"product","2":"type-product","3":"status-publish","4":"has-post-thumbnail","6":"product_cat-acessorios-do-interior","7":"product_cat-pecas-e-acessorios-automotivos","8":"product_cat-prendedor-automatico-e-clipe","10":"first","11":"instock","12":"shipping-taxable","13":"purchasable","14":"product-type-variable","15":"has-default-attributes"},"jetpack_sharing_enabled":true,"_links":{"self":[{"href":"https:\/\/listman.shop\/autoparts-br\/wp-json\/wp\/v2\/product\/26529","targetHints":{"allow":["GET"]}}],"collection":[{"href":"https:\/\/listman.shop\/autoparts-br\/wp-json\/wp\/v2\/product"}],"about":[{"href":"https:\/\/listman.shop\/autoparts-br\/wp-json\/wp\/v2\/types\/product"}],"wp:featuredmedia":[{"embeddable":true,"href":"https:\/\/listman.shop\/autoparts-br\/wp-json\/wp\/v2\/media\/26523"}],"wp:attachment":[{"href":"https:\/\/listman.shop\/autoparts-br\/wp-json\/wp\/v2\/media?parent=26529"}],"wp:term":[{"taxonomy":"product_brand","embeddable":true,"href":"https:\/\/listman.shop\/autoparts-br\/wp-json\/wp\/v2\/product_brand?post=26529"},{"taxonomy":"product_cat","embeddable":true,"href":"https:\/\/listman.shop\/autoparts-br\/wp-json\/wp\/v2\/product_cat?post=26529"},{"taxonomy":"product_tag","embeddable":true,"href":"https:\/\/listman.shop\/autoparts-br\/wp-json\/wp\/v2\/product_tag?post=26529"}],"curies":[{"name":"wp","href":"https:\/\/api.w.org\/{rel}","templated":true}]}}