{"id":26609,"date":"2025-03-10T10:51:27","date_gmt":"2025-03-10T01:51:27","guid":{"rendered":"https:\/\/listman.shop\/autoparts-br\/product\/1005006692889013\/"},"modified":"2026-04-14T09:16:06","modified_gmt":"2026-04-14T00:16:06","slug":"1005006692889013","status":"publish","type":"product","link":"https:\/\/listman.shop\/autoparts-br\/product\/1005006692889013\/","title":{"rendered":"TomoStrong para tesla modelo 3 y 2021-2023 27w carregador r\u00e1pido usb shunt hub esta\u00e7\u00e3o de encaixe inteligente adaptador de carro acess\u00f3rios"},"content":{"rendered":"<div class=\"detailmodule_html\">\n<div class=\"detail-desc-decorate-richtext\"><\/p>\n<div>\n <strong><span style=\"font-size:20px\" id=\"tl_1\">TomoStrong For Tesla Model 3 Y 2021-2023 27W Quick Charger USB Shunt Hub Intelligent Docking Station Car Adapter Accessories<\/span><\/strong><\/p>\n<div class=\"detailmodule_media\">\n<div class=\"video-container-1100151663602\">\n<div class=\"detail-video\" id=\"1100151663602\" data-previewurl=\"https:\/\/ae01.alicdn.com\/kf\/S52c32d8745e54fdc8b9a1eed21f7d1b93.jpg\"><\/div>\n<\/p><\/div>\n<\/p><\/div>\n<p> <img data-recalc-dims=\"1\" loading=\"lazy\" decoding=\"async\" width=\"930\" height=\"930\" src=\"https:\/\/i0.wp.com\/ae01.alicdn.com\/kf\/S68baa87fd69f4ca983698c04a818e1feo.jpg?resize=930%2C930&#038;ssl=1\" \/><br \/>\n <img data-recalc-dims=\"1\" loading=\"lazy\" decoding=\"async\" width=\"930\" height=\"930\" src=\"https:\/\/i0.wp.com\/ae01.alicdn.com\/kf\/Se339d7ab528b43c6a7249ae913111efbJ.jpg?resize=930%2C930&#038;ssl=1\" \/><br \/>\n <img data-recalc-dims=\"1\" loading=\"lazy\" decoding=\"async\" width=\"930\" height=\"930\" src=\"https:\/\/i0.wp.com\/ae01.alicdn.com\/kf\/S87454f9dc58441c4bedf736a6e9787dd2.jpg?resize=930%2C930&#038;ssl=1\" \/><br \/>\n <img data-recalc-dims=\"1\" loading=\"lazy\" decoding=\"async\" width=\"930\" height=\"930\" src=\"https:\/\/i0.wp.com\/ae01.alicdn.com\/kf\/S70359d082115480ab16c96418cfd91df5.jpg?resize=930%2C930&#038;ssl=1\" \/><br \/>\n <img data-recalc-dims=\"1\" loading=\"lazy\" decoding=\"async\" width=\"930\" height=\"930\" src=\"https:\/\/i0.wp.com\/ae01.alicdn.com\/kf\/S3d10d4d5b2c5469a846543cdf0f1da91k.jpg?resize=930%2C930&#038;ssl=1\" \/><br \/>\n <img data-recalc-dims=\"1\" loading=\"lazy\" decoding=\"async\" width=\"930\" height=\"930\" src=\"https:\/\/i0.wp.com\/ae01.alicdn.com\/kf\/Sace9d5de81df4a04ac6cdc9121b1c3ceL.jpg?resize=930%2C930&#038;ssl=1\" \/><br \/>\n <img data-recalc-dims=\"1\" loading=\"lazy\" decoding=\"async\" width=\"930\" height=\"930\" src=\"https:\/\/i0.wp.com\/ae01.alicdn.com\/kf\/S04b60d3eaea94c8cb98fe8f2305dde3eA.jpg?resize=930%2C930&#038;ssl=1\" \/><br \/>\n <img data-recalc-dims=\"1\" decoding=\"async\" src=\"https:\/\/i0.wp.com\/ae01.alicdn.com\/kf\/S16f86ef3cae440439040767c61c1adeec.jpg?w=1200&#038;ssl=1\" \/>\n<\/div>\n<div class=\"detailmodule_html\">\n<div class=\"detail-desc-decorate-richtext\">\n<div class=\"detailmodule_html\">\n<div class=\"detail-desc-decorate-richtext\">\n<div>\n     \n    <\/div>\n<div><\/div>\n<\/p><\/div>\n<\/p><\/div>\n<p><\/p>\n<div>\n   \n  <\/div>\n<\/p><\/div>\n<\/div>\n<p><\/p>\n<p><\/div>\n<\/div>\n","protected":false},"excerpt":{"rendered":"<p>TomoStrong For Tesla Model 3 Y 2021-2023 27W Quick Charger USB Shunt Hub Intelligent Docking Station Car Adapter Accessories<\/p>\n","protected":false},"featured_media":26603,"template":"","meta":{"neve_meta_sidebar":"","neve_meta_container":"","neve_meta_enable_content_width":"","neve_meta_content_width":0,"neve_meta_title_alignment":"","neve_meta_author_avatar":"","neve_post_elements_order":"","neve_meta_disable_header":"","neve_meta_disable_footer":"","neve_meta_disable_title":""},"product_brand":[],"product_cat":[25,93,17],"product_tag":[],"class_list":{"0":"post-26609","1":"product","2":"type-product","3":"status-publish","4":"has-post-thumbnail","6":"product_cat-acessorios-do-interior","7":"product_cat-decoracao-interior-do-carro-acessorios","8":"product_cat-pecas-e-acessorios-automotivos","10":"first","11":"instock","12":"shipping-taxable","13":"purchasable","14":"product-type-variable","15":"has-default-attributes"},"jetpack_sharing_enabled":true,"_links":{"self":[{"href":"https:\/\/listman.shop\/autoparts-br\/wp-json\/wp\/v2\/product\/26609","targetHints":{"allow":["GET"]}}],"collection":[{"href":"https:\/\/listman.shop\/autoparts-br\/wp-json\/wp\/v2\/product"}],"about":[{"href":"https:\/\/listman.shop\/autoparts-br\/wp-json\/wp\/v2\/types\/product"}],"wp:featuredmedia":[{"embeddable":true,"href":"https:\/\/listman.shop\/autoparts-br\/wp-json\/wp\/v2\/media\/26603"}],"wp:attachment":[{"href":"https:\/\/listman.shop\/autoparts-br\/wp-json\/wp\/v2\/media?parent=26609"}],"wp:term":[{"taxonomy":"product_brand","embeddable":true,"href":"https:\/\/listman.shop\/autoparts-br\/wp-json\/wp\/v2\/product_brand?post=26609"},{"taxonomy":"product_cat","embeddable":true,"href":"https:\/\/listman.shop\/autoparts-br\/wp-json\/wp\/v2\/product_cat?post=26609"},{"taxonomy":"product_tag","embeddable":true,"href":"https:\/\/listman.shop\/autoparts-br\/wp-json\/wp\/v2\/product_tag?post=26609"}],"curies":[{"name":"wp","href":"https:\/\/api.w.org\/{rel}","templated":true}]}}