{"id":26670,"date":"2025-03-10T10:53:23","date_gmt":"2025-03-10T01:53:23","guid":{"rendered":"https:\/\/listman.shop\/autoparts-br\/product\/1005006859922604\/"},"modified":"2026-05-04T10:01:11","modified_gmt":"2026-05-04T01:01:11","slug":"1005006859922604","status":"publish","type":"product","link":"https:\/\/listman.shop\/autoparts-br\/product\/1005006859922604\/","title":{"rendered":"Cama de acampamento para carro, colch\u00e3o de viagem dobr\u00e1vel, n\u00e3o infl\u00e1vel, colch\u00e3o extra longo, casal para suv, tesla, modelo y\/3, tapete de ve\u00edculo"},"content":{"rendered":"<div class=\"detailmodule_html\">\n<div class=\"detail-desc-decorate-richtext\">\n<p>Descri\u00e7\u00e3o:<\/p>\n<p>1.Armazenamento compacto: Dobr\u00e1vel para armazenamento compacto.Quando n\u00e3o estiver em uso, voc\u00ea pode carreg\u00e1-lo em seu caminh\u00e3o e ainda ter muito espa\u00e7o.Al\u00e9m disso, pode ser dobrado e guardado no encosto do banco para facilitar o pr\u00f3ximo uso.<\/p>\n<p><\/p>\n<p>2.Design de bolsa de armazenamento: Nosso tapete de dormir para carro foi projetado com uma bolsa de armazenamento, por isso \u00e9 conveniente colocar seus pertences na bolsa de armazenamento quando voc\u00ea fizer uma pausa e manter seu carro desordenado.<\/p>\n<p><\/p>\n<p>3.Malha lateral: Dormindo no carro, o tapete \u00e9 equipado com malha nos lados esquerdo e direito para evitar efetivamente que os itens caiam durante o descanso, proporcionando uma experi\u00eancia de sono mais segura e confort\u00e1vel.<\/p>\n<p><\/p>\n<p>4.Forte:Nossos tapetes noturnos para carros s\u00e3o feitos de materiais fortes e n\u00e3o destrutivos e n\u00e3o deslizam facilmente, n\u00e3o importa o quanto voc\u00ea os puxe.Voc\u00ea pode ajustar livremente a posi\u00e7\u00e3o e o \u00e2ngulo da almofada de dormir no carro de acordo com suas necessidades e prefer\u00eancias, tornando sua viagem de carro mais confort\u00e1vel e conveniente.<\/p>\n<p><\/p>\n<p>5.\u00datil em uma variedade de cenas: pesca, camping, praia, dormir no carro, dirigir de longa dist\u00e2ncia e muito mais.Tenha um sono confort\u00e1vel a qualquer hora e em qualquer lugar.Tamanho expandido: Aprox.40cmx126cm\/40cmx60cm; Compacto, compat\u00edvel com a maioria dos carros, sedans, SUVs, etc.Verifique o tamanho do seu carro antes de comprar.<\/p>\n<p><\/p>\n<p>Descri\u00e7\u00e3o<\/p>\n<p>Para tesla camping colch\u00e3o cabe\u00e7a guarda modelo y\/3 decora\u00e7\u00e3o interior acess\u00f3rios modifica\u00e7\u00e3o<\/p>\n<p>Nome: bloco de cabe\u00e7a especial para colch\u00e3o de camping<\/p>\n<p>Material: flanela<\/p>\n<p>Cor: cinza, preto<\/p>\n<p>Modelo de instala\u00e7\u00e3o: n\u00e3o aplic\u00e1vel apenas a Teslabut, tamb\u00e9m a Chevrolet, Ford, Honda, Toyota, Nissan, BMW, Mercedes Benz, Audi, Volkswagen, etc.<\/p>\n<p>Instala\u00e7\u00e3o: instala\u00e7\u00e3o n\u00e3o destrutiva<\/p>\n<p>O pacote inclui.<\/p>\n<p>1pcs * almofada de cama de carro<\/p>\n<p>1pcs * saco de armazenamento<\/p>\n<p><img data-recalc-dims=\"1\" decoding=\"async\" src=\"https:\/\/i0.wp.com\/ae01.alicdn.com\/kf\/Sad6dc10a13ef4fc0b59b75abb1ad3fcea.jpg?w=1200&#038;ssl=1\"><img data-recalc-dims=\"1\" decoding=\"async\" src=\"https:\/\/i0.wp.com\/ae01.alicdn.com\/kf\/S390ae8a8b5824e369ef8a1c788a0b23fX.jpg?w=1200&#038;ssl=1\"><img data-recalc-dims=\"1\" decoding=\"async\" src=\"https:\/\/i0.wp.com\/ae01.alicdn.com\/kf\/S6e143db4993f40a6aa6c8581cea7aa57e.jpg?w=1200&#038;ssl=1\"><img data-recalc-dims=\"1\" decoding=\"async\" src=\"https:\/\/i0.wp.com\/ae01.alicdn.com\/kf\/S1c0043df873d44028bd75253907b45c4f.jpg?w=1200&#038;ssl=1\"><img data-recalc-dims=\"1\" decoding=\"async\" src=\"https:\/\/i0.wp.com\/ae01.alicdn.com\/kf\/S42e40dce9a3d413099be4698617ca9b6K.jpg?w=1200&#038;ssl=1\"><img data-recalc-dims=\"1\" decoding=\"async\" src=\"https:\/\/i0.wp.com\/ae01.alicdn.com\/kf\/S1483628ee0af496fb98d1d219008117dG.jpg?w=1200&#038;ssl=1\"><img data-recalc-dims=\"1\" decoding=\"async\" src=\"https:\/\/i0.wp.com\/ae01.alicdn.com\/kf\/Sf2e2c1e2291b4a5798c8e544eda538b1a.jpg?w=1200&#038;ssl=1\"><img data-recalc-dims=\"1\" decoding=\"async\" src=\"https:\/\/i0.wp.com\/ae01.alicdn.com\/kf\/Sb962b4b329904944804417db39227fa9B.jpg?w=1200&#038;ssl=1\"><\/p>\n<p><\/p>\n<\/div>\n<\/div>\n","protected":false},"excerpt":{"rendered":"<p>Descri\u00e7\u00e3o: 1.Armazenamento compacto: Dobr\u00e1vel para armazenamento compacto.Quando n\u00e3o estiver em uso, voc\u00ea pode carreg\u00e1-lo em seu caminh\u00e3o e ainda ter muito espa\u00e7o.Al\u00e9m disso, pode ser dobrado e guardado no encosto do banco para facilitar o pr\u00f3ximo uso. 2.Design de bolsa de armazenamento: Nosso tapete de dormir para carro foi projetado com uma bolsa de armazenamento,&hellip;&nbsp;<\/p>\n","protected":false},"featured_media":26664,"template":"","meta":{"neve_meta_sidebar":"","neve_meta_container":"","neve_meta_enable_content_width":"","neve_meta_content_width":0,"neve_meta_title_alignment":"","neve_meta_author_avatar":"","neve_post_elements_order":"","neve_meta_disable_header":"","neve_meta_disable_footer":"","neve_meta_disable_title":""},"product_brand":[],"product_cat":[25,167,17],"product_tag":[],"class_list":{"0":"post-26670","1":"product","2":"type-product","3":"status-publish","4":"has-post-thumbnail","6":"product_cat-acessorios-do-interior","7":"product_cat-automovel-interior-outros","8":"product_cat-pecas-e-acessorios-automotivos","10":"first","11":"instock","12":"shipping-taxable","13":"purchasable","14":"product-type-variable","15":"has-default-attributes"},"jetpack_sharing_enabled":true,"_links":{"self":[{"href":"https:\/\/listman.shop\/autoparts-br\/wp-json\/wp\/v2\/product\/26670","targetHints":{"allow":["GET"]}}],"collection":[{"href":"https:\/\/listman.shop\/autoparts-br\/wp-json\/wp\/v2\/product"}],"about":[{"href":"https:\/\/listman.shop\/autoparts-br\/wp-json\/wp\/v2\/types\/product"}],"wp:featuredmedia":[{"embeddable":true,"href":"https:\/\/listman.shop\/autoparts-br\/wp-json\/wp\/v2\/media\/26664"}],"wp:attachment":[{"href":"https:\/\/listman.shop\/autoparts-br\/wp-json\/wp\/v2\/media?parent=26670"}],"wp:term":[{"taxonomy":"product_brand","embeddable":true,"href":"https:\/\/listman.shop\/autoparts-br\/wp-json\/wp\/v2\/product_brand?post=26670"},{"taxonomy":"product_cat","embeddable":true,"href":"https:\/\/listman.shop\/autoparts-br\/wp-json\/wp\/v2\/product_cat?post=26670"},{"taxonomy":"product_tag","embeddable":true,"href":"https:\/\/listman.shop\/autoparts-br\/wp-json\/wp\/v2\/product_tag?post=26670"}],"curies":[{"name":"wp","href":"https:\/\/api.w.org\/{rel}","templated":true}]}}