{"id":26839,"date":"2025-03-10T10:58:00","date_gmt":"2025-03-10T01:58:00","guid":{"rendered":"https:\/\/listman.shop\/autoparts-br\/product\/1005007175649566\/"},"modified":"2026-04-14T09:47:05","modified_gmt":"2026-04-14T00:47:05","slug":"1005007175649566","status":"publish","type":"product","link":"https:\/\/listman.shop\/autoparts-br\/product\/1005007175649566\/","title":{"rendered":"Saco de armazenamento de mudan\u00e7a de engrenagem do carro organizador bandeja recipiente para suzuki jimny 2019-2024 jb64 jb74 estiva arruma\u00e7\u00e3o acess\u00f3rios interiores"},"content":{"rendered":"<div class=\"detailmodule_html\">\n<div class=\"detail-desc-decorate-richtext\">\n<p><span style=\"font-size:26px;font-family:arial, helvetica, sans-serif\"><strong>Saco de armazenamento de mudan\u00e7a de marcha do carro organizador bandeja recipiente para suzuki jimny 2019-2024 jb64 jb74 guardar arruma\u00e7\u00e3o acess\u00f3rios interiores<\/strong><\/span><\/p>\n<p><span style=\"font-size:24px;font-family:arial, helvetica, sans-serif\"><strong>Recurso<\/strong><\/span><\/p>\n<ul>\n<li>\n<p><span style=\"font-size:18px;font-family:arial, helvetica, sans-serif\">1. material de tecido oxford, n\u00e3o enferruja, longo tempo de uso, tem excelente resist\u00eancia ao desgaste, boa estabilidade dimensional e resist\u00eancia ao \u00f3leo<\/span><\/p>\n<\/li>\n<li>\n<p><span style=\"font-size:18px;font-family:arial, helvetica, sans-serif\">2. adequado para suquiiki jimny 2019 2020 2021 2022 2023 2024 jb64 jb74 acess\u00f3rios interiores do carro<\/span><\/p>\n<\/li>\n<li>\n<p><span style=\"font-size:18px;font-family:arial, helvetica, sans-serif\">3.Quando voc\u00ea tem um passageiro, tem um celular ou carteira sem nenhum outro lugar para coloc\u00e1-los, isso ajuda muito<\/span><\/p>\n<\/li>\n<li>\n<p><span style=\"font-size:18px;font-family:arial, helvetica, sans-serif\">4. bolsa de armazenamento multifuncional, \u00e9 mais conveniente para voc\u00ea encontrar itens pequenos, como telefones celulares durante a condu\u00e7\u00e3o<\/span><\/p>\n<\/li>\n<li>\n<p><span style=\"font-size:18px;font-family:arial, helvetica, sans-serif\"><span style=\"font-size:18px;font-family:arial, helvetica, sans-serif\">5.Temos um rigoroso sistema de controle de qualidade para garantir qualidade est\u00e1vel.Voc\u00ea ficar\u00e1 satisfeito com nosso produto!Se voc\u00ea n\u00e3o estiver totalmente satisfeito, forneceremos um reembolso ou substitui\u00e7\u00e3o imediata sem problemas.<\/span><\/span><\/p>\n<\/li>\n<\/ul>\n<p><span style=\"font-size:24px;font-family:arial, helvetica, sans-serif\"><strong><span style=\"font-size:24px;font-family:arial, helvetica, sans-serif\">Nota:<\/span><\/strong><\/span><\/p>\n<p><span style=\"font-size:18px;font-family:arial, helvetica, sans-serif\"><span style=\"font-size:18px;font-family:arial, helvetica, sans-serif\">1.Se voc\u00ea n\u00e3o estiver satisfeito com nosso produto ou tiver pedido um item errado.Por favor, avise-nos primeiro enviando mensagem ou e-mail.Responderemos dentro de 24 horas e ofereceremos nossos melhores servi\u00e7os.<\/span><\/span><\/p>\n<p><span style=\"font-size:18px;font-family:arial, helvetica, sans-serif\"><span style=\"font-size:18px;font-family:arial, helvetica, sans-serif\">2.Se voc\u00ea estiver satisfeito com nossos produtos, deixe-nos seu valioso feedback ou avalia\u00e7\u00e3o do produto.Agradecemos seu apoio.<\/span><\/span><\/p>\n<p><span style=\"font-size:18px;font-family:arial, helvetica, sans-serif\"><span style=\"font-size:18px;font-family:arial, helvetica, sans-serif\">3.Antes de deixar um feedback negativo, entre em contato conosco primeiro sobre seu problema e responderemos o mais r\u00e1pido poss\u00edvel para descobrir a melhor maneira de resolv\u00ea-lo.<\/span><\/span><\/p>\n<p><\/p>\n<div style=\"font-family:arial;font-size:14px;font-weight:400;letter-spacing:normal;line-height:inherit;text-align:start;white-space:normal;border:0px;margin:0px;margin-bottom:0px;margin-top:0px;margin-left:0px;margin-right:0px;padding:0px;padding-bottom:0px;padding-top:0px;padding-left:0px;padding-right:0px\" align=\"start\">\n<div style=\"font-family:arial;font-size:14px;font-weight:400;letter-spacing:normal;line-height:inherit;text-align:start;white-space:normal;border:0px;margin:0px;margin-bottom:0px;margin-top:0px;margin-left:0px;margin-right:0px;padding:0px;padding-bottom:0px;padding-top:0px;padding-left:0px;padding-right:0px\" align=\"start\">\n<div style=\"font-family:arial;font-size:14px;font-weight:400;letter-spacing:normal;line-height:inherit;text-align:start;white-space:normal;border:0px;margin:0px;margin-bottom:0px;margin-top:0px;margin-left:0px;margin-right:0px;padding:0px;padding-bottom:0px;padding-top:0px;padding-left:0px;padding-right:0px\" align=\"start\">\n<div style=\"font-family:arial;font-size:14px;font-weight:400;letter-spacing:normal;line-height:inherit;text-align:start;white-space:normal;border:0px;margin:0px;margin-bottom:0px;margin-top:0px;margin-left:0px;margin-right:0px;padding:0px;padding-bottom:0px;padding-top:0px;padding-left:0px;padding-right:0px\" align=\"start\">\n<p><span style=\"font-size:14px;, Roboto, Arial, Helvetica, sans-serif, SimSun\"><strong><span style=\"font-size:24px;font-family:arial, helvetica, sans-serif\">Show de imagens<\/span><\/strong><\/span><\/p>\n<p><img data-recalc-dims=\"1\" decoding=\"async\" src=\"https:\/\/i0.wp.com\/ae01.alicdn.com\/kf\/S77f01407bbf041fb8b20edf5b214e4dcr.jpg?w=1200&#038;ssl=1\"><img data-recalc-dims=\"1\" decoding=\"async\" src=\"https:\/\/i0.wp.com\/ae01.alicdn.com\/kf\/S50cc4f503e754ee58f60f59ff89b314dB.jpg?w=1200&#038;ssl=1\"><img data-recalc-dims=\"1\" decoding=\"async\" src=\"https:\/\/i0.wp.com\/ae01.alicdn.com\/kf\/S256e6602fea443debff2db102c3b15f9t.jpg?w=1200&#038;ssl=1\"><img data-recalc-dims=\"1\" decoding=\"async\" src=\"https:\/\/i0.wp.com\/ae01.alicdn.com\/kf\/Sbe487099f80c40f09f348dae97209ff3R.jpg?w=1200&#038;ssl=1\"><img data-recalc-dims=\"1\" decoding=\"async\" src=\"https:\/\/i0.wp.com\/ae01.alicdn.com\/kf\/Sd0d56979f70847949e646f6f14801dc8Z.jpg?w=1200&#038;ssl=1\"><img data-recalc-dims=\"1\" decoding=\"async\" src=\"https:\/\/i0.wp.com\/ae01.alicdn.com\/kf\/S273aa9ab521c45c2a982cf7d0c142ff3O.jpg?w=1200&#038;ssl=1\"><img data-recalc-dims=\"1\" decoding=\"async\" src=\"https:\/\/i0.wp.com\/ae01.alicdn.com\/kf\/Se8f70c3abfac489f82627a9ed304400fh.jpg?w=1200&#038;ssl=1\"><img data-recalc-dims=\"1\" decoding=\"async\" src=\"https:\/\/i0.wp.com\/ae01.alicdn.com\/kf\/Sdb4e2fead8b84440a026f657f2c446289.jpg?w=1200&#038;ssl=1\"><\/p>\n<div><\/div>\n<div style=\"font-family:arial;font-size:14px;font-weight:400;letter-spacing:normal;line-height:inherit;text-align:start;white-space:normal;border:0px;margin:0px;margin-bottom:0px;margin-top:0px;margin-left:0px;margin-right:0px;padding:0px;padding-bottom:0px;padding-top:0px;padding-left:0px;padding-right:0px\" align=\"start\">\n<p><strong><span style=\"font-size:24px;font-family:arial, helvetica, sans-serif\">Contate-nos<\/span><\/strong><\/p>\n<p style=\"font-family:arial;font-size:14px;font-weight:400;letter-spacing:normal;line-height:inherit;text-align:start;white-space:normal;margin:0px;margin-bottom:0px;margin-top:0px;margin-left:0px;margin-right:0px;padding:0px;padding-bottom:0px;padding-top:0px;padding-left:0px;padding-right:0px\" align=\"start\"><span style=\"font-size:16px\"><span style=\"font-size:16px;font-family:arial, helvetica, sans-serif\">1.Uma experi\u00eancia de compra centrada no cliente sempre foi nosso objetivo e queremos que voc\u00ea fique totalmente satisfeito com cada item que compra online em nossa loja.<\/span><\/span><\/p>\n<p style=\"font-family:arial;font-size:14px;font-weight:400;letter-spacing:normal;line-height:inherit;text-align:start;white-space:normal;margin:0px;margin-bottom:0px;margin-top:0px;margin-left:0px;margin-right:0px;padding:0px;padding-bottom:0px;padding-top:0px;padding-left:0px;padding-right:0px\" align=\"start\"><span style=\"font-size:16px\"><span style=\"font-size:16px;font-family:arial, helvetica, sans-serif\">2.Responderemos dentro de 12 a 24 horas.(exceto finais de semana e feriados).<\/span><\/span><\/p>\n<p style=\"font-family:arial;font-size:14px;font-weight:400;letter-spacing:normal;line-height:inherit;text-align:start;white-space:normal;margin:0px;margin-bottom:0px;margin-top:0px;margin-left:0px;margin-right:0px;padding:0px;padding-bottom:0px;padding-top:0px;padding-left:0px;padding-right:0px\" align=\"start\"><span style=\"font-size:16px\"><span style=\"font-size:16px;font-family:arial, helvetica, sans-serif\">3.Nosso departamento de atendimento ao cliente responder\u00e1 seus e-mails dentro de 24 horas. Se voc\u00ea tiver d\u00favidas, sinta-se \u00e0 vontade para nos enviar um e-mail ou clicando no link de contato com o vendedor.(Excluindo fins de semana e feriados)!<\/span><\/span><\/p>\n<p style=\"font-family:arial;font-size:14px;font-weight:400;letter-spacing:normal;line-height:inherit;text-align:start;white-space:normal;margin:0px;margin-bottom:0px;margin-top:0px;margin-left:0px;margin-right:0px;padding:0px;padding-bottom:0px;padding-top:0px;padding-left:0px;padding-right:0px\" align=\"start\"><span style=\"font-size:16px\"><span style=\"font-size:16px;font-family:arial, helvetica, sans-serif\">4.TODAS as respostas ser\u00e3o enviadas para o seu e-mail, se voc\u00ea n\u00e3o receber resposta dentro de 1-2 dias \u00fateis, verifique suas Minhas Mensagens caso seu provedor de e-mail tenha um filtro de spam excessivamente agressivo bloqueando os e-mails do Aliexpress.Por favor envie-nos um e-mail NOVAMENTE.<\/span><\/span><\/p>\n<p style=\"font-family:arial;font-size:14px;font-weight:400;letter-spacing:normal;line-height:inherit;text-align:start;white-space:normal;margin:0px;margin-bottom:0px;margin-top:0px;margin-left:0px;margin-right:0px;padding:0px;padding-bottom:0px;padding-top:0px;padding-left:0px;padding-right:0px\" align=\"start\"><span style=\"font-size:16px\"><span style=\"font-size:16px;font-family:arial, helvetica, sans-serif\">5. Bem-vindo ao atacado e \u00e0 compra. Se voc\u00ea tiver alguma d\u00favida, n\u00e3o hesite em nos contatar.<\/span><\/span><\/p>\n<\/div>\n<\/div>\n<\/div>\n<\/div>\n<\/div>\n<p><\/p>\n<\/div>\n<\/div>\n","protected":false},"excerpt":{"rendered":"<p>Saco de armazenamento de mudan\u00e7a de marcha do carro organizador bandeja recipiente para suzuki jimny 2019-2024 jb64 jb74 guardar arruma\u00e7\u00e3o acess\u00f3rios interiores Recurso 1. material de tecido oxford, n\u00e3o enferruja, longo tempo de uso, tem excelente resist\u00eancia ao desgaste, boa estabilidade dimensional e resist\u00eancia ao \u00f3leo 2. adequado para suquiiki jimny 2019 2020 2021 2022&hellip;&nbsp;<\/p>\n","protected":false},"featured_media":26833,"template":"","meta":{"neve_meta_sidebar":"","neve_meta_container":"","neve_meta_enable_content_width":"","neve_meta_content_width":0,"neve_meta_title_alignment":"","neve_meta_author_avatar":"","neve_post_elements_order":"","neve_meta_disable_header":"","neve_meta_disable_footer":"","neve_meta_disable_title":""},"product_brand":[],"product_cat":[25,81,17],"product_tag":[],"class_list":{"0":"post-26839","1":"product","2":"type-product","3":"status-publish","4":"has-post-thumbnail","6":"product_cat-acessorios-do-interior","7":"product_cat-armazenamento-interior-do-carro","8":"product_cat-pecas-e-acessorios-automotivos","10":"first","11":"instock","12":"shipping-taxable","13":"purchasable","14":"product-type-variable","15":"has-default-attributes"},"jetpack_sharing_enabled":true,"_links":{"self":[{"href":"https:\/\/listman.shop\/autoparts-br\/wp-json\/wp\/v2\/product\/26839","targetHints":{"allow":["GET"]}}],"collection":[{"href":"https:\/\/listman.shop\/autoparts-br\/wp-json\/wp\/v2\/product"}],"about":[{"href":"https:\/\/listman.shop\/autoparts-br\/wp-json\/wp\/v2\/types\/product"}],"wp:featuredmedia":[{"embeddable":true,"href":"https:\/\/listman.shop\/autoparts-br\/wp-json\/wp\/v2\/media\/26833"}],"wp:attachment":[{"href":"https:\/\/listman.shop\/autoparts-br\/wp-json\/wp\/v2\/media?parent=26839"}],"wp:term":[{"taxonomy":"product_brand","embeddable":true,"href":"https:\/\/listman.shop\/autoparts-br\/wp-json\/wp\/v2\/product_brand?post=26839"},{"taxonomy":"product_cat","embeddable":true,"href":"https:\/\/listman.shop\/autoparts-br\/wp-json\/wp\/v2\/product_cat?post=26839"},{"taxonomy":"product_tag","embeddable":true,"href":"https:\/\/listman.shop\/autoparts-br\/wp-json\/wp\/v2\/product_tag?post=26839"}],"curies":[{"name":"wp","href":"https:\/\/api.w.org\/{rel}","templated":true}]}}